{"id":16595,"date":"2026-03-15T23:39:55","date_gmt":"2026-03-15T21:39:55","guid":{"rendered":"https:\/\/www.iloosi.fi\/meista\/"},"modified":"2026-03-16T08:59:24","modified_gmt":"2026-03-16T06:59:24","slug":"meista","status":"publish","type":"page","link":"https:\/\/www.iloosi.fi\/en\/meista\/","title":{"rendered":"About us"},"content":{"rendered":"<p data-start=\"1674\" data-end=\"1998\"><strong data-start=\"1674\" data-end=\"1730\"><span class=\"BZ_Pyq_fadeIn\">iloosi <\/span><span class=\"BZ_Pyq_fadeIn\">is <\/span><span class=\"BZ_Pyq_fadeIn\">Finnish <\/span><span class=\"BZ_Pyq_fadeIn\">online shop <\/span><span class=\"BZ_Pyq_fadeIn\">and <\/span><span class=\"BZ_Pyq_fadeIn\">part of <\/span><span class=\"BZ_Pyq_fadeIn\">Memofoto.<\/span><\/strong><br data-start=\"1730\" data-end=\"1733\"><span class=\"BZ_Pyq_fadeIn\">For us  <\/span><span class=\"BZ_Pyq_fadeIn\">photos from  <\/span><span class=\"BZ_Pyq_fadeIn\">do not  <\/span><span class=\"BZ_Pyq_fadeIn\">ole  <\/span><span class=\"BZ_Pyq_fadeIn\">only  <\/span><span class=\"BZ_Pyq_fadeIn\">files  <\/span><span class=\"BZ_Pyq_fadeIn\">or  <\/span><span class=\"BZ_Pyq_fadeIn\">prints &#8211;  <\/span><span class=\"BZ_Pyq_fadeIn\">ne  <\/span><span class=\"BZ_Pyq_fadeIn\">are  <\/span><span class=\"BZ_Pyq_fadeIn\">memories,  <\/span><span class=\"BZ_Pyq_fadeIn\">Feelings  <\/span><span class=\"BZ_Pyq_fadeIn\">and  <\/span><span class=\"BZ_Pyq_fadeIn\">people  <\/span><span class=\"BZ_Pyq_fadeIn\">important  <\/span><span class=\"BZ_Pyq_fadeIn\">moments.  <\/span><span class=\"BZ_Pyq_fadeIn\">Hence  <\/span><span class=\"BZ_Pyq_fadeIn\">We wanted  <\/span><span class=\"BZ_Pyq_fadeIn\">create  <\/span><span class=\"BZ_Pyq_fadeIn\">online shop,  <\/span><span class=\"BZ_Pyq_fadeIn\">where  <\/span><span class=\"BZ_Pyq_fadeIn\">Own  <\/span><span class=\"BZ_Pyq_fadeIn\">pictures,  <\/span><span class=\"BZ_Pyq_fadeIn\">from the texts on  <\/span><span class=\"BZ_Pyq_fadeIn\">and  <\/span><span class=\"BZ_Pyq_fadeIn\">for ideas  <\/span><span class=\"BZ_Pyq_fadeIn\">may  <\/span><span class=\"BZ_Pyq_fadeIn\">do  <\/span><span class=\"BZ_Pyq_fadeIn\">easily  <\/span><span class=\"BZ_Pyq_fadeIn\">personalised  <\/span><span class=\"BZ_Pyq_fadeIn\">products  <\/span><span class=\"BZ_Pyq_fadeIn\">everyday life,  <\/span><span class=\"BZ_Pyq_fadeIn\">as a gift  <\/span><span class=\"BZ_Pyq_fadeIn\">and  <\/span><span class=\"BZ_Pyq_fadeIn\">to the party.<\/span><\/p>\n<p data-start=\"2000\" data-end=\"2310\"><span class=\"BZ_Pyq_fadeIn\">iloosin <\/span><span class=\"BZ_Pyq_fadeIn\">background <\/span><span class=\"BZ_Pyq_fadeIn\">is <\/span><strong data-start=\"2021\" data-end=\"2106\"><span class=\"BZ_Pyq_fadeIn\">Memofoton <\/span><span class=\"BZ_Pyq_fadeIn\">expertise <\/span><span class=\"BZ_Pyq_fadeIn\">of images, <\/span><span class=\"BZ_Pyq_fadeIn\">image products <\/span><span class=\"BZ_Pyq_fadeIn\">and <\/span><span class=\"BZ_Pyq_fadeIn\">personalised <\/span><span class=\"BZ_Pyq_fadeIn\">products <\/span><span class=\"BZ_Pyq_fadeIn\">from the world of<\/span><\/strong><span class=\"BZ_Pyq_fadeIn\">.  <\/span><span class=\"BZ_Pyq_fadeIn\">We want  <\/span><span class=\"BZ_Pyq_fadeIn\">link  <\/span><span class=\"BZ_Pyq_fadeIn\">high quality  <\/span><span class=\"BZ_Pyq_fadeIn\">products,  <\/span><span class=\"BZ_Pyq_fadeIn\">helpon  <\/span><span class=\"BZ_Pyq_fadeIn\">ordering from  <\/span><span class=\"BZ_Pyq_fadeIn\">and  <\/span><span class=\"BZ_Pyq_fadeIn\">happy  <\/span><span class=\"BZ_Pyq_fadeIn\">idea  <\/span><span class=\"BZ_Pyq_fadeIn\">so,  <\/span><span class=\"BZ_Pyq_fadeIn\">to  <\/span><span class=\"BZ_Pyq_fadeIn\">customers  <\/span><span class=\"BZ_Pyq_fadeIn\">my  <\/span><span class=\"BZ_Pyq_fadeIn\">memories,  <\/span><span class=\"BZ_Pyq_fadeIn\">pets,  <\/span><span class=\"BZ_Pyq_fadeIn\">family photos,  <\/span><span class=\"BZ_Pyq_fadeIn\">Texts from  <\/span><span class=\"BZ_Pyq_fadeIn\">and  <\/span><span class=\"BZ_Pyq_fadeIn\">Messages  <\/span><span class=\"BZ_Pyq_fadeIn\">changing  <\/span><span class=\"BZ_Pyq_fadeIn\">into products,  <\/span><span class=\"BZ_Pyq_fadeIn\">where  <\/span><span class=\"BZ_Pyq_fadeIn\">on  <\/span><span class=\"BZ_Pyq_fadeIn\">actually  <\/span><span class=\"BZ_Pyq_fadeIn\">relevant. Memofoto is a company specialising in photography and image products. Every day it creates new photographs, memories and image products for its customers. Long experience in photography and image processing has created a strong basis for the design of personalised products.  <\/span><\/p>\n<p data-start=\"2312\" data-end=\"2568\"><span class=\"BZ_Pyq_fadeIn\">From our selection  <\/span><span class=\"BZ_Pyq_fadeIn\">found at  <\/span><span class=\"BZ_Pyq_fadeIn\">products  <\/span><span class=\"BZ_Pyq_fadeIn\">on your own  <\/span><span class=\"BZ_Pyq_fadeIn\">with a picture,  <\/span><span class=\"BZ_Pyq_fadeIn\">gift products,  <\/span><span class=\"BZ_Pyq_fadeIn\">home  <\/span><span class=\"BZ_Pyq_fadeIn\">small  <\/span><span class=\"BZ_Pyq_fadeIn\">delighted  <\/span><span class=\"BZ_Pyq_fadeIn\">and  <\/span><span class=\"BZ_Pyq_fadeIn\">products  <\/span><span class=\"BZ_Pyq_fadeIn\">also  <\/span><span class=\"BZ_Pyq_fadeIn\">businesses.  <\/span><span class=\"BZ_Pyq_fadeIn\">From us  <\/span><span class=\"BZ_Pyq_fadeIn\">may  <\/span><span class=\"BZ_Pyq_fadeIn\">subscribe at  <\/span><span class=\"BZ_Pyq_fadeIn\">for example  <\/span><span class=\"BZ_Pyq_fadeIn\">personalised  <\/span><span class=\"BZ_Pyq_fadeIn\">mugs,  <\/span><span class=\"BZ_Pyq_fadeIn\">clothes,  <\/span><span class=\"BZ_Pyq_fadeIn\">gifts from  <\/span><span class=\"BZ_Pyq_fadeIn\">and  <\/span><span class=\"BZ_Pyq_fadeIn\">Other  <\/span><span class=\"BZ_Pyq_fadeIn\">products,  <\/span><span class=\"BZ_Pyq_fadeIn\">on which  <\/span><span class=\"BZ_Pyq_fadeIn\">added at  <\/span><span class=\"BZ_Pyq_fadeIn\">your  <\/span><span class=\"BZ_Pyq_fadeIn\">photo,  <\/span><span class=\"BZ_Pyq_fadeIn\">logo  <\/span><span class=\"BZ_Pyq_fadeIn\">or  <\/span><span class=\"BZ_Pyq_fadeIn\">Text.<\/span><\/p>\n<p data-start=\"2570\" data-end=\"2725\"><strong data-start=\"2570\" data-end=\"2657\"><span class=\"BZ_Pyq_fadeIn\">iloosi <\/span><span class=\"BZ_Pyq_fadeIn\">is <\/span><span class=\"BZ_Pyq_fadeIn\">made in <\/span><span class=\"BZ_Pyq_fadeIn\">for you, <\/span><span class=\"BZ_Pyq_fadeIn\">who <\/span><span class=\"BZ_Pyq_fadeIn\">you want <\/span><span class=\"BZ_Pyq_fadeIn\">give to <\/span><span class=\"BZ_Pyq_fadeIn\">as a gift <\/span><span class=\"BZ_Pyq_fadeIn\">something <\/span><span class=\"BZ_Pyq_fadeIn\">genuinely <\/span><span class=\"BZ_Pyq_fadeIn\">personal<\/span><\/strong> <span class=\"BZ_Pyq_fadeIn\"> &#8211; <\/span><span class=\"BZ_Pyq_fadeIn\">or <\/span><span class=\"BZ_Pyq_fadeIn\">subscribe at <\/span><span class=\"BZ_Pyq_fadeIn\">for yourself <\/span><span class=\"BZ_Pyq_fadeIn\">the product, <\/span><span class=\"BZ_Pyq_fadeIn\">which <\/span><span class=\"BZ_Pyq_fadeIn\">tells <\/span><span class=\"BZ_Pyq_fadeIn\">just <\/span><span class=\"BZ_Pyq_fadeIn\">your <\/span><span class=\"BZ_Pyq_fadeIn\">your story.<\/span><\/p>\n<p data-start=\"2727\" data-end=\"2953\"><span class=\"BZ_Pyq_fadeIn\">We serve  <\/span><span class=\"BZ_Pyq_fadeIn\">also  <\/span><span class=\"BZ_Pyq_fadeIn\">companies,  <\/span><span class=\"BZ_Pyq_fadeIn\">who  <\/span><span class=\"BZ_Pyq_fadeIn\">looking for  <\/span><span class=\"BZ_Pyq_fadeIn\">practical  <\/span><span class=\"BZ_Pyq_fadeIn\">and  <\/span><span class=\"BZ_Pyq_fadeIn\">personalised  <\/span><span class=\"BZ_Pyq_fadeIn\">products  <\/span><span class=\"BZ_Pyq_fadeIn\">on your own  <\/span><span class=\"BZ_Pyq_fadeIn\">with a look,  <\/span><span class=\"BZ_Pyq_fadeIn\">with logo  <\/span><span class=\"BZ_Pyq_fadeIn\">or  <\/span><span class=\"BZ_Pyq_fadeIn\">with a message.  <\/span><span class=\"BZ_Pyq_fadeIn\">For businesses  <\/span><span class=\"BZ_Pyq_fadeIn\">we implement  <\/span><span class=\"BZ_Pyq_fadeIn\">for example  <\/span><span class=\"BZ_Pyq_fadeIn\">branded products,  <\/span><span class=\"BZ_Pyq_fadeIn\">gifts for customers  <\/span><span class=\"BZ_Pyq_fadeIn\">and  <\/span><span class=\"BZ_Pyq_fadeIn\">for staff  <\/span><span class=\"BZ_Pyq_fadeIn\">suitable for  <\/span><span class=\"BZ_Pyq_fadeIn\">products.<\/span><\/p>\n<p data-start=\"2955\" data-end=\"2973\"><span class=\"BZ_Pyq_fadeIn\">For us <\/span><span class=\"BZ_Pyq_fadeIn\">important <\/span><span class=\"BZ_Pyq_fadeIn\">is:<\/span><\/p>\n<ul>\n<li data-start=\"2976\" data-end=\"2990\"><span class=\"BZ_Pyq_fadeIn\">Finnishness<\/span><\/li>\n<li data-start=\"2976\" data-end=\"2990\"><span class=\"BZ_Pyq_fadeIn\">easy <\/span><span class=\"BZ_Pyq_fadeIn\">ordering from<\/span><\/li>\n<li data-start=\"2976\" data-end=\"2990\"><span class=\"BZ_Pyq_fadeIn\">personality<\/span><\/li>\n<li data-start=\"2976\" data-end=\"2990\"><span class=\"BZ_Pyq_fadeIn\">good for <\/span><span class=\"BZ_Pyq_fadeIn\">service<\/span><\/li>\n<li data-start=\"2976\" data-end=\"2990\"><span class=\"BZ_Pyq_fadeIn\">products, <\/span><span class=\"BZ_Pyq_fadeIn\">with <\/span><span class=\"BZ_Pyq_fadeIn\">have <\/span><span class=\"BZ_Pyq_fadeIn\">importance<\/span><\/li>\n<\/ul>\n<p data-start=\"3082\" data-end=\"3131\"><strong data-start=\"3082\" data-end=\"3131\"><span class=\"BZ_Pyq_fadeIn\">iloosi &#8211; <\/span><span class=\"BZ_Pyq_fadeIn\">happy <\/span><span class=\"BZ_Pyq_fadeIn\">products <\/span><span class=\"BZ_Pyq_fadeIn\">own <\/span><span class=\"BZ_Pyq_fadeIn\">memories.<\/span><\/strong><\/p>\n","protected":false},"excerpt":{"rendered":"<p>iloosi is Finnish online shop and part of Memofoto.For us photos from do not ole only files or prints &#8211; ne are memories, Feelings and people important moments. Hence We wanted create online shop, where Own pictures, from the texts on and for ideas may do easily personalised products everyday life, as a gift and [&#8230;]\n","protected":false},"author":1,"featured_media":0,"parent":0,"menu_order":0,"comment_status":"closed","ping_status":"closed","template":"","meta":{"footnotes":""},"class_list":["post-16595","page","type-page","status-publish","hentry"],"yoast_head":"<!-- This site is optimized with the Yoast SEO Premium plugin v27.5 (Yoast SEO v27.5) - https:\/\/yoast.com\/product\/yoast-seo-premium-wordpress\/ -->\n<title>About us - iloosi.fi<\/title>\n<meta name=\"description\" content=\"iloosi is a Finnish online shop where you can find personalised gifts with your own picture. Mugs, clothing, frames, albums and photo products.\" \/>\n<meta name=\"robots\" content=\"index, follow, max-snippet:-1, max-image-preview:large, max-video-preview:-1\" \/>\n<link rel=\"canonical\" href=\"https:\/\/www.iloosi.fi\/en\/meista\/\" \/>\n<meta property=\"og:locale\" content=\"en_US\" \/>\n<meta property=\"og:type\" content=\"article\" \/>\n<meta property=\"og:title\" content=\"About us\" \/>\n<meta property=\"og:description\" content=\"iloosi is a Finnish online shop where you can find personalised gifts with your own picture. Mugs, clothing, frames, albums and photo products.\" \/>\n<meta property=\"og:url\" content=\"https:\/\/www.iloosi.fi\/en\/meista\/\" \/>\n<meta property=\"og:site_name\" content=\"iloosi\" \/>\n<meta property=\"article:publisher\" content=\"https:\/\/www.facebook.com\/iloosi.fi\" \/>\n<meta property=\"article:modified_time\" content=\"2026-03-16T06:59:24+00:00\" \/>\n<meta property=\"og:image\" content=\"https:\/\/www.iloosi.fi\/wp-content\/uploads\/2021\/10\/og-kuva-iloosi-1.jpg\" \/>\n\t<meta property=\"og:image:width\" content=\"1080\" \/>\n\t<meta property=\"og:image:height\" content=\"1080\" \/>\n\t<meta property=\"og:image:type\" content=\"image\/jpeg\" \/>\n<meta name=\"twitter:card\" content=\"summary_large_image\" \/>\n<meta name=\"twitter:label1\" content=\"Est. reading time\" \/>\n\t<meta name=\"twitter:data1\" content=\"1 minute\" \/>\n<script type=\"application\/ld+json\" class=\"yoast-schema-graph\">{\"@context\":\"https:\\\/\\\/schema.org\",\"@graph\":[{\"@type\":\"WebPage\",\"@id\":\"https:\\\/\\\/www.iloosi.fi\\\/en\\\/meista\\\/\",\"url\":\"https:\\\/\\\/www.iloosi.fi\\\/en\\\/meista\\\/\",\"name\":\"About us - iloosi.fi\",\"isPartOf\":{\"@id\":\"https:\\\/\\\/www.iloosi.fi\\\/en\\\/#website\"},\"datePublished\":\"2026-03-15T21:39:55+00:00\",\"dateModified\":\"2026-03-16T06:59:24+00:00\",\"description\":\"iloosi is a Finnish online shop where you can find personalised gifts with your own picture. Mugs, clothing, frames, albums and photo products.\",\"breadcrumb\":{\"@id\":\"https:\\\/\\\/www.iloosi.fi\\\/en\\\/meista\\\/#breadcrumb\"},\"inLanguage\":\"en-US\",\"potentialAction\":[{\"@type\":\"ReadAction\",\"target\":[\"https:\\\/\\\/www.iloosi.fi\\\/en\\\/meista\\\/\"]}]},{\"@type\":\"BreadcrumbList\",\"@id\":\"https:\\\/\\\/www.iloosi.fi\\\/en\\\/meista\\\/#breadcrumb\",\"itemListElement\":[{\"@type\":\"ListItem\",\"position\":1,\"name\":\"Home\",\"item\":\"https:\\\/\\\/www.iloosi.fi\\\/en\\\/\"},{\"@type\":\"ListItem\",\"position\":2,\"name\":\"About us\"}]},{\"@type\":\"WebSite\",\"@id\":\"https:\\\/\\\/www.iloosi.fi\\\/en\\\/#website\",\"url\":\"https:\\\/\\\/www.iloosi.fi\\\/en\\\/\",\"name\":\"iloosi\",\"description\":\"\",\"publisher\":{\"@id\":\"https:\\\/\\\/www.iloosi.fi\\\/en\\\/#organization\"},\"potentialAction\":[{\"@type\":\"SearchAction\",\"target\":{\"@type\":\"EntryPoint\",\"urlTemplate\":\"https:\\\/\\\/www.iloosi.fi\\\/en\\\/?s={search_term_string}\"},\"query-input\":{\"@type\":\"PropertyValueSpecification\",\"valueRequired\":true,\"valueName\":\"search_term_string\"}}],\"inLanguage\":\"en-US\"},{\"@type\":\"Organization\",\"@id\":\"https:\\\/\\\/www.iloosi.fi\\\/en\\\/#organization\",\"name\":\"Duuilo Oy\",\"url\":\"https:\\\/\\\/www.iloosi.fi\\\/en\\\/\",\"logo\":{\"@type\":\"ImageObject\",\"inLanguage\":\"en-US\",\"@id\":\"https:\\\/\\\/www.iloosi.fi\\\/en\\\/#\\\/schema\\\/logo\\\/image\\\/\",\"url\":\"https:\\\/\\\/www.iloosi.fi\\\/wp-content\\\/uploads\\\/2026\\\/04\\\/Screenshot-2026-04-29-214330.png\",\"contentUrl\":\"https:\\\/\\\/www.iloosi.fi\\\/wp-content\\\/uploads\\\/2026\\\/04\\\/Screenshot-2026-04-29-214330.png\",\"width\":406,\"height\":365,\"caption\":\"Duuilo Oy\"},\"image\":{\"@id\":\"https:\\\/\\\/www.iloosi.fi\\\/en\\\/#\\\/schema\\\/logo\\\/image\\\/\"},\"sameAs\":[\"https:\\\/\\\/www.facebook.com\\\/iloosi.fi\",\"https:\\\/\\\/www.instagram.com\\\/iloosi_shop\\\/?hl=fi\"],\"description\":\"iloosi on suomalainen verkkokauppa ja osa Memofotoa. Meille kuvat eiv\u00e4t ole vain tiedostoja tai printtej\u00e4 \u2013 ne ovat muistoja, tunteita ja ihmisille t\u00e4rkeit\u00e4 hetki\u00e4. Siksi halusimme luoda verkkokaupan, jossa omista kuvista, teksteist\u00e4 ja ideoista voi tehd\u00e4 helposti persoonallisia tuotteita arkeen, lahjaksi ja juhlaan.\",\"email\":\"iloosi@iloosi.fi\",\"telephone\":\"+358400896226\",\"legalName\":\"Memofoto Oy\",\"foundingDate\":\"1947-01-01\",\"vatID\":\"FI35342246\",\"numberOfEmployees\":{\"@type\":\"QuantitativeValue\",\"minValue\":\"1\",\"maxValue\":\"10\"},\"hasMerchantReturnPolicy\":{\"@type\":\"MerchantReturnPolicy\",\"merchantReturnLink\":\"https:\\\/\\\/www.iloosi.fi\\\/toimitus-ja-maksuehdot\\\/\"}}]}<\/script>\n<!-- \/ Yoast SEO Premium plugin. -->","yoast_head_json":{"title":"About us - iloosi.fi","description":"iloosi is a Finnish online shop where you can find personalised gifts with your own picture. Mugs, clothing, frames, albums and photo products.","robots":{"index":"index","follow":"follow","max-snippet":"max-snippet:-1","max-image-preview":"max-image-preview:large","max-video-preview":"max-video-preview:-1"},"canonical":"https:\/\/www.iloosi.fi\/en\/meista\/","og_locale":"en_US","og_type":"article","og_title":"About us","og_description":"iloosi is a Finnish online shop where you can find personalised gifts with your own picture. Mugs, clothing, frames, albums and photo products.","og_url":"https:\/\/www.iloosi.fi\/en\/meista\/","og_site_name":"iloosi","article_publisher":"https:\/\/www.facebook.com\/iloosi.fi","article_modified_time":"2026-03-16T06:59:24+00:00","og_image":[{"width":1080,"height":1080,"url":"https:\/\/www.iloosi.fi\/wp-content\/uploads\/2021\/10\/og-kuva-iloosi-1.jpg","type":"image\/jpeg"}],"twitter_card":"summary_large_image","twitter_misc":{"Est. reading time":"1 minute"},"schema":{"@context":"https:\/\/schema.org","@graph":[{"@type":"WebPage","@id":"https:\/\/www.iloosi.fi\/en\/meista\/","url":"https:\/\/www.iloosi.fi\/en\/meista\/","name":"About us - iloosi.fi","isPartOf":{"@id":"https:\/\/www.iloosi.fi\/en\/#website"},"datePublished":"2026-03-15T21:39:55+00:00","dateModified":"2026-03-16T06:59:24+00:00","description":"iloosi is a Finnish online shop where you can find personalised gifts with your own picture. Mugs, clothing, frames, albums and photo products.","breadcrumb":{"@id":"https:\/\/www.iloosi.fi\/en\/meista\/#breadcrumb"},"inLanguage":"en-US","potentialAction":[{"@type":"ReadAction","target":["https:\/\/www.iloosi.fi\/en\/meista\/"]}]},{"@type":"BreadcrumbList","@id":"https:\/\/www.iloosi.fi\/en\/meista\/#breadcrumb","itemListElement":[{"@type":"ListItem","position":1,"name":"Home","item":"https:\/\/www.iloosi.fi\/en\/"},{"@type":"ListItem","position":2,"name":"About us"}]},{"@type":"WebSite","@id":"https:\/\/www.iloosi.fi\/en\/#website","url":"https:\/\/www.iloosi.fi\/en\/","name":"iloosi","description":"","publisher":{"@id":"https:\/\/www.iloosi.fi\/en\/#organization"},"potentialAction":[{"@type":"SearchAction","target":{"@type":"EntryPoint","urlTemplate":"https:\/\/www.iloosi.fi\/en\/?s={search_term_string}"},"query-input":{"@type":"PropertyValueSpecification","valueRequired":true,"valueName":"search_term_string"}}],"inLanguage":"en-US"},{"@type":"Organization","@id":"https:\/\/www.iloosi.fi\/en\/#organization","name":"Duuilo Oy","url":"https:\/\/www.iloosi.fi\/en\/","logo":{"@type":"ImageObject","inLanguage":"en-US","@id":"https:\/\/www.iloosi.fi\/en\/#\/schema\/logo\/image\/","url":"https:\/\/www.iloosi.fi\/wp-content\/uploads\/2026\/04\/Screenshot-2026-04-29-214330.png","contentUrl":"https:\/\/www.iloosi.fi\/wp-content\/uploads\/2026\/04\/Screenshot-2026-04-29-214330.png","width":406,"height":365,"caption":"Duuilo Oy"},"image":{"@id":"https:\/\/www.iloosi.fi\/en\/#\/schema\/logo\/image\/"},"sameAs":["https:\/\/www.facebook.com\/iloosi.fi","https:\/\/www.instagram.com\/iloosi_shop\/?hl=fi"],"description":"iloosi on suomalainen verkkokauppa ja osa Memofotoa. Meille kuvat eiv\u00e4t ole vain tiedostoja tai printtej\u00e4 \u2013 ne ovat muistoja, tunteita ja ihmisille t\u00e4rkeit\u00e4 hetki\u00e4. Siksi halusimme luoda verkkokaupan, jossa omista kuvista, teksteist\u00e4 ja ideoista voi tehd\u00e4 helposti persoonallisia tuotteita arkeen, lahjaksi ja juhlaan.","email":"iloosi@iloosi.fi","telephone":"+358400896226","legalName":"Memofoto Oy","foundingDate":"1947-01-01","vatID":"FI35342246","numberOfEmployees":{"@type":"QuantitativeValue","minValue":"1","maxValue":"10"},"hasMerchantReturnPolicy":{"@type":"MerchantReturnPolicy","merchantReturnLink":"https:\/\/www.iloosi.fi\/toimitus-ja-maksuehdot\/"}}]}},"_links":{"self":[{"href":"https:\/\/www.iloosi.fi\/en\/wp-json\/wp\/v2\/pages\/16595","targetHints":{"allow":["GET"]}}],"collection":[{"href":"https:\/\/www.iloosi.fi\/en\/wp-json\/wp\/v2\/pages"}],"about":[{"href":"https:\/\/www.iloosi.fi\/en\/wp-json\/wp\/v2\/types\/page"}],"author":[{"embeddable":true,"href":"https:\/\/www.iloosi.fi\/en\/wp-json\/wp\/v2\/users\/1"}],"replies":[{"embeddable":true,"href":"https:\/\/www.iloosi.fi\/en\/wp-json\/wp\/v2\/comments?post=16595"}],"version-history":[{"count":5,"href":"https:\/\/www.iloosi.fi\/en\/wp-json\/wp\/v2\/pages\/16595\/revisions"}],"predecessor-version":[{"id":16607,"href":"https:\/\/www.iloosi.fi\/en\/wp-json\/wp\/v2\/pages\/16595\/revisions\/16607"}],"wp:attachment":[{"href":"https:\/\/www.iloosi.fi\/en\/wp-json\/wp\/v2\/media?parent=16595"}],"curies":[{"name":"wp","href":"https:\/\/api.w.org\/{rel}","templated":true}]}}