{"id":9446,"date":"2022-11-14T13:54:38","date_gmt":"2022-11-14T11:54:38","guid":{"rendered":"https:\/\/iloosi.fi\/christmas-in-joy\/"},"modified":"2024-10-26T20:48:26","modified_gmt":"2024-10-26T17:48:26","slug":"christmas-in-joy","status":"publish","type":"page","link":"https:\/\/www.iloosi.fi\/en\/christmas-in-joy\/","title":{"rendered":"Christmas in Joy"},"content":{"rendered":"\n  <div class=\"banner has-hover show-for-medium\" id=\"banner-524461498\">\n          <div class=\"banner-inner fill\">\n        <div class=\"banner-bg fill\" >\n            <img loading=\"lazy\" decoding=\"async\" width=\"600\" height=\"650\" src=\"https:\/\/www.iloosi.fi\/wp-content\/uploads\/2022\/11\/joulu_iloosi_verkkosivut_hero_mobiili.png\" class=\"bg attachment-original size-original\" alt=\"\" \/>                                    \n                    <\/div>\n\t\t\n        <div class=\"banner-layers container\">\n            <div class=\"fill banner-link\"><\/div>            \n        <\/div>\n      <\/div>\n\n            \n<style>\n#banner-524461498 {\n  padding-top: 500px;\n}\n<\/style>\n  <\/div>\n\n\n\n  <div class=\"banner has-hover hide-for-medium\" id=\"banner-786069121\">\n          <div class=\"banner-inner fill\">\n        <div class=\"banner-bg fill\" >\n            <img loading=\"lazy\" decoding=\"async\" width=\"1440\" height=\"585\" src=\"https:\/\/www.iloosi.fi\/wp-content\/uploads\/2022\/11\/joulu_iloosi_verkkosivut_hero.png\" class=\"bg attachment-original size-original\" alt=\"\" \/>                                    \n                    <\/div>\n\t\t\n        <div class=\"banner-layers container\">\n            <div class=\"fill banner-link\"><\/div>            \n        <\/div>\n      <\/div>\n\n              <div class=\"height-fix is-invisible\"><img loading=\"lazy\" decoding=\"async\" width=\"1440\" height=\"585\" src=\"https:\/\/www.iloosi.fi\/wp-content\/uploads\/2022\/11\/joulu_iloosi_verkkosivut_hero.png\" class=\"attachment-original size-original\" alt=\"\" srcset=\"https:\/\/www.iloosi.fi\/wp-content\/uploads\/2022\/11\/joulu_iloosi_verkkosivut_hero.png 1440w, https:\/\/www.iloosi.fi\/wp-content\/uploads\/2022\/11\/joulu_iloosi_verkkosivut_hero-300x122.png 300w, https:\/\/www.iloosi.fi\/wp-content\/uploads\/2022\/11\/joulu_iloosi_verkkosivut_hero-1024x416.png 1024w, https:\/\/www.iloosi.fi\/wp-content\/uploads\/2022\/11\/joulu_iloosi_verkkosivut_hero-768x312.png 768w, https:\/\/www.iloosi.fi\/wp-content\/uploads\/2022\/11\/joulu_iloosi_verkkosivut_hero-600x244.png 600w\" sizes=\"auto, (max-width: 1440px) 100vw, 1440px\" \/><\/div>\n              <\/div>\n\n\n\t<div id=\"gap-1720446263\" class=\"gap-element clearfix\" style=\"display:block; height:auto;\">\n\t\t\n<style>\n#gap-1720446263 {\n  padding-top: 30px;\n}\n<\/style>\n\t<\/div>\n\t\n<div class=\"text-center\"><div class=\"is-divider divider clearfix\" style=\"max-width:100%;background-color:rgb(240, 214, 118);\"><\/div><\/div>\n\t<div id=\"gap-1857877742\" class=\"gap-element clearfix\" style=\"display:block; height:auto;\">\n\t\t\n<style>\n#gap-1857877742 {\n  padding-top: 30px;\n}\n<\/style>\n\t<\/div>\n\t\n<div class=\"row align-center\"  id=\"row-588639506\">\n\n\t<div id=\"col-1576759309\" class=\"col medium-6 small-12 large-6\"  >\n\t\t\t\t<div class=\"col-inner text-center\"  >\n\t\t\t\n\t\t\t\n\t<div id=\"text-608002157\" class=\"text\">\n\t\t\n<h2>CHRISTMAS IN JOY<\/h2>\n\t\t\n<style>\n#text-608002157 {\n  text-align: center;\n}\n<\/style>\n\t<\/div>\n\t\n\t\t<\/div>\n\t\t\t\t\t<\/div>\n\n\t\n<\/div>\n<div class=\"row align-center\"  id=\"row-1270098557\">\n\n\t<div id=\"col-1007690923\" class=\"col medium-6 small-12 large-4\"  >\n\t\t\t\t<div class=\"col-inner text-center\"  >\n\t\t\t\n\t\t\t\n\t<div class=\"img has-hover x md-x lg-x y md-y lg-y\" id=\"image_647470893\">\n\t\t\t\t\t\t\t\t<div class=\"img-inner dark\" >\n\t\t\t<img loading=\"lazy\" decoding=\"async\" width=\"600\" height=\"600\" src=\"https:\/\/www.iloosi.fi\/wp-content\/uploads\/2022\/11\/kombo_pupu_600.jpg\" class=\"attachment-large size-large\" alt=\"\" srcset=\"https:\/\/www.iloosi.fi\/wp-content\/uploads\/2022\/11\/kombo_pupu_600.jpg 600w, https:\/\/www.iloosi.fi\/wp-content\/uploads\/2022\/11\/kombo_pupu_600-300x300.jpg 300w, https:\/\/www.iloosi.fi\/wp-content\/uploads\/2022\/11\/kombo_pupu_600-150x150.jpg 150w, https:\/\/www.iloosi.fi\/wp-content\/uploads\/2022\/11\/kombo_pupu_600-100x100.jpg 100w, https:\/\/www.iloosi.fi\/wp-content\/uploads\/2022\/11\/kombo_pupu_600-50x50.jpg 50w\" sizes=\"auto, (max-width: 600px) 100vw, 600px\" \/>\t\t\t\t\t\t\n\t\t\t\t\t<\/div>\n\t\t\t\t\t\t\t\t\n<style>\n#image_647470893 {\n  width: 100%;\n}\n<\/style>\n\t<\/div>\n\t\n<h3>Packages<\/h3>\n<p>A handy three-pack including a limited edition Christmas card<\/p>\n<a href=\"https:\/\/www.iloosi.fi\/tuotteet\/lahjatuotteet\/tuotepaketit\/\" class=\"button alert lowercase\" style=\"border-radius:99px;\">\n\t\t<span>Go to<\/span>\n\t<\/a>\n\n\t\t<\/div>\n\t\t\t\t\t<\/div>\n\n\t\n\n\t<div id=\"col-1365522991\" class=\"col medium-6 small-12 large-4\"  >\n\t\t\t\t<div class=\"col-inner text-center\"  >\n\t\t\t\n\t\t\t\n\t<div class=\"img has-hover x md-x lg-x y md-y lg-y\" id=\"image_546300969\">\n\t\t\t\t\t\t\t\t<div class=\"img-inner dark\" >\n\t\t\t<img loading=\"lazy\" decoding=\"async\" width=\"600\" height=\"600\" src=\"https:\/\/www.iloosi.fi\/wp-content\/uploads\/2022\/11\/joulu_muki_600.jpg\" class=\"attachment-large size-large\" alt=\"\" srcset=\"https:\/\/www.iloosi.fi\/wp-content\/uploads\/2022\/11\/joulu_muki_600.jpg 600w, https:\/\/www.iloosi.fi\/wp-content\/uploads\/2022\/11\/joulu_muki_600-300x300.jpg 300w, https:\/\/www.iloosi.fi\/wp-content\/uploads\/2022\/11\/joulu_muki_600-150x150.jpg 150w, https:\/\/www.iloosi.fi\/wp-content\/uploads\/2022\/11\/joulu_muki_600-100x100.jpg 100w, https:\/\/www.iloosi.fi\/wp-content\/uploads\/2022\/11\/joulu_muki_600-50x50.jpg 50w\" sizes=\"auto, (max-width: 600px) 100vw, 600px\" \/>\t\t\t\t\t\t\n\t\t\t\t\t<\/div>\n\t\t\t\t\t\t\t\t\n<style>\n#image_546300969 {\n  width: 100%;\n}\n<\/style>\n\t<\/div>\n\t\n<h3>Mugs<\/h3>\n<p>Large selection of different types of mugs with your choice of image<\/p>\n<a href=\"https:\/\/www.iloosi.fi\/tuotteet\/tuotteet-omalla-kuvalla\/mukit-omalla-kuvalla\/\" class=\"button alert lowercase\" style=\"border-radius:99px;\">\n\t\t<span>Go to<\/span>\n\t<\/a>\n\n\t\t<\/div>\n\t\t\t\t\t<\/div>\n\n\t\n\n\t<div id=\"col-1181103267\" class=\"col medium-6 small-12 large-4\"  >\n\t\t\t\t<div class=\"col-inner text-center\"  >\n\t\t\t\n\t\t\t\n\t<div class=\"img has-hover x md-x lg-x y md-y lg-y\" id=\"image_1620760286\">\n\t\t\t\t\t\t\t\t<div class=\"img-inner dark\" >\n\t\t\t<img loading=\"lazy\" decoding=\"async\" width=\"600\" height=\"600\" src=\"https:\/\/www.iloosi.fi\/wp-content\/uploads\/2022\/11\/joulu_pupu_pehmo_600.jpg\" class=\"attachment-large size-large\" alt=\"\" srcset=\"https:\/\/www.iloosi.fi\/wp-content\/uploads\/2022\/11\/joulu_pupu_pehmo_600.jpg 600w, https:\/\/www.iloosi.fi\/wp-content\/uploads\/2022\/11\/joulu_pupu_pehmo_600-300x300.jpg 300w, https:\/\/www.iloosi.fi\/wp-content\/uploads\/2022\/11\/joulu_pupu_pehmo_600-150x150.jpg 150w, https:\/\/www.iloosi.fi\/wp-content\/uploads\/2022\/11\/joulu_pupu_pehmo_600-100x100.jpg 100w, https:\/\/www.iloosi.fi\/wp-content\/uploads\/2022\/11\/joulu_pupu_pehmo_600-50x50.jpg 50w\" sizes=\"auto, (max-width: 600px) 100vw, 600px\" \/>\t\t\t\t\t\t\n\t\t\t\t\t<\/div>\n\t\t\t\t\t\t\t\t\n<style>\n#image_1620760286 {\n  width: 100%;\n}\n<\/style>\n\t<\/div>\n\t\n<h3>Soft toys<\/h3>\n<p>delight your friends with cute plush toys with a Christmas greeting of your choice<\/p>\n<a href=\"https:\/\/www.iloosi.fi\/tuotteet\/tuotteet-omalla-kuvalla\/pehmolelut\/\" class=\"button alert lowercase\" style=\"border-radius:99px;\">\n\t\t<span>Go to<\/span>\n\t<\/a>\n\n\t\t<\/div>\n\t\t\t\t\t<\/div>\n\n\t\n<\/div>\n\n\t<section class=\"section\" id=\"section_2097102151\">\n\t\t<div class=\"section-bg fill\" >\n\t\t\t\t\t\t\t\t\t\n\t\t\t\n\n\t\t<\/div>\n\n\t\t\n\n\t\t<div class=\"section-content relative\">\n\t\t\t\n<div class=\"row row-collapse align-middle\"  id=\"row-1637691209\">\n\n\t<div id=\"col-586504719\" class=\"col medium-6 small-12 large-6\"  >\n\t\t\t\t<div class=\"col-inner\"  >\n\t\t\t\n\t\t\t\n<h3>How can you make the most of Christmas?<\/h3>\n<p>at iloos you can now find great gifts for Christmas with just one click. You&#8217;ll find our new bundles containing three great products. Both a plush toy with your own picture and text and a limited edition of iloos Christmas cards.  <\/p>\n<p>In the run-up to the upcoming Christmas season, iloosi offers a great opportunity to make great bargains for Christmas gifts.<\/p>\n<a href=\"\/kauppa\/\" class=\"button white lowercase\" style=\"border-radius:99px;\">\n\t\t<span>Discover our products<\/span>\n\t<\/a>\n\n\t\t<\/div>\n\t\t\t\t\t<\/div>\n\n\t\n\n\t<div id=\"col-91075585\" class=\"col medium-6 small-12 large-6\"  >\n\t\t\t\t<div class=\"col-inner text-center\"  >\n\t\t\t\n\t\t\t\n\t<div class=\"img has-hover x md-x lg-x y md-y lg-y\" id=\"image_1249464920\">\n\t\t\t\t\t\t\t\t<div class=\"img-inner dark\" >\n\t\t\t<img loading=\"lazy\" decoding=\"async\" width=\"480\" height=\"450\" src=\"https:\/\/www.iloosi.fi\/wp-content\/uploads\/2022\/11\/joulu_iloosi_verkkosivut_hahmot.png\" class=\"attachment-large size-large\" alt=\"\" srcset=\"https:\/\/www.iloosi.fi\/wp-content\/uploads\/2022\/11\/joulu_iloosi_verkkosivut_hahmot.png 480w, https:\/\/www.iloosi.fi\/wp-content\/uploads\/2022\/11\/joulu_iloosi_verkkosivut_hahmot-300x281.png 300w\" sizes=\"auto, (max-width: 480px) 100vw, 480px\" \/>\t\t\t\t\t\t\n\t\t\t\t\t<\/div>\n\t\t\t\t\t\t\t\t\n<style>\n#image_1249464920 {\n  width: 100%;\n}\n@media (min-width:850px) {\n  #image_1249464920 {\n    width: 50%;\n  }\n}\n<\/style>\n\t<\/div>\n\t\n\t\t<\/div>\n\t\t\t\t\t<\/div>\n\n\t\n\n<style>\n#row-1637691209 > .col > .col-inner {\n  padding: 0px 0px 0px 0;\n}\n@media (min-width:550px) {\n  #row-1637691209 > .col > .col-inner {\n    padding: 0px 50px 0px 50px;\n  }\n}\n<\/style>\n<\/div>\n\t\t<\/div>\n\n\t\t\n<style>\n#section_2097102151 {\n  padding-top: 50px;\n  padding-bottom: 50px;\n  background-color: #bad8e6;\n}\n<\/style>\n\t<\/section>\n\t\n\t<div id=\"gap-997374976\" class=\"gap-element clearfix\" style=\"display:block; height:auto;\">\n\t\t\n<style>\n#gap-997374976 {\n  padding-top: 100px;\n}\n<\/style>\n\t<\/div>\n\t\n<div class=\"row align-center\"  id=\"row-1691635444\">\n\n\t<div id=\"col-421859958\" class=\"col medium-6 small-12 large-6\"  >\n\t\t\t\t<div class=\"col-inner text-center\"  >\n\t\t\t\n\t\t\t\n\t<div class=\"img has-hover x md-x lg-x y md-y lg-y\" id=\"image_1093978653\">\n\t\t\t\t\t\t\t\t<div class=\"img-inner dark\" >\n\t\t\t<img loading=\"lazy\" decoding=\"async\" width=\"345\" height=\"310\" src=\"https:\/\/www.iloosi.fi\/wp-content\/uploads\/2022\/11\/joulu_iloosi_verkkosivut_norsu.png\" class=\"attachment-large size-large\" alt=\"\" srcset=\"https:\/\/www.iloosi.fi\/wp-content\/uploads\/2022\/11\/joulu_iloosi_verkkosivut_norsu.png 345w, https:\/\/www.iloosi.fi\/wp-content\/uploads\/2022\/11\/joulu_iloosi_verkkosivut_norsu-300x270.png 300w\" sizes=\"auto, (max-width: 345px) 100vw, 345px\" \/>\t\t\t\t\t\t\n\t\t\t\t\t<\/div>\n\t\t\t\t\t\t\t\t\n<style>\n#image_1093978653 {\n  width: 100%;\n}\n@media (min-width:550px) {\n  #image_1093978653 {\n    width: 50%;\n  }\n}\n<\/style>\n\t<\/div>\n\t\n<p class=\"lead\"><em><strong>A warm Christmas<br \/><\/strong><span class=\"thin-font\">And a bright new year<\/span><\/em><\/p>\n\t\t<\/div>\n\t\t\t\t\t<\/div>\n\n\t\n<\/div>\n","protected":false},"excerpt":{"rendered":"","protected":false},"author":1,"featured_media":0,"parent":0,"menu_order":0,"comment_status":"closed","ping_status":"closed","template":"","meta":{"footnotes":""},"class_list":["post-9446","page","type-page","status-publish","hentry"],"yoast_head":"<!-- This site is optimized with the Yoast SEO Premium plugin v27.5 (Yoast SEO v27.5) - https:\/\/yoast.com\/product\/yoast-seo-premium-wordpress\/ -->\n<title>Christmas in Joy - iloosi.fi<\/title>\n<meta name=\"description\" content=\"Taatusti suomalainen verkkokauppa! Kuvatuotteita omalla aineistollasi tai Keravalla suunnitelluilla valmiilla kuvilla, sinun iloosi!\" \/>\n<meta name=\"robots\" content=\"index, follow, max-snippet:-1, max-image-preview:large, max-video-preview:-1\" \/>\n<link rel=\"canonical\" href=\"https:\/\/www.iloosi.fi\/en\/christmas-in-joy\/\" \/>\n<meta property=\"og:locale\" content=\"en_US\" \/>\n<meta property=\"og:type\" content=\"article\" \/>\n<meta property=\"og:title\" content=\"Christmas in Joy\" \/>\n<meta property=\"og:description\" content=\"Taatusti suomalainen verkkokauppa! Kuvatuotteita omalla aineistollasi tai Keravalla suunnitelluilla valmiilla kuvilla, sinun iloosi!\" \/>\n<meta property=\"og:url\" content=\"https:\/\/www.iloosi.fi\/en\/christmas-in-joy\/\" \/>\n<meta property=\"og:site_name\" content=\"iloosi\" \/>\n<meta property=\"article:publisher\" content=\"https:\/\/www.facebook.com\/iloosi.fi\" \/>\n<meta property=\"article:modified_time\" content=\"2024-10-26T17:48:26+00:00\" \/>\n<meta property=\"og:image\" content=\"https:\/\/www.iloosi.fi\/wp-content\/uploads\/2021\/10\/og-kuva-iloosi-1.jpg\" \/>\n\t<meta property=\"og:image:width\" content=\"1080\" \/>\n\t<meta property=\"og:image:height\" content=\"1080\" \/>\n\t<meta property=\"og:image:type\" content=\"image\/jpeg\" \/>\n<meta name=\"twitter:card\" content=\"summary_large_image\" \/>\n<meta name=\"twitter:label1\" content=\"Est. reading time\" \/>\n\t<meta name=\"twitter:data1\" content=\"2 minutes\" \/>\n<script type=\"application\/ld+json\" class=\"yoast-schema-graph\">{\"@context\":\"https:\\\/\\\/schema.org\",\"@graph\":[{\"@type\":\"WebPage\",\"@id\":\"https:\\\/\\\/www.iloosi.fi\\\/en\\\/christmas-in-joy\\\/\",\"url\":\"https:\\\/\\\/www.iloosi.fi\\\/en\\\/christmas-in-joy\\\/\",\"name\":\"Christmas in Joy - iloosi.fi\",\"isPartOf\":{\"@id\":\"https:\\\/\\\/www.iloosi.fi\\\/en\\\/#website\"},\"datePublished\":\"2022-11-14T11:54:38+00:00\",\"dateModified\":\"2024-10-26T17:48:26+00:00\",\"description\":\"Taatusti suomalainen verkkokauppa! Kuvatuotteita omalla aineistollasi tai Keravalla suunnitelluilla valmiilla kuvilla, sinun iloosi!\",\"breadcrumb\":{\"@id\":\"https:\\\/\\\/www.iloosi.fi\\\/en\\\/christmas-in-joy\\\/#breadcrumb\"},\"inLanguage\":\"en-US\",\"potentialAction\":[{\"@type\":\"ReadAction\",\"target\":[\"https:\\\/\\\/www.iloosi.fi\\\/en\\\/christmas-in-joy\\\/\"]}]},{\"@type\":\"BreadcrumbList\",\"@id\":\"https:\\\/\\\/www.iloosi.fi\\\/en\\\/christmas-in-joy\\\/#breadcrumb\",\"itemListElement\":[{\"@type\":\"ListItem\",\"position\":1,\"name\":\"Home\",\"item\":\"https:\\\/\\\/www.iloosi.fi\\\/en\\\/\"},{\"@type\":\"ListItem\",\"position\":2,\"name\":\"Christmas in Joy\"}]},{\"@type\":\"WebSite\",\"@id\":\"https:\\\/\\\/www.iloosi.fi\\\/en\\\/#website\",\"url\":\"https:\\\/\\\/www.iloosi.fi\\\/en\\\/\",\"name\":\"iloosi\",\"description\":\"\",\"publisher\":{\"@id\":\"https:\\\/\\\/www.iloosi.fi\\\/en\\\/#organization\"},\"potentialAction\":[{\"@type\":\"SearchAction\",\"target\":{\"@type\":\"EntryPoint\",\"urlTemplate\":\"https:\\\/\\\/www.iloosi.fi\\\/en\\\/?s={search_term_string}\"},\"query-input\":{\"@type\":\"PropertyValueSpecification\",\"valueRequired\":true,\"valueName\":\"search_term_string\"}}],\"inLanguage\":\"en-US\"},{\"@type\":\"Organization\",\"@id\":\"https:\\\/\\\/www.iloosi.fi\\\/en\\\/#organization\",\"name\":\"Duuilo Oy\",\"url\":\"https:\\\/\\\/www.iloosi.fi\\\/en\\\/\",\"logo\":{\"@type\":\"ImageObject\",\"inLanguage\":\"en-US\",\"@id\":\"https:\\\/\\\/www.iloosi.fi\\\/en\\\/#\\\/schema\\\/logo\\\/image\\\/\",\"url\":\"https:\\\/\\\/www.iloosi.fi\\\/wp-content\\\/uploads\\\/2026\\\/04\\\/Screenshot-2026-04-29-214330.png\",\"contentUrl\":\"https:\\\/\\\/www.iloosi.fi\\\/wp-content\\\/uploads\\\/2026\\\/04\\\/Screenshot-2026-04-29-214330.png\",\"width\":406,\"height\":365,\"caption\":\"Duuilo Oy\"},\"image\":{\"@id\":\"https:\\\/\\\/www.iloosi.fi\\\/en\\\/#\\\/schema\\\/logo\\\/image\\\/\"},\"sameAs\":[\"https:\\\/\\\/www.facebook.com\\\/iloosi.fi\",\"https:\\\/\\\/www.instagram.com\\\/iloosi_shop\\\/?hl=fi\"],\"description\":\"iloosi on suomalainen verkkokauppa ja osa Memofotoa. Meille kuvat eiv\u00e4t ole vain tiedostoja tai printtej\u00e4 \u2013 ne ovat muistoja, tunteita ja ihmisille t\u00e4rkeit\u00e4 hetki\u00e4. Siksi halusimme luoda verkkokaupan, jossa omista kuvista, teksteist\u00e4 ja ideoista voi tehd\u00e4 helposti persoonallisia tuotteita arkeen, lahjaksi ja juhlaan.\",\"email\":\"iloosi@iloosi.fi\",\"telephone\":\"+358400896226\",\"legalName\":\"Memofoto Oy\",\"foundingDate\":\"1947-01-01\",\"vatID\":\"FI35342246\",\"numberOfEmployees\":{\"@type\":\"QuantitativeValue\",\"minValue\":\"1\",\"maxValue\":\"10\"},\"hasMerchantReturnPolicy\":{\"@type\":\"MerchantReturnPolicy\",\"merchantReturnLink\":\"https:\\\/\\\/www.iloosi.fi\\\/toimitus-ja-maksuehdot\\\/\"}}]}<\/script>\n<!-- \/ Yoast SEO Premium plugin. -->","yoast_head_json":{"title":"Christmas in Joy - iloosi.fi","description":"Taatusti suomalainen verkkokauppa! Kuvatuotteita omalla aineistollasi tai Keravalla suunnitelluilla valmiilla kuvilla, sinun iloosi!","robots":{"index":"index","follow":"follow","max-snippet":"max-snippet:-1","max-image-preview":"max-image-preview:large","max-video-preview":"max-video-preview:-1"},"canonical":"https:\/\/www.iloosi.fi\/en\/christmas-in-joy\/","og_locale":"en_US","og_type":"article","og_title":"Christmas in Joy","og_description":"Taatusti suomalainen verkkokauppa! Kuvatuotteita omalla aineistollasi tai Keravalla suunnitelluilla valmiilla kuvilla, sinun iloosi!","og_url":"https:\/\/www.iloosi.fi\/en\/christmas-in-joy\/","og_site_name":"iloosi","article_publisher":"https:\/\/www.facebook.com\/iloosi.fi","article_modified_time":"2024-10-26T17:48:26+00:00","og_image":[{"width":1080,"height":1080,"url":"https:\/\/www.iloosi.fi\/wp-content\/uploads\/2021\/10\/og-kuva-iloosi-1.jpg","type":"image\/jpeg"}],"twitter_card":"summary_large_image","twitter_misc":{"Est. reading time":"2 minutes"},"schema":{"@context":"https:\/\/schema.org","@graph":[{"@type":"WebPage","@id":"https:\/\/www.iloosi.fi\/en\/christmas-in-joy\/","url":"https:\/\/www.iloosi.fi\/en\/christmas-in-joy\/","name":"Christmas in Joy - iloosi.fi","isPartOf":{"@id":"https:\/\/www.iloosi.fi\/en\/#website"},"datePublished":"2022-11-14T11:54:38+00:00","dateModified":"2024-10-26T17:48:26+00:00","description":"Taatusti suomalainen verkkokauppa! Kuvatuotteita omalla aineistollasi tai Keravalla suunnitelluilla valmiilla kuvilla, sinun iloosi!","breadcrumb":{"@id":"https:\/\/www.iloosi.fi\/en\/christmas-in-joy\/#breadcrumb"},"inLanguage":"en-US","potentialAction":[{"@type":"ReadAction","target":["https:\/\/www.iloosi.fi\/en\/christmas-in-joy\/"]}]},{"@type":"BreadcrumbList","@id":"https:\/\/www.iloosi.fi\/en\/christmas-in-joy\/#breadcrumb","itemListElement":[{"@type":"ListItem","position":1,"name":"Home","item":"https:\/\/www.iloosi.fi\/en\/"},{"@type":"ListItem","position":2,"name":"Christmas in Joy"}]},{"@type":"WebSite","@id":"https:\/\/www.iloosi.fi\/en\/#website","url":"https:\/\/www.iloosi.fi\/en\/","name":"iloosi","description":"","publisher":{"@id":"https:\/\/www.iloosi.fi\/en\/#organization"},"potentialAction":[{"@type":"SearchAction","target":{"@type":"EntryPoint","urlTemplate":"https:\/\/www.iloosi.fi\/en\/?s={search_term_string}"},"query-input":{"@type":"PropertyValueSpecification","valueRequired":true,"valueName":"search_term_string"}}],"inLanguage":"en-US"},{"@type":"Organization","@id":"https:\/\/www.iloosi.fi\/en\/#organization","name":"Duuilo Oy","url":"https:\/\/www.iloosi.fi\/en\/","logo":{"@type":"ImageObject","inLanguage":"en-US","@id":"https:\/\/www.iloosi.fi\/en\/#\/schema\/logo\/image\/","url":"https:\/\/www.iloosi.fi\/wp-content\/uploads\/2026\/04\/Screenshot-2026-04-29-214330.png","contentUrl":"https:\/\/www.iloosi.fi\/wp-content\/uploads\/2026\/04\/Screenshot-2026-04-29-214330.png","width":406,"height":365,"caption":"Duuilo Oy"},"image":{"@id":"https:\/\/www.iloosi.fi\/en\/#\/schema\/logo\/image\/"},"sameAs":["https:\/\/www.facebook.com\/iloosi.fi","https:\/\/www.instagram.com\/iloosi_shop\/?hl=fi"],"description":"iloosi on suomalainen verkkokauppa ja osa Memofotoa. Meille kuvat eiv\u00e4t ole vain tiedostoja tai printtej\u00e4 \u2013 ne ovat muistoja, tunteita ja ihmisille t\u00e4rkeit\u00e4 hetki\u00e4. Siksi halusimme luoda verkkokaupan, jossa omista kuvista, teksteist\u00e4 ja ideoista voi tehd\u00e4 helposti persoonallisia tuotteita arkeen, lahjaksi ja juhlaan.","email":"iloosi@iloosi.fi","telephone":"+358400896226","legalName":"Memofoto Oy","foundingDate":"1947-01-01","vatID":"FI35342246","numberOfEmployees":{"@type":"QuantitativeValue","minValue":"1","maxValue":"10"},"hasMerchantReturnPolicy":{"@type":"MerchantReturnPolicy","merchantReturnLink":"https:\/\/www.iloosi.fi\/toimitus-ja-maksuehdot\/"}}]}},"_links":{"self":[{"href":"https:\/\/www.iloosi.fi\/en\/wp-json\/wp\/v2\/pages\/9446","targetHints":{"allow":["GET"]}}],"collection":[{"href":"https:\/\/www.iloosi.fi\/en\/wp-json\/wp\/v2\/pages"}],"about":[{"href":"https:\/\/www.iloosi.fi\/en\/wp-json\/wp\/v2\/types\/page"}],"author":[{"embeddable":true,"href":"https:\/\/www.iloosi.fi\/en\/wp-json\/wp\/v2\/users\/1"}],"replies":[{"embeddable":true,"href":"https:\/\/www.iloosi.fi\/en\/wp-json\/wp\/v2\/comments?post=9446"}],"version-history":[{"count":3,"href":"https:\/\/www.iloosi.fi\/en\/wp-json\/wp\/v2\/pages\/9446\/revisions"}],"predecessor-version":[{"id":9460,"href":"https:\/\/www.iloosi.fi\/en\/wp-json\/wp\/v2\/pages\/9446\/revisions\/9460"}],"wp:attachment":[{"href":"https:\/\/www.iloosi.fi\/en\/wp-json\/wp\/v2\/media?parent=9446"}],"curies":[{"name":"wp","href":"https:\/\/api.w.org\/{rel}","templated":true}]}}