{"id":10194,"date":"2024-06-11T18:27:25","date_gmt":"2024-06-11T15:27:25","guid":{"rendered":"https:\/\/iloosi.fi\/product\/multi-image-frame-for-18-pictures-90x465cm\/"},"modified":"2025-12-13T14:46:08","modified_gmt":"2025-12-13T12:46:08","slug":"multi-image-frame-for-18-pictures-90x465cm","status":"publish","type":"product","link":"https:\/\/www.iloosi.fi\/en\/tuotteet\/picture-frames\/multi-image-frames\/multi-image-frame-for-18-pictures-90x465cm\/","title":{"rendered":"Multi-image frame for 18 pictures, 90&#215;46,5cm"},"content":{"rendered":"<p>Multi-image frame for eighteen (18) 10 x 15 images.<\/p>\n<p>&#8211; Plastic frame, not too heavy to hang<br \/>\n&#8211; Black<\/p>\n<p>External dimension approx. 90 x 46,5 cm<br \/>\nAbout 2cm deep<\/p>\n","protected":false},"excerpt":{"rendered":"<p>Multi-image frame for eighteen (18) 10 x 15 images. &#8211; Plastic frame, not too heavy to hang &#8211; Black External dimension approx. 90 x 46,5 cm About 2cm deep<\/p>\n","protected":false},"featured_media":4663,"comment_status":"open","ping_status":"closed","template":"","meta":[],"product_brand":[],"product_cat":[937,935],"product_tag":[],"class_list":{"0":"post-10194","1":"product","2":"type-product","3":"status-publish","4":"has-post-thumbnail","6":"product_cat-multi-image-frames","7":"product_cat-picture-frames","9":"first","10":"instock","11":"taxable","12":"shipping-taxable","13":"purchasable","14":"product-type-simple"},"bundled_by":[],"bundle_stock_status":"instock","bundle_stock_quantity":null,"bundle_virtual":false,"bundle_layout":"","bundle_add_to_cart_form_location":"","bundle_editable_in_cart":false,"bundle_sold_individually_context":"","bundle_item_grouping":"","bundle_min_size":"","bundle_max_size":"","bundled_items":[],"bundle_sell_ids":[],"yoast_head":"<!-- This site is optimized with the Yoast SEO Premium plugin v27.5 (Yoast SEO v27.5) - https:\/\/yoast.com\/product\/yoast-seo-premium-wordpress\/ -->\n<title>Multi-image frame for 18 pictures, 90x46,5cm - iloosi<\/title>\n<meta name=\"description\" content=\"Multi-frame for eighteen (18) 10x15cm pictures - Plastic frame, not too heavy to hang - Black External dimensions approx. 90x46,5 cm Approx. 2cm deep\" \/>\n<meta name=\"robots\" content=\"index, follow, max-snippet:-1, max-image-preview:large, max-video-preview:-1\" \/>\n<link rel=\"canonical\" href=\"https:\/\/www.iloosi.fi\/en\/tuotteet\/picture-frames\/multi-image-frames\/multi-image-frame-for-18-pictures-90x465cm\/\" \/>\n<meta property=\"og:locale\" content=\"en_US\" \/>\n<meta property=\"og:type\" content=\"article\" \/>\n<meta property=\"og:title\" content=\"Multi-image frame for 18 pictures, 90x46,5cm\" \/>\n<meta property=\"og:description\" content=\"Multi-image frame for 18 pictures, 90x46,5cm\" \/>\n<meta property=\"og:url\" content=\"https:\/\/www.iloosi.fi\/en\/tuotteet\/picture-frames\/multi-image-frames\/multi-image-frame-for-18-pictures-90x465cm\/\" \/>\n<meta property=\"og:site_name\" content=\"iloosi\" \/>\n<meta property=\"article:publisher\" content=\"https:\/\/www.facebook.com\/iloosi.fi\" \/>\n<meta property=\"article:modified_time\" content=\"2025-12-13T12:46:08+00:00\" \/>\n<meta property=\"og:image\" content=\"https:\/\/www.iloosi.fi\/wp-content\/uploads\/2024\/06\/Monikuvakehys-18-kuvalle-1.jpg\" \/>\n\t<meta property=\"og:image:width\" content=\"1718\" \/>\n\t<meta property=\"og:image:height\" content=\"1000\" \/>\n\t<meta property=\"og:image:type\" content=\"image\/jpeg\" \/>\n<meta name=\"twitter:card\" content=\"summary_large_image\" \/>\n<meta name=\"twitter:label1\" content=\"Price\" \/>\n\t<meta name=\"twitter:data1\" content=\"54,40&nbsp;&euro;\" \/>\n\t<meta name=\"twitter:label2\" content=\"Availability\" \/>\n\t<meta name=\"twitter:data2\" content=\"In stock\" \/>\n<script type=\"application\/ld+json\" class=\"yoast-schema-graph\">{\"@context\":\"https:\\\/\\\/schema.org\",\"@graph\":[{\"@type\":\"WebPage\",\"@id\":\"https:\\\/\\\/www.iloosi.fi\\\/en\\\/tuotteet\\\/picture-frames\\\/multi-image-frames\\\/multi-image-frame-for-18-pictures-90x465cm\\\/\",\"url\":\"https:\\\/\\\/www.iloosi.fi\\\/en\\\/tuotteet\\\/picture-frames\\\/multi-image-frames\\\/multi-image-frame-for-18-pictures-90x465cm\\\/\",\"name\":\"Multi-image frame for 18 pictures, 90x46,5cm - iloosi\",\"isPartOf\":{\"@id\":\"https:\\\/\\\/www.iloosi.fi\\\/en\\\/#website\"},\"primaryImageOfPage\":{\"@id\":\"https:\\\/\\\/www.iloosi.fi\\\/en\\\/tuotteet\\\/picture-frames\\\/multi-image-frames\\\/multi-image-frame-for-18-pictures-90x465cm\\\/#primaryimage\"},\"image\":{\"@id\":\"https:\\\/\\\/www.iloosi.fi\\\/en\\\/tuotteet\\\/picture-frames\\\/multi-image-frames\\\/multi-image-frame-for-18-pictures-90x465cm\\\/#primaryimage\"},\"thumbnailUrl\":\"https:\\\/\\\/www.iloosi.fi\\\/wp-content\\\/uploads\\\/2024\\\/06\\\/Monikuvakehys-18-kuvalle-1.jpg\",\"datePublished\":\"2024-06-11T15:27:25+00:00\",\"dateModified\":\"2025-12-13T12:46:08+00:00\",\"description\":\"Multi-frame for eighteen (18) 10x15cm pictures - Plastic frame, not too heavy to hang - Black External dimensions approx. 90x46,5 cm Approx. 2cm deep\",\"breadcrumb\":{\"@id\":\"https:\\\/\\\/www.iloosi.fi\\\/en\\\/tuotteet\\\/picture-frames\\\/multi-image-frames\\\/multi-image-frame-for-18-pictures-90x465cm\\\/#breadcrumb\"},\"inLanguage\":\"en-US\",\"potentialAction\":[{\"@type\":\"ReadAction\",\"target\":[\"https:\\\/\\\/www.iloosi.fi\\\/en\\\/tuotteet\\\/picture-frames\\\/multi-image-frames\\\/multi-image-frame-for-18-pictures-90x465cm\\\/\"]}]},{\"@type\":\"ImageObject\",\"inLanguage\":\"en-US\",\"@id\":\"https:\\\/\\\/www.iloosi.fi\\\/en\\\/tuotteet\\\/picture-frames\\\/multi-image-frames\\\/multi-image-frame-for-18-pictures-90x465cm\\\/#primaryimage\",\"url\":\"https:\\\/\\\/www.iloosi.fi\\\/wp-content\\\/uploads\\\/2024\\\/06\\\/Monikuvakehys-18-kuvalle-1.jpg\",\"contentUrl\":\"https:\\\/\\\/www.iloosi.fi\\\/wp-content\\\/uploads\\\/2024\\\/06\\\/Monikuvakehys-18-kuvalle-1.jpg\",\"width\":1718,\"height\":1000,\"caption\":\"Monikuvakehys kahdeksalletoista (18) 10 x 15 kuvalle.\"},{\"@type\":\"BreadcrumbList\",\"@id\":\"https:\\\/\\\/www.iloosi.fi\\\/en\\\/tuotteet\\\/picture-frames\\\/multi-image-frames\\\/multi-image-frame-for-18-pictures-90x465cm\\\/#breadcrumb\",\"itemListElement\":[{\"@type\":\"ListItem\",\"position\":1,\"name\":\"Home\",\"item\":\"https:\\\/\\\/www.iloosi.fi\\\/en\\\/\"},{\"@type\":\"ListItem\",\"position\":2,\"name\":\"Shop\",\"item\":\"https:\\\/\\\/www.iloosi.fi\\\/en\\\/shop\\\/\"},{\"@type\":\"ListItem\",\"position\":3,\"name\":\"Multi-image frame for 18 pictures, 90&#215;46,5cm\"}]},{\"@type\":\"WebSite\",\"@id\":\"https:\\\/\\\/www.iloosi.fi\\\/en\\\/#website\",\"url\":\"https:\\\/\\\/www.iloosi.fi\\\/en\\\/\",\"name\":\"iloosi\",\"description\":\"\",\"publisher\":{\"@id\":\"https:\\\/\\\/www.iloosi.fi\\\/en\\\/#organization\"},\"potentialAction\":[{\"@type\":\"SearchAction\",\"target\":{\"@type\":\"EntryPoint\",\"urlTemplate\":\"https:\\\/\\\/www.iloosi.fi\\\/en\\\/?s={search_term_string}\"},\"query-input\":{\"@type\":\"PropertyValueSpecification\",\"valueRequired\":true,\"valueName\":\"search_term_string\"}}],\"inLanguage\":\"en-US\"},{\"@type\":\"Organization\",\"@id\":\"https:\\\/\\\/www.iloosi.fi\\\/en\\\/#organization\",\"name\":\"Duuilo Oy\",\"url\":\"https:\\\/\\\/www.iloosi.fi\\\/en\\\/\",\"logo\":{\"@type\":\"ImageObject\",\"inLanguage\":\"en-US\",\"@id\":\"https:\\\/\\\/www.iloosi.fi\\\/en\\\/#\\\/schema\\\/logo\\\/image\\\/\",\"url\":\"https:\\\/\\\/www.iloosi.fi\\\/wp-content\\\/uploads\\\/2026\\\/04\\\/Screenshot-2026-04-29-214330.png\",\"contentUrl\":\"https:\\\/\\\/www.iloosi.fi\\\/wp-content\\\/uploads\\\/2026\\\/04\\\/Screenshot-2026-04-29-214330.png\",\"width\":406,\"height\":365,\"caption\":\"Duuilo Oy\"},\"image\":{\"@id\":\"https:\\\/\\\/www.iloosi.fi\\\/en\\\/#\\\/schema\\\/logo\\\/image\\\/\"},\"sameAs\":[\"https:\\\/\\\/www.facebook.com\\\/iloosi.fi\",\"https:\\\/\\\/www.instagram.com\\\/iloosi_shop\\\/?hl=fi\"],\"description\":\"iloosi on suomalainen verkkokauppa ja osa Memofotoa. Meille kuvat eiv\u00e4t ole vain tiedostoja tai printtej\u00e4 \u2013 ne ovat muistoja, tunteita ja ihmisille t\u00e4rkeit\u00e4 hetki\u00e4. Siksi halusimme luoda verkkokaupan, jossa omista kuvista, teksteist\u00e4 ja ideoista voi tehd\u00e4 helposti persoonallisia tuotteita arkeen, lahjaksi ja juhlaan.\",\"email\":\"iloosi@iloosi.fi\",\"telephone\":\"+358400896226\",\"legalName\":\"Memofoto Oy\",\"foundingDate\":\"1947-01-01\",\"vatID\":\"FI35342246\",\"numberOfEmployees\":{\"@type\":\"QuantitativeValue\",\"minValue\":\"1\",\"maxValue\":\"10\"},\"hasMerchantReturnPolicy\":{\"@type\":\"MerchantReturnPolicy\",\"merchantReturnLink\":\"https:\\\/\\\/www.iloosi.fi\\\/toimitus-ja-maksuehdot\\\/\"}}]}<\/script>\n<meta property=\"product:price:amount\" content=\"54.40\" \/>\n<meta property=\"product:price:currency\" content=\"EUR\" \/>\n<meta property=\"og:availability\" content=\"instock\" \/>\n<meta property=\"product:availability\" content=\"instock\" \/>\n<meta property=\"product:condition\" content=\"new\" \/>\n<!-- \/ Yoast SEO Premium plugin. -->","yoast_head_json":{"title":"Multi-image frame for 18 pictures, 90x46,5cm - iloosi","description":"Multi-frame for eighteen (18) 10x15cm pictures - Plastic frame, not too heavy to hang - Black External dimensions approx. 90x46,5 cm Approx. 2cm deep","robots":{"index":"index","follow":"follow","max-snippet":"max-snippet:-1","max-image-preview":"max-image-preview:large","max-video-preview":"max-video-preview:-1"},"canonical":"https:\/\/www.iloosi.fi\/en\/tuotteet\/picture-frames\/multi-image-frames\/multi-image-frame-for-18-pictures-90x465cm\/","og_locale":"en_US","og_type":"article","og_title":"Multi-image frame for 18 pictures, 90x46,5cm","og_description":"Multi-image frame for 18 pictures, 90x46,5cm","og_url":"https:\/\/www.iloosi.fi\/en\/tuotteet\/picture-frames\/multi-image-frames\/multi-image-frame-for-18-pictures-90x465cm\/","og_site_name":"iloosi","article_publisher":"https:\/\/www.facebook.com\/iloosi.fi","article_modified_time":"2025-12-13T12:46:08+00:00","og_image":[{"width":1718,"height":1000,"url":"https:\/\/www.iloosi.fi\/wp-content\/uploads\/2024\/06\/Monikuvakehys-18-kuvalle-1.jpg","type":"image\/jpeg"}],"twitter_card":"summary_large_image","twitter_misc":{"Price":"54,40&nbsp;&euro;","Availability":"In stock"},"schema":{"@context":"https:\/\/schema.org","@graph":[{"@type":"WebPage","@id":"https:\/\/www.iloosi.fi\/en\/tuotteet\/picture-frames\/multi-image-frames\/multi-image-frame-for-18-pictures-90x465cm\/","url":"https:\/\/www.iloosi.fi\/en\/tuotteet\/picture-frames\/multi-image-frames\/multi-image-frame-for-18-pictures-90x465cm\/","name":"Multi-image frame for 18 pictures, 90x46,5cm - iloosi","isPartOf":{"@id":"https:\/\/www.iloosi.fi\/en\/#website"},"primaryImageOfPage":{"@id":"https:\/\/www.iloosi.fi\/en\/tuotteet\/picture-frames\/multi-image-frames\/multi-image-frame-for-18-pictures-90x465cm\/#primaryimage"},"image":{"@id":"https:\/\/www.iloosi.fi\/en\/tuotteet\/picture-frames\/multi-image-frames\/multi-image-frame-for-18-pictures-90x465cm\/#primaryimage"},"thumbnailUrl":"https:\/\/www.iloosi.fi\/wp-content\/uploads\/2024\/06\/Monikuvakehys-18-kuvalle-1.jpg","datePublished":"2024-06-11T15:27:25+00:00","dateModified":"2025-12-13T12:46:08+00:00","description":"Multi-frame for eighteen (18) 10x15cm pictures - Plastic frame, not too heavy to hang - Black External dimensions approx. 90x46,5 cm Approx. 2cm deep","breadcrumb":{"@id":"https:\/\/www.iloosi.fi\/en\/tuotteet\/picture-frames\/multi-image-frames\/multi-image-frame-for-18-pictures-90x465cm\/#breadcrumb"},"inLanguage":"en-US","potentialAction":[{"@type":"ReadAction","target":["https:\/\/www.iloosi.fi\/en\/tuotteet\/picture-frames\/multi-image-frames\/multi-image-frame-for-18-pictures-90x465cm\/"]}]},{"@type":"ImageObject","inLanguage":"en-US","@id":"https:\/\/www.iloosi.fi\/en\/tuotteet\/picture-frames\/multi-image-frames\/multi-image-frame-for-18-pictures-90x465cm\/#primaryimage","url":"https:\/\/www.iloosi.fi\/wp-content\/uploads\/2024\/06\/Monikuvakehys-18-kuvalle-1.jpg","contentUrl":"https:\/\/www.iloosi.fi\/wp-content\/uploads\/2024\/06\/Monikuvakehys-18-kuvalle-1.jpg","width":1718,"height":1000,"caption":"Monikuvakehys kahdeksalletoista (18) 10 x 15 kuvalle."},{"@type":"BreadcrumbList","@id":"https:\/\/www.iloosi.fi\/en\/tuotteet\/picture-frames\/multi-image-frames\/multi-image-frame-for-18-pictures-90x465cm\/#breadcrumb","itemListElement":[{"@type":"ListItem","position":1,"name":"Home","item":"https:\/\/www.iloosi.fi\/en\/"},{"@type":"ListItem","position":2,"name":"Shop","item":"https:\/\/www.iloosi.fi\/en\/shop\/"},{"@type":"ListItem","position":3,"name":"Multi-image frame for 18 pictures, 90&#215;46,5cm"}]},{"@type":"WebSite","@id":"https:\/\/www.iloosi.fi\/en\/#website","url":"https:\/\/www.iloosi.fi\/en\/","name":"iloosi","description":"","publisher":{"@id":"https:\/\/www.iloosi.fi\/en\/#organization"},"potentialAction":[{"@type":"SearchAction","target":{"@type":"EntryPoint","urlTemplate":"https:\/\/www.iloosi.fi\/en\/?s={search_term_string}"},"query-input":{"@type":"PropertyValueSpecification","valueRequired":true,"valueName":"search_term_string"}}],"inLanguage":"en-US"},{"@type":"Organization","@id":"https:\/\/www.iloosi.fi\/en\/#organization","name":"Duuilo Oy","url":"https:\/\/www.iloosi.fi\/en\/","logo":{"@type":"ImageObject","inLanguage":"en-US","@id":"https:\/\/www.iloosi.fi\/en\/#\/schema\/logo\/image\/","url":"https:\/\/www.iloosi.fi\/wp-content\/uploads\/2026\/04\/Screenshot-2026-04-29-214330.png","contentUrl":"https:\/\/www.iloosi.fi\/wp-content\/uploads\/2026\/04\/Screenshot-2026-04-29-214330.png","width":406,"height":365,"caption":"Duuilo Oy"},"image":{"@id":"https:\/\/www.iloosi.fi\/en\/#\/schema\/logo\/image\/"},"sameAs":["https:\/\/www.facebook.com\/iloosi.fi","https:\/\/www.instagram.com\/iloosi_shop\/?hl=fi"],"description":"iloosi on suomalainen verkkokauppa ja osa Memofotoa. Meille kuvat eiv\u00e4t ole vain tiedostoja tai printtej\u00e4 \u2013 ne ovat muistoja, tunteita ja ihmisille t\u00e4rkeit\u00e4 hetki\u00e4. Siksi halusimme luoda verkkokaupan, jossa omista kuvista, teksteist\u00e4 ja ideoista voi tehd\u00e4 helposti persoonallisia tuotteita arkeen, lahjaksi ja juhlaan.","email":"iloosi@iloosi.fi","telephone":"+358400896226","legalName":"Memofoto Oy","foundingDate":"1947-01-01","vatID":"FI35342246","numberOfEmployees":{"@type":"QuantitativeValue","minValue":"1","maxValue":"10"},"hasMerchantReturnPolicy":{"@type":"MerchantReturnPolicy","merchantReturnLink":"https:\/\/www.iloosi.fi\/toimitus-ja-maksuehdot\/"}}]},"product_price_amount":"54.40","product_price_currency":"EUR","og_availability":"instock","product_availability":"instock","product_condition":"new"},"_links":{"self":[{"href":"https:\/\/www.iloosi.fi\/en\/wp-json\/wp\/v2\/product\/10194","targetHints":{"allow":["GET"]}}],"collection":[{"href":"https:\/\/www.iloosi.fi\/en\/wp-json\/wp\/v2\/product"}],"about":[{"href":"https:\/\/www.iloosi.fi\/en\/wp-json\/wp\/v2\/types\/product"}],"replies":[{"embeddable":true,"href":"https:\/\/www.iloosi.fi\/en\/wp-json\/wp\/v2\/comments?post=10194"}],"wp:featuredmedia":[{"embeddable":true,"href":"https:\/\/www.iloosi.fi\/en\/wp-json\/wp\/v2\/media\/4663"}],"wp:attachment":[{"href":"https:\/\/www.iloosi.fi\/en\/wp-json\/wp\/v2\/media?parent=10194"}],"wp:term":[{"taxonomy":"product_brand","embeddable":true,"href":"https:\/\/www.iloosi.fi\/en\/wp-json\/wp\/v2\/product_brand?post=10194"},{"taxonomy":"product_cat","embeddable":true,"href":"https:\/\/www.iloosi.fi\/en\/wp-json\/wp\/v2\/product_cat?post=10194"},{"taxonomy":"product_tag","embeddable":true,"href":"https:\/\/www.iloosi.fi\/en\/wp-json\/wp\/v2\/product_tag?post=10194"}],"curies":[{"name":"wp","href":"https:\/\/api.w.org\/{rel}","templated":true}]}}