{"id":10204,"date":"2024-07-01T14:34:48","date_gmt":"2024-07-01T11:34:48","guid":{"rendered":"https:\/\/iloosi.fi\/product\/wooden-frames-aava-many-sizes-9x13cm-40x50cm-woodgold-greysilver\/"},"modified":"2025-12-14T20:48:31","modified_gmt":"2025-12-14T18:48:31","slug":"wooden-frames-aava-many-sizes-9x13cm-40x50cm-woodgold-greysilver","status":"publish","type":"product","link":"https:\/\/www.iloosi.fi\/en\/tuotteet\/picture-frames\/gallery-frames\/wooden-frames-aava-many-sizes-9x13cm-40x50cm-woodgold-greysilver\/","title":{"rendered":"Wooden frames Aava, many sizes 9x13cm-40x50cm, wood+gold\/grey+silver"},"content":{"rendered":"<div>Genuine Finnish Aava wood frames, made from domestic pine with PEFC CERTIFICATION.<\/div>\n<div>\n<div>The frames are carefully made. The frames have a sturdy stand support and clear glass. <\/div>\n<\/div>\n<div><\/div>\n<div>\n<div>Available in graffiti grey on silver foil, or brown\/wood coloured on gold foil.<\/div>\n<\/div>\n<div><\/div>\n<div>&#8211; Very good finish<\/div>\n<div>&#8211; Supportive standing support up to A4 size<\/div>\n<div>&#8211; Brackets for wall cladding, vertical and horizontal<\/div>\n<div>&#8211; Clear glass<\/div>\n<div><\/div>\n<div>Material of manufacture:Finnish pine<\/div>\n<div>Colour: brown\/brown+gold or graffiti grey+silver.<\/div>\n<div><\/div>\n<div>List width: approx. 1,4cm <\/div>\n<div>List height: approx. 1,6 cm <\/div>\n<div><\/div>\n<div>&#8211; Available in graffiti grey+silver in all sizes.<\/div>\n<div>&#8211; Available in brown\/wood+gold in all sizes except A3.<\/div>\n<div><\/div>\n<div>See all domestic <a href=\"https:\/\/www.iloosi.fi\/product-tag\/aava-kehykset\/\">Aava frames<\/a>!<\/div>\n","protected":false},"excerpt":{"rendered":"<p>Genuine Finnish Aava wood frames, made from domestic pine with PEFC CERTIFICATION. The frames are carefully made. The frames have a sturdy stand support and clear glass. Available in graffiti grey on silver foil, or brown\/wood coloured on gold foil. &#8211; Very good finish &#8211; Supportive standing support up to A4 size &#8211; Brackets for [&#8230;]\n","protected":false},"featured_media":9216,"comment_status":"open","ping_status":"closed","template":"","meta":[],"product_brand":[],"product_cat":[933,815,935],"product_tag":[1712,1065,1067,941,940,1064,1063],"class_list":{"0":"post-10204","1":"product","2":"type-product","3":"status-publish","4":"has-post-thumbnail","6":"product_cat-gallery-frames","7":"product_cat-interior-design","8":"product_cat-picture-frames","9":"product_tag-aava-frames","10":"product_tag-domestic","11":"product_tag-finnish","12":"product_tag-gallery-frame","13":"product_tag-photo-frame","14":"product_tag-pine","15":"product_tag-wooden-frame","17":"first","18":"instock","19":"taxable","20":"shipping-taxable","21":"purchasable","22":"product-type-variable"},"bundled_by":[],"bundle_stock_status":"instock","bundle_stock_quantity":null,"bundle_virtual":false,"bundle_layout":"","bundle_add_to_cart_form_location":"","bundle_editable_in_cart":false,"bundle_sold_individually_context":"","bundle_item_grouping":"","bundle_min_size":"","bundle_max_size":"","bundled_items":[],"bundle_sell_ids":[],"yoast_head":"<!-- This site is optimized with the Yoast SEO Premium plugin v27.5 (Yoast SEO v27.5) - https:\/\/yoast.com\/product\/yoast-seo-premium-wordpress\/ -->\n<title>Wooden frames Aava, many sizes 9x13cm-40x50cm, wood+gold\/grey+silver - iloosi<\/title>\n<meta name=\"description\" content=\"Wooden frames Aava -Support for standing up to A4 size -Holders for wall hanging, vertical and horizontal Width of the strip: approx.1,4cm Height of the strip: approx.1,6cm\" \/>\n<meta name=\"robots\" content=\"index, follow, max-snippet:-1, max-image-preview:large, max-video-preview:-1\" \/>\n<link rel=\"canonical\" href=\"https:\/\/www.iloosi.fi\/en\/tuotteet\/picture-frames\/gallery-frames\/wooden-frames-aava-many-sizes-9x13cm-40x50cm-woodgold-greysilver\/\" \/>\n<meta property=\"og:locale\" content=\"en_US\" \/>\n<meta property=\"og:type\" content=\"article\" \/>\n<meta property=\"og:title\" content=\"Wooden frames Aava, many sizes 9x13cm-40x50cm, wood+gold\/grey+silver\" \/>\n<meta property=\"og:description\" content=\"Wooden frames Aava, many sizes 9x13cm-40x50cm, wood+gold\/grey+silver\" \/>\n<meta property=\"og:url\" content=\"https:\/\/www.iloosi.fi\/en\/tuotteet\/picture-frames\/gallery-frames\/wooden-frames-aava-many-sizes-9x13cm-40x50cm-woodgold-greysilver\/\" \/>\n<meta property=\"og:site_name\" content=\"iloosi\" \/>\n<meta property=\"article:publisher\" content=\"https:\/\/www.facebook.com\/iloosi.fi\" \/>\n<meta property=\"article:modified_time\" content=\"2025-12-14T18:48:31+00:00\" \/>\n<meta property=\"og:image\" content=\"https:\/\/www.iloosi.fi\/wp-content\/uploads\/2024\/07\/puu-kehykset-aava-paljon-kokoja-9x13cm-40x50cm-puukulta-harmaahopea-x.jpg\" \/>\n\t<meta property=\"og:image:width\" content=\"2066\" \/>\n\t<meta property=\"og:image:height\" content=\"2066\" \/>\n\t<meta property=\"og:image:type\" content=\"image\/jpeg\" \/>\n<meta name=\"twitter:card\" content=\"summary_large_image\" \/>\n<meta name=\"twitter:label1\" content=\"Availability\" \/>\n\t<meta name=\"twitter:data1\" content=\"In stock\" \/>\n<script type=\"application\/ld+json\" class=\"yoast-schema-graph\">{\"@context\":\"https:\\\/\\\/schema.org\",\"@graph\":[{\"@type\":\"WebPage\",\"@id\":\"https:\\\/\\\/www.iloosi.fi\\\/en\\\/tuotteet\\\/picture-frames\\\/gallery-frames\\\/wooden-frames-aava-many-sizes-9x13cm-40x50cm-woodgold-greysilver\\\/\",\"url\":\"https:\\\/\\\/www.iloosi.fi\\\/en\\\/tuotteet\\\/picture-frames\\\/gallery-frames\\\/wooden-frames-aava-many-sizes-9x13cm-40x50cm-woodgold-greysilver\\\/\",\"name\":\"Wooden frames Aava, many sizes 9x13cm-40x50cm, wood+gold\\\/grey+silver - iloosi\",\"isPartOf\":{\"@id\":\"https:\\\/\\\/www.iloosi.fi\\\/en\\\/#website\"},\"primaryImageOfPage\":{\"@id\":\"https:\\\/\\\/www.iloosi.fi\\\/en\\\/tuotteet\\\/picture-frames\\\/gallery-frames\\\/wooden-frames-aava-many-sizes-9x13cm-40x50cm-woodgold-greysilver\\\/#primaryimage\"},\"image\":{\"@id\":\"https:\\\/\\\/www.iloosi.fi\\\/en\\\/tuotteet\\\/picture-frames\\\/gallery-frames\\\/wooden-frames-aava-many-sizes-9x13cm-40x50cm-woodgold-greysilver\\\/#primaryimage\"},\"thumbnailUrl\":\"https:\\\/\\\/www.iloosi.fi\\\/wp-content\\\/uploads\\\/2024\\\/07\\\/puu-kehykset-aava-paljon-kokoja-9x13cm-40x50cm-puukulta-harmaahopea-x.jpg\",\"datePublished\":\"2024-07-01T11:34:48+00:00\",\"dateModified\":\"2025-12-14T18:48:31+00:00\",\"description\":\"Wooden frames Aava -Support for standing up to A4 size -Holders for wall hanging, vertical and horizontal Width of the strip: approx.1,4cm Height of the strip: approx.1,6cm\",\"breadcrumb\":{\"@id\":\"https:\\\/\\\/www.iloosi.fi\\\/en\\\/tuotteet\\\/picture-frames\\\/gallery-frames\\\/wooden-frames-aava-many-sizes-9x13cm-40x50cm-woodgold-greysilver\\\/#breadcrumb\"},\"inLanguage\":\"en-US\",\"potentialAction\":[{\"@type\":\"ReadAction\",\"target\":[\"https:\\\/\\\/www.iloosi.fi\\\/en\\\/tuotteet\\\/picture-frames\\\/gallery-frames\\\/wooden-frames-aava-many-sizes-9x13cm-40x50cm-woodgold-greysilver\\\/\"]}]},{\"@type\":\"ImageObject\",\"inLanguage\":\"en-US\",\"@id\":\"https:\\\/\\\/www.iloosi.fi\\\/en\\\/tuotteet\\\/picture-frames\\\/gallery-frames\\\/wooden-frames-aava-many-sizes-9x13cm-40x50cm-woodgold-greysilver\\\/#primaryimage\",\"url\":\"https:\\\/\\\/www.iloosi.fi\\\/wp-content\\\/uploads\\\/2024\\\/07\\\/puu-kehykset-aava-paljon-kokoja-9x13cm-40x50cm-puukulta-harmaahopea-x.jpg\",\"contentUrl\":\"https:\\\/\\\/www.iloosi.fi\\\/wp-content\\\/uploads\\\/2024\\\/07\\\/puu-kehykset-aava-paljon-kokoja-9x13cm-40x50cm-puukulta-harmaahopea-x.jpg\",\"width\":2066,\"height\":2066,\"caption\":\"puu-kehykset-aava-paljon-kokoja-9x13cm-40x50cm-puukulta-harmaahopea\"},{\"@type\":\"BreadcrumbList\",\"@id\":\"https:\\\/\\\/www.iloosi.fi\\\/en\\\/tuotteet\\\/picture-frames\\\/gallery-frames\\\/wooden-frames-aava-many-sizes-9x13cm-40x50cm-woodgold-greysilver\\\/#breadcrumb\",\"itemListElement\":[{\"@type\":\"ListItem\",\"position\":1,\"name\":\"Home\",\"item\":\"https:\\\/\\\/www.iloosi.fi\\\/en\\\/\"},{\"@type\":\"ListItem\",\"position\":2,\"name\":\"Shop\",\"item\":\"https:\\\/\\\/www.iloosi.fi\\\/en\\\/shop\\\/\"},{\"@type\":\"ListItem\",\"position\":3,\"name\":\"Wooden frames Aava, many sizes 9x13cm-40x50cm, wood+gold\\\/grey+silver\"}]},{\"@type\":\"WebSite\",\"@id\":\"https:\\\/\\\/www.iloosi.fi\\\/en\\\/#website\",\"url\":\"https:\\\/\\\/www.iloosi.fi\\\/en\\\/\",\"name\":\"iloosi\",\"description\":\"\",\"publisher\":{\"@id\":\"https:\\\/\\\/www.iloosi.fi\\\/en\\\/#organization\"},\"potentialAction\":[{\"@type\":\"SearchAction\",\"target\":{\"@type\":\"EntryPoint\",\"urlTemplate\":\"https:\\\/\\\/www.iloosi.fi\\\/en\\\/?s={search_term_string}\"},\"query-input\":{\"@type\":\"PropertyValueSpecification\",\"valueRequired\":true,\"valueName\":\"search_term_string\"}}],\"inLanguage\":\"en-US\"},{\"@type\":\"Organization\",\"@id\":\"https:\\\/\\\/www.iloosi.fi\\\/en\\\/#organization\",\"name\":\"Duuilo Oy\",\"url\":\"https:\\\/\\\/www.iloosi.fi\\\/en\\\/\",\"logo\":{\"@type\":\"ImageObject\",\"inLanguage\":\"en-US\",\"@id\":\"https:\\\/\\\/www.iloosi.fi\\\/en\\\/#\\\/schema\\\/logo\\\/image\\\/\",\"url\":\"https:\\\/\\\/www.iloosi.fi\\\/wp-content\\\/uploads\\\/2026\\\/04\\\/Screenshot-2026-04-29-214330.png\",\"contentUrl\":\"https:\\\/\\\/www.iloosi.fi\\\/wp-content\\\/uploads\\\/2026\\\/04\\\/Screenshot-2026-04-29-214330.png\",\"width\":406,\"height\":365,\"caption\":\"Duuilo Oy\"},\"image\":{\"@id\":\"https:\\\/\\\/www.iloosi.fi\\\/en\\\/#\\\/schema\\\/logo\\\/image\\\/\"},\"sameAs\":[\"https:\\\/\\\/www.facebook.com\\\/iloosi.fi\",\"https:\\\/\\\/www.instagram.com\\\/iloosi_shop\\\/?hl=fi\"],\"description\":\"iloosi on suomalainen verkkokauppa ja osa Memofotoa. Meille kuvat eiv\u00e4t ole vain tiedostoja tai printtej\u00e4 \u2013 ne ovat muistoja, tunteita ja ihmisille t\u00e4rkeit\u00e4 hetki\u00e4. Siksi halusimme luoda verkkokaupan, jossa omista kuvista, teksteist\u00e4 ja ideoista voi tehd\u00e4 helposti persoonallisia tuotteita arkeen, lahjaksi ja juhlaan.\",\"email\":\"iloosi@iloosi.fi\",\"telephone\":\"+358400896226\",\"legalName\":\"Memofoto Oy\",\"foundingDate\":\"1947-01-01\",\"vatID\":\"FI35342246\",\"numberOfEmployees\":{\"@type\":\"QuantitativeValue\",\"minValue\":\"1\",\"maxValue\":\"10\"},\"hasMerchantReturnPolicy\":{\"@type\":\"MerchantReturnPolicy\",\"merchantReturnLink\":\"https:\\\/\\\/www.iloosi.fi\\\/toimitus-ja-maksuehdot\\\/\"}}]}<\/script>\n<meta property=\"og:availability\" content=\"instock\" \/>\n<meta property=\"product:availability\" content=\"instock\" \/>\n<meta property=\"product:condition\" content=\"new\" \/>\n<!-- \/ Yoast SEO Premium plugin. -->","yoast_head_json":{"title":"Wooden frames Aava, many sizes 9x13cm-40x50cm, wood+gold\/grey+silver - iloosi","description":"Wooden frames Aava -Support for standing up to A4 size -Holders for wall hanging, vertical and horizontal Width of the strip: approx.1,4cm Height of the strip: approx.1,6cm","robots":{"index":"index","follow":"follow","max-snippet":"max-snippet:-1","max-image-preview":"max-image-preview:large","max-video-preview":"max-video-preview:-1"},"canonical":"https:\/\/www.iloosi.fi\/en\/tuotteet\/picture-frames\/gallery-frames\/wooden-frames-aava-many-sizes-9x13cm-40x50cm-woodgold-greysilver\/","og_locale":"en_US","og_type":"article","og_title":"Wooden frames Aava, many sizes 9x13cm-40x50cm, wood+gold\/grey+silver","og_description":"Wooden frames Aava, many sizes 9x13cm-40x50cm, wood+gold\/grey+silver","og_url":"https:\/\/www.iloosi.fi\/en\/tuotteet\/picture-frames\/gallery-frames\/wooden-frames-aava-many-sizes-9x13cm-40x50cm-woodgold-greysilver\/","og_site_name":"iloosi","article_publisher":"https:\/\/www.facebook.com\/iloosi.fi","article_modified_time":"2025-12-14T18:48:31+00:00","og_image":[{"width":2066,"height":2066,"url":"https:\/\/www.iloosi.fi\/wp-content\/uploads\/2024\/07\/puu-kehykset-aava-paljon-kokoja-9x13cm-40x50cm-puukulta-harmaahopea-x.jpg","type":"image\/jpeg"}],"twitter_card":"summary_large_image","twitter_misc":{"Availability":"In stock"},"schema":{"@context":"https:\/\/schema.org","@graph":[{"@type":"WebPage","@id":"https:\/\/www.iloosi.fi\/en\/tuotteet\/picture-frames\/gallery-frames\/wooden-frames-aava-many-sizes-9x13cm-40x50cm-woodgold-greysilver\/","url":"https:\/\/www.iloosi.fi\/en\/tuotteet\/picture-frames\/gallery-frames\/wooden-frames-aava-many-sizes-9x13cm-40x50cm-woodgold-greysilver\/","name":"Wooden frames Aava, many sizes 9x13cm-40x50cm, wood+gold\/grey+silver - iloosi","isPartOf":{"@id":"https:\/\/www.iloosi.fi\/en\/#website"},"primaryImageOfPage":{"@id":"https:\/\/www.iloosi.fi\/en\/tuotteet\/picture-frames\/gallery-frames\/wooden-frames-aava-many-sizes-9x13cm-40x50cm-woodgold-greysilver\/#primaryimage"},"image":{"@id":"https:\/\/www.iloosi.fi\/en\/tuotteet\/picture-frames\/gallery-frames\/wooden-frames-aava-many-sizes-9x13cm-40x50cm-woodgold-greysilver\/#primaryimage"},"thumbnailUrl":"https:\/\/www.iloosi.fi\/wp-content\/uploads\/2024\/07\/puu-kehykset-aava-paljon-kokoja-9x13cm-40x50cm-puukulta-harmaahopea-x.jpg","datePublished":"2024-07-01T11:34:48+00:00","dateModified":"2025-12-14T18:48:31+00:00","description":"Wooden frames Aava -Support for standing up to A4 size -Holders for wall hanging, vertical and horizontal Width of the strip: approx.1,4cm Height of the strip: approx.1,6cm","breadcrumb":{"@id":"https:\/\/www.iloosi.fi\/en\/tuotteet\/picture-frames\/gallery-frames\/wooden-frames-aava-many-sizes-9x13cm-40x50cm-woodgold-greysilver\/#breadcrumb"},"inLanguage":"en-US","potentialAction":[{"@type":"ReadAction","target":["https:\/\/www.iloosi.fi\/en\/tuotteet\/picture-frames\/gallery-frames\/wooden-frames-aava-many-sizes-9x13cm-40x50cm-woodgold-greysilver\/"]}]},{"@type":"ImageObject","inLanguage":"en-US","@id":"https:\/\/www.iloosi.fi\/en\/tuotteet\/picture-frames\/gallery-frames\/wooden-frames-aava-many-sizes-9x13cm-40x50cm-woodgold-greysilver\/#primaryimage","url":"https:\/\/www.iloosi.fi\/wp-content\/uploads\/2024\/07\/puu-kehykset-aava-paljon-kokoja-9x13cm-40x50cm-puukulta-harmaahopea-x.jpg","contentUrl":"https:\/\/www.iloosi.fi\/wp-content\/uploads\/2024\/07\/puu-kehykset-aava-paljon-kokoja-9x13cm-40x50cm-puukulta-harmaahopea-x.jpg","width":2066,"height":2066,"caption":"puu-kehykset-aava-paljon-kokoja-9x13cm-40x50cm-puukulta-harmaahopea"},{"@type":"BreadcrumbList","@id":"https:\/\/www.iloosi.fi\/en\/tuotteet\/picture-frames\/gallery-frames\/wooden-frames-aava-many-sizes-9x13cm-40x50cm-woodgold-greysilver\/#breadcrumb","itemListElement":[{"@type":"ListItem","position":1,"name":"Home","item":"https:\/\/www.iloosi.fi\/en\/"},{"@type":"ListItem","position":2,"name":"Shop","item":"https:\/\/www.iloosi.fi\/en\/shop\/"},{"@type":"ListItem","position":3,"name":"Wooden frames Aava, many sizes 9x13cm-40x50cm, wood+gold\/grey+silver"}]},{"@type":"WebSite","@id":"https:\/\/www.iloosi.fi\/en\/#website","url":"https:\/\/www.iloosi.fi\/en\/","name":"iloosi","description":"","publisher":{"@id":"https:\/\/www.iloosi.fi\/en\/#organization"},"potentialAction":[{"@type":"SearchAction","target":{"@type":"EntryPoint","urlTemplate":"https:\/\/www.iloosi.fi\/en\/?s={search_term_string}"},"query-input":{"@type":"PropertyValueSpecification","valueRequired":true,"valueName":"search_term_string"}}],"inLanguage":"en-US"},{"@type":"Organization","@id":"https:\/\/www.iloosi.fi\/en\/#organization","name":"Duuilo Oy","url":"https:\/\/www.iloosi.fi\/en\/","logo":{"@type":"ImageObject","inLanguage":"en-US","@id":"https:\/\/www.iloosi.fi\/en\/#\/schema\/logo\/image\/","url":"https:\/\/www.iloosi.fi\/wp-content\/uploads\/2026\/04\/Screenshot-2026-04-29-214330.png","contentUrl":"https:\/\/www.iloosi.fi\/wp-content\/uploads\/2026\/04\/Screenshot-2026-04-29-214330.png","width":406,"height":365,"caption":"Duuilo Oy"},"image":{"@id":"https:\/\/www.iloosi.fi\/en\/#\/schema\/logo\/image\/"},"sameAs":["https:\/\/www.facebook.com\/iloosi.fi","https:\/\/www.instagram.com\/iloosi_shop\/?hl=fi"],"description":"iloosi on suomalainen verkkokauppa ja osa Memofotoa. Meille kuvat eiv\u00e4t ole vain tiedostoja tai printtej\u00e4 \u2013 ne ovat muistoja, tunteita ja ihmisille t\u00e4rkeit\u00e4 hetki\u00e4. Siksi halusimme luoda verkkokaupan, jossa omista kuvista, teksteist\u00e4 ja ideoista voi tehd\u00e4 helposti persoonallisia tuotteita arkeen, lahjaksi ja juhlaan.","email":"iloosi@iloosi.fi","telephone":"+358400896226","legalName":"Memofoto Oy","foundingDate":"1947-01-01","vatID":"FI35342246","numberOfEmployees":{"@type":"QuantitativeValue","minValue":"1","maxValue":"10"},"hasMerchantReturnPolicy":{"@type":"MerchantReturnPolicy","merchantReturnLink":"https:\/\/www.iloosi.fi\/toimitus-ja-maksuehdot\/"}}]},"og_availability":"instock","product_availability":"instock","product_condition":"new"},"_links":{"self":[{"href":"https:\/\/www.iloosi.fi\/en\/wp-json\/wp\/v2\/product\/10204","targetHints":{"allow":["GET"]}}],"collection":[{"href":"https:\/\/www.iloosi.fi\/en\/wp-json\/wp\/v2\/product"}],"about":[{"href":"https:\/\/www.iloosi.fi\/en\/wp-json\/wp\/v2\/types\/product"}],"replies":[{"embeddable":true,"href":"https:\/\/www.iloosi.fi\/en\/wp-json\/wp\/v2\/comments?post=10204"}],"wp:featuredmedia":[{"embeddable":true,"href":"https:\/\/www.iloosi.fi\/en\/wp-json\/wp\/v2\/media\/9216"}],"wp:attachment":[{"href":"https:\/\/www.iloosi.fi\/en\/wp-json\/wp\/v2\/media?parent=10204"}],"wp:term":[{"taxonomy":"product_brand","embeddable":true,"href":"https:\/\/www.iloosi.fi\/en\/wp-json\/wp\/v2\/product_brand?post=10204"},{"taxonomy":"product_cat","embeddable":true,"href":"https:\/\/www.iloosi.fi\/en\/wp-json\/wp\/v2\/product_cat?post=10204"},{"taxonomy":"product_tag","embeddable":true,"href":"https:\/\/www.iloosi.fi\/en\/wp-json\/wp\/v2\/product_tag?post=10204"}],"curies":[{"name":"wp","href":"https:\/\/api.w.org\/{rel}","templated":true}]}}