{"id":10488,"date":"2024-06-14T01:01:27","date_gmt":"2024-06-13T22:01:27","guid":{"rendered":"https:\/\/iloosi.fi\/product\/spiral-spine-album-23x17-cm-40-black-pages-multiple-colours\/"},"modified":"2025-12-13T14:37:31","modified_gmt":"2025-12-13T12:37:31","slug":"spiral-spine-album-23x17-cm-40-black-pages-multiple-colours","status":"publish","type":"product","link":"https:\/\/www.iloosi.fi\/en\/tuotteet\/interior-design\/photo-albums\/spiral-spine-album-23x17-cm-40-black-pages-multiple-colours\/","title":{"rendered":"Spiral spine album 23&#215;17 cm, 40 black pages, multiple colours"},"content":{"rendered":"<p>Stylish spiral-backed album that is perfect for a wedding or bachelor album.<br \/>\nThe album has a spiral binding, spiral album.<br \/>\nAcid-free black cardboard pages.<\/p>\n<p>The album has 40 black pages<br \/>\nPage size about 21x16cm.<\/p>\n<p>Front opening for a picture.<\/p>\n<p>Outer size 23x17cm<\/p>\n","protected":false},"excerpt":{"rendered":"<p>Stylish spiral-backed album that is perfect for a wedding or bachelor album. The album has a spiral binding, spiral album. Acid-free black cardboard pages. The album has 40 black pages Page size about 21x16cm. Front opening for a picture. Outer size 23x17cm<\/p>\n","protected":false},"featured_media":4838,"comment_status":"open","ping_status":"closed","template":"","meta":[],"product_brand":[],"product_cat":[974,973],"product_tag":[1080,1086,1087],"class_list":{"0":"post-10488","1":"product","2":"type-product","3":"status-publish","4":"has-post-thumbnail","6":"product_cat-classic-albums","7":"product_cat-photo-albums","8":"product_tag-the-album","9":"product_tag-wedding-album","10":"product_tag-wedding-album-en","12":"first","13":"instock","14":"taxable","15":"shipping-taxable","16":"purchasable","17":"product-type-variable","18":"has-default-attributes"},"bundled_by":[],"bundle_stock_status":"instock","bundle_stock_quantity":null,"bundle_virtual":false,"bundle_layout":"","bundle_add_to_cart_form_location":"","bundle_editable_in_cart":false,"bundle_sold_individually_context":"","bundle_item_grouping":"","bundle_min_size":"","bundle_max_size":"","bundled_items":[],"bundle_sell_ids":[],"yoast_head":"<!-- This site is optimized with the Yoast SEO Premium plugin v27.3 (Yoast SEO v27.3) - https:\/\/yoast.com\/product\/yoast-seo-premium-wordpress\/ -->\n<title>Spiral spine album 23x17 cm, 40 black pages, multiple colours - iloosi<\/title>\n<meta name=\"description\" content=\"Stylish spiral-backed album, available in several colours. 40 black pages. Page size approximately 21x16cm. Front opening for a picture. Outer size 23x17cm.\" \/>\n<meta name=\"robots\" content=\"index, follow, max-snippet:-1, max-image-preview:large, max-video-preview:-1\" \/>\n<link rel=\"canonical\" href=\"https:\/\/www.iloosi.fi\/en\/tuotteet\/interior-design\/photo-albums\/spiral-spine-album-23x17-cm-40-black-pages-multiple-colours\/\" \/>\n<meta property=\"og:locale\" content=\"en_US\" \/>\n<meta property=\"og:type\" content=\"article\" \/>\n<meta property=\"og:title\" content=\"Spiral spine album 23x17 cm, 40 black pages, multiple colours\" \/>\n<meta property=\"og:description\" content=\"Stylish spiral-backed album, available in several colours. 40 black pages. Page size approximately 21x16cm. Front opening for a picture. Outer size 23x17cm.\" \/>\n<meta property=\"og:url\" content=\"https:\/\/www.iloosi.fi\/en\/tuotteet\/interior-design\/photo-albums\/spiral-spine-album-23x17-cm-40-black-pages-multiple-colours\/\" \/>\n<meta property=\"og:site_name\" content=\"iloosi\" \/>\n<meta property=\"article:modified_time\" content=\"2025-12-13T12:37:31+00:00\" \/>\n<meta property=\"og:image\" content=\"https:\/\/www.iloosi.fi\/wp-content\/uploads\/2024\/03\/Kierre-selka-albumi-23x17-cm-valkoinen.jpg\" \/>\n\t<meta property=\"og:image:width\" content=\"1999\" \/>\n\t<meta property=\"og:image:height\" content=\"2000\" \/>\n\t<meta property=\"og:image:type\" content=\"image\/jpeg\" \/>\n<meta name=\"twitter:card\" content=\"summary_large_image\" \/>\n<meta name=\"twitter:label1\" content=\"Availability\" \/>\n\t<meta name=\"twitter:data1\" content=\"In stock\" \/>\n<script type=\"application\/ld+json\" class=\"yoast-schema-graph\">{\"@context\":\"https:\\\/\\\/schema.org\",\"@graph\":[{\"@type\":\"WebPage\",\"@id\":\"https:\\\/\\\/www.iloosi.fi\\\/en\\\/tuotteet\\\/interior-design\\\/photo-albums\\\/spiral-spine-album-23x17-cm-40-black-pages-multiple-colours\\\/\",\"url\":\"https:\\\/\\\/www.iloosi.fi\\\/en\\\/tuotteet\\\/interior-design\\\/photo-albums\\\/spiral-spine-album-23x17-cm-40-black-pages-multiple-colours\\\/\",\"name\":\"Spiral spine album 23x17 cm, 40 black pages, multiple colours - iloosi\",\"isPartOf\":{\"@id\":\"https:\\\/\\\/www.iloosi.fi\\\/en\\\/#website\"},\"primaryImageOfPage\":{\"@id\":\"https:\\\/\\\/www.iloosi.fi\\\/en\\\/tuotteet\\\/interior-design\\\/photo-albums\\\/spiral-spine-album-23x17-cm-40-black-pages-multiple-colours\\\/#primaryimage\"},\"image\":{\"@id\":\"https:\\\/\\\/www.iloosi.fi\\\/en\\\/tuotteet\\\/interior-design\\\/photo-albums\\\/spiral-spine-album-23x17-cm-40-black-pages-multiple-colours\\\/#primaryimage\"},\"thumbnailUrl\":\"https:\\\/\\\/www.iloosi.fi\\\/wp-content\\\/uploads\\\/2024\\\/03\\\/Kierre-selka-albumi-23x17-cm-valkoinen.jpg\",\"datePublished\":\"2024-06-13T22:01:27+00:00\",\"dateModified\":\"2025-12-13T12:37:31+00:00\",\"description\":\"Stylish spiral-backed album, available in several colours. 40 black pages. Page size approximately 21x16cm. Front opening for a picture. Outer size 23x17cm.\",\"breadcrumb\":{\"@id\":\"https:\\\/\\\/www.iloosi.fi\\\/en\\\/tuotteet\\\/interior-design\\\/photo-albums\\\/spiral-spine-album-23x17-cm-40-black-pages-multiple-colours\\\/#breadcrumb\"},\"inLanguage\":\"en-US\",\"potentialAction\":[{\"@type\":\"ReadAction\",\"target\":[\"https:\\\/\\\/www.iloosi.fi\\\/en\\\/tuotteet\\\/interior-design\\\/photo-albums\\\/spiral-spine-album-23x17-cm-40-black-pages-multiple-colours\\\/\"]}]},{\"@type\":\"ImageObject\",\"inLanguage\":\"en-US\",\"@id\":\"https:\\\/\\\/www.iloosi.fi\\\/en\\\/tuotteet\\\/interior-design\\\/photo-albums\\\/spiral-spine-album-23x17-cm-40-black-pages-multiple-colours\\\/#primaryimage\",\"url\":\"https:\\\/\\\/www.iloosi.fi\\\/wp-content\\\/uploads\\\/2024\\\/03\\\/Kierre-selka-albumi-23x17-cm-valkoinen.jpg\",\"contentUrl\":\"https:\\\/\\\/www.iloosi.fi\\\/wp-content\\\/uploads\\\/2024\\\/03\\\/Kierre-selka-albumi-23x17-cm-valkoinen.jpg\",\"width\":1999,\"height\":2000,\"caption\":\"Tyylik\u00e4s kierre selk\u00e4inen albumi joka sopii loistavasti muun muassa h\u00e4\u00e4- polttarialbumiksi.\"},{\"@type\":\"BreadcrumbList\",\"@id\":\"https:\\\/\\\/www.iloosi.fi\\\/en\\\/tuotteet\\\/interior-design\\\/photo-albums\\\/spiral-spine-album-23x17-cm-40-black-pages-multiple-colours\\\/#breadcrumb\",\"itemListElement\":[{\"@type\":\"ListItem\",\"position\":1,\"name\":\"Home\",\"item\":\"https:\\\/\\\/www.iloosi.fi\\\/en\\\/\"},{\"@type\":\"ListItem\",\"position\":2,\"name\":\"Shop\",\"item\":\"https:\\\/\\\/www.iloosi.fi\\\/en\\\/shop\\\/\"},{\"@type\":\"ListItem\",\"position\":3,\"name\":\"Spiral spine album 23&#215;17 cm, 40 black pages, multiple colours\"}]},{\"@type\":\"WebSite\",\"@id\":\"https:\\\/\\\/www.iloosi.fi\\\/en\\\/#website\",\"url\":\"https:\\\/\\\/www.iloosi.fi\\\/en\\\/\",\"name\":\"iloosi\",\"description\":\"\",\"publisher\":{\"@id\":\"https:\\\/\\\/www.iloosi.fi\\\/en\\\/#organization\"},\"potentialAction\":[{\"@type\":\"SearchAction\",\"target\":{\"@type\":\"EntryPoint\",\"urlTemplate\":\"https:\\\/\\\/www.iloosi.fi\\\/en\\\/?s={search_term_string}\"},\"query-input\":{\"@type\":\"PropertyValueSpecification\",\"valueRequired\":true,\"valueName\":\"search_term_string\"}}],\"inLanguage\":\"en-US\"},{\"@type\":\"Organization\",\"@id\":\"https:\\\/\\\/www.iloosi.fi\\\/en\\\/#organization\",\"name\":\"Duuilo Oy\",\"url\":\"https:\\\/\\\/www.iloosi.fi\\\/en\\\/\",\"logo\":{\"@type\":\"ImageObject\",\"inLanguage\":\"en-US\",\"@id\":\"https:\\\/\\\/www.iloosi.fi\\\/en\\\/#\\\/schema\\\/logo\\\/image\\\/\",\"url\":\"https:\\\/\\\/www.iloosi.fi\\\/wp-content\\\/uploads\\\/2021\\\/10\\\/download.png\",\"contentUrl\":\"https:\\\/\\\/www.iloosi.fi\\\/wp-content\\\/uploads\\\/2021\\\/10\\\/download.png\",\"width\":225,\"height\":225,\"caption\":\"Duuilo Oy\"},\"image\":{\"@id\":\"https:\\\/\\\/www.iloosi.fi\\\/en\\\/#\\\/schema\\\/logo\\\/image\\\/\"},\"hasMerchantReturnPolicy\":{\"@type\":\"MerchantReturnPolicy\",\"merchantReturnLink\":\"https:\\\/\\\/www.iloosi.fi\\\/toimitus-ja-maksuehdot\\\/\"}}]}<\/script>\n<meta property=\"og:availability\" content=\"instock\" \/>\n<meta property=\"product:availability\" content=\"instock\" \/>\n<meta property=\"product:condition\" content=\"new\" \/>\n<!-- \/ Yoast SEO Premium plugin. -->","yoast_head_json":{"title":"Spiral spine album 23x17 cm, 40 black pages, multiple colours - iloosi","description":"Stylish spiral-backed album, available in several colours. 40 black pages. Page size approximately 21x16cm. Front opening for a picture. Outer size 23x17cm.","robots":{"index":"index","follow":"follow","max-snippet":"max-snippet:-1","max-image-preview":"max-image-preview:large","max-video-preview":"max-video-preview:-1"},"canonical":"https:\/\/www.iloosi.fi\/en\/tuotteet\/interior-design\/photo-albums\/spiral-spine-album-23x17-cm-40-black-pages-multiple-colours\/","og_locale":"en_US","og_type":"article","og_title":"Spiral spine album 23x17 cm, 40 black pages, multiple colours","og_description":"Stylish spiral-backed album, available in several colours. 40 black pages. Page size approximately 21x16cm. Front opening for a picture. Outer size 23x17cm.","og_url":"https:\/\/www.iloosi.fi\/en\/tuotteet\/interior-design\/photo-albums\/spiral-spine-album-23x17-cm-40-black-pages-multiple-colours\/","og_site_name":"iloosi","article_modified_time":"2025-12-13T12:37:31+00:00","og_image":[{"width":1999,"height":2000,"url":"https:\/\/www.iloosi.fi\/wp-content\/uploads\/2024\/03\/Kierre-selka-albumi-23x17-cm-valkoinen.jpg","type":"image\/jpeg"}],"twitter_card":"summary_large_image","twitter_misc":{"Availability":"In stock"},"schema":{"@context":"https:\/\/schema.org","@graph":[{"@type":"WebPage","@id":"https:\/\/www.iloosi.fi\/en\/tuotteet\/interior-design\/photo-albums\/spiral-spine-album-23x17-cm-40-black-pages-multiple-colours\/","url":"https:\/\/www.iloosi.fi\/en\/tuotteet\/interior-design\/photo-albums\/spiral-spine-album-23x17-cm-40-black-pages-multiple-colours\/","name":"Spiral spine album 23x17 cm, 40 black pages, multiple colours - iloosi","isPartOf":{"@id":"https:\/\/www.iloosi.fi\/en\/#website"},"primaryImageOfPage":{"@id":"https:\/\/www.iloosi.fi\/en\/tuotteet\/interior-design\/photo-albums\/spiral-spine-album-23x17-cm-40-black-pages-multiple-colours\/#primaryimage"},"image":{"@id":"https:\/\/www.iloosi.fi\/en\/tuotteet\/interior-design\/photo-albums\/spiral-spine-album-23x17-cm-40-black-pages-multiple-colours\/#primaryimage"},"thumbnailUrl":"https:\/\/www.iloosi.fi\/wp-content\/uploads\/2024\/03\/Kierre-selka-albumi-23x17-cm-valkoinen.jpg","datePublished":"2024-06-13T22:01:27+00:00","dateModified":"2025-12-13T12:37:31+00:00","description":"Stylish spiral-backed album, available in several colours. 40 black pages. Page size approximately 21x16cm. Front opening for a picture. Outer size 23x17cm.","breadcrumb":{"@id":"https:\/\/www.iloosi.fi\/en\/tuotteet\/interior-design\/photo-albums\/spiral-spine-album-23x17-cm-40-black-pages-multiple-colours\/#breadcrumb"},"inLanguage":"en-US","potentialAction":[{"@type":"ReadAction","target":["https:\/\/www.iloosi.fi\/en\/tuotteet\/interior-design\/photo-albums\/spiral-spine-album-23x17-cm-40-black-pages-multiple-colours\/"]}]},{"@type":"ImageObject","inLanguage":"en-US","@id":"https:\/\/www.iloosi.fi\/en\/tuotteet\/interior-design\/photo-albums\/spiral-spine-album-23x17-cm-40-black-pages-multiple-colours\/#primaryimage","url":"https:\/\/www.iloosi.fi\/wp-content\/uploads\/2024\/03\/Kierre-selka-albumi-23x17-cm-valkoinen.jpg","contentUrl":"https:\/\/www.iloosi.fi\/wp-content\/uploads\/2024\/03\/Kierre-selka-albumi-23x17-cm-valkoinen.jpg","width":1999,"height":2000,"caption":"Tyylik\u00e4s kierre selk\u00e4inen albumi joka sopii loistavasti muun muassa h\u00e4\u00e4- polttarialbumiksi."},{"@type":"BreadcrumbList","@id":"https:\/\/www.iloosi.fi\/en\/tuotteet\/interior-design\/photo-albums\/spiral-spine-album-23x17-cm-40-black-pages-multiple-colours\/#breadcrumb","itemListElement":[{"@type":"ListItem","position":1,"name":"Home","item":"https:\/\/www.iloosi.fi\/en\/"},{"@type":"ListItem","position":2,"name":"Shop","item":"https:\/\/www.iloosi.fi\/en\/shop\/"},{"@type":"ListItem","position":3,"name":"Spiral spine album 23&#215;17 cm, 40 black pages, multiple colours"}]},{"@type":"WebSite","@id":"https:\/\/www.iloosi.fi\/en\/#website","url":"https:\/\/www.iloosi.fi\/en\/","name":"iloosi","description":"","publisher":{"@id":"https:\/\/www.iloosi.fi\/en\/#organization"},"potentialAction":[{"@type":"SearchAction","target":{"@type":"EntryPoint","urlTemplate":"https:\/\/www.iloosi.fi\/en\/?s={search_term_string}"},"query-input":{"@type":"PropertyValueSpecification","valueRequired":true,"valueName":"search_term_string"}}],"inLanguage":"en-US"},{"@type":"Organization","@id":"https:\/\/www.iloosi.fi\/en\/#organization","name":"Duuilo Oy","url":"https:\/\/www.iloosi.fi\/en\/","logo":{"@type":"ImageObject","inLanguage":"en-US","@id":"https:\/\/www.iloosi.fi\/en\/#\/schema\/logo\/image\/","url":"https:\/\/www.iloosi.fi\/wp-content\/uploads\/2021\/10\/download.png","contentUrl":"https:\/\/www.iloosi.fi\/wp-content\/uploads\/2021\/10\/download.png","width":225,"height":225,"caption":"Duuilo Oy"},"image":{"@id":"https:\/\/www.iloosi.fi\/en\/#\/schema\/logo\/image\/"},"hasMerchantReturnPolicy":{"@type":"MerchantReturnPolicy","merchantReturnLink":"https:\/\/www.iloosi.fi\/toimitus-ja-maksuehdot\/"}}]},"og_availability":"instock","product_availability":"instock","product_condition":"new"},"_links":{"self":[{"href":"https:\/\/www.iloosi.fi\/en\/wp-json\/wp\/v2\/product\/10488","targetHints":{"allow":["GET"]}}],"collection":[{"href":"https:\/\/www.iloosi.fi\/en\/wp-json\/wp\/v2\/product"}],"about":[{"href":"https:\/\/www.iloosi.fi\/en\/wp-json\/wp\/v2\/types\/product"}],"replies":[{"embeddable":true,"href":"https:\/\/www.iloosi.fi\/en\/wp-json\/wp\/v2\/comments?post=10488"}],"wp:featuredmedia":[{"embeddable":true,"href":"https:\/\/www.iloosi.fi\/en\/wp-json\/wp\/v2\/media\/4838"}],"wp:attachment":[{"href":"https:\/\/www.iloosi.fi\/en\/wp-json\/wp\/v2\/media?parent=10488"}],"wp:term":[{"taxonomy":"product_brand","embeddable":true,"href":"https:\/\/www.iloosi.fi\/en\/wp-json\/wp\/v2\/product_brand?post=10488"},{"taxonomy":"product_cat","embeddable":true,"href":"https:\/\/www.iloosi.fi\/en\/wp-json\/wp\/v2\/product_cat?post=10488"},{"taxonomy":"product_tag","embeddable":true,"href":"https:\/\/www.iloosi.fi\/en\/wp-json\/wp\/v2\/product_tag?post=10488"}],"curies":[{"name":"wp","href":"https:\/\/api.w.org\/{rel}","templated":true}]}}