{"id":10541,"date":"2024-06-26T14:32:30","date_gmt":"2024-06-26T11:32:30","guid":{"rendered":"https:\/\/iloosi.fi\/product\/classic-album-34x33cm-60s-white-blue-red\/"},"modified":"2025-12-13T14:46:43","modified_gmt":"2025-12-13T12:46:43","slug":"classic-album-34x33cm-60s-white-blue-red","status":"publish","type":"product","link":"https:\/\/www.iloosi.fi\/en\/tuotteet\/interior-design\/photo-albums\/classic-album-34x33cm-60s-white-blue-red\/","title":{"rendered":"Classic album, 34x33cm, 60s, white\/blue\/red"},"content":{"rendered":"<p>A stylish and spacious classic bookbound album. High quality leatherette covers.<br \/>\nGold decorative foliage on cover and spine.<\/p>\n<p>&#8211; Covers made of high quality leatherette.<br \/>\n&#8211; Gold decorative folio on the cover and spine.<br \/>\n&#8211; Acid-free cardboard sheets.<\/p>\n<p>Size: 34&#215;33 cm, 60 pages.<\/p>\n","protected":false},"excerpt":{"rendered":"<p>A stylish and spacious classic bookbound album. High quality leatherette covers. Gold decorative foliage on cover and spine. &#8211; Covers made of high quality leatherette. &#8211; Gold decorative folio on the cover and spine. &#8211; Acid-free cardboard sheets. Size: 34&#215;33 cm, 60 pages.<\/p>\n","protected":false},"featured_media":5028,"comment_status":"open","ping_status":"closed","template":"","meta":[],"product_brand":[],"product_cat":[974,973],"product_tag":[976,977,975],"class_list":{"0":"post-10541","1":"product","2":"type-product","3":"status-publish","4":"has-post-thumbnail","6":"product_cat-classic-albums","7":"product_cat-photo-albums","8":"product_tag-classic-album","9":"product_tag-classicalbumi-en","10":"product_tag-photo-album","12":"first","13":"instock","14":"taxable","15":"shipping-taxable","16":"purchasable","17":"product-type-variable","18":"has-default-attributes"},"bundled_by":[],"bundle_stock_status":"instock","bundle_stock_quantity":null,"bundle_virtual":false,"bundle_layout":"","bundle_add_to_cart_form_location":"","bundle_editable_in_cart":false,"bundle_sold_individually_context":"","bundle_item_grouping":"","bundle_min_size":"","bundle_max_size":"","bundled_items":[],"bundle_sell_ids":[],"yoast_head":"<!-- This site is optimized with the Yoast SEO Premium plugin v27.5 (Yoast SEO v27.5) - https:\/\/yoast.com\/product\/yoast-seo-premium-wordpress\/ -->\n<title>Classic album, 34x33cm, 60s, white\/blue\/red - iloosi<\/title>\n<meta name=\"description\" content=\"A stylish and spacious classic bookbound album. High quality leatherette covers. Gold decorative foliage. Size: 34x33 cm, 60 pages.\" \/>\n<meta name=\"robots\" content=\"index, follow, max-snippet:-1, max-image-preview:large, max-video-preview:-1\" \/>\n<link rel=\"canonical\" href=\"https:\/\/www.iloosi.fi\/en\/tuotteet\/interior-design\/photo-albums\/classic-album-34x33cm-60s-white-blue-red\/\" \/>\n<meta property=\"og:locale\" content=\"en_US\" \/>\n<meta property=\"og:type\" content=\"article\" \/>\n<meta property=\"og:title\" content=\"Classic album, 34x33cm, 60s, white\/blue\/red\" \/>\n<meta property=\"og:description\" content=\"Classic album, 34x33cm, 60s, white\/blue\/red\" \/>\n<meta property=\"og:url\" content=\"https:\/\/www.iloosi.fi\/en\/tuotteet\/interior-design\/photo-albums\/classic-album-34x33cm-60s-white-blue-red\/\" \/>\n<meta property=\"og:site_name\" content=\"iloosi\" \/>\n<meta property=\"article:publisher\" content=\"https:\/\/www.facebook.com\/iloosi.fi\" \/>\n<meta property=\"article:modified_time\" content=\"2025-12-13T12:46:43+00:00\" \/>\n<meta property=\"og:image\" content=\"https:\/\/www.iloosi.fi\/wp-content\/uploads\/2024\/06\/klassinen-albumi-34x33cm-60s-valkoinen-sininen-punainen-valkoinen.jpg\" \/>\n\t<meta property=\"og:image:width\" content=\"1000\" \/>\n\t<meta property=\"og:image:height\" content=\"1257\" \/>\n\t<meta property=\"og:image:type\" content=\"image\/jpeg\" \/>\n<meta name=\"twitter:card\" content=\"summary_large_image\" \/>\n<meta name=\"twitter:label1\" content=\"Availability\" \/>\n\t<meta name=\"twitter:data1\" content=\"In stock\" \/>\n<script type=\"application\/ld+json\" class=\"yoast-schema-graph\">{\"@context\":\"https:\\\/\\\/schema.org\",\"@graph\":[{\"@type\":\"WebPage\",\"@id\":\"https:\\\/\\\/www.iloosi.fi\\\/en\\\/tuotteet\\\/interior-design\\\/photo-albums\\\/classic-album-34x33cm-60s-white-blue-red\\\/\",\"url\":\"https:\\\/\\\/www.iloosi.fi\\\/en\\\/tuotteet\\\/interior-design\\\/photo-albums\\\/classic-album-34x33cm-60s-white-blue-red\\\/\",\"name\":\"Classic album, 34x33cm, 60s, white\\\/blue\\\/red - iloosi\",\"isPartOf\":{\"@id\":\"https:\\\/\\\/www.iloosi.fi\\\/en\\\/#website\"},\"primaryImageOfPage\":{\"@id\":\"https:\\\/\\\/www.iloosi.fi\\\/en\\\/tuotteet\\\/interior-design\\\/photo-albums\\\/classic-album-34x33cm-60s-white-blue-red\\\/#primaryimage\"},\"image\":{\"@id\":\"https:\\\/\\\/www.iloosi.fi\\\/en\\\/tuotteet\\\/interior-design\\\/photo-albums\\\/classic-album-34x33cm-60s-white-blue-red\\\/#primaryimage\"},\"thumbnailUrl\":\"https:\\\/\\\/www.iloosi.fi\\\/wp-content\\\/uploads\\\/2024\\\/06\\\/klassinen-albumi-34x33cm-60s-valkoinen-sininen-punainen-valkoinen.jpg\",\"datePublished\":\"2024-06-26T11:32:30+00:00\",\"dateModified\":\"2025-12-13T12:46:43+00:00\",\"description\":\"A stylish and spacious classic bookbound album. High quality leatherette covers. Gold decorative foliage. Size: 34x33 cm, 60 pages.\",\"breadcrumb\":{\"@id\":\"https:\\\/\\\/www.iloosi.fi\\\/en\\\/tuotteet\\\/interior-design\\\/photo-albums\\\/classic-album-34x33cm-60s-white-blue-red\\\/#breadcrumb\"},\"inLanguage\":\"en-US\",\"potentialAction\":[{\"@type\":\"ReadAction\",\"target\":[\"https:\\\/\\\/www.iloosi.fi\\\/en\\\/tuotteet\\\/interior-design\\\/photo-albums\\\/classic-album-34x33cm-60s-white-blue-red\\\/\"]}]},{\"@type\":\"ImageObject\",\"inLanguage\":\"en-US\",\"@id\":\"https:\\\/\\\/www.iloosi.fi\\\/en\\\/tuotteet\\\/interior-design\\\/photo-albums\\\/classic-album-34x33cm-60s-white-blue-red\\\/#primaryimage\",\"url\":\"https:\\\/\\\/www.iloosi.fi\\\/wp-content\\\/uploads\\\/2024\\\/06\\\/klassinen-albumi-34x33cm-60s-valkoinen-sininen-punainen-valkoinen.jpg\",\"contentUrl\":\"https:\\\/\\\/www.iloosi.fi\\\/wp-content\\\/uploads\\\/2024\\\/06\\\/klassinen-albumi-34x33cm-60s-valkoinen-sininen-punainen-valkoinen.jpg\",\"width\":1000,\"height\":1257,\"caption\":\"klassinen-albumi-34x33cm-60s-valkoinen-sininen-punainen\"},{\"@type\":\"BreadcrumbList\",\"@id\":\"https:\\\/\\\/www.iloosi.fi\\\/en\\\/tuotteet\\\/interior-design\\\/photo-albums\\\/classic-album-34x33cm-60s-white-blue-red\\\/#breadcrumb\",\"itemListElement\":[{\"@type\":\"ListItem\",\"position\":1,\"name\":\"Home\",\"item\":\"https:\\\/\\\/www.iloosi.fi\\\/en\\\/\"},{\"@type\":\"ListItem\",\"position\":2,\"name\":\"Shop\",\"item\":\"https:\\\/\\\/www.iloosi.fi\\\/en\\\/shop\\\/\"},{\"@type\":\"ListItem\",\"position\":3,\"name\":\"Classic album, 34x33cm, 60s, white\\\/blue\\\/red\"}]},{\"@type\":\"WebSite\",\"@id\":\"https:\\\/\\\/www.iloosi.fi\\\/en\\\/#website\",\"url\":\"https:\\\/\\\/www.iloosi.fi\\\/en\\\/\",\"name\":\"iloosi\",\"description\":\"\",\"publisher\":{\"@id\":\"https:\\\/\\\/www.iloosi.fi\\\/en\\\/#organization\"},\"potentialAction\":[{\"@type\":\"SearchAction\",\"target\":{\"@type\":\"EntryPoint\",\"urlTemplate\":\"https:\\\/\\\/www.iloosi.fi\\\/en\\\/?s={search_term_string}\"},\"query-input\":{\"@type\":\"PropertyValueSpecification\",\"valueRequired\":true,\"valueName\":\"search_term_string\"}}],\"inLanguage\":\"en-US\"},{\"@type\":\"Organization\",\"@id\":\"https:\\\/\\\/www.iloosi.fi\\\/en\\\/#organization\",\"name\":\"Duuilo Oy\",\"url\":\"https:\\\/\\\/www.iloosi.fi\\\/en\\\/\",\"logo\":{\"@type\":\"ImageObject\",\"inLanguage\":\"en-US\",\"@id\":\"https:\\\/\\\/www.iloosi.fi\\\/en\\\/#\\\/schema\\\/logo\\\/image\\\/\",\"url\":\"https:\\\/\\\/www.iloosi.fi\\\/wp-content\\\/uploads\\\/2026\\\/04\\\/Screenshot-2026-04-29-214330.png\",\"contentUrl\":\"https:\\\/\\\/www.iloosi.fi\\\/wp-content\\\/uploads\\\/2026\\\/04\\\/Screenshot-2026-04-29-214330.png\",\"width\":406,\"height\":365,\"caption\":\"Duuilo Oy\"},\"image\":{\"@id\":\"https:\\\/\\\/www.iloosi.fi\\\/en\\\/#\\\/schema\\\/logo\\\/image\\\/\"},\"sameAs\":[\"https:\\\/\\\/www.facebook.com\\\/iloosi.fi\",\"https:\\\/\\\/www.instagram.com\\\/iloosi_shop\\\/?hl=fi\"],\"description\":\"iloosi on suomalainen verkkokauppa ja osa Memofotoa. Meille kuvat eiv\u00e4t ole vain tiedostoja tai printtej\u00e4 \u2013 ne ovat muistoja, tunteita ja ihmisille t\u00e4rkeit\u00e4 hetki\u00e4. Siksi halusimme luoda verkkokaupan, jossa omista kuvista, teksteist\u00e4 ja ideoista voi tehd\u00e4 helposti persoonallisia tuotteita arkeen, lahjaksi ja juhlaan.\",\"email\":\"iloosi@iloosi.fi\",\"telephone\":\"+358400896226\",\"legalName\":\"Memofoto Oy\",\"foundingDate\":\"1947-01-01\",\"vatID\":\"FI35342246\",\"numberOfEmployees\":{\"@type\":\"QuantitativeValue\",\"minValue\":\"1\",\"maxValue\":\"10\"},\"hasMerchantReturnPolicy\":{\"@type\":\"MerchantReturnPolicy\",\"merchantReturnLink\":\"https:\\\/\\\/www.iloosi.fi\\\/toimitus-ja-maksuehdot\\\/\"}}]}<\/script>\n<meta property=\"og:availability\" content=\"instock\" \/>\n<meta property=\"product:availability\" content=\"instock\" \/>\n<meta property=\"product:condition\" content=\"new\" \/>\n<!-- \/ Yoast SEO Premium plugin. -->","yoast_head_json":{"title":"Classic album, 34x33cm, 60s, white\/blue\/red - iloosi","description":"A stylish and spacious classic bookbound album. High quality leatherette covers. Gold decorative foliage. Size: 34x33 cm, 60 pages.","robots":{"index":"index","follow":"follow","max-snippet":"max-snippet:-1","max-image-preview":"max-image-preview:large","max-video-preview":"max-video-preview:-1"},"canonical":"https:\/\/www.iloosi.fi\/en\/tuotteet\/interior-design\/photo-albums\/classic-album-34x33cm-60s-white-blue-red\/","og_locale":"en_US","og_type":"article","og_title":"Classic album, 34x33cm, 60s, white\/blue\/red","og_description":"Classic album, 34x33cm, 60s, white\/blue\/red","og_url":"https:\/\/www.iloosi.fi\/en\/tuotteet\/interior-design\/photo-albums\/classic-album-34x33cm-60s-white-blue-red\/","og_site_name":"iloosi","article_publisher":"https:\/\/www.facebook.com\/iloosi.fi","article_modified_time":"2025-12-13T12:46:43+00:00","og_image":[{"width":1000,"height":1257,"url":"https:\/\/www.iloosi.fi\/wp-content\/uploads\/2024\/06\/klassinen-albumi-34x33cm-60s-valkoinen-sininen-punainen-valkoinen.jpg","type":"image\/jpeg"}],"twitter_card":"summary_large_image","twitter_misc":{"Availability":"In stock"},"schema":{"@context":"https:\/\/schema.org","@graph":[{"@type":"WebPage","@id":"https:\/\/www.iloosi.fi\/en\/tuotteet\/interior-design\/photo-albums\/classic-album-34x33cm-60s-white-blue-red\/","url":"https:\/\/www.iloosi.fi\/en\/tuotteet\/interior-design\/photo-albums\/classic-album-34x33cm-60s-white-blue-red\/","name":"Classic album, 34x33cm, 60s, white\/blue\/red - iloosi","isPartOf":{"@id":"https:\/\/www.iloosi.fi\/en\/#website"},"primaryImageOfPage":{"@id":"https:\/\/www.iloosi.fi\/en\/tuotteet\/interior-design\/photo-albums\/classic-album-34x33cm-60s-white-blue-red\/#primaryimage"},"image":{"@id":"https:\/\/www.iloosi.fi\/en\/tuotteet\/interior-design\/photo-albums\/classic-album-34x33cm-60s-white-blue-red\/#primaryimage"},"thumbnailUrl":"https:\/\/www.iloosi.fi\/wp-content\/uploads\/2024\/06\/klassinen-albumi-34x33cm-60s-valkoinen-sininen-punainen-valkoinen.jpg","datePublished":"2024-06-26T11:32:30+00:00","dateModified":"2025-12-13T12:46:43+00:00","description":"A stylish and spacious classic bookbound album. High quality leatherette covers. Gold decorative foliage. Size: 34x33 cm, 60 pages.","breadcrumb":{"@id":"https:\/\/www.iloosi.fi\/en\/tuotteet\/interior-design\/photo-albums\/classic-album-34x33cm-60s-white-blue-red\/#breadcrumb"},"inLanguage":"en-US","potentialAction":[{"@type":"ReadAction","target":["https:\/\/www.iloosi.fi\/en\/tuotteet\/interior-design\/photo-albums\/classic-album-34x33cm-60s-white-blue-red\/"]}]},{"@type":"ImageObject","inLanguage":"en-US","@id":"https:\/\/www.iloosi.fi\/en\/tuotteet\/interior-design\/photo-albums\/classic-album-34x33cm-60s-white-blue-red\/#primaryimage","url":"https:\/\/www.iloosi.fi\/wp-content\/uploads\/2024\/06\/klassinen-albumi-34x33cm-60s-valkoinen-sininen-punainen-valkoinen.jpg","contentUrl":"https:\/\/www.iloosi.fi\/wp-content\/uploads\/2024\/06\/klassinen-albumi-34x33cm-60s-valkoinen-sininen-punainen-valkoinen.jpg","width":1000,"height":1257,"caption":"klassinen-albumi-34x33cm-60s-valkoinen-sininen-punainen"},{"@type":"BreadcrumbList","@id":"https:\/\/www.iloosi.fi\/en\/tuotteet\/interior-design\/photo-albums\/classic-album-34x33cm-60s-white-blue-red\/#breadcrumb","itemListElement":[{"@type":"ListItem","position":1,"name":"Home","item":"https:\/\/www.iloosi.fi\/en\/"},{"@type":"ListItem","position":2,"name":"Shop","item":"https:\/\/www.iloosi.fi\/en\/shop\/"},{"@type":"ListItem","position":3,"name":"Classic album, 34x33cm, 60s, white\/blue\/red"}]},{"@type":"WebSite","@id":"https:\/\/www.iloosi.fi\/en\/#website","url":"https:\/\/www.iloosi.fi\/en\/","name":"iloosi","description":"","publisher":{"@id":"https:\/\/www.iloosi.fi\/en\/#organization"},"potentialAction":[{"@type":"SearchAction","target":{"@type":"EntryPoint","urlTemplate":"https:\/\/www.iloosi.fi\/en\/?s={search_term_string}"},"query-input":{"@type":"PropertyValueSpecification","valueRequired":true,"valueName":"search_term_string"}}],"inLanguage":"en-US"},{"@type":"Organization","@id":"https:\/\/www.iloosi.fi\/en\/#organization","name":"Duuilo Oy","url":"https:\/\/www.iloosi.fi\/en\/","logo":{"@type":"ImageObject","inLanguage":"en-US","@id":"https:\/\/www.iloosi.fi\/en\/#\/schema\/logo\/image\/","url":"https:\/\/www.iloosi.fi\/wp-content\/uploads\/2026\/04\/Screenshot-2026-04-29-214330.png","contentUrl":"https:\/\/www.iloosi.fi\/wp-content\/uploads\/2026\/04\/Screenshot-2026-04-29-214330.png","width":406,"height":365,"caption":"Duuilo Oy"},"image":{"@id":"https:\/\/www.iloosi.fi\/en\/#\/schema\/logo\/image\/"},"sameAs":["https:\/\/www.facebook.com\/iloosi.fi","https:\/\/www.instagram.com\/iloosi_shop\/?hl=fi"],"description":"iloosi on suomalainen verkkokauppa ja osa Memofotoa. Meille kuvat eiv\u00e4t ole vain tiedostoja tai printtej\u00e4 \u2013 ne ovat muistoja, tunteita ja ihmisille t\u00e4rkeit\u00e4 hetki\u00e4. Siksi halusimme luoda verkkokaupan, jossa omista kuvista, teksteist\u00e4 ja ideoista voi tehd\u00e4 helposti persoonallisia tuotteita arkeen, lahjaksi ja juhlaan.","email":"iloosi@iloosi.fi","telephone":"+358400896226","legalName":"Memofoto Oy","foundingDate":"1947-01-01","vatID":"FI35342246","numberOfEmployees":{"@type":"QuantitativeValue","minValue":"1","maxValue":"10"},"hasMerchantReturnPolicy":{"@type":"MerchantReturnPolicy","merchantReturnLink":"https:\/\/www.iloosi.fi\/toimitus-ja-maksuehdot\/"}}]},"og_availability":"instock","product_availability":"instock","product_condition":"new"},"_links":{"self":[{"href":"https:\/\/www.iloosi.fi\/en\/wp-json\/wp\/v2\/product\/10541","targetHints":{"allow":["GET"]}}],"collection":[{"href":"https:\/\/www.iloosi.fi\/en\/wp-json\/wp\/v2\/product"}],"about":[{"href":"https:\/\/www.iloosi.fi\/en\/wp-json\/wp\/v2\/types\/product"}],"replies":[{"embeddable":true,"href":"https:\/\/www.iloosi.fi\/en\/wp-json\/wp\/v2\/comments?post=10541"}],"wp:featuredmedia":[{"embeddable":true,"href":"https:\/\/www.iloosi.fi\/en\/wp-json\/wp\/v2\/media\/5028"}],"wp:attachment":[{"href":"https:\/\/www.iloosi.fi\/en\/wp-json\/wp\/v2\/media?parent=10541"}],"wp:term":[{"taxonomy":"product_brand","embeddable":true,"href":"https:\/\/www.iloosi.fi\/en\/wp-json\/wp\/v2\/product_brand?post=10541"},{"taxonomy":"product_cat","embeddable":true,"href":"https:\/\/www.iloosi.fi\/en\/wp-json\/wp\/v2\/product_cat?post=10541"},{"taxonomy":"product_tag","embeddable":true,"href":"https:\/\/www.iloosi.fi\/en\/wp-json\/wp\/v2\/product_tag?post=10541"}],"curies":[{"name":"wp","href":"https:\/\/api.w.org\/{rel}","templated":true}]}}