{"id":10558,"date":"2024-06-28T19:47:50","date_gmt":"2024-06-28T16:47:50","guid":{"rendered":"https:\/\/iloosi.fi\/product\/wooden-frame-1-2-4-photos-10x15-13x18-15x20\/"},"modified":"2025-12-13T21:26:04","modified_gmt":"2025-12-13T19:26:04","slug":"wooden-frame-1-2-4-photos-10x15-13x18-15x20","status":"publish","type":"product","link":"https:\/\/www.iloosi.fi\/en\/tuotteet\/picture-frames\/gallery-frames\/wooden-frame-1-2-4-photos-10x15-13x18-15x20\/","title":{"rendered":"Wooden frame 1\/2\/4 photos 10&#215;15\/13&#215;18\/15&#215;20"},"content":{"rendered":"<p>Beautiful understated light coloured wooden frame with a darker coloured inner rim.<\/p>\n<p>The shades of the frame make it easy to place the frame on a table, shelf or wall.<br \/>\nThe shades make the frame compatible with many images, both colour and black and white.<\/p>\n<p>Wood is an environmentally friendly material.<\/p>\n<p>The frame profile is approx. 1,5cm wide.<\/p>\n<p>Sturdy mdf backing.<\/p>\n<p>Available as a two-frame frame with hinge, a one-frame frame with base, or a four-frame multi-frame frame.<\/p>\n<p>Sizes: 10x15cm, 13x18cm, 15x20cm, 2x 10x15cm, 2x 13x18cm, 2x 15x20cm, 4x 10x15cm<\/p>\n<p>A simply elegant wooden frame with a classic profile.<\/p>\n","protected":false},"excerpt":{"rendered":"<p>A beautifully understated wooden frame with a light surface and darker inner edge that gently highlights the photographs. Available in a range of sizes and designs. <\/p>\n","protected":false},"featured_media":9165,"comment_status":"open","ping_status":"closed","template":"","meta":[],"product_brand":[],"product_cat":[933,815,935,952],"product_tag":[943,940,954,1096,1063],"class_list":{"0":"post-10558","1":"product","2":"type-product","3":"status-publish","4":"has-post-thumbnail","6":"product_cat-gallery-frames","7":"product_cat-interior-design","8":"product_cat-picture-frames","9":"product_cat-saran-wrap","10":"product_tag-image-from","11":"product_tag-photo-frame","12":"product_tag-saran-wrap","13":"product_tag-wood","14":"product_tag-wooden-frame","16":"first","17":"instock","18":"taxable","19":"shipping-taxable","20":"purchasable","21":"product-type-variable"},"bundled_by":[],"bundle_stock_status":"instock","bundle_stock_quantity":null,"bundle_virtual":false,"bundle_layout":"","bundle_add_to_cart_form_location":"","bundle_editable_in_cart":false,"bundle_sold_individually_context":"","bundle_item_grouping":"","bundle_min_size":"","bundle_max_size":"","bundled_items":[],"bundle_sell_ids":[],"yoast_head":"<!-- This site is optimized with the Yoast SEO Premium plugin v27.5 (Yoast SEO v27.5) - https:\/\/yoast.com\/product\/yoast-seo-premium-wordpress\/ -->\n<title>Wooden frame 1\/2\/4 photos 10x15\/13x18\/15x20 - iloosi<\/title>\n<meta name=\"description\" content=\"Beautiful understated light coloured wooden frame with a darker coloured inner rim. The frame profile is about 1,5cm wide. Sturdy mdf backing.\" \/>\n<meta name=\"robots\" content=\"index, follow, max-snippet:-1, max-image-preview:large, max-video-preview:-1\" \/>\n<link rel=\"canonical\" href=\"https:\/\/www.iloosi.fi\/en\/tuotteet\/picture-frames\/gallery-frames\/wooden-frame-1-2-4-photos-10x15-13x18-15x20\/\" \/>\n<meta property=\"og:locale\" content=\"en_US\" \/>\n<meta property=\"og:type\" content=\"article\" \/>\n<meta property=\"og:title\" content=\"Wooden frame 1\/2\/4 photos 10x15\/13x18\/15x20\" \/>\n<meta property=\"og:description\" content=\"Wooden frame 1\/2\/4 photos 10x15\/13x18\/15x20\" \/>\n<meta property=\"og:url\" content=\"https:\/\/www.iloosi.fi\/en\/tuotteet\/picture-frames\/gallery-frames\/wooden-frame-1-2-4-photos-10x15-13x18-15x20\/\" \/>\n<meta property=\"og:site_name\" content=\"iloosi\" \/>\n<meta property=\"article:publisher\" content=\"https:\/\/www.facebook.com\/iloosi.fi\" \/>\n<meta property=\"article:modified_time\" content=\"2025-12-13T19:26:04+00:00\" \/>\n<meta property=\"og:image\" content=\"https:\/\/www.iloosi.fi\/wp-content\/uploads\/2024\/06\/puu-kehys-1-2-4-kuvaa-10x15-13x18-15x20-1.jpg\" \/>\n\t<meta property=\"og:image:width\" content=\"1498\" \/>\n\t<meta property=\"og:image:height\" content=\"1396\" \/>\n\t<meta property=\"og:image:type\" content=\"image\/jpeg\" \/>\n<meta name=\"twitter:card\" content=\"summary_large_image\" \/>\n<meta name=\"twitter:label1\" content=\"Availability\" \/>\n\t<meta name=\"twitter:data1\" content=\"In stock\" \/>\n<script type=\"application\/ld+json\" class=\"yoast-schema-graph\">{\"@context\":\"https:\\\/\\\/schema.org\",\"@graph\":[{\"@type\":\"WebPage\",\"@id\":\"https:\\\/\\\/www.iloosi.fi\\\/en\\\/tuotteet\\\/picture-frames\\\/gallery-frames\\\/wooden-frame-1-2-4-photos-10x15-13x18-15x20\\\/\",\"url\":\"https:\\\/\\\/www.iloosi.fi\\\/en\\\/tuotteet\\\/picture-frames\\\/gallery-frames\\\/wooden-frame-1-2-4-photos-10x15-13x18-15x20\\\/\",\"name\":\"Wooden frame 1\\\/2\\\/4 photos 10x15\\\/13x18\\\/15x20 - iloosi\",\"isPartOf\":{\"@id\":\"https:\\\/\\\/www.iloosi.fi\\\/en\\\/#website\"},\"primaryImageOfPage\":{\"@id\":\"https:\\\/\\\/www.iloosi.fi\\\/en\\\/tuotteet\\\/picture-frames\\\/gallery-frames\\\/wooden-frame-1-2-4-photos-10x15-13x18-15x20\\\/#primaryimage\"},\"image\":{\"@id\":\"https:\\\/\\\/www.iloosi.fi\\\/en\\\/tuotteet\\\/picture-frames\\\/gallery-frames\\\/wooden-frame-1-2-4-photos-10x15-13x18-15x20\\\/#primaryimage\"},\"thumbnailUrl\":\"https:\\\/\\\/www.iloosi.fi\\\/wp-content\\\/uploads\\\/2024\\\/06\\\/puu-kehys-1-2-4-kuvaa-10x15-13x18-15x20-1.jpg\",\"datePublished\":\"2024-06-28T16:47:50+00:00\",\"dateModified\":\"2025-12-13T19:26:04+00:00\",\"description\":\"Beautiful understated light coloured wooden frame with a darker coloured inner rim. The frame profile is about 1,5cm wide. Sturdy mdf backing.\",\"breadcrumb\":{\"@id\":\"https:\\\/\\\/www.iloosi.fi\\\/en\\\/tuotteet\\\/picture-frames\\\/gallery-frames\\\/wooden-frame-1-2-4-photos-10x15-13x18-15x20\\\/#breadcrumb\"},\"inLanguage\":\"en-US\",\"potentialAction\":[{\"@type\":\"ReadAction\",\"target\":[\"https:\\\/\\\/www.iloosi.fi\\\/en\\\/tuotteet\\\/picture-frames\\\/gallery-frames\\\/wooden-frame-1-2-4-photos-10x15-13x18-15x20\\\/\"]}]},{\"@type\":\"ImageObject\",\"inLanguage\":\"en-US\",\"@id\":\"https:\\\/\\\/www.iloosi.fi\\\/en\\\/tuotteet\\\/picture-frames\\\/gallery-frames\\\/wooden-frame-1-2-4-photos-10x15-13x18-15x20\\\/#primaryimage\",\"url\":\"https:\\\/\\\/www.iloosi.fi\\\/wp-content\\\/uploads\\\/2024\\\/06\\\/puu-kehys-1-2-4-kuvaa-10x15-13x18-15x20-1.jpg\",\"contentUrl\":\"https:\\\/\\\/www.iloosi.fi\\\/wp-content\\\/uploads\\\/2024\\\/06\\\/puu-kehys-1-2-4-kuvaa-10x15-13x18-15x20-1.jpg\",\"width\":1498,\"height\":1396,\"caption\":\"puu-kehys-1-2-4-kuvaa-10x15-13x18-15x20\"},{\"@type\":\"BreadcrumbList\",\"@id\":\"https:\\\/\\\/www.iloosi.fi\\\/en\\\/tuotteet\\\/picture-frames\\\/gallery-frames\\\/wooden-frame-1-2-4-photos-10x15-13x18-15x20\\\/#breadcrumb\",\"itemListElement\":[{\"@type\":\"ListItem\",\"position\":1,\"name\":\"Home\",\"item\":\"https:\\\/\\\/www.iloosi.fi\\\/en\\\/\"},{\"@type\":\"ListItem\",\"position\":2,\"name\":\"Shop\",\"item\":\"https:\\\/\\\/www.iloosi.fi\\\/en\\\/shop\\\/\"},{\"@type\":\"ListItem\",\"position\":3,\"name\":\"Wooden frame 1\\\/2\\\/4 photos 10&#215;15\\\/13&#215;18\\\/15&#215;20\"}]},{\"@type\":\"WebSite\",\"@id\":\"https:\\\/\\\/www.iloosi.fi\\\/en\\\/#website\",\"url\":\"https:\\\/\\\/www.iloosi.fi\\\/en\\\/\",\"name\":\"iloosi\",\"description\":\"\",\"publisher\":{\"@id\":\"https:\\\/\\\/www.iloosi.fi\\\/en\\\/#organization\"},\"potentialAction\":[{\"@type\":\"SearchAction\",\"target\":{\"@type\":\"EntryPoint\",\"urlTemplate\":\"https:\\\/\\\/www.iloosi.fi\\\/en\\\/?s={search_term_string}\"},\"query-input\":{\"@type\":\"PropertyValueSpecification\",\"valueRequired\":true,\"valueName\":\"search_term_string\"}}],\"inLanguage\":\"en-US\"},{\"@type\":\"Organization\",\"@id\":\"https:\\\/\\\/www.iloosi.fi\\\/en\\\/#organization\",\"name\":\"Duuilo Oy\",\"url\":\"https:\\\/\\\/www.iloosi.fi\\\/en\\\/\",\"logo\":{\"@type\":\"ImageObject\",\"inLanguage\":\"en-US\",\"@id\":\"https:\\\/\\\/www.iloosi.fi\\\/en\\\/#\\\/schema\\\/logo\\\/image\\\/\",\"url\":\"https:\\\/\\\/www.iloosi.fi\\\/wp-content\\\/uploads\\\/2026\\\/04\\\/Screenshot-2026-04-29-214330.png\",\"contentUrl\":\"https:\\\/\\\/www.iloosi.fi\\\/wp-content\\\/uploads\\\/2026\\\/04\\\/Screenshot-2026-04-29-214330.png\",\"width\":406,\"height\":365,\"caption\":\"Duuilo Oy\"},\"image\":{\"@id\":\"https:\\\/\\\/www.iloosi.fi\\\/en\\\/#\\\/schema\\\/logo\\\/image\\\/\"},\"sameAs\":[\"https:\\\/\\\/www.facebook.com\\\/iloosi.fi\",\"https:\\\/\\\/www.instagram.com\\\/iloosi_shop\\\/?hl=fi\"],\"description\":\"iloosi on suomalainen verkkokauppa ja osa Memofotoa. Meille kuvat eiv\u00e4t ole vain tiedostoja tai printtej\u00e4 \u2013 ne ovat muistoja, tunteita ja ihmisille t\u00e4rkeit\u00e4 hetki\u00e4. Siksi halusimme luoda verkkokaupan, jossa omista kuvista, teksteist\u00e4 ja ideoista voi tehd\u00e4 helposti persoonallisia tuotteita arkeen, lahjaksi ja juhlaan.\",\"email\":\"iloosi@iloosi.fi\",\"telephone\":\"+358400896226\",\"legalName\":\"Memofoto Oy\",\"foundingDate\":\"1947-01-01\",\"vatID\":\"FI35342246\",\"numberOfEmployees\":{\"@type\":\"QuantitativeValue\",\"minValue\":\"1\",\"maxValue\":\"10\"},\"hasMerchantReturnPolicy\":{\"@type\":\"MerchantReturnPolicy\",\"merchantReturnLink\":\"https:\\\/\\\/www.iloosi.fi\\\/toimitus-ja-maksuehdot\\\/\"}}]}<\/script>\n<meta property=\"og:availability\" content=\"instock\" \/>\n<meta property=\"product:availability\" content=\"instock\" \/>\n<meta property=\"product:condition\" content=\"new\" \/>\n<!-- \/ Yoast SEO Premium plugin. -->","yoast_head_json":{"title":"Wooden frame 1\/2\/4 photos 10x15\/13x18\/15x20 - iloosi","description":"Beautiful understated light coloured wooden frame with a darker coloured inner rim. The frame profile is about 1,5cm wide. Sturdy mdf backing.","robots":{"index":"index","follow":"follow","max-snippet":"max-snippet:-1","max-image-preview":"max-image-preview:large","max-video-preview":"max-video-preview:-1"},"canonical":"https:\/\/www.iloosi.fi\/en\/tuotteet\/picture-frames\/gallery-frames\/wooden-frame-1-2-4-photos-10x15-13x18-15x20\/","og_locale":"en_US","og_type":"article","og_title":"Wooden frame 1\/2\/4 photos 10x15\/13x18\/15x20","og_description":"Wooden frame 1\/2\/4 photos 10x15\/13x18\/15x20","og_url":"https:\/\/www.iloosi.fi\/en\/tuotteet\/picture-frames\/gallery-frames\/wooden-frame-1-2-4-photos-10x15-13x18-15x20\/","og_site_name":"iloosi","article_publisher":"https:\/\/www.facebook.com\/iloosi.fi","article_modified_time":"2025-12-13T19:26:04+00:00","og_image":[{"width":1498,"height":1396,"url":"https:\/\/www.iloosi.fi\/wp-content\/uploads\/2024\/06\/puu-kehys-1-2-4-kuvaa-10x15-13x18-15x20-1.jpg","type":"image\/jpeg"}],"twitter_card":"summary_large_image","twitter_misc":{"Availability":"In stock"},"schema":{"@context":"https:\/\/schema.org","@graph":[{"@type":"WebPage","@id":"https:\/\/www.iloosi.fi\/en\/tuotteet\/picture-frames\/gallery-frames\/wooden-frame-1-2-4-photos-10x15-13x18-15x20\/","url":"https:\/\/www.iloosi.fi\/en\/tuotteet\/picture-frames\/gallery-frames\/wooden-frame-1-2-4-photos-10x15-13x18-15x20\/","name":"Wooden frame 1\/2\/4 photos 10x15\/13x18\/15x20 - iloosi","isPartOf":{"@id":"https:\/\/www.iloosi.fi\/en\/#website"},"primaryImageOfPage":{"@id":"https:\/\/www.iloosi.fi\/en\/tuotteet\/picture-frames\/gallery-frames\/wooden-frame-1-2-4-photos-10x15-13x18-15x20\/#primaryimage"},"image":{"@id":"https:\/\/www.iloosi.fi\/en\/tuotteet\/picture-frames\/gallery-frames\/wooden-frame-1-2-4-photos-10x15-13x18-15x20\/#primaryimage"},"thumbnailUrl":"https:\/\/www.iloosi.fi\/wp-content\/uploads\/2024\/06\/puu-kehys-1-2-4-kuvaa-10x15-13x18-15x20-1.jpg","datePublished":"2024-06-28T16:47:50+00:00","dateModified":"2025-12-13T19:26:04+00:00","description":"Beautiful understated light coloured wooden frame with a darker coloured inner rim. The frame profile is about 1,5cm wide. Sturdy mdf backing.","breadcrumb":{"@id":"https:\/\/www.iloosi.fi\/en\/tuotteet\/picture-frames\/gallery-frames\/wooden-frame-1-2-4-photos-10x15-13x18-15x20\/#breadcrumb"},"inLanguage":"en-US","potentialAction":[{"@type":"ReadAction","target":["https:\/\/www.iloosi.fi\/en\/tuotteet\/picture-frames\/gallery-frames\/wooden-frame-1-2-4-photos-10x15-13x18-15x20\/"]}]},{"@type":"ImageObject","inLanguage":"en-US","@id":"https:\/\/www.iloosi.fi\/en\/tuotteet\/picture-frames\/gallery-frames\/wooden-frame-1-2-4-photos-10x15-13x18-15x20\/#primaryimage","url":"https:\/\/www.iloosi.fi\/wp-content\/uploads\/2024\/06\/puu-kehys-1-2-4-kuvaa-10x15-13x18-15x20-1.jpg","contentUrl":"https:\/\/www.iloosi.fi\/wp-content\/uploads\/2024\/06\/puu-kehys-1-2-4-kuvaa-10x15-13x18-15x20-1.jpg","width":1498,"height":1396,"caption":"puu-kehys-1-2-4-kuvaa-10x15-13x18-15x20"},{"@type":"BreadcrumbList","@id":"https:\/\/www.iloosi.fi\/en\/tuotteet\/picture-frames\/gallery-frames\/wooden-frame-1-2-4-photos-10x15-13x18-15x20\/#breadcrumb","itemListElement":[{"@type":"ListItem","position":1,"name":"Home","item":"https:\/\/www.iloosi.fi\/en\/"},{"@type":"ListItem","position":2,"name":"Shop","item":"https:\/\/www.iloosi.fi\/en\/shop\/"},{"@type":"ListItem","position":3,"name":"Wooden frame 1\/2\/4 photos 10&#215;15\/13&#215;18\/15&#215;20"}]},{"@type":"WebSite","@id":"https:\/\/www.iloosi.fi\/en\/#website","url":"https:\/\/www.iloosi.fi\/en\/","name":"iloosi","description":"","publisher":{"@id":"https:\/\/www.iloosi.fi\/en\/#organization"},"potentialAction":[{"@type":"SearchAction","target":{"@type":"EntryPoint","urlTemplate":"https:\/\/www.iloosi.fi\/en\/?s={search_term_string}"},"query-input":{"@type":"PropertyValueSpecification","valueRequired":true,"valueName":"search_term_string"}}],"inLanguage":"en-US"},{"@type":"Organization","@id":"https:\/\/www.iloosi.fi\/en\/#organization","name":"Duuilo Oy","url":"https:\/\/www.iloosi.fi\/en\/","logo":{"@type":"ImageObject","inLanguage":"en-US","@id":"https:\/\/www.iloosi.fi\/en\/#\/schema\/logo\/image\/","url":"https:\/\/www.iloosi.fi\/wp-content\/uploads\/2026\/04\/Screenshot-2026-04-29-214330.png","contentUrl":"https:\/\/www.iloosi.fi\/wp-content\/uploads\/2026\/04\/Screenshot-2026-04-29-214330.png","width":406,"height":365,"caption":"Duuilo Oy"},"image":{"@id":"https:\/\/www.iloosi.fi\/en\/#\/schema\/logo\/image\/"},"sameAs":["https:\/\/www.facebook.com\/iloosi.fi","https:\/\/www.instagram.com\/iloosi_shop\/?hl=fi"],"description":"iloosi on suomalainen verkkokauppa ja osa Memofotoa. Meille kuvat eiv\u00e4t ole vain tiedostoja tai printtej\u00e4 \u2013 ne ovat muistoja, tunteita ja ihmisille t\u00e4rkeit\u00e4 hetki\u00e4. Siksi halusimme luoda verkkokaupan, jossa omista kuvista, teksteist\u00e4 ja ideoista voi tehd\u00e4 helposti persoonallisia tuotteita arkeen, lahjaksi ja juhlaan.","email":"iloosi@iloosi.fi","telephone":"+358400896226","legalName":"Memofoto Oy","foundingDate":"1947-01-01","vatID":"FI35342246","numberOfEmployees":{"@type":"QuantitativeValue","minValue":"1","maxValue":"10"},"hasMerchantReturnPolicy":{"@type":"MerchantReturnPolicy","merchantReturnLink":"https:\/\/www.iloosi.fi\/toimitus-ja-maksuehdot\/"}}]},"og_availability":"instock","product_availability":"instock","product_condition":"new"},"_links":{"self":[{"href":"https:\/\/www.iloosi.fi\/en\/wp-json\/wp\/v2\/product\/10558","targetHints":{"allow":["GET"]}}],"collection":[{"href":"https:\/\/www.iloosi.fi\/en\/wp-json\/wp\/v2\/product"}],"about":[{"href":"https:\/\/www.iloosi.fi\/en\/wp-json\/wp\/v2\/types\/product"}],"replies":[{"embeddable":true,"href":"https:\/\/www.iloosi.fi\/en\/wp-json\/wp\/v2\/comments?post=10558"}],"wp:featuredmedia":[{"embeddable":true,"href":"https:\/\/www.iloosi.fi\/en\/wp-json\/wp\/v2\/media\/9165"}],"wp:attachment":[{"href":"https:\/\/www.iloosi.fi\/en\/wp-json\/wp\/v2\/media?parent=10558"}],"wp:term":[{"taxonomy":"product_brand","embeddable":true,"href":"https:\/\/www.iloosi.fi\/en\/wp-json\/wp\/v2\/product_brand?post=10558"},{"taxonomy":"product_cat","embeddable":true,"href":"https:\/\/www.iloosi.fi\/en\/wp-json\/wp\/v2\/product_cat?post=10558"},{"taxonomy":"product_tag","embeddable":true,"href":"https:\/\/www.iloosi.fi\/en\/wp-json\/wp\/v2\/product_tag?post=10558"}],"curies":[{"name":"wp","href":"https:\/\/api.w.org\/{rel}","templated":true}]}}