{"id":10573,"date":"2022-11-09T11:08:00","date_gmt":"2022-11-09T09:08:00","guid":{"rendered":"https:\/\/iloosi.fi\/product\/shoulder-bag-dorr-amsterdam-s-m-light-dark-grey\/"},"modified":"2025-12-13T14:43:11","modified_gmt":"2025-12-13T12:43:11","slug":"shoulder-bag-dorr-amsterdam-s-m-light-dark-grey","status":"publish","type":"product","link":"https:\/\/www.iloosi.fi\/en\/tuotteet\/hiking-and-leisure\/shoulder-bag-dorr-amsterdam-s-m-light-dark-grey\/","title":{"rendered":"Shoulder bag, D\u00d6RR Amsterdam, S\/M, light\/dark grey"},"content":{"rendered":"<p>The D\u00d6RR Amsterdam shoulder bag is part of a range of bags that convince with their natural, relaxed look.<\/p>\n<p>The trendy casual design, sturdy fabric with genuine leather finish, tablet compartment and separate detachable camera compartment make this bag attractive for everyday use.<\/p>\n<p>&#8211; genuine leather buckles and straps<br \/>\n&#8211; convertible and removable camera section<br \/>\n&#8211; separate tablet pocket<br \/>\n&#8211; non-slip carrying strap<\/p>\n<p>Both bags and backpacks become the ideal, spacious leisure bag\/backpack.<br \/>\nAmsterdam shoulder bag provides good protection for your camera and accessories.<\/p>\n<p>Outer material: 60% cotton, 40% polyester<br \/>\nApplications: genuine leather<\/p>\n<p>Available in dark or pale grey, and in two different sizes:<\/p>\n<p>S size dimensions:<\/p>\n<p>External dimensions approx.: 34 x 24 x 12 cm<br \/>\nInternal dimensions approx.: 31 x 19 x 10 cm<\/p>\n<p>Inside dimensions photo section approx.: 28 x 16 x 7cm<br \/>\nInside dimensions tablet section approx. 29 x 18cm<br \/>\nWeight approx.: 810g<\/p>\n<p>The bag can hold 1 camera + 2-3 lenses and a flash<\/p>\n<p>&nbsp;<\/p>\n<p>M size dimensions:<br \/>\nExternal dimensions approx.: 43 x 31 x 13 cm<br \/>\nInternal dimensions approx.: 40 x 25 x 11 cm<\/p>\n<p>Inside dimensions photo section approx.: 36 x 22 x 8cm<br \/>\nInside dimensions tablet section approx. 29 x 22cm<br \/>\nWeight approx.: 1190g<\/p>\n<p>The bag holds 2 cameras + 2-3 lenses and a flash<\/p>\n","protected":false},"excerpt":{"rendered":"<p>The D\u00d6RR Amsterdam shoulder bag is part of a range of bags that convince with their natural, relaxed look. The trendy casual design, sturdy fabric with genuine leather finish, tablet compartment and separate detachable camera compartment make this bag attractive for everyday use. &#8211; genuine leather buckles and straps &#8211; convertible and removable camera section [&#8230;]\n","protected":false},"featured_media":4908,"comment_status":"open","ping_status":"closed","template":"","meta":[],"product_brand":[],"product_cat":[1107,956],"product_tag":[1113,1111,1112,1114,1108,1109,1110],"class_list":{"0":"post-10573","1":"product","2":"type-product","3":"status-publish","4":"has-post-thumbnail","6":"product_cat-backpacks-and-bags","7":"product_cat-hiking-and-leisure","8":"product_tag-bag-for-camera","9":"product_tag-bag-for-everyday-life","10":"product_tag-bag-for-excursion","11":"product_tag-bag-for-tablet","12":"product_tag-camera-bag","13":"product_tag-camping-bag","14":"product_tag-high-quality-bag","16":"first","17":"instock","18":"taxable","19":"shipping-taxable","20":"purchasable","21":"product-type-variable","22":"has-default-attributes"},"bundled_by":[],"bundle_stock_status":"instock","bundle_stock_quantity":null,"bundle_virtual":false,"bundle_layout":"","bundle_add_to_cart_form_location":"","bundle_editable_in_cart":false,"bundle_sold_individually_context":"","bundle_item_grouping":"","bundle_min_size":"","bundle_max_size":"","bundled_items":[],"bundle_sell_ids":[],"yoast_head":"<!-- This site is optimized with the Yoast SEO Premium plugin v27.5 (Yoast SEO v27.5) - https:\/\/yoast.com\/product\/yoast-seo-premium-wordpress\/ -->\n<title>Shoulder bag, D\u00d6RR Amsterdam, S\/M, light\/dark grey - iloosi<\/title>\n<meta name=\"description\" content=\"The D\u00d6RR Amsterdam Shoulder Bag grey, with a tablet compartment and a separate detachable camera compartment, makes this bag attractive for everyday use.\" \/>\n<meta name=\"robots\" content=\"index, follow, max-snippet:-1, max-image-preview:large, max-video-preview:-1\" \/>\n<link rel=\"canonical\" href=\"https:\/\/www.iloosi.fi\/en\/tuotteet\/hiking-and-leisure\/shoulder-bag-dorr-amsterdam-s-m-light-dark-grey\/\" \/>\n<meta property=\"og:locale\" content=\"en_US\" \/>\n<meta property=\"og:type\" content=\"article\" \/>\n<meta property=\"og:title\" content=\"Shoulder bag, D\u00d6RR Amsterdam, S\/M, light\/dark grey\" \/>\n<meta property=\"og:description\" content=\"Shoulder bag, D\u00d6RR Amsterdam, S\/M, light\/dark grey\" \/>\n<meta property=\"og:url\" content=\"https:\/\/www.iloosi.fi\/en\/tuotteet\/hiking-and-leisure\/shoulder-bag-dorr-amsterdam-s-m-light-dark-grey\/\" \/>\n<meta property=\"og:site_name\" content=\"iloosi\" \/>\n<meta property=\"article:publisher\" content=\"https:\/\/www.facebook.com\/iloosi.fi\" \/>\n<meta property=\"article:modified_time\" content=\"2025-12-13T12:43:11+00:00\" \/>\n<meta property=\"og:image\" content=\"https:\/\/www.iloosi.fi\/wp-content\/uploads\/2022\/11\/Olkalaukku-DORR-Amsterdam-s-vaaleanharmaa.jpg\" \/>\n\t<meta property=\"og:image:width\" content=\"1259\" \/>\n\t<meta property=\"og:image:height\" content=\"1000\" \/>\n\t<meta property=\"og:image:type\" content=\"image\/jpeg\" \/>\n<meta name=\"twitter:card\" content=\"summary_large_image\" \/>\n<meta name=\"twitter:label1\" content=\"Availability\" \/>\n\t<meta name=\"twitter:data1\" content=\"In stock\" \/>\n<script type=\"application\/ld+json\" class=\"yoast-schema-graph\">{\"@context\":\"https:\\\/\\\/schema.org\",\"@graph\":[{\"@type\":\"WebPage\",\"@id\":\"https:\\\/\\\/www.iloosi.fi\\\/en\\\/tuotteet\\\/hiking-and-leisure\\\/shoulder-bag-dorr-amsterdam-s-m-light-dark-grey\\\/\",\"url\":\"https:\\\/\\\/www.iloosi.fi\\\/en\\\/tuotteet\\\/hiking-and-leisure\\\/shoulder-bag-dorr-amsterdam-s-m-light-dark-grey\\\/\",\"name\":\"Shoulder bag, D\u00d6RR Amsterdam, S\\\/M, light\\\/dark grey - iloosi\",\"isPartOf\":{\"@id\":\"https:\\\/\\\/www.iloosi.fi\\\/en\\\/#website\"},\"primaryImageOfPage\":{\"@id\":\"https:\\\/\\\/www.iloosi.fi\\\/en\\\/tuotteet\\\/hiking-and-leisure\\\/shoulder-bag-dorr-amsterdam-s-m-light-dark-grey\\\/#primaryimage\"},\"image\":{\"@id\":\"https:\\\/\\\/www.iloosi.fi\\\/en\\\/tuotteet\\\/hiking-and-leisure\\\/shoulder-bag-dorr-amsterdam-s-m-light-dark-grey\\\/#primaryimage\"},\"thumbnailUrl\":\"https:\\\/\\\/www.iloosi.fi\\\/wp-content\\\/uploads\\\/2022\\\/11\\\/Olkalaukku-DORR-Amsterdam-s-vaaleanharmaa.jpg\",\"datePublished\":\"2022-11-09T09:08:00+00:00\",\"dateModified\":\"2025-12-13T12:43:11+00:00\",\"description\":\"The D\u00d6RR Amsterdam Shoulder Bag grey, with a tablet compartment and a separate detachable camera compartment, makes this bag attractive for everyday use.\",\"breadcrumb\":{\"@id\":\"https:\\\/\\\/www.iloosi.fi\\\/en\\\/tuotteet\\\/hiking-and-leisure\\\/shoulder-bag-dorr-amsterdam-s-m-light-dark-grey\\\/#breadcrumb\"},\"inLanguage\":\"en-US\",\"potentialAction\":[{\"@type\":\"ReadAction\",\"target\":[\"https:\\\/\\\/www.iloosi.fi\\\/en\\\/tuotteet\\\/hiking-and-leisure\\\/shoulder-bag-dorr-amsterdam-s-m-light-dark-grey\\\/\"]}]},{\"@type\":\"ImageObject\",\"inLanguage\":\"en-US\",\"@id\":\"https:\\\/\\\/www.iloosi.fi\\\/en\\\/tuotteet\\\/hiking-and-leisure\\\/shoulder-bag-dorr-amsterdam-s-m-light-dark-grey\\\/#primaryimage\",\"url\":\"https:\\\/\\\/www.iloosi.fi\\\/wp-content\\\/uploads\\\/2022\\\/11\\\/Olkalaukku-DORR-Amsterdam-s-vaaleanharmaa.jpg\",\"contentUrl\":\"https:\\\/\\\/www.iloosi.fi\\\/wp-content\\\/uploads\\\/2022\\\/11\\\/Olkalaukku-DORR-Amsterdam-s-vaaleanharmaa.jpg\",\"width\":1259,\"height\":1000,\"caption\":\"D\u00d6RR Amsterdam olkalaukku\"},{\"@type\":\"BreadcrumbList\",\"@id\":\"https:\\\/\\\/www.iloosi.fi\\\/en\\\/tuotteet\\\/hiking-and-leisure\\\/shoulder-bag-dorr-amsterdam-s-m-light-dark-grey\\\/#breadcrumb\",\"itemListElement\":[{\"@type\":\"ListItem\",\"position\":1,\"name\":\"Home\",\"item\":\"https:\\\/\\\/www.iloosi.fi\\\/en\\\/\"},{\"@type\":\"ListItem\",\"position\":2,\"name\":\"Shop\",\"item\":\"https:\\\/\\\/www.iloosi.fi\\\/en\\\/shop\\\/\"},{\"@type\":\"ListItem\",\"position\":3,\"name\":\"Shoulder bag, D\u00d6RR Amsterdam, S\\\/M, light\\\/dark grey\"}]},{\"@type\":\"WebSite\",\"@id\":\"https:\\\/\\\/www.iloosi.fi\\\/en\\\/#website\",\"url\":\"https:\\\/\\\/www.iloosi.fi\\\/en\\\/\",\"name\":\"iloosi\",\"description\":\"\",\"publisher\":{\"@id\":\"https:\\\/\\\/www.iloosi.fi\\\/en\\\/#organization\"},\"potentialAction\":[{\"@type\":\"SearchAction\",\"target\":{\"@type\":\"EntryPoint\",\"urlTemplate\":\"https:\\\/\\\/www.iloosi.fi\\\/en\\\/?s={search_term_string}\"},\"query-input\":{\"@type\":\"PropertyValueSpecification\",\"valueRequired\":true,\"valueName\":\"search_term_string\"}}],\"inLanguage\":\"en-US\"},{\"@type\":\"Organization\",\"@id\":\"https:\\\/\\\/www.iloosi.fi\\\/en\\\/#organization\",\"name\":\"Duuilo Oy\",\"url\":\"https:\\\/\\\/www.iloosi.fi\\\/en\\\/\",\"logo\":{\"@type\":\"ImageObject\",\"inLanguage\":\"en-US\",\"@id\":\"https:\\\/\\\/www.iloosi.fi\\\/en\\\/#\\\/schema\\\/logo\\\/image\\\/\",\"url\":\"https:\\\/\\\/www.iloosi.fi\\\/wp-content\\\/uploads\\\/2026\\\/04\\\/Screenshot-2026-04-29-214330.png\",\"contentUrl\":\"https:\\\/\\\/www.iloosi.fi\\\/wp-content\\\/uploads\\\/2026\\\/04\\\/Screenshot-2026-04-29-214330.png\",\"width\":406,\"height\":365,\"caption\":\"Duuilo Oy\"},\"image\":{\"@id\":\"https:\\\/\\\/www.iloosi.fi\\\/en\\\/#\\\/schema\\\/logo\\\/image\\\/\"},\"sameAs\":[\"https:\\\/\\\/www.facebook.com\\\/iloosi.fi\",\"https:\\\/\\\/www.instagram.com\\\/iloosi_shop\\\/?hl=fi\"],\"description\":\"iloosi on suomalainen verkkokauppa ja osa Memofotoa. Meille kuvat eiv\u00e4t ole vain tiedostoja tai printtej\u00e4 \u2013 ne ovat muistoja, tunteita ja ihmisille t\u00e4rkeit\u00e4 hetki\u00e4. Siksi halusimme luoda verkkokaupan, jossa omista kuvista, teksteist\u00e4 ja ideoista voi tehd\u00e4 helposti persoonallisia tuotteita arkeen, lahjaksi ja juhlaan.\",\"email\":\"iloosi@iloosi.fi\",\"telephone\":\"+358400896226\",\"legalName\":\"Memofoto Oy\",\"foundingDate\":\"1947-01-01\",\"vatID\":\"FI35342246\",\"numberOfEmployees\":{\"@type\":\"QuantitativeValue\",\"minValue\":\"1\",\"maxValue\":\"10\"},\"hasMerchantReturnPolicy\":{\"@type\":\"MerchantReturnPolicy\",\"merchantReturnLink\":\"https:\\\/\\\/www.iloosi.fi\\\/toimitus-ja-maksuehdot\\\/\"}}]}<\/script>\n<meta property=\"og:availability\" content=\"instock\" \/>\n<meta property=\"product:availability\" content=\"instock\" \/>\n<meta property=\"product:condition\" content=\"new\" \/>\n<!-- \/ Yoast SEO Premium plugin. -->","yoast_head_json":{"title":"Shoulder bag, D\u00d6RR Amsterdam, S\/M, light\/dark grey - iloosi","description":"The D\u00d6RR Amsterdam Shoulder Bag grey, with a tablet compartment and a separate detachable camera compartment, makes this bag attractive for everyday use.","robots":{"index":"index","follow":"follow","max-snippet":"max-snippet:-1","max-image-preview":"max-image-preview:large","max-video-preview":"max-video-preview:-1"},"canonical":"https:\/\/www.iloosi.fi\/en\/tuotteet\/hiking-and-leisure\/shoulder-bag-dorr-amsterdam-s-m-light-dark-grey\/","og_locale":"en_US","og_type":"article","og_title":"Shoulder bag, D\u00d6RR Amsterdam, S\/M, light\/dark grey","og_description":"Shoulder bag, D\u00d6RR Amsterdam, S\/M, light\/dark grey","og_url":"https:\/\/www.iloosi.fi\/en\/tuotteet\/hiking-and-leisure\/shoulder-bag-dorr-amsterdam-s-m-light-dark-grey\/","og_site_name":"iloosi","article_publisher":"https:\/\/www.facebook.com\/iloosi.fi","article_modified_time":"2025-12-13T12:43:11+00:00","og_image":[{"width":1259,"height":1000,"url":"https:\/\/www.iloosi.fi\/wp-content\/uploads\/2022\/11\/Olkalaukku-DORR-Amsterdam-s-vaaleanharmaa.jpg","type":"image\/jpeg"}],"twitter_card":"summary_large_image","twitter_misc":{"Availability":"In stock"},"schema":{"@context":"https:\/\/schema.org","@graph":[{"@type":"WebPage","@id":"https:\/\/www.iloosi.fi\/en\/tuotteet\/hiking-and-leisure\/shoulder-bag-dorr-amsterdam-s-m-light-dark-grey\/","url":"https:\/\/www.iloosi.fi\/en\/tuotteet\/hiking-and-leisure\/shoulder-bag-dorr-amsterdam-s-m-light-dark-grey\/","name":"Shoulder bag, D\u00d6RR Amsterdam, S\/M, light\/dark grey - iloosi","isPartOf":{"@id":"https:\/\/www.iloosi.fi\/en\/#website"},"primaryImageOfPage":{"@id":"https:\/\/www.iloosi.fi\/en\/tuotteet\/hiking-and-leisure\/shoulder-bag-dorr-amsterdam-s-m-light-dark-grey\/#primaryimage"},"image":{"@id":"https:\/\/www.iloosi.fi\/en\/tuotteet\/hiking-and-leisure\/shoulder-bag-dorr-amsterdam-s-m-light-dark-grey\/#primaryimage"},"thumbnailUrl":"https:\/\/www.iloosi.fi\/wp-content\/uploads\/2022\/11\/Olkalaukku-DORR-Amsterdam-s-vaaleanharmaa.jpg","datePublished":"2022-11-09T09:08:00+00:00","dateModified":"2025-12-13T12:43:11+00:00","description":"The D\u00d6RR Amsterdam Shoulder Bag grey, with a tablet compartment and a separate detachable camera compartment, makes this bag attractive for everyday use.","breadcrumb":{"@id":"https:\/\/www.iloosi.fi\/en\/tuotteet\/hiking-and-leisure\/shoulder-bag-dorr-amsterdam-s-m-light-dark-grey\/#breadcrumb"},"inLanguage":"en-US","potentialAction":[{"@type":"ReadAction","target":["https:\/\/www.iloosi.fi\/en\/tuotteet\/hiking-and-leisure\/shoulder-bag-dorr-amsterdam-s-m-light-dark-grey\/"]}]},{"@type":"ImageObject","inLanguage":"en-US","@id":"https:\/\/www.iloosi.fi\/en\/tuotteet\/hiking-and-leisure\/shoulder-bag-dorr-amsterdam-s-m-light-dark-grey\/#primaryimage","url":"https:\/\/www.iloosi.fi\/wp-content\/uploads\/2022\/11\/Olkalaukku-DORR-Amsterdam-s-vaaleanharmaa.jpg","contentUrl":"https:\/\/www.iloosi.fi\/wp-content\/uploads\/2022\/11\/Olkalaukku-DORR-Amsterdam-s-vaaleanharmaa.jpg","width":1259,"height":1000,"caption":"D\u00d6RR Amsterdam olkalaukku"},{"@type":"BreadcrumbList","@id":"https:\/\/www.iloosi.fi\/en\/tuotteet\/hiking-and-leisure\/shoulder-bag-dorr-amsterdam-s-m-light-dark-grey\/#breadcrumb","itemListElement":[{"@type":"ListItem","position":1,"name":"Home","item":"https:\/\/www.iloosi.fi\/en\/"},{"@type":"ListItem","position":2,"name":"Shop","item":"https:\/\/www.iloosi.fi\/en\/shop\/"},{"@type":"ListItem","position":3,"name":"Shoulder bag, D\u00d6RR Amsterdam, S\/M, light\/dark grey"}]},{"@type":"WebSite","@id":"https:\/\/www.iloosi.fi\/en\/#website","url":"https:\/\/www.iloosi.fi\/en\/","name":"iloosi","description":"","publisher":{"@id":"https:\/\/www.iloosi.fi\/en\/#organization"},"potentialAction":[{"@type":"SearchAction","target":{"@type":"EntryPoint","urlTemplate":"https:\/\/www.iloosi.fi\/en\/?s={search_term_string}"},"query-input":{"@type":"PropertyValueSpecification","valueRequired":true,"valueName":"search_term_string"}}],"inLanguage":"en-US"},{"@type":"Organization","@id":"https:\/\/www.iloosi.fi\/en\/#organization","name":"Duuilo Oy","url":"https:\/\/www.iloosi.fi\/en\/","logo":{"@type":"ImageObject","inLanguage":"en-US","@id":"https:\/\/www.iloosi.fi\/en\/#\/schema\/logo\/image\/","url":"https:\/\/www.iloosi.fi\/wp-content\/uploads\/2026\/04\/Screenshot-2026-04-29-214330.png","contentUrl":"https:\/\/www.iloosi.fi\/wp-content\/uploads\/2026\/04\/Screenshot-2026-04-29-214330.png","width":406,"height":365,"caption":"Duuilo Oy"},"image":{"@id":"https:\/\/www.iloosi.fi\/en\/#\/schema\/logo\/image\/"},"sameAs":["https:\/\/www.facebook.com\/iloosi.fi","https:\/\/www.instagram.com\/iloosi_shop\/?hl=fi"],"description":"iloosi on suomalainen verkkokauppa ja osa Memofotoa. Meille kuvat eiv\u00e4t ole vain tiedostoja tai printtej\u00e4 \u2013 ne ovat muistoja, tunteita ja ihmisille t\u00e4rkeit\u00e4 hetki\u00e4. Siksi halusimme luoda verkkokaupan, jossa omista kuvista, teksteist\u00e4 ja ideoista voi tehd\u00e4 helposti persoonallisia tuotteita arkeen, lahjaksi ja juhlaan.","email":"iloosi@iloosi.fi","telephone":"+358400896226","legalName":"Memofoto Oy","foundingDate":"1947-01-01","vatID":"FI35342246","numberOfEmployees":{"@type":"QuantitativeValue","minValue":"1","maxValue":"10"},"hasMerchantReturnPolicy":{"@type":"MerchantReturnPolicy","merchantReturnLink":"https:\/\/www.iloosi.fi\/toimitus-ja-maksuehdot\/"}}]},"og_availability":"instock","product_availability":"instock","product_condition":"new"},"_links":{"self":[{"href":"https:\/\/www.iloosi.fi\/en\/wp-json\/wp\/v2\/product\/10573","targetHints":{"allow":["GET"]}}],"collection":[{"href":"https:\/\/www.iloosi.fi\/en\/wp-json\/wp\/v2\/product"}],"about":[{"href":"https:\/\/www.iloosi.fi\/en\/wp-json\/wp\/v2\/types\/product"}],"replies":[{"embeddable":true,"href":"https:\/\/www.iloosi.fi\/en\/wp-json\/wp\/v2\/comments?post=10573"}],"wp:featuredmedia":[{"embeddable":true,"href":"https:\/\/www.iloosi.fi\/en\/wp-json\/wp\/v2\/media\/4908"}],"wp:attachment":[{"href":"https:\/\/www.iloosi.fi\/en\/wp-json\/wp\/v2\/media?parent=10573"}],"wp:term":[{"taxonomy":"product_brand","embeddable":true,"href":"https:\/\/www.iloosi.fi\/en\/wp-json\/wp\/v2\/product_brand?post=10573"},{"taxonomy":"product_cat","embeddable":true,"href":"https:\/\/www.iloosi.fi\/en\/wp-json\/wp\/v2\/product_cat?post=10573"},{"taxonomy":"product_tag","embeddable":true,"href":"https:\/\/www.iloosi.fi\/en\/wp-json\/wp\/v2\/product_tag?post=10573"}],"curies":[{"name":"wp","href":"https:\/\/api.w.org\/{rel}","templated":true}]}}