{"id":10582,"date":"2022-11-01T15:05:24","date_gmt":"2022-11-01T13:05:24","guid":{"rendered":"https:\/\/iloosi.fi\/product\/dorr-luchs-20-60x-80-telescope-table-stand\/"},"modified":"2025-12-13T14:43:11","modified_gmt":"2025-12-13T12:43:11","slug":"dorr-luchs-20-60x-80-telescope-table-stand","status":"publish","type":"product","link":"https:\/\/www.iloosi.fi\/en\/tuotteet\/hiking-and-leisure\/remote-tubes\/dorr-luchs-20-60x-80-telescope-table-stand\/","title":{"rendered":"D\u00d6RR LUCHS 20-60x 80 telescope + table stand"},"content":{"rendered":"<div>D\u00d6RR LUCHS 20-60x 80 telescope + table stand<\/div>\n<div><\/div>\n<div>The Luchs is a bright MC multi-focal-coated optic telescope with silver-coated BAK-4 prisms.<\/div>\n<div><\/div>\n<div>The high quality optical assembly ensures a sharp and bright image that will keep you looking for longer.<\/div>\n<div>The Luchs \/ Fuchs 20-60 x80 telescope has a 45\u00b0 viewing angle, a weatherproof gas-cooled body. Rotating eyepieces for easy eyeglass wear. <\/div>\n<div>The pipe can be rotated 360 degrees in its locking ring.<\/div>\n<div><\/div>\n<div>Thanks to its luminosity and shortest viewing distance, the telescope is suitable for both shooters and novice birdwatchers.<\/div>\n<div>For demanding birdwatching, we recommend the Rain Forest ED- VERSION (Extra Low Dispersion).<\/div>\n<div><\/div>\n<div>D\u00d6RR LUCHS 20-60x 80 telescope + table stand<\/div>\n<div><\/div>\n<div>TECHNICAL INFORMATION 20-60 x80 model:<\/div>\n<div>&#8211; magnification 20-60x<\/div>\n<div>&#8211; front tube diameter 80mm<\/div>\n<div>&#8211; Field of vision at 1000m: 33-16,5m<\/div>\n<div>&#8211; closest focusing distance: 10m<\/div>\n<div>&#8211; BAK-4 prismatic<\/div>\n<div>&#8211; MC multicoated front lens<\/div>\n<div>&#8211; Nitrogen gas-filled<\/div>\n<div>&#8211; length 438mm<\/div>\n<div>&#8211; weight 1195g<\/div>\n<div><\/div>\n<div>Includes: bag and table stand<\/div>\n","protected":false},"excerpt":{"rendered":"<p>D\u00d6RR LUCHS 20-60x 80 telescope + table stand The Luchs is a bright MC multi-focal-coated optic telescope with silver-coated BAK-4 prisms. The high quality optical assembly ensures a sharp and bright image that will keep you looking for longer. The Luchs \/ Fuchs 20-60 x80 telescope has a 45\u00b0 viewing angle, a weatherproof gas-cooled body. [&#8230;]\n","protected":false},"featured_media":4672,"comment_status":"open","ping_status":"closed","template":"","meta":[],"product_brand":[],"product_cat":[956,1119],"product_tag":[1121,1120,1122,1123],"class_list":{"0":"post-10582","1":"product","2":"type-product","3":"status-publish","4":"has-post-thumbnail","6":"product_cat-hiking-and-leisure","7":"product_cat-remote-tubes","8":"product_tag-binoculars","9":"product_tag-birdwatching","10":"product_tag-bongailu-en","11":"product_tag-observation","13":"first","14":"instock","15":"taxable","16":"shipping-taxable","17":"purchasable","18":"product-type-simple"},"bundled_by":[],"bundle_stock_status":"instock","bundle_stock_quantity":null,"bundle_virtual":false,"bundle_layout":"","bundle_add_to_cart_form_location":"","bundle_editable_in_cart":false,"bundle_sold_individually_context":"","bundle_item_grouping":"","bundle_min_size":"","bundle_max_size":"","bundled_items":[],"bundle_sell_ids":[],"yoast_head":"<!-- This site is optimized with the Yoast SEO Premium plugin v27.5 (Yoast SEO v27.5) - https:\/\/yoast.com\/product\/yoast-seo-premium-wordpress\/ -->\n<title>D\u00d6RR LUCHS 20-60x 80 telescope + table stand - iloosi<\/title>\n<meta name=\"description\" content=\"Luminous, 20-60x magnification when you need to see far and wide. With exceptionally good optics for its price class, it&#039;s also ideal for birdwatching.\" \/>\n<meta name=\"robots\" content=\"index, follow, max-snippet:-1, max-image-preview:large, max-video-preview:-1\" \/>\n<link rel=\"canonical\" href=\"https:\/\/www.iloosi.fi\/en\/tuotteet\/hiking-and-leisure\/remote-tubes\/dorr-luchs-20-60x-80-telescope-table-stand\/\" \/>\n<meta property=\"og:locale\" content=\"en_US\" \/>\n<meta property=\"og:type\" content=\"article\" \/>\n<meta property=\"og:title\" content=\"D\u00d6RR LUCHS 20-60x 80 telescope + table stand\" \/>\n<meta property=\"og:description\" content=\"D\u00d6RR LUCHS 20-60x 80 telescope + table stand\" \/>\n<meta property=\"og:url\" content=\"https:\/\/www.iloosi.fi\/en\/tuotteet\/hiking-and-leisure\/remote-tubes\/dorr-luchs-20-60x-80-telescope-table-stand\/\" \/>\n<meta property=\"og:site_name\" content=\"iloosi\" \/>\n<meta property=\"article:publisher\" content=\"https:\/\/www.facebook.com\/iloosi.fi\" \/>\n<meta property=\"article:modified_time\" content=\"2025-12-13T12:43:11+00:00\" \/>\n<meta property=\"og:image\" content=\"https:\/\/www.iloosi.fi\/wp-content\/uploads\/2022\/11\/DoRRLUCHS20-60x80kaukoputkipoytajalusta2kpl-8_32480_fda060f17c74472ae07b06857330d0eb_3.jpg\" \/>\n\t<meta property=\"og:image:width\" content=\"800\" \/>\n\t<meta property=\"og:image:height\" content=\"532\" \/>\n\t<meta property=\"og:image:type\" content=\"image\/jpeg\" \/>\n<meta name=\"twitter:card\" content=\"summary_large_image\" \/>\n<meta name=\"twitter:label1\" content=\"Price\" \/>\n\t<meta name=\"twitter:data1\" content=\"413,90&nbsp;&euro;\" \/>\n\t<meta name=\"twitter:label2\" content=\"Availability\" \/>\n\t<meta name=\"twitter:data2\" content=\"In stock\" \/>\n<script type=\"application\/ld+json\" class=\"yoast-schema-graph\">{\"@context\":\"https:\\\/\\\/schema.org\",\"@graph\":[{\"@type\":\"WebPage\",\"@id\":\"https:\\\/\\\/www.iloosi.fi\\\/en\\\/tuotteet\\\/hiking-and-leisure\\\/remote-tubes\\\/dorr-luchs-20-60x-80-telescope-table-stand\\\/\",\"url\":\"https:\\\/\\\/www.iloosi.fi\\\/en\\\/tuotteet\\\/hiking-and-leisure\\\/remote-tubes\\\/dorr-luchs-20-60x-80-telescope-table-stand\\\/\",\"name\":\"D\u00d6RR LUCHS 20-60x 80 telescope + table stand - iloosi\",\"isPartOf\":{\"@id\":\"https:\\\/\\\/www.iloosi.fi\\\/en\\\/#website\"},\"primaryImageOfPage\":{\"@id\":\"https:\\\/\\\/www.iloosi.fi\\\/en\\\/tuotteet\\\/hiking-and-leisure\\\/remote-tubes\\\/dorr-luchs-20-60x-80-telescope-table-stand\\\/#primaryimage\"},\"image\":{\"@id\":\"https:\\\/\\\/www.iloosi.fi\\\/en\\\/tuotteet\\\/hiking-and-leisure\\\/remote-tubes\\\/dorr-luchs-20-60x-80-telescope-table-stand\\\/#primaryimage\"},\"thumbnailUrl\":\"https:\\\/\\\/www.iloosi.fi\\\/wp-content\\\/uploads\\\/2022\\\/11\\\/DoRRLUCHS20-60x80kaukoputkipoytajalusta2kpl-8_32480_fda060f17c74472ae07b06857330d0eb_3.jpg\",\"datePublished\":\"2022-11-01T13:05:24+00:00\",\"dateModified\":\"2025-12-13T12:43:11+00:00\",\"description\":\"Luminous, 20-60x magnification when you need to see far and wide. With exceptionally good optics for its price class, it's also ideal for birdwatching.\",\"breadcrumb\":{\"@id\":\"https:\\\/\\\/www.iloosi.fi\\\/en\\\/tuotteet\\\/hiking-and-leisure\\\/remote-tubes\\\/dorr-luchs-20-60x-80-telescope-table-stand\\\/#breadcrumb\"},\"inLanguage\":\"en-US\",\"potentialAction\":[{\"@type\":\"ReadAction\",\"target\":[\"https:\\\/\\\/www.iloosi.fi\\\/en\\\/tuotteet\\\/hiking-and-leisure\\\/remote-tubes\\\/dorr-luchs-20-60x-80-telescope-table-stand\\\/\"]}]},{\"@type\":\"ImageObject\",\"inLanguage\":\"en-US\",\"@id\":\"https:\\\/\\\/www.iloosi.fi\\\/en\\\/tuotteet\\\/hiking-and-leisure\\\/remote-tubes\\\/dorr-luchs-20-60x-80-telescope-table-stand\\\/#primaryimage\",\"url\":\"https:\\\/\\\/www.iloosi.fi\\\/wp-content\\\/uploads\\\/2022\\\/11\\\/DoRRLUCHS20-60x80kaukoputkipoytajalusta2kpl-8_32480_fda060f17c74472ae07b06857330d0eb_3.jpg\",\"contentUrl\":\"https:\\\/\\\/www.iloosi.fi\\\/wp-content\\\/uploads\\\/2022\\\/11\\\/DoRRLUCHS20-60x80kaukoputkipoytajalusta2kpl-8_32480_fda060f17c74472ae07b06857330d0eb_3.jpg\",\"width\":800,\"height\":532,\"caption\":\"D\u00f6rr kaukoputki\"},{\"@type\":\"BreadcrumbList\",\"@id\":\"https:\\\/\\\/www.iloosi.fi\\\/en\\\/tuotteet\\\/hiking-and-leisure\\\/remote-tubes\\\/dorr-luchs-20-60x-80-telescope-table-stand\\\/#breadcrumb\",\"itemListElement\":[{\"@type\":\"ListItem\",\"position\":1,\"name\":\"Home\",\"item\":\"https:\\\/\\\/www.iloosi.fi\\\/en\\\/\"},{\"@type\":\"ListItem\",\"position\":2,\"name\":\"Shop\",\"item\":\"https:\\\/\\\/www.iloosi.fi\\\/en\\\/shop\\\/\"},{\"@type\":\"ListItem\",\"position\":3,\"name\":\"D\u00d6RR LUCHS 20-60x 80 telescope + table stand\"}]},{\"@type\":\"WebSite\",\"@id\":\"https:\\\/\\\/www.iloosi.fi\\\/en\\\/#website\",\"url\":\"https:\\\/\\\/www.iloosi.fi\\\/en\\\/\",\"name\":\"iloosi\",\"description\":\"\",\"publisher\":{\"@id\":\"https:\\\/\\\/www.iloosi.fi\\\/en\\\/#organization\"},\"potentialAction\":[{\"@type\":\"SearchAction\",\"target\":{\"@type\":\"EntryPoint\",\"urlTemplate\":\"https:\\\/\\\/www.iloosi.fi\\\/en\\\/?s={search_term_string}\"},\"query-input\":{\"@type\":\"PropertyValueSpecification\",\"valueRequired\":true,\"valueName\":\"search_term_string\"}}],\"inLanguage\":\"en-US\"},{\"@type\":\"Organization\",\"@id\":\"https:\\\/\\\/www.iloosi.fi\\\/en\\\/#organization\",\"name\":\"Duuilo Oy\",\"url\":\"https:\\\/\\\/www.iloosi.fi\\\/en\\\/\",\"logo\":{\"@type\":\"ImageObject\",\"inLanguage\":\"en-US\",\"@id\":\"https:\\\/\\\/www.iloosi.fi\\\/en\\\/#\\\/schema\\\/logo\\\/image\\\/\",\"url\":\"https:\\\/\\\/www.iloosi.fi\\\/wp-content\\\/uploads\\\/2026\\\/04\\\/Screenshot-2026-04-29-214330.png\",\"contentUrl\":\"https:\\\/\\\/www.iloosi.fi\\\/wp-content\\\/uploads\\\/2026\\\/04\\\/Screenshot-2026-04-29-214330.png\",\"width\":406,\"height\":365,\"caption\":\"Duuilo Oy\"},\"image\":{\"@id\":\"https:\\\/\\\/www.iloosi.fi\\\/en\\\/#\\\/schema\\\/logo\\\/image\\\/\"},\"sameAs\":[\"https:\\\/\\\/www.facebook.com\\\/iloosi.fi\",\"https:\\\/\\\/www.instagram.com\\\/iloosi_shop\\\/?hl=fi\"],\"description\":\"iloosi on suomalainen verkkokauppa ja osa Memofotoa. Meille kuvat eiv\u00e4t ole vain tiedostoja tai printtej\u00e4 \u2013 ne ovat muistoja, tunteita ja ihmisille t\u00e4rkeit\u00e4 hetki\u00e4. Siksi halusimme luoda verkkokaupan, jossa omista kuvista, teksteist\u00e4 ja ideoista voi tehd\u00e4 helposti persoonallisia tuotteita arkeen, lahjaksi ja juhlaan.\",\"email\":\"iloosi@iloosi.fi\",\"telephone\":\"+358400896226\",\"legalName\":\"Memofoto Oy\",\"foundingDate\":\"1947-01-01\",\"vatID\":\"FI35342246\",\"numberOfEmployees\":{\"@type\":\"QuantitativeValue\",\"minValue\":\"1\",\"maxValue\":\"10\"},\"hasMerchantReturnPolicy\":{\"@type\":\"MerchantReturnPolicy\",\"merchantReturnLink\":\"https:\\\/\\\/www.iloosi.fi\\\/toimitus-ja-maksuehdot\\\/\"}}]}<\/script>\n<meta property=\"product:price:amount\" content=\"413.90\" \/>\n<meta property=\"product:price:currency\" content=\"EUR\" \/>\n<meta property=\"og:availability\" content=\"instock\" \/>\n<meta property=\"product:availability\" content=\"instock\" \/>\n<meta property=\"product:condition\" content=\"new\" \/>\n<!-- \/ Yoast SEO Premium plugin. -->","yoast_head_json":{"title":"D\u00d6RR LUCHS 20-60x 80 telescope + table stand - iloosi","description":"Luminous, 20-60x magnification when you need to see far and wide. With exceptionally good optics for its price class, it's also ideal for birdwatching.","robots":{"index":"index","follow":"follow","max-snippet":"max-snippet:-1","max-image-preview":"max-image-preview:large","max-video-preview":"max-video-preview:-1"},"canonical":"https:\/\/www.iloosi.fi\/en\/tuotteet\/hiking-and-leisure\/remote-tubes\/dorr-luchs-20-60x-80-telescope-table-stand\/","og_locale":"en_US","og_type":"article","og_title":"D\u00d6RR LUCHS 20-60x 80 telescope + table stand","og_description":"D\u00d6RR LUCHS 20-60x 80 telescope + table stand","og_url":"https:\/\/www.iloosi.fi\/en\/tuotteet\/hiking-and-leisure\/remote-tubes\/dorr-luchs-20-60x-80-telescope-table-stand\/","og_site_name":"iloosi","article_publisher":"https:\/\/www.facebook.com\/iloosi.fi","article_modified_time":"2025-12-13T12:43:11+00:00","og_image":[{"width":800,"height":532,"url":"https:\/\/www.iloosi.fi\/wp-content\/uploads\/2022\/11\/DoRRLUCHS20-60x80kaukoputkipoytajalusta2kpl-8_32480_fda060f17c74472ae07b06857330d0eb_3.jpg","type":"image\/jpeg"}],"twitter_card":"summary_large_image","twitter_misc":{"Price":"413,90&nbsp;&euro;","Availability":"In stock"},"schema":{"@context":"https:\/\/schema.org","@graph":[{"@type":"WebPage","@id":"https:\/\/www.iloosi.fi\/en\/tuotteet\/hiking-and-leisure\/remote-tubes\/dorr-luchs-20-60x-80-telescope-table-stand\/","url":"https:\/\/www.iloosi.fi\/en\/tuotteet\/hiking-and-leisure\/remote-tubes\/dorr-luchs-20-60x-80-telescope-table-stand\/","name":"D\u00d6RR LUCHS 20-60x 80 telescope + table stand - iloosi","isPartOf":{"@id":"https:\/\/www.iloosi.fi\/en\/#website"},"primaryImageOfPage":{"@id":"https:\/\/www.iloosi.fi\/en\/tuotteet\/hiking-and-leisure\/remote-tubes\/dorr-luchs-20-60x-80-telescope-table-stand\/#primaryimage"},"image":{"@id":"https:\/\/www.iloosi.fi\/en\/tuotteet\/hiking-and-leisure\/remote-tubes\/dorr-luchs-20-60x-80-telescope-table-stand\/#primaryimage"},"thumbnailUrl":"https:\/\/www.iloosi.fi\/wp-content\/uploads\/2022\/11\/DoRRLUCHS20-60x80kaukoputkipoytajalusta2kpl-8_32480_fda060f17c74472ae07b06857330d0eb_3.jpg","datePublished":"2022-11-01T13:05:24+00:00","dateModified":"2025-12-13T12:43:11+00:00","description":"Luminous, 20-60x magnification when you need to see far and wide. With exceptionally good optics for its price class, it's also ideal for birdwatching.","breadcrumb":{"@id":"https:\/\/www.iloosi.fi\/en\/tuotteet\/hiking-and-leisure\/remote-tubes\/dorr-luchs-20-60x-80-telescope-table-stand\/#breadcrumb"},"inLanguage":"en-US","potentialAction":[{"@type":"ReadAction","target":["https:\/\/www.iloosi.fi\/en\/tuotteet\/hiking-and-leisure\/remote-tubes\/dorr-luchs-20-60x-80-telescope-table-stand\/"]}]},{"@type":"ImageObject","inLanguage":"en-US","@id":"https:\/\/www.iloosi.fi\/en\/tuotteet\/hiking-and-leisure\/remote-tubes\/dorr-luchs-20-60x-80-telescope-table-stand\/#primaryimage","url":"https:\/\/www.iloosi.fi\/wp-content\/uploads\/2022\/11\/DoRRLUCHS20-60x80kaukoputkipoytajalusta2kpl-8_32480_fda060f17c74472ae07b06857330d0eb_3.jpg","contentUrl":"https:\/\/www.iloosi.fi\/wp-content\/uploads\/2022\/11\/DoRRLUCHS20-60x80kaukoputkipoytajalusta2kpl-8_32480_fda060f17c74472ae07b06857330d0eb_3.jpg","width":800,"height":532,"caption":"D\u00f6rr kaukoputki"},{"@type":"BreadcrumbList","@id":"https:\/\/www.iloosi.fi\/en\/tuotteet\/hiking-and-leisure\/remote-tubes\/dorr-luchs-20-60x-80-telescope-table-stand\/#breadcrumb","itemListElement":[{"@type":"ListItem","position":1,"name":"Home","item":"https:\/\/www.iloosi.fi\/en\/"},{"@type":"ListItem","position":2,"name":"Shop","item":"https:\/\/www.iloosi.fi\/en\/shop\/"},{"@type":"ListItem","position":3,"name":"D\u00d6RR LUCHS 20-60x 80 telescope + table stand"}]},{"@type":"WebSite","@id":"https:\/\/www.iloosi.fi\/en\/#website","url":"https:\/\/www.iloosi.fi\/en\/","name":"iloosi","description":"","publisher":{"@id":"https:\/\/www.iloosi.fi\/en\/#organization"},"potentialAction":[{"@type":"SearchAction","target":{"@type":"EntryPoint","urlTemplate":"https:\/\/www.iloosi.fi\/en\/?s={search_term_string}"},"query-input":{"@type":"PropertyValueSpecification","valueRequired":true,"valueName":"search_term_string"}}],"inLanguage":"en-US"},{"@type":"Organization","@id":"https:\/\/www.iloosi.fi\/en\/#organization","name":"Duuilo Oy","url":"https:\/\/www.iloosi.fi\/en\/","logo":{"@type":"ImageObject","inLanguage":"en-US","@id":"https:\/\/www.iloosi.fi\/en\/#\/schema\/logo\/image\/","url":"https:\/\/www.iloosi.fi\/wp-content\/uploads\/2026\/04\/Screenshot-2026-04-29-214330.png","contentUrl":"https:\/\/www.iloosi.fi\/wp-content\/uploads\/2026\/04\/Screenshot-2026-04-29-214330.png","width":406,"height":365,"caption":"Duuilo Oy"},"image":{"@id":"https:\/\/www.iloosi.fi\/en\/#\/schema\/logo\/image\/"},"sameAs":["https:\/\/www.facebook.com\/iloosi.fi","https:\/\/www.instagram.com\/iloosi_shop\/?hl=fi"],"description":"iloosi on suomalainen verkkokauppa ja osa Memofotoa. Meille kuvat eiv\u00e4t ole vain tiedostoja tai printtej\u00e4 \u2013 ne ovat muistoja, tunteita ja ihmisille t\u00e4rkeit\u00e4 hetki\u00e4. Siksi halusimme luoda verkkokaupan, jossa omista kuvista, teksteist\u00e4 ja ideoista voi tehd\u00e4 helposti persoonallisia tuotteita arkeen, lahjaksi ja juhlaan.","email":"iloosi@iloosi.fi","telephone":"+358400896226","legalName":"Memofoto Oy","foundingDate":"1947-01-01","vatID":"FI35342246","numberOfEmployees":{"@type":"QuantitativeValue","minValue":"1","maxValue":"10"},"hasMerchantReturnPolicy":{"@type":"MerchantReturnPolicy","merchantReturnLink":"https:\/\/www.iloosi.fi\/toimitus-ja-maksuehdot\/"}}]},"product_price_amount":"413.90","product_price_currency":"EUR","og_availability":"instock","product_availability":"instock","product_condition":"new"},"_links":{"self":[{"href":"https:\/\/www.iloosi.fi\/en\/wp-json\/wp\/v2\/product\/10582","targetHints":{"allow":["GET"]}}],"collection":[{"href":"https:\/\/www.iloosi.fi\/en\/wp-json\/wp\/v2\/product"}],"about":[{"href":"https:\/\/www.iloosi.fi\/en\/wp-json\/wp\/v2\/types\/product"}],"replies":[{"embeddable":true,"href":"https:\/\/www.iloosi.fi\/en\/wp-json\/wp\/v2\/comments?post=10582"}],"wp:featuredmedia":[{"embeddable":true,"href":"https:\/\/www.iloosi.fi\/en\/wp-json\/wp\/v2\/media\/4672"}],"wp:attachment":[{"href":"https:\/\/www.iloosi.fi\/en\/wp-json\/wp\/v2\/media?parent=10582"}],"wp:term":[{"taxonomy":"product_brand","embeddable":true,"href":"https:\/\/www.iloosi.fi\/en\/wp-json\/wp\/v2\/product_brand?post=10582"},{"taxonomy":"product_cat","embeddable":true,"href":"https:\/\/www.iloosi.fi\/en\/wp-json\/wp\/v2\/product_cat?post=10582"},{"taxonomy":"product_tag","embeddable":true,"href":"https:\/\/www.iloosi.fi\/en\/wp-json\/wp\/v2\/product_tag?post=10582"}],"curies":[{"name":"wp","href":"https:\/\/api.w.org\/{rel}","templated":true}]}}