{"id":10589,"date":"2022-11-01T14:46:32","date_gmt":"2022-11-01T12:46:32","guid":{"rendered":"https:\/\/iloosi.fi\/product\/waterproof-binoculars-dorr-ocean-7x50\/"},"modified":"2025-12-13T14:43:09","modified_gmt":"2025-12-13T12:43:09","slug":"waterproof-binoculars-dorr-ocean-7x50","status":"publish","type":"product","link":"https:\/\/www.iloosi.fi\/en\/tuotteet\/hiking-and-leisure\/waterproof-binoculars-dorr-ocean-7x50\/","title":{"rendered":"Waterproof binoculars D\u00d6RR OCEAN 7&#215;50"},"content":{"rendered":"<div>D\u00d6RR OCEAN 7&#215;50 waterproof binoculars<\/div>\n<div><\/div>\n<div>For dusky nights, in the fog &#8211; LIGHT UP! 5-year guarantee <\/div>\n<div><\/div>\n<div>The D\u00d6RR Ocean is ideal if you spend a lot of time outdoors and don&#8217;t mind bad weather conditions. The Ocean series binoculars are the perfect companion when you are on the water, in nature and also in WINTER in snowy conditions. <\/div>\n<div>WET, BATH, FALL OR LOW &#8211; these waterproof binoculars allow you to make observations without hesitation at any time.<\/div>\n<div>Ocean binoculars have a wide field of view, a bright image and the image can be focused up close. The binoculars are at their best when looking into the distance with very little need for focusing. This is the advantage of Porro prism binoculars.  <\/div>\n<div>NITROGEN GAS FILLED<\/div>\n<div>The nitrogen gas filling inside the binoculars reliably ensures that the optics remain frost-free even in damp and cold weather. At the same time, the gas filling of Ocean binoculars allows temporary immersion for about 30 MINUTES to a depth of 1 METRE. <\/div>\n<div><\/div>\n<div>PORRO-PRISMAT &#8211; BAK-4<\/div>\n<div>Made of high quality BaK-4 glass, the built-in Porro prisms provide three-dimensional, bright and true colours with high optical quality. The design and special arrangement of the Porro prisms allow for eye-friendly and tireless perception. <\/div>\n<div>Ocean binoculars have multi-coated lenses (MC Multi Coating) to reduce unwanted reflections and increase light transmission.<\/div>\n<div>GENTLE HIHNA<\/div>\n<div>If you want to use the Ocean ski poles on a boat, we recommend replacing the standard neck strap with the floating strap supplied. The extra thick padding on the floating strap prevents the binoculars from going under the surface if they accidentally fall into the water. The yellow colour of the strap signal is easily recognisable from the surface of the water and helps you to find and binoculars quickly.  <\/div>\n<div>The solid rubber surface protects the binoculars and ensures a firm, non-slip grip. Durable and lightweight aluminium body. Petrol colouring complements the modern look of the binoculars.  <\/div>\n<div><\/div>\n<div>The D\u00d6RR OCEAN 7&#215;50 waterproof binoculars are ideal for use on ships, boats, sailing boats and fishing trips. 7x magnification remains stable even when the ship is moving. <\/div>\n<div>Thanks to the large field of view, 122 metres at 1000 metres, focusing is almost unnecessary. The large focus wheel ensures smooth and even focusing. <\/div>\n<div><\/div>\n<div>DIOPTER REPAIR &amp; ROTATING EYE SHADOWS make it easy to use binoculars<\/div>\n<div>and quick to use and is also ideal for people who wear glasses.<\/div>\n<div><\/div>\n<div>PEDESTAL MOUNTING<\/div>\n<div>For longer-term observations, you can place the OCEAN binoculars on a tripod. All you need is a D\u00d6RR TA-2 and TA-4 tripod binocular holder. <\/div>\n<div><\/div>\n<div>TECHNICAL INFORMATION:<\/div>\n<div>Operating temperature range: -10\u00b0C to +55\u00b0C<\/div>\n<div>Size approx. 19,5 x 18 x 6 cm, 960g <\/div>\n<div>Frostproof, nitrogen-filled<\/div>\n<div>Diopter adjustment -3\/+3, twistable eyepiece<\/div>\n<div><\/div>\n<div>5-year warranty<\/div>\n<div>Waterproof at a depth of approx. 30min \/ 1m <\/div>\n<div><\/div>\n<div>Magnification: 7x<\/div>\n<div>Front lens diameter: 50mm<\/div>\n<div>Luminosity: 51<\/div>\n<div>Insignificance: 18,7<\/div>\n<div>Prism: porroprism BaK 4<\/div>\n<div>Lens coating: MC multi-film coating<\/div>\n<div><\/div>\n<div>Output pupil: 7,1 mm<\/div>\n<div>Eye Relief approx. 24mm <\/div>\n<div>Eye spacing approx. 56-72mm <\/div>\n<div><\/div>\n<div>Field of view: 7\u00b0, 122m\/1000m<\/div>\n<div>Closest focusing distance approx.: 5m<\/div>\n<div>Thread: on<\/div>\n<div>Includes: binoculars, eyepiece protector, front lens protectors, cleaning cloth, carrying strap, floating carrying strap, carrying case<\/div>\n<div>5-year manufacturer&#8217;s warranty<\/div>\n","protected":false},"excerpt":{"rendered":"<p>D\u00d6RR OCEAN 7&#215;50 waterproof binoculars For dusky nights, in the fog &#8211; LIGHT UP! 5-year guarantee The D\u00d6RR Ocean is ideal if you spend a lot of time outdoors and don&#8217;t mind bad weather conditions. The Ocean series binoculars are the perfect companion when you are on the water, in nature and also in WINTER [&#8230;]\n","protected":false},"featured_media":4918,"comment_status":"open","ping_status":"closed","template":"","meta":[],"product_brand":[],"product_cat":[1126,956],"product_tag":[1121,1127,1120],"class_list":{"0":"post-10589","1":"product","2":"type-product","3":"status-publish","4":"has-post-thumbnail","6":"product_cat-binoculars","7":"product_cat-hiking-and-leisure","8":"product_tag-binoculars","9":"product_tag-binoculars-en","10":"product_tag-birdwatching","12":"first","13":"instock","14":"taxable","15":"shipping-taxable","16":"purchasable","17":"product-type-simple"},"bundled_by":[],"bundle_stock_status":"instock","bundle_stock_quantity":null,"bundle_virtual":false,"bundle_layout":"","bundle_add_to_cart_form_location":"","bundle_editable_in_cart":false,"bundle_sold_individually_context":"","bundle_item_grouping":"","bundle_min_size":"","bundle_max_size":"","bundled_items":[],"bundle_sell_ids":[],"yoast_head":"<!-- This site is optimized with the Yoast SEO Premium plugin v27.5 (Yoast SEO v27.5) - https:\/\/yoast.com\/product\/yoast-seo-premium-wordpress\/ -->\n<title>Waterproof binoculars D\u00d6RR OCEAN 7x50 - iloosi<\/title>\n<meta name=\"description\" content=\"D\u00f6rr Ocean 7x50 Waterproof binoculars, 5-year warranty. Clear image, really easy to look at, for year-round use. 2 carrying straps: regular and floating.\" \/>\n<meta name=\"robots\" content=\"index, follow, max-snippet:-1, max-image-preview:large, max-video-preview:-1\" \/>\n<link rel=\"canonical\" href=\"https:\/\/www.iloosi.fi\/en\/tuotteet\/hiking-and-leisure\/waterproof-binoculars-dorr-ocean-7x50\/\" \/>\n<meta property=\"og:locale\" content=\"en_US\" \/>\n<meta property=\"og:type\" content=\"article\" \/>\n<meta property=\"og:title\" content=\"Waterproof binoculars D\u00d6RR OCEAN 7x50\" \/>\n<meta property=\"og:description\" content=\"Waterproof binoculars D\u00d6RR OCEAN 7x50\" \/>\n<meta property=\"og:url\" content=\"https:\/\/www.iloosi.fi\/en\/tuotteet\/hiking-and-leisure\/waterproof-binoculars-dorr-ocean-7x50\/\" \/>\n<meta property=\"og:site_name\" content=\"iloosi\" \/>\n<meta property=\"article:publisher\" content=\"https:\/\/www.facebook.com\/iloosi.fi\" \/>\n<meta property=\"article:modified_time\" content=\"2025-12-13T12:43:09+00:00\" \/>\n<meta property=\"og:image\" content=\"https:\/\/www.iloosi.fi\/wp-content\/uploads\/2022\/11\/Vedenkestava-kiikari-DORR-OCEAN-7x50-1.jpg\" \/>\n\t<meta property=\"og:image:width\" content=\"1024\" \/>\n\t<meta property=\"og:image:height\" content=\"1024\" \/>\n\t<meta property=\"og:image:type\" content=\"image\/jpeg\" \/>\n<meta name=\"twitter:card\" content=\"summary_large_image\" \/>\n<meta name=\"twitter:label1\" content=\"Price\" \/>\n\t<meta name=\"twitter:data1\" content=\"200,30&nbsp;&euro;\" \/>\n\t<meta name=\"twitter:label2\" content=\"Availability\" \/>\n\t<meta name=\"twitter:data2\" content=\"In stock\" \/>\n<script type=\"application\/ld+json\" class=\"yoast-schema-graph\">{\"@context\":\"https:\\\/\\\/schema.org\",\"@graph\":[{\"@type\":\"WebPage\",\"@id\":\"https:\\\/\\\/www.iloosi.fi\\\/en\\\/tuotteet\\\/hiking-and-leisure\\\/waterproof-binoculars-dorr-ocean-7x50\\\/\",\"url\":\"https:\\\/\\\/www.iloosi.fi\\\/en\\\/tuotteet\\\/hiking-and-leisure\\\/waterproof-binoculars-dorr-ocean-7x50\\\/\",\"name\":\"Waterproof binoculars D\u00d6RR OCEAN 7x50 - iloosi\",\"isPartOf\":{\"@id\":\"https:\\\/\\\/www.iloosi.fi\\\/en\\\/#website\"},\"primaryImageOfPage\":{\"@id\":\"https:\\\/\\\/www.iloosi.fi\\\/en\\\/tuotteet\\\/hiking-and-leisure\\\/waterproof-binoculars-dorr-ocean-7x50\\\/#primaryimage\"},\"image\":{\"@id\":\"https:\\\/\\\/www.iloosi.fi\\\/en\\\/tuotteet\\\/hiking-and-leisure\\\/waterproof-binoculars-dorr-ocean-7x50\\\/#primaryimage\"},\"thumbnailUrl\":\"https:\\\/\\\/www.iloosi.fi\\\/wp-content\\\/uploads\\\/2022\\\/11\\\/Vedenkestava-kiikari-DORR-OCEAN-7x50-1.jpg\",\"datePublished\":\"2022-11-01T12:46:32+00:00\",\"dateModified\":\"2025-12-13T12:43:09+00:00\",\"description\":\"D\u00f6rr Ocean 7x50 Waterproof binoculars, 5-year warranty. Clear image, really easy to look at, for year-round use. 2 carrying straps: regular and floating.\",\"breadcrumb\":{\"@id\":\"https:\\\/\\\/www.iloosi.fi\\\/en\\\/tuotteet\\\/hiking-and-leisure\\\/waterproof-binoculars-dorr-ocean-7x50\\\/#breadcrumb\"},\"inLanguage\":\"en-US\",\"potentialAction\":[{\"@type\":\"ReadAction\",\"target\":[\"https:\\\/\\\/www.iloosi.fi\\\/en\\\/tuotteet\\\/hiking-and-leisure\\\/waterproof-binoculars-dorr-ocean-7x50\\\/\"]}]},{\"@type\":\"ImageObject\",\"inLanguage\":\"en-US\",\"@id\":\"https:\\\/\\\/www.iloosi.fi\\\/en\\\/tuotteet\\\/hiking-and-leisure\\\/waterproof-binoculars-dorr-ocean-7x50\\\/#primaryimage\",\"url\":\"https:\\\/\\\/www.iloosi.fi\\\/wp-content\\\/uploads\\\/2022\\\/11\\\/Vedenkestava-kiikari-DORR-OCEAN-7x50-1.jpg\",\"contentUrl\":\"https:\\\/\\\/www.iloosi.fi\\\/wp-content\\\/uploads\\\/2022\\\/11\\\/Vedenkestava-kiikari-DORR-OCEAN-7x50-1.jpg\",\"width\":1024,\"height\":1024,\"caption\":\"D\u00d6RR OCEAN 7x50 vedenkest\u00e4v\u00e4 kiikari\"},{\"@type\":\"BreadcrumbList\",\"@id\":\"https:\\\/\\\/www.iloosi.fi\\\/en\\\/tuotteet\\\/hiking-and-leisure\\\/waterproof-binoculars-dorr-ocean-7x50\\\/#breadcrumb\",\"itemListElement\":[{\"@type\":\"ListItem\",\"position\":1,\"name\":\"Home\",\"item\":\"https:\\\/\\\/www.iloosi.fi\\\/en\\\/\"},{\"@type\":\"ListItem\",\"position\":2,\"name\":\"Shop\",\"item\":\"https:\\\/\\\/www.iloosi.fi\\\/en\\\/shop\\\/\"},{\"@type\":\"ListItem\",\"position\":3,\"name\":\"Waterproof binoculars D\u00d6RR OCEAN 7&#215;50\"}]},{\"@type\":\"WebSite\",\"@id\":\"https:\\\/\\\/www.iloosi.fi\\\/en\\\/#website\",\"url\":\"https:\\\/\\\/www.iloosi.fi\\\/en\\\/\",\"name\":\"iloosi\",\"description\":\"\",\"publisher\":{\"@id\":\"https:\\\/\\\/www.iloosi.fi\\\/en\\\/#organization\"},\"potentialAction\":[{\"@type\":\"SearchAction\",\"target\":{\"@type\":\"EntryPoint\",\"urlTemplate\":\"https:\\\/\\\/www.iloosi.fi\\\/en\\\/?s={search_term_string}\"},\"query-input\":{\"@type\":\"PropertyValueSpecification\",\"valueRequired\":true,\"valueName\":\"search_term_string\"}}],\"inLanguage\":\"en-US\"},{\"@type\":\"Organization\",\"@id\":\"https:\\\/\\\/www.iloosi.fi\\\/en\\\/#organization\",\"name\":\"Duuilo Oy\",\"url\":\"https:\\\/\\\/www.iloosi.fi\\\/en\\\/\",\"logo\":{\"@type\":\"ImageObject\",\"inLanguage\":\"en-US\",\"@id\":\"https:\\\/\\\/www.iloosi.fi\\\/en\\\/#\\\/schema\\\/logo\\\/image\\\/\",\"url\":\"https:\\\/\\\/www.iloosi.fi\\\/wp-content\\\/uploads\\\/2026\\\/04\\\/Screenshot-2026-04-29-214330.png\",\"contentUrl\":\"https:\\\/\\\/www.iloosi.fi\\\/wp-content\\\/uploads\\\/2026\\\/04\\\/Screenshot-2026-04-29-214330.png\",\"width\":406,\"height\":365,\"caption\":\"Duuilo Oy\"},\"image\":{\"@id\":\"https:\\\/\\\/www.iloosi.fi\\\/en\\\/#\\\/schema\\\/logo\\\/image\\\/\"},\"sameAs\":[\"https:\\\/\\\/www.facebook.com\\\/iloosi.fi\",\"https:\\\/\\\/www.instagram.com\\\/iloosi_shop\\\/?hl=fi\"],\"description\":\"iloosi on suomalainen verkkokauppa ja osa Memofotoa. Meille kuvat eiv\u00e4t ole vain tiedostoja tai printtej\u00e4 \u2013 ne ovat muistoja, tunteita ja ihmisille t\u00e4rkeit\u00e4 hetki\u00e4. Siksi halusimme luoda verkkokaupan, jossa omista kuvista, teksteist\u00e4 ja ideoista voi tehd\u00e4 helposti persoonallisia tuotteita arkeen, lahjaksi ja juhlaan.\",\"email\":\"iloosi@iloosi.fi\",\"telephone\":\"+358400896226\",\"legalName\":\"Memofoto Oy\",\"foundingDate\":\"1947-01-01\",\"vatID\":\"FI35342246\",\"numberOfEmployees\":{\"@type\":\"QuantitativeValue\",\"minValue\":\"1\",\"maxValue\":\"10\"},\"hasMerchantReturnPolicy\":{\"@type\":\"MerchantReturnPolicy\",\"merchantReturnLink\":\"https:\\\/\\\/www.iloosi.fi\\\/toimitus-ja-maksuehdot\\\/\"}}]}<\/script>\n<meta property=\"product:price:amount\" content=\"200.30\" \/>\n<meta property=\"product:price:currency\" content=\"EUR\" \/>\n<meta property=\"og:availability\" content=\"instock\" \/>\n<meta property=\"product:availability\" content=\"instock\" \/>\n<meta property=\"product:condition\" content=\"new\" \/>\n<!-- \/ Yoast SEO Premium plugin. -->","yoast_head_json":{"title":"Waterproof binoculars D\u00d6RR OCEAN 7x50 - iloosi","description":"D\u00f6rr Ocean 7x50 Waterproof binoculars, 5-year warranty. Clear image, really easy to look at, for year-round use. 2 carrying straps: regular and floating.","robots":{"index":"index","follow":"follow","max-snippet":"max-snippet:-1","max-image-preview":"max-image-preview:large","max-video-preview":"max-video-preview:-1"},"canonical":"https:\/\/www.iloosi.fi\/en\/tuotteet\/hiking-and-leisure\/waterproof-binoculars-dorr-ocean-7x50\/","og_locale":"en_US","og_type":"article","og_title":"Waterproof binoculars D\u00d6RR OCEAN 7x50","og_description":"Waterproof binoculars D\u00d6RR OCEAN 7x50","og_url":"https:\/\/www.iloosi.fi\/en\/tuotteet\/hiking-and-leisure\/waterproof-binoculars-dorr-ocean-7x50\/","og_site_name":"iloosi","article_publisher":"https:\/\/www.facebook.com\/iloosi.fi","article_modified_time":"2025-12-13T12:43:09+00:00","og_image":[{"width":1024,"height":1024,"url":"https:\/\/www.iloosi.fi\/wp-content\/uploads\/2022\/11\/Vedenkestava-kiikari-DORR-OCEAN-7x50-1.jpg","type":"image\/jpeg"}],"twitter_card":"summary_large_image","twitter_misc":{"Price":"200,30&nbsp;&euro;","Availability":"In stock"},"schema":{"@context":"https:\/\/schema.org","@graph":[{"@type":"WebPage","@id":"https:\/\/www.iloosi.fi\/en\/tuotteet\/hiking-and-leisure\/waterproof-binoculars-dorr-ocean-7x50\/","url":"https:\/\/www.iloosi.fi\/en\/tuotteet\/hiking-and-leisure\/waterproof-binoculars-dorr-ocean-7x50\/","name":"Waterproof binoculars D\u00d6RR OCEAN 7x50 - iloosi","isPartOf":{"@id":"https:\/\/www.iloosi.fi\/en\/#website"},"primaryImageOfPage":{"@id":"https:\/\/www.iloosi.fi\/en\/tuotteet\/hiking-and-leisure\/waterproof-binoculars-dorr-ocean-7x50\/#primaryimage"},"image":{"@id":"https:\/\/www.iloosi.fi\/en\/tuotteet\/hiking-and-leisure\/waterproof-binoculars-dorr-ocean-7x50\/#primaryimage"},"thumbnailUrl":"https:\/\/www.iloosi.fi\/wp-content\/uploads\/2022\/11\/Vedenkestava-kiikari-DORR-OCEAN-7x50-1.jpg","datePublished":"2022-11-01T12:46:32+00:00","dateModified":"2025-12-13T12:43:09+00:00","description":"D\u00f6rr Ocean 7x50 Waterproof binoculars, 5-year warranty. Clear image, really easy to look at, for year-round use. 2 carrying straps: regular and floating.","breadcrumb":{"@id":"https:\/\/www.iloosi.fi\/en\/tuotteet\/hiking-and-leisure\/waterproof-binoculars-dorr-ocean-7x50\/#breadcrumb"},"inLanguage":"en-US","potentialAction":[{"@type":"ReadAction","target":["https:\/\/www.iloosi.fi\/en\/tuotteet\/hiking-and-leisure\/waterproof-binoculars-dorr-ocean-7x50\/"]}]},{"@type":"ImageObject","inLanguage":"en-US","@id":"https:\/\/www.iloosi.fi\/en\/tuotteet\/hiking-and-leisure\/waterproof-binoculars-dorr-ocean-7x50\/#primaryimage","url":"https:\/\/www.iloosi.fi\/wp-content\/uploads\/2022\/11\/Vedenkestava-kiikari-DORR-OCEAN-7x50-1.jpg","contentUrl":"https:\/\/www.iloosi.fi\/wp-content\/uploads\/2022\/11\/Vedenkestava-kiikari-DORR-OCEAN-7x50-1.jpg","width":1024,"height":1024,"caption":"D\u00d6RR OCEAN 7x50 vedenkest\u00e4v\u00e4 kiikari"},{"@type":"BreadcrumbList","@id":"https:\/\/www.iloosi.fi\/en\/tuotteet\/hiking-and-leisure\/waterproof-binoculars-dorr-ocean-7x50\/#breadcrumb","itemListElement":[{"@type":"ListItem","position":1,"name":"Home","item":"https:\/\/www.iloosi.fi\/en\/"},{"@type":"ListItem","position":2,"name":"Shop","item":"https:\/\/www.iloosi.fi\/en\/shop\/"},{"@type":"ListItem","position":3,"name":"Waterproof binoculars D\u00d6RR OCEAN 7&#215;50"}]},{"@type":"WebSite","@id":"https:\/\/www.iloosi.fi\/en\/#website","url":"https:\/\/www.iloosi.fi\/en\/","name":"iloosi","description":"","publisher":{"@id":"https:\/\/www.iloosi.fi\/en\/#organization"},"potentialAction":[{"@type":"SearchAction","target":{"@type":"EntryPoint","urlTemplate":"https:\/\/www.iloosi.fi\/en\/?s={search_term_string}"},"query-input":{"@type":"PropertyValueSpecification","valueRequired":true,"valueName":"search_term_string"}}],"inLanguage":"en-US"},{"@type":"Organization","@id":"https:\/\/www.iloosi.fi\/en\/#organization","name":"Duuilo Oy","url":"https:\/\/www.iloosi.fi\/en\/","logo":{"@type":"ImageObject","inLanguage":"en-US","@id":"https:\/\/www.iloosi.fi\/en\/#\/schema\/logo\/image\/","url":"https:\/\/www.iloosi.fi\/wp-content\/uploads\/2026\/04\/Screenshot-2026-04-29-214330.png","contentUrl":"https:\/\/www.iloosi.fi\/wp-content\/uploads\/2026\/04\/Screenshot-2026-04-29-214330.png","width":406,"height":365,"caption":"Duuilo Oy"},"image":{"@id":"https:\/\/www.iloosi.fi\/en\/#\/schema\/logo\/image\/"},"sameAs":["https:\/\/www.facebook.com\/iloosi.fi","https:\/\/www.instagram.com\/iloosi_shop\/?hl=fi"],"description":"iloosi on suomalainen verkkokauppa ja osa Memofotoa. Meille kuvat eiv\u00e4t ole vain tiedostoja tai printtej\u00e4 \u2013 ne ovat muistoja, tunteita ja ihmisille t\u00e4rkeit\u00e4 hetki\u00e4. Siksi halusimme luoda verkkokaupan, jossa omista kuvista, teksteist\u00e4 ja ideoista voi tehd\u00e4 helposti persoonallisia tuotteita arkeen, lahjaksi ja juhlaan.","email":"iloosi@iloosi.fi","telephone":"+358400896226","legalName":"Memofoto Oy","foundingDate":"1947-01-01","vatID":"FI35342246","numberOfEmployees":{"@type":"QuantitativeValue","minValue":"1","maxValue":"10"},"hasMerchantReturnPolicy":{"@type":"MerchantReturnPolicy","merchantReturnLink":"https:\/\/www.iloosi.fi\/toimitus-ja-maksuehdot\/"}}]},"product_price_amount":"200.30","product_price_currency":"EUR","og_availability":"instock","product_availability":"instock","product_condition":"new"},"_links":{"self":[{"href":"https:\/\/www.iloosi.fi\/en\/wp-json\/wp\/v2\/product\/10589","targetHints":{"allow":["GET"]}}],"collection":[{"href":"https:\/\/www.iloosi.fi\/en\/wp-json\/wp\/v2\/product"}],"about":[{"href":"https:\/\/www.iloosi.fi\/en\/wp-json\/wp\/v2\/types\/product"}],"replies":[{"embeddable":true,"href":"https:\/\/www.iloosi.fi\/en\/wp-json\/wp\/v2\/comments?post=10589"}],"wp:featuredmedia":[{"embeddable":true,"href":"https:\/\/www.iloosi.fi\/en\/wp-json\/wp\/v2\/media\/4918"}],"wp:attachment":[{"href":"https:\/\/www.iloosi.fi\/en\/wp-json\/wp\/v2\/media?parent=10589"}],"wp:term":[{"taxonomy":"product_brand","embeddable":true,"href":"https:\/\/www.iloosi.fi\/en\/wp-json\/wp\/v2\/product_brand?post=10589"},{"taxonomy":"product_cat","embeddable":true,"href":"https:\/\/www.iloosi.fi\/en\/wp-json\/wp\/v2\/product_cat?post=10589"},{"taxonomy":"product_tag","embeddable":true,"href":"https:\/\/www.iloosi.fi\/en\/wp-json\/wp\/v2\/product_tag?post=10589"}],"curies":[{"name":"wp","href":"https:\/\/api.w.org\/{rel}","templated":true}]}}