{"id":10595,"date":"2022-11-01T13:06:45","date_gmt":"2022-11-01T11:06:45","guid":{"rendered":"https:\/\/iloosi.fi\/product\/binoculars-braun-trekking-8x32-wp\/"},"modified":"2025-12-13T14:42:43","modified_gmt":"2025-12-13T12:42:43","slug":"binoculars-braun-trekking-8x32-wp","status":"publish","type":"product","link":"https:\/\/www.iloosi.fi\/en\/tuotteet\/hiking-and-leisure\/binoculars\/binoculars-braun-trekking-8x32-wp\/","title":{"rendered":"Binoculars BRAUN TREKKING 8&#215;32 WP"},"content":{"rendered":"<div>BRAUN TREKKING 8&#215;32 WP binoculars &#8211; Batch Magazine Test Winner<\/div>\n<div><\/div>\n<div>The BRAUN TREKKING 8&#215;32 WP binoculars are small, pocket and handy &#8211; easy to carry. <\/div>\n<div>The special rubber coating provides a good grip and protection for binoculars.<\/div>\n<div>The high mechanical quality and the multi-film coating on all lenses make the binoculars very high quality and comfortable to use. The binoculars are also completely water, frost and dustproof. The BRAUN TREKKING 8&#215;32 WP is also suitable for most spectacle wearers.  <\/div>\n<div><\/div>\n<div>EAN 4000567201540<\/div>\n<div><\/div>\n<div>Magnification: 8x<\/div>\n<div>Front lens diameter: 32mm<\/div>\n<div>Lens system: Ultralit \u00ae glass lenses<\/div>\n<div>Luminosity: 16,0<\/div>\n<div>Luminosity: 16,0<\/div>\n<div>Prisma: ceiling prism BAK-4<\/div>\n<div>Lens coating: multi-film coating on all surfaces<\/div>\n<div>Output bubble: 4,0mm<\/div>\n<div>Mesh distance: 16mm<\/div>\n<div>Mesh spacing: 56-74mm<\/div>\n<div>Field of view: 7.5\u00b0, 131m\/1000m<\/div>\n<div>Closest focusing distance: 1.5m<\/div>\n<div>Diopter adjustment: -4\/ +4<\/div>\n<div>Water resistance: 1,5m \/ 3 minutes<\/div>\n<div>Nitrogen gas filling: is<\/div>\n<div>Suppilot: a spiral mesh of suppilot<\/div>\n<div>Thread: on<\/div>\n<div>Dimensions and weight approx: 110x107x48mm, 500g<\/div>\n<div>2-year manufacturer&#8217;s warranty<\/div>\n","protected":false},"excerpt":{"rendered":"<p>BRAUN TREKKING 8&#215;32 WP binoculars &#8211; Batch Magazine Test Winner The BRAUN TREKKING 8&#215;32 WP binoculars are small, pocket and handy &#8211; easy to carry. The special rubber coating provides a good grip and protection for binoculars. The high mechanical quality and the multi-film coating on all lenses make the binoculars very high quality and [&#8230;]\n","protected":false},"featured_media":4948,"comment_status":"open","ping_status":"closed","template":"","meta":[],"product_brand":[],"product_cat":[1126,956],"product_tag":[1121,1127,1120],"class_list":{"0":"post-10595","1":"product","2":"type-product","3":"status-publish","4":"has-post-thumbnail","6":"product_cat-binoculars","7":"product_cat-hiking-and-leisure","8":"product_tag-binoculars","9":"product_tag-binoculars-en","10":"product_tag-birdwatching","12":"first","13":"instock","14":"taxable","15":"shipping-taxable","16":"purchasable","17":"product-type-simple"},"bundled_by":[],"bundle_stock_status":"instock","bundle_stock_quantity":null,"bundle_virtual":false,"bundle_layout":"","bundle_add_to_cart_form_location":"","bundle_editable_in_cart":false,"bundle_sold_individually_context":"","bundle_item_grouping":"","bundle_min_size":"","bundle_max_size":"","bundled_items":[],"bundle_sell_ids":[],"yoast_head":"<!-- This site is optimized with the Yoast SEO Premium plugin v27.5 (Yoast SEO v27.5) - https:\/\/yoast.com\/product\/yoast-seo-premium-wordpress\/ -->\n<title>Binoculars BRAUN TREKKING 8x32 WP - iloosi<\/title>\n<meta name=\"description\" content=\"BRAUN Trekking 8x32 WP binoculars - Batch magazine test winner. A really handy size to take with you. High quality, good clear image.\" \/>\n<meta name=\"robots\" content=\"index, follow, max-snippet:-1, max-image-preview:large, max-video-preview:-1\" \/>\n<link rel=\"canonical\" href=\"https:\/\/www.iloosi.fi\/en\/tuotteet\/hiking-and-leisure\/binoculars\/binoculars-braun-trekking-8x32-wp\/\" \/>\n<meta property=\"og:locale\" content=\"en_US\" \/>\n<meta property=\"og:type\" content=\"article\" \/>\n<meta property=\"og:title\" content=\"Binoculars BRAUN TREKKING 8x32 WP\" \/>\n<meta property=\"og:description\" content=\"Binoculars BRAUN TREKKING 8x32 WP\" \/>\n<meta property=\"og:url\" content=\"https:\/\/www.iloosi.fi\/en\/tuotteet\/hiking-and-leisure\/binoculars\/binoculars-braun-trekking-8x32-wp\/\" \/>\n<meta property=\"og:site_name\" content=\"iloosi\" \/>\n<meta property=\"article:publisher\" content=\"https:\/\/www.facebook.com\/iloosi.fi\" \/>\n<meta property=\"article:modified_time\" content=\"2025-12-13T12:42:43+00:00\" \/>\n<meta property=\"og:image\" content=\"https:\/\/www.iloosi.fi\/wp-content\/uploads\/2022\/11\/Kiikarit-BRAUN-TREKKING-8x32-WP-1.jpg\" \/>\n\t<meta property=\"og:image:width\" content=\"1000\" \/>\n\t<meta property=\"og:image:height\" content=\"1000\" \/>\n\t<meta property=\"og:image:type\" content=\"image\/jpeg\" \/>\n<meta name=\"twitter:card\" content=\"summary_large_image\" \/>\n<meta name=\"twitter:label1\" content=\"Price\" \/>\n\t<meta name=\"twitter:data1\" content=\"278,20&nbsp;&euro;\" \/>\n\t<meta name=\"twitter:label2\" content=\"Availability\" \/>\n\t<meta name=\"twitter:data2\" content=\"In stock\" \/>\n<script type=\"application\/ld+json\" class=\"yoast-schema-graph\">{\"@context\":\"https:\\\/\\\/schema.org\",\"@graph\":[{\"@type\":\"WebPage\",\"@id\":\"https:\\\/\\\/www.iloosi.fi\\\/en\\\/tuotteet\\\/hiking-and-leisure\\\/binoculars\\\/binoculars-braun-trekking-8x32-wp\\\/\",\"url\":\"https:\\\/\\\/www.iloosi.fi\\\/en\\\/tuotteet\\\/hiking-and-leisure\\\/binoculars\\\/binoculars-braun-trekking-8x32-wp\\\/\",\"name\":\"Binoculars BRAUN TREKKING 8x32 WP - iloosi\",\"isPartOf\":{\"@id\":\"https:\\\/\\\/www.iloosi.fi\\\/en\\\/#website\"},\"primaryImageOfPage\":{\"@id\":\"https:\\\/\\\/www.iloosi.fi\\\/en\\\/tuotteet\\\/hiking-and-leisure\\\/binoculars\\\/binoculars-braun-trekking-8x32-wp\\\/#primaryimage\"},\"image\":{\"@id\":\"https:\\\/\\\/www.iloosi.fi\\\/en\\\/tuotteet\\\/hiking-and-leisure\\\/binoculars\\\/binoculars-braun-trekking-8x32-wp\\\/#primaryimage\"},\"thumbnailUrl\":\"https:\\\/\\\/www.iloosi.fi\\\/wp-content\\\/uploads\\\/2022\\\/11\\\/Kiikarit-BRAUN-TREKKING-8x32-WP-1.jpg\",\"datePublished\":\"2022-11-01T11:06:45+00:00\",\"dateModified\":\"2025-12-13T12:42:43+00:00\",\"description\":\"BRAUN Trekking 8x32 WP binoculars - Batch magazine test winner. A really handy size to take with you. High quality, good clear image.\",\"breadcrumb\":{\"@id\":\"https:\\\/\\\/www.iloosi.fi\\\/en\\\/tuotteet\\\/hiking-and-leisure\\\/binoculars\\\/binoculars-braun-trekking-8x32-wp\\\/#breadcrumb\"},\"inLanguage\":\"en-US\",\"potentialAction\":[{\"@type\":\"ReadAction\",\"target\":[\"https:\\\/\\\/www.iloosi.fi\\\/en\\\/tuotteet\\\/hiking-and-leisure\\\/binoculars\\\/binoculars-braun-trekking-8x32-wp\\\/\"]}]},{\"@type\":\"ImageObject\",\"inLanguage\":\"en-US\",\"@id\":\"https:\\\/\\\/www.iloosi.fi\\\/en\\\/tuotteet\\\/hiking-and-leisure\\\/binoculars\\\/binoculars-braun-trekking-8x32-wp\\\/#primaryimage\",\"url\":\"https:\\\/\\\/www.iloosi.fi\\\/wp-content\\\/uploads\\\/2022\\\/11\\\/Kiikarit-BRAUN-TREKKING-8x32-WP-1.jpg\",\"contentUrl\":\"https:\\\/\\\/www.iloosi.fi\\\/wp-content\\\/uploads\\\/2022\\\/11\\\/Kiikarit-BRAUN-TREKKING-8x32-WP-1.jpg\",\"width\":1000,\"height\":1000,\"caption\":\"Kiikarit BRAUN TREKKING 8x32 WP\"},{\"@type\":\"BreadcrumbList\",\"@id\":\"https:\\\/\\\/www.iloosi.fi\\\/en\\\/tuotteet\\\/hiking-and-leisure\\\/binoculars\\\/binoculars-braun-trekking-8x32-wp\\\/#breadcrumb\",\"itemListElement\":[{\"@type\":\"ListItem\",\"position\":1,\"name\":\"Home\",\"item\":\"https:\\\/\\\/www.iloosi.fi\\\/en\\\/\"},{\"@type\":\"ListItem\",\"position\":2,\"name\":\"Shop\",\"item\":\"https:\\\/\\\/www.iloosi.fi\\\/en\\\/shop\\\/\"},{\"@type\":\"ListItem\",\"position\":3,\"name\":\"Binoculars BRAUN TREKKING 8&#215;32 WP\"}]},{\"@type\":\"WebSite\",\"@id\":\"https:\\\/\\\/www.iloosi.fi\\\/en\\\/#website\",\"url\":\"https:\\\/\\\/www.iloosi.fi\\\/en\\\/\",\"name\":\"iloosi\",\"description\":\"\",\"publisher\":{\"@id\":\"https:\\\/\\\/www.iloosi.fi\\\/en\\\/#organization\"},\"potentialAction\":[{\"@type\":\"SearchAction\",\"target\":{\"@type\":\"EntryPoint\",\"urlTemplate\":\"https:\\\/\\\/www.iloosi.fi\\\/en\\\/?s={search_term_string}\"},\"query-input\":{\"@type\":\"PropertyValueSpecification\",\"valueRequired\":true,\"valueName\":\"search_term_string\"}}],\"inLanguage\":\"en-US\"},{\"@type\":\"Organization\",\"@id\":\"https:\\\/\\\/www.iloosi.fi\\\/en\\\/#organization\",\"name\":\"Duuilo Oy\",\"url\":\"https:\\\/\\\/www.iloosi.fi\\\/en\\\/\",\"logo\":{\"@type\":\"ImageObject\",\"inLanguage\":\"en-US\",\"@id\":\"https:\\\/\\\/www.iloosi.fi\\\/en\\\/#\\\/schema\\\/logo\\\/image\\\/\",\"url\":\"https:\\\/\\\/www.iloosi.fi\\\/wp-content\\\/uploads\\\/2026\\\/04\\\/Screenshot-2026-04-29-214330.png\",\"contentUrl\":\"https:\\\/\\\/www.iloosi.fi\\\/wp-content\\\/uploads\\\/2026\\\/04\\\/Screenshot-2026-04-29-214330.png\",\"width\":406,\"height\":365,\"caption\":\"Duuilo Oy\"},\"image\":{\"@id\":\"https:\\\/\\\/www.iloosi.fi\\\/en\\\/#\\\/schema\\\/logo\\\/image\\\/\"},\"sameAs\":[\"https:\\\/\\\/www.facebook.com\\\/iloosi.fi\",\"https:\\\/\\\/www.instagram.com\\\/iloosi_shop\\\/?hl=fi\"],\"description\":\"iloosi on suomalainen verkkokauppa ja osa Memofotoa. Meille kuvat eiv\u00e4t ole vain tiedostoja tai printtej\u00e4 \u2013 ne ovat muistoja, tunteita ja ihmisille t\u00e4rkeit\u00e4 hetki\u00e4. Siksi halusimme luoda verkkokaupan, jossa omista kuvista, teksteist\u00e4 ja ideoista voi tehd\u00e4 helposti persoonallisia tuotteita arkeen, lahjaksi ja juhlaan.\",\"email\":\"iloosi@iloosi.fi\",\"telephone\":\"+358400896226\",\"legalName\":\"Memofoto Oy\",\"foundingDate\":\"1947-01-01\",\"vatID\":\"FI35342246\",\"numberOfEmployees\":{\"@type\":\"QuantitativeValue\",\"minValue\":\"1\",\"maxValue\":\"10\"},\"hasMerchantReturnPolicy\":{\"@type\":\"MerchantReturnPolicy\",\"merchantReturnLink\":\"https:\\\/\\\/www.iloosi.fi\\\/toimitus-ja-maksuehdot\\\/\"}}]}<\/script>\n<meta property=\"product:price:amount\" content=\"278.20\" \/>\n<meta property=\"product:price:currency\" content=\"EUR\" \/>\n<meta property=\"og:availability\" content=\"instock\" \/>\n<meta property=\"product:availability\" content=\"instock\" \/>\n<meta property=\"product:condition\" content=\"new\" \/>\n<!-- \/ Yoast SEO Premium plugin. -->","yoast_head_json":{"title":"Binoculars BRAUN TREKKING 8x32 WP - iloosi","description":"BRAUN Trekking 8x32 WP binoculars - Batch magazine test winner. A really handy size to take with you. High quality, good clear image.","robots":{"index":"index","follow":"follow","max-snippet":"max-snippet:-1","max-image-preview":"max-image-preview:large","max-video-preview":"max-video-preview:-1"},"canonical":"https:\/\/www.iloosi.fi\/en\/tuotteet\/hiking-and-leisure\/binoculars\/binoculars-braun-trekking-8x32-wp\/","og_locale":"en_US","og_type":"article","og_title":"Binoculars BRAUN TREKKING 8x32 WP","og_description":"Binoculars BRAUN TREKKING 8x32 WP","og_url":"https:\/\/www.iloosi.fi\/en\/tuotteet\/hiking-and-leisure\/binoculars\/binoculars-braun-trekking-8x32-wp\/","og_site_name":"iloosi","article_publisher":"https:\/\/www.facebook.com\/iloosi.fi","article_modified_time":"2025-12-13T12:42:43+00:00","og_image":[{"width":1000,"height":1000,"url":"https:\/\/www.iloosi.fi\/wp-content\/uploads\/2022\/11\/Kiikarit-BRAUN-TREKKING-8x32-WP-1.jpg","type":"image\/jpeg"}],"twitter_card":"summary_large_image","twitter_misc":{"Price":"278,20&nbsp;&euro;","Availability":"In stock"},"schema":{"@context":"https:\/\/schema.org","@graph":[{"@type":"WebPage","@id":"https:\/\/www.iloosi.fi\/en\/tuotteet\/hiking-and-leisure\/binoculars\/binoculars-braun-trekking-8x32-wp\/","url":"https:\/\/www.iloosi.fi\/en\/tuotteet\/hiking-and-leisure\/binoculars\/binoculars-braun-trekking-8x32-wp\/","name":"Binoculars BRAUN TREKKING 8x32 WP - iloosi","isPartOf":{"@id":"https:\/\/www.iloosi.fi\/en\/#website"},"primaryImageOfPage":{"@id":"https:\/\/www.iloosi.fi\/en\/tuotteet\/hiking-and-leisure\/binoculars\/binoculars-braun-trekking-8x32-wp\/#primaryimage"},"image":{"@id":"https:\/\/www.iloosi.fi\/en\/tuotteet\/hiking-and-leisure\/binoculars\/binoculars-braun-trekking-8x32-wp\/#primaryimage"},"thumbnailUrl":"https:\/\/www.iloosi.fi\/wp-content\/uploads\/2022\/11\/Kiikarit-BRAUN-TREKKING-8x32-WP-1.jpg","datePublished":"2022-11-01T11:06:45+00:00","dateModified":"2025-12-13T12:42:43+00:00","description":"BRAUN Trekking 8x32 WP binoculars - Batch magazine test winner. A really handy size to take with you. High quality, good clear image.","breadcrumb":{"@id":"https:\/\/www.iloosi.fi\/en\/tuotteet\/hiking-and-leisure\/binoculars\/binoculars-braun-trekking-8x32-wp\/#breadcrumb"},"inLanguage":"en-US","potentialAction":[{"@type":"ReadAction","target":["https:\/\/www.iloosi.fi\/en\/tuotteet\/hiking-and-leisure\/binoculars\/binoculars-braun-trekking-8x32-wp\/"]}]},{"@type":"ImageObject","inLanguage":"en-US","@id":"https:\/\/www.iloosi.fi\/en\/tuotteet\/hiking-and-leisure\/binoculars\/binoculars-braun-trekking-8x32-wp\/#primaryimage","url":"https:\/\/www.iloosi.fi\/wp-content\/uploads\/2022\/11\/Kiikarit-BRAUN-TREKKING-8x32-WP-1.jpg","contentUrl":"https:\/\/www.iloosi.fi\/wp-content\/uploads\/2022\/11\/Kiikarit-BRAUN-TREKKING-8x32-WP-1.jpg","width":1000,"height":1000,"caption":"Kiikarit BRAUN TREKKING 8x32 WP"},{"@type":"BreadcrumbList","@id":"https:\/\/www.iloosi.fi\/en\/tuotteet\/hiking-and-leisure\/binoculars\/binoculars-braun-trekking-8x32-wp\/#breadcrumb","itemListElement":[{"@type":"ListItem","position":1,"name":"Home","item":"https:\/\/www.iloosi.fi\/en\/"},{"@type":"ListItem","position":2,"name":"Shop","item":"https:\/\/www.iloosi.fi\/en\/shop\/"},{"@type":"ListItem","position":3,"name":"Binoculars BRAUN TREKKING 8&#215;32 WP"}]},{"@type":"WebSite","@id":"https:\/\/www.iloosi.fi\/en\/#website","url":"https:\/\/www.iloosi.fi\/en\/","name":"iloosi","description":"","publisher":{"@id":"https:\/\/www.iloosi.fi\/en\/#organization"},"potentialAction":[{"@type":"SearchAction","target":{"@type":"EntryPoint","urlTemplate":"https:\/\/www.iloosi.fi\/en\/?s={search_term_string}"},"query-input":{"@type":"PropertyValueSpecification","valueRequired":true,"valueName":"search_term_string"}}],"inLanguage":"en-US"},{"@type":"Organization","@id":"https:\/\/www.iloosi.fi\/en\/#organization","name":"Duuilo Oy","url":"https:\/\/www.iloosi.fi\/en\/","logo":{"@type":"ImageObject","inLanguage":"en-US","@id":"https:\/\/www.iloosi.fi\/en\/#\/schema\/logo\/image\/","url":"https:\/\/www.iloosi.fi\/wp-content\/uploads\/2026\/04\/Screenshot-2026-04-29-214330.png","contentUrl":"https:\/\/www.iloosi.fi\/wp-content\/uploads\/2026\/04\/Screenshot-2026-04-29-214330.png","width":406,"height":365,"caption":"Duuilo Oy"},"image":{"@id":"https:\/\/www.iloosi.fi\/en\/#\/schema\/logo\/image\/"},"sameAs":["https:\/\/www.facebook.com\/iloosi.fi","https:\/\/www.instagram.com\/iloosi_shop\/?hl=fi"],"description":"iloosi on suomalainen verkkokauppa ja osa Memofotoa. Meille kuvat eiv\u00e4t ole vain tiedostoja tai printtej\u00e4 \u2013 ne ovat muistoja, tunteita ja ihmisille t\u00e4rkeit\u00e4 hetki\u00e4. Siksi halusimme luoda verkkokaupan, jossa omista kuvista, teksteist\u00e4 ja ideoista voi tehd\u00e4 helposti persoonallisia tuotteita arkeen, lahjaksi ja juhlaan.","email":"iloosi@iloosi.fi","telephone":"+358400896226","legalName":"Memofoto Oy","foundingDate":"1947-01-01","vatID":"FI35342246","numberOfEmployees":{"@type":"QuantitativeValue","minValue":"1","maxValue":"10"},"hasMerchantReturnPolicy":{"@type":"MerchantReturnPolicy","merchantReturnLink":"https:\/\/www.iloosi.fi\/toimitus-ja-maksuehdot\/"}}]},"product_price_amount":"278.20","product_price_currency":"EUR","og_availability":"instock","product_availability":"instock","product_condition":"new"},"_links":{"self":[{"href":"https:\/\/www.iloosi.fi\/en\/wp-json\/wp\/v2\/product\/10595","targetHints":{"allow":["GET"]}}],"collection":[{"href":"https:\/\/www.iloosi.fi\/en\/wp-json\/wp\/v2\/product"}],"about":[{"href":"https:\/\/www.iloosi.fi\/en\/wp-json\/wp\/v2\/types\/product"}],"replies":[{"embeddable":true,"href":"https:\/\/www.iloosi.fi\/en\/wp-json\/wp\/v2\/comments?post=10595"}],"wp:featuredmedia":[{"embeddable":true,"href":"https:\/\/www.iloosi.fi\/en\/wp-json\/wp\/v2\/media\/4948"}],"wp:attachment":[{"href":"https:\/\/www.iloosi.fi\/en\/wp-json\/wp\/v2\/media?parent=10595"}],"wp:term":[{"taxonomy":"product_brand","embeddable":true,"href":"https:\/\/www.iloosi.fi\/en\/wp-json\/wp\/v2\/product_brand?post=10595"},{"taxonomy":"product_cat","embeddable":true,"href":"https:\/\/www.iloosi.fi\/en\/wp-json\/wp\/v2\/product_cat?post=10595"},{"taxonomy":"product_tag","embeddable":true,"href":"https:\/\/www.iloosi.fi\/en\/wp-json\/wp\/v2\/product_tag?post=10595"}],"curies":[{"name":"wp","href":"https:\/\/api.w.org\/{rel}","templated":true}]}}