{"id":10651,"date":"2022-03-01T10:22:11","date_gmt":"2022-03-01T08:22:11","guid":{"rendered":"https:\/\/iloosi.fi\/product\/gift-voucher\/"},"modified":"2025-12-13T14:39:28","modified_gmt":"2025-12-13T12:39:28","slug":"gift-voucher","status":"publish","type":"product","link":"https:\/\/www.iloosi.fi\/en\/tuotteet\/gift-items\/gift-voucher\/","title":{"rendered":"Gift voucher"},"content":{"rendered":"<p>A gift voucher for the online shop iloosi is a wonderful gift idea. This way, the recipient can decide what they want. Delight with a gift card!<\/p>\n<p>You can use the gift card to buy all products in our online shop. The gift card does not have to be used in one go, but can be used in several instalments. The gift voucher will be delivered by email after purchase and the code received in the email will serve as a gift voucher in our online shop.<\/p>\n<p>The gift voucher will be delivered either to the email of the subscriber or the recipient of the gift voucher immediately after the order or on a specific date of your choice.<\/p>\n<p><strong>The gift card is valid for six months from the date of delivery.<\/strong><\/p>\n","protected":false},"excerpt":{"rendered":"<p>A gift voucher for the online shop iloosi is a wonderful gift idea. You can use the gift voucher to buy any product in our online shop. <\/p>\n","protected":false},"featured_media":8077,"comment_status":"closed","ping_status":"closed","template":"","meta":[],"product_brand":[],"product_cat":[787,1206],"product_tag":[],"class_list":{"0":"post-10651","1":"product","2":"type-product","3":"status-publish","4":"has-post-thumbnail","6":"product_cat-gift-items","7":"product_cat-gift-vouchers","9":"first","10":"instock","11":"taxable","12":"shipping-taxable","13":"purchasable","14":"product-type-variable","15":"has-default-attributes"},"bundled_by":[],"bundle_stock_status":"instock","bundle_stock_quantity":null,"bundle_virtual":false,"bundle_layout":"","bundle_add_to_cart_form_location":"","bundle_editable_in_cart":false,"bundle_sold_individually_context":"","bundle_item_grouping":"","bundle_min_size":"","bundle_max_size":"","bundled_items":[],"bundle_sell_ids":[],"yoast_head":"<!-- This site is optimized with the Yoast SEO Premium plugin v27.5 (Yoast SEO v27.5) - https:\/\/yoast.com\/product\/yoast-seo-premium-wordpress\/ -->\n<title>Gift voucher - iloosi<\/title>\n<meta name=\"description\" content=\"A gift voucher for the online shop iloosi is a wonderful gift idea. You can use the gift voucher to buy any product in our online shop.\" \/>\n<meta name=\"robots\" content=\"index, follow, max-snippet:-1, max-image-preview:large, max-video-preview:-1\" \/>\n<link rel=\"canonical\" href=\"https:\/\/www.iloosi.fi\/en\/tuotteet\/gift-items\/gift-voucher\/\" \/>\n<meta property=\"og:locale\" content=\"en_US\" \/>\n<meta property=\"og:type\" content=\"article\" \/>\n<meta property=\"og:title\" content=\"Gift voucher - iloosi\" \/>\n<meta property=\"og:description\" content=\"A gift voucher for the online shop iloosi is a wonderful gift idea. You can use the gift voucher to buy any product in our online shop.\" \/>\n<meta property=\"og:url\" content=\"https:\/\/www.iloosi.fi\/en\/tuotteet\/gift-items\/gift-voucher\/\" \/>\n<meta property=\"og:site_name\" content=\"iloosi\" \/>\n<meta property=\"article:publisher\" content=\"https:\/\/www.facebook.com\/iloosi.fi\" \/>\n<meta property=\"article:modified_time\" content=\"2025-12-13T12:39:28+00:00\" \/>\n<meta property=\"og:image\" content=\"https:\/\/www.iloosi.fi\/wp-content\/uploads\/2022\/03\/Iloosi_Lahjakortti.jpg\" \/>\n\t<meta property=\"og:image:width\" content=\"800\" \/>\n\t<meta property=\"og:image:height\" content=\"800\" \/>\n\t<meta property=\"og:image:type\" content=\"image\/jpeg\" \/>\n<meta name=\"twitter:card\" content=\"summary_large_image\" \/>\n<meta name=\"twitter:title\" content=\"Gift voucher - iloosi\" \/>\n<meta name=\"twitter:description\" content=\"A gift voucher for the online shop iloosi is a wonderful gift idea. You can use the gift voucher to buy any product in our online shop.\" \/>\n<meta name=\"twitter:label1\" content=\"Availability\" \/>\n\t<meta name=\"twitter:data1\" content=\"In stock\" \/>\n<script type=\"application\/ld+json\" class=\"yoast-schema-graph\">{\"@context\":\"https:\\\/\\\/schema.org\",\"@graph\":[{\"@type\":\"WebPage\",\"@id\":\"https:\\\/\\\/www.iloosi.fi\\\/en\\\/tuotteet\\\/gift-items\\\/gift-voucher\\\/\",\"url\":\"https:\\\/\\\/www.iloosi.fi\\\/en\\\/tuotteet\\\/gift-items\\\/gift-voucher\\\/\",\"name\":\"Gift voucher - iloosi\",\"isPartOf\":{\"@id\":\"https:\\\/\\\/www.iloosi.fi\\\/en\\\/#website\"},\"primaryImageOfPage\":{\"@id\":\"https:\\\/\\\/www.iloosi.fi\\\/en\\\/tuotteet\\\/gift-items\\\/gift-voucher\\\/#primaryimage\"},\"image\":{\"@id\":\"https:\\\/\\\/www.iloosi.fi\\\/en\\\/tuotteet\\\/gift-items\\\/gift-voucher\\\/#primaryimage\"},\"thumbnailUrl\":\"https:\\\/\\\/www.iloosi.fi\\\/wp-content\\\/uploads\\\/2022\\\/03\\\/Iloosi_Lahjakortti.jpg\",\"datePublished\":\"2022-03-01T08:22:11+00:00\",\"dateModified\":\"2025-12-13T12:39:28+00:00\",\"description\":\"A gift voucher for the online shop iloosi is a wonderful gift idea. You can use the gift voucher to buy any product in our online shop.\",\"breadcrumb\":{\"@id\":\"https:\\\/\\\/www.iloosi.fi\\\/en\\\/tuotteet\\\/gift-items\\\/gift-voucher\\\/#breadcrumb\"},\"inLanguage\":\"en-US\",\"potentialAction\":[{\"@type\":\"ReadAction\",\"target\":[\"https:\\\/\\\/www.iloosi.fi\\\/en\\\/tuotteet\\\/gift-items\\\/gift-voucher\\\/\"]}]},{\"@type\":\"ImageObject\",\"inLanguage\":\"en-US\",\"@id\":\"https:\\\/\\\/www.iloosi.fi\\\/en\\\/tuotteet\\\/gift-items\\\/gift-voucher\\\/#primaryimage\",\"url\":\"https:\\\/\\\/www.iloosi.fi\\\/wp-content\\\/uploads\\\/2022\\\/03\\\/Iloosi_Lahjakortti.jpg\",\"contentUrl\":\"https:\\\/\\\/www.iloosi.fi\\\/wp-content\\\/uploads\\\/2022\\\/03\\\/Iloosi_Lahjakortti.jpg\",\"width\":800,\"height\":800},{\"@type\":\"BreadcrumbList\",\"@id\":\"https:\\\/\\\/www.iloosi.fi\\\/en\\\/tuotteet\\\/gift-items\\\/gift-voucher\\\/#breadcrumb\",\"itemListElement\":[{\"@type\":\"ListItem\",\"position\":1,\"name\":\"Home\",\"item\":\"https:\\\/\\\/www.iloosi.fi\\\/en\\\/\"},{\"@type\":\"ListItem\",\"position\":2,\"name\":\"Shop\",\"item\":\"https:\\\/\\\/www.iloosi.fi\\\/en\\\/shop\\\/\"},{\"@type\":\"ListItem\",\"position\":3,\"name\":\"Gift voucher\"}]},{\"@type\":\"WebSite\",\"@id\":\"https:\\\/\\\/www.iloosi.fi\\\/en\\\/#website\",\"url\":\"https:\\\/\\\/www.iloosi.fi\\\/en\\\/\",\"name\":\"iloosi\",\"description\":\"\",\"publisher\":{\"@id\":\"https:\\\/\\\/www.iloosi.fi\\\/en\\\/#organization\"},\"potentialAction\":[{\"@type\":\"SearchAction\",\"target\":{\"@type\":\"EntryPoint\",\"urlTemplate\":\"https:\\\/\\\/www.iloosi.fi\\\/en\\\/?s={search_term_string}\"},\"query-input\":{\"@type\":\"PropertyValueSpecification\",\"valueRequired\":true,\"valueName\":\"search_term_string\"}}],\"inLanguage\":\"en-US\"},{\"@type\":\"Organization\",\"@id\":\"https:\\\/\\\/www.iloosi.fi\\\/en\\\/#organization\",\"name\":\"Duuilo Oy\",\"url\":\"https:\\\/\\\/www.iloosi.fi\\\/en\\\/\",\"logo\":{\"@type\":\"ImageObject\",\"inLanguage\":\"en-US\",\"@id\":\"https:\\\/\\\/www.iloosi.fi\\\/en\\\/#\\\/schema\\\/logo\\\/image\\\/\",\"url\":\"https:\\\/\\\/www.iloosi.fi\\\/wp-content\\\/uploads\\\/2026\\\/04\\\/Screenshot-2026-04-29-214330.png\",\"contentUrl\":\"https:\\\/\\\/www.iloosi.fi\\\/wp-content\\\/uploads\\\/2026\\\/04\\\/Screenshot-2026-04-29-214330.png\",\"width\":406,\"height\":365,\"caption\":\"Duuilo Oy\"},\"image\":{\"@id\":\"https:\\\/\\\/www.iloosi.fi\\\/en\\\/#\\\/schema\\\/logo\\\/image\\\/\"},\"sameAs\":[\"https:\\\/\\\/www.facebook.com\\\/iloosi.fi\",\"https:\\\/\\\/www.instagram.com\\\/iloosi_shop\\\/?hl=fi\"],\"description\":\"iloosi on suomalainen verkkokauppa ja osa Memofotoa. Meille kuvat eiv\u00e4t ole vain tiedostoja tai printtej\u00e4 \u2013 ne ovat muistoja, tunteita ja ihmisille t\u00e4rkeit\u00e4 hetki\u00e4. Siksi halusimme luoda verkkokaupan, jossa omista kuvista, teksteist\u00e4 ja ideoista voi tehd\u00e4 helposti persoonallisia tuotteita arkeen, lahjaksi ja juhlaan.\",\"email\":\"iloosi@iloosi.fi\",\"telephone\":\"+358400896226\",\"legalName\":\"Memofoto Oy\",\"foundingDate\":\"1947-01-01\",\"vatID\":\"FI35342246\",\"numberOfEmployees\":{\"@type\":\"QuantitativeValue\",\"minValue\":\"1\",\"maxValue\":\"10\"},\"hasMerchantReturnPolicy\":{\"@type\":\"MerchantReturnPolicy\",\"merchantReturnLink\":\"https:\\\/\\\/www.iloosi.fi\\\/toimitus-ja-maksuehdot\\\/\"}}]}<\/script>\n<meta property=\"og:availability\" content=\"instock\" \/>\n<meta property=\"product:availability\" content=\"instock\" \/>\n<meta property=\"product:condition\" content=\"new\" \/>\n<!-- \/ Yoast SEO Premium plugin. -->","yoast_head_json":{"title":"Gift voucher - iloosi","description":"A gift voucher for the online shop iloosi is a wonderful gift idea. You can use the gift voucher to buy any product in our online shop.","robots":{"index":"index","follow":"follow","max-snippet":"max-snippet:-1","max-image-preview":"max-image-preview:large","max-video-preview":"max-video-preview:-1"},"canonical":"https:\/\/www.iloosi.fi\/en\/tuotteet\/gift-items\/gift-voucher\/","og_locale":"en_US","og_type":"article","og_title":"Gift voucher - iloosi","og_description":"A gift voucher for the online shop iloosi is a wonderful gift idea. You can use the gift voucher to buy any product in our online shop.","og_url":"https:\/\/www.iloosi.fi\/en\/tuotteet\/gift-items\/gift-voucher\/","og_site_name":"iloosi","article_publisher":"https:\/\/www.facebook.com\/iloosi.fi","article_modified_time":"2025-12-13T12:39:28+00:00","og_image":[{"width":800,"height":800,"url":"https:\/\/www.iloosi.fi\/wp-content\/uploads\/2022\/03\/Iloosi_Lahjakortti.jpg","type":"image\/jpeg"}],"twitter_card":"summary_large_image","twitter_title":"Gift voucher - iloosi","twitter_description":"A gift voucher for the online shop iloosi is a wonderful gift idea. You can use the gift voucher to buy any product in our online shop.","twitter_misc":{"Availability":"In stock"},"schema":{"@context":"https:\/\/schema.org","@graph":[{"@type":"WebPage","@id":"https:\/\/www.iloosi.fi\/en\/tuotteet\/gift-items\/gift-voucher\/","url":"https:\/\/www.iloosi.fi\/en\/tuotteet\/gift-items\/gift-voucher\/","name":"Gift voucher - iloosi","isPartOf":{"@id":"https:\/\/www.iloosi.fi\/en\/#website"},"primaryImageOfPage":{"@id":"https:\/\/www.iloosi.fi\/en\/tuotteet\/gift-items\/gift-voucher\/#primaryimage"},"image":{"@id":"https:\/\/www.iloosi.fi\/en\/tuotteet\/gift-items\/gift-voucher\/#primaryimage"},"thumbnailUrl":"https:\/\/www.iloosi.fi\/wp-content\/uploads\/2022\/03\/Iloosi_Lahjakortti.jpg","datePublished":"2022-03-01T08:22:11+00:00","dateModified":"2025-12-13T12:39:28+00:00","description":"A gift voucher for the online shop iloosi is a wonderful gift idea. You can use the gift voucher to buy any product in our online shop.","breadcrumb":{"@id":"https:\/\/www.iloosi.fi\/en\/tuotteet\/gift-items\/gift-voucher\/#breadcrumb"},"inLanguage":"en-US","potentialAction":[{"@type":"ReadAction","target":["https:\/\/www.iloosi.fi\/en\/tuotteet\/gift-items\/gift-voucher\/"]}]},{"@type":"ImageObject","inLanguage":"en-US","@id":"https:\/\/www.iloosi.fi\/en\/tuotteet\/gift-items\/gift-voucher\/#primaryimage","url":"https:\/\/www.iloosi.fi\/wp-content\/uploads\/2022\/03\/Iloosi_Lahjakortti.jpg","contentUrl":"https:\/\/www.iloosi.fi\/wp-content\/uploads\/2022\/03\/Iloosi_Lahjakortti.jpg","width":800,"height":800},{"@type":"BreadcrumbList","@id":"https:\/\/www.iloosi.fi\/en\/tuotteet\/gift-items\/gift-voucher\/#breadcrumb","itemListElement":[{"@type":"ListItem","position":1,"name":"Home","item":"https:\/\/www.iloosi.fi\/en\/"},{"@type":"ListItem","position":2,"name":"Shop","item":"https:\/\/www.iloosi.fi\/en\/shop\/"},{"@type":"ListItem","position":3,"name":"Gift voucher"}]},{"@type":"WebSite","@id":"https:\/\/www.iloosi.fi\/en\/#website","url":"https:\/\/www.iloosi.fi\/en\/","name":"iloosi","description":"","publisher":{"@id":"https:\/\/www.iloosi.fi\/en\/#organization"},"potentialAction":[{"@type":"SearchAction","target":{"@type":"EntryPoint","urlTemplate":"https:\/\/www.iloosi.fi\/en\/?s={search_term_string}"},"query-input":{"@type":"PropertyValueSpecification","valueRequired":true,"valueName":"search_term_string"}}],"inLanguage":"en-US"},{"@type":"Organization","@id":"https:\/\/www.iloosi.fi\/en\/#organization","name":"Duuilo Oy","url":"https:\/\/www.iloosi.fi\/en\/","logo":{"@type":"ImageObject","inLanguage":"en-US","@id":"https:\/\/www.iloosi.fi\/en\/#\/schema\/logo\/image\/","url":"https:\/\/www.iloosi.fi\/wp-content\/uploads\/2026\/04\/Screenshot-2026-04-29-214330.png","contentUrl":"https:\/\/www.iloosi.fi\/wp-content\/uploads\/2026\/04\/Screenshot-2026-04-29-214330.png","width":406,"height":365,"caption":"Duuilo Oy"},"image":{"@id":"https:\/\/www.iloosi.fi\/en\/#\/schema\/logo\/image\/"},"sameAs":["https:\/\/www.facebook.com\/iloosi.fi","https:\/\/www.instagram.com\/iloosi_shop\/?hl=fi"],"description":"iloosi on suomalainen verkkokauppa ja osa Memofotoa. Meille kuvat eiv\u00e4t ole vain tiedostoja tai printtej\u00e4 \u2013 ne ovat muistoja, tunteita ja ihmisille t\u00e4rkeit\u00e4 hetki\u00e4. Siksi halusimme luoda verkkokaupan, jossa omista kuvista, teksteist\u00e4 ja ideoista voi tehd\u00e4 helposti persoonallisia tuotteita arkeen, lahjaksi ja juhlaan.","email":"iloosi@iloosi.fi","telephone":"+358400896226","legalName":"Memofoto Oy","foundingDate":"1947-01-01","vatID":"FI35342246","numberOfEmployees":{"@type":"QuantitativeValue","minValue":"1","maxValue":"10"},"hasMerchantReturnPolicy":{"@type":"MerchantReturnPolicy","merchantReturnLink":"https:\/\/www.iloosi.fi\/toimitus-ja-maksuehdot\/"}}]},"og_availability":"instock","product_availability":"instock","product_condition":"new"},"_links":{"self":[{"href":"https:\/\/www.iloosi.fi\/en\/wp-json\/wp\/v2\/product\/10651","targetHints":{"allow":["GET"]}}],"collection":[{"href":"https:\/\/www.iloosi.fi\/en\/wp-json\/wp\/v2\/product"}],"about":[{"href":"https:\/\/www.iloosi.fi\/en\/wp-json\/wp\/v2\/types\/product"}],"replies":[{"embeddable":true,"href":"https:\/\/www.iloosi.fi\/en\/wp-json\/wp\/v2\/comments?post=10651"}],"wp:featuredmedia":[{"embeddable":true,"href":"https:\/\/www.iloosi.fi\/en\/wp-json\/wp\/v2\/media\/8077"}],"wp:attachment":[{"href":"https:\/\/www.iloosi.fi\/en\/wp-json\/wp\/v2\/media?parent=10651"}],"wp:term":[{"taxonomy":"product_brand","embeddable":true,"href":"https:\/\/www.iloosi.fi\/en\/wp-json\/wp\/v2\/product_brand?post=10651"},{"taxonomy":"product_cat","embeddable":true,"href":"https:\/\/www.iloosi.fi\/en\/wp-json\/wp\/v2\/product_cat?post=10651"},{"taxonomy":"product_tag","embeddable":true,"href":"https:\/\/www.iloosi.fi\/en\/wp-json\/wp\/v2\/product_tag?post=10651"}],"curies":[{"name":"wp","href":"https:\/\/api.w.org\/{rel}","templated":true}]}}