{"id":10677,"date":"2021-12-07T14:39:51","date_gmt":"2021-12-07T12:39:51","guid":{"rendered":"https:\/\/iloosi.fi\/product\/soft-toy-elephant-with-your-own-picture-or-text\/"},"modified":"2025-12-13T14:38:58","modified_gmt":"2025-12-13T12:38:58","slug":"soft-toy-elephant-with-your-own-picture-or-text","status":"publish","type":"product","link":"https:\/\/www.iloosi.fi\/en\/tuotteet\/products-with-your-own-picture\/soft-toys\/soft-toy-elephant-with-your-own-picture-or-text\/","title":{"rendered":"Soft toy Elephant with your own picture or text"},"content":{"rendered":"<p>Soft toy Elephant with your own picture or text.<br \/>\nA lovely stuffed elephant as a gift or for your own play.<\/p>\n<p>In addition to the name and picture, you can also print a small song on the shirt.<br \/>\nThe size of the printed area is about 4,5 \u00d7 6 cm. <\/p>\n<p>Elephant height in sitting position 25 cm.<br \/>\nA personalised plush toy to suit your own style or as a unique gift!<\/p>\n<p>You can print a picture or a name or a few short words on the shirt (e.g. &#8220;HAPPY HAPPY HAPPY&#8221; or &#8220;YOU ARE LOVE&#8221; etc.).<\/p>\n<p>If you are ordering with a picture, please enter the image border request in the additional information. If no request is made, the image will be cropped to fit the product base so that the item is as visible as possible. <\/p>\n<p>See the <a href=\"https:\/\/www.iloosi.fi\/en\/material-guidelines\/\">material instructions.<\/a><\/p>\n<p>CE marked product. In accordance with the Toy Safety Directive, the product is not suitable for children under 3 years of age. <\/p>\n<p>Choose the right <a href=\"https:\/\/www.iloosi.fi\/product\/kortit-iloosin-pehmoleluista\/\">card<\/a> for your gift to go with your Soft Toy Elephant!<\/p>\n<p>For larger orders, please ask for a quote.<\/p>\n<p>Did you know that soft toys can act as mascots and bring a sense of happiness and security to children and adults alike? Soft toys can even be a collector&#8217;s item. They can be used to personalise a message to a friend or loved one. A soft toy can even be used to propose. A soft toy can be used to convey emotions from sadness to joy, to encourage and remind. Take the mascot in your rucksack, put it on the top of your wardrobe or bedside table or put it on your arm.     <\/p>\n","protected":false},"excerpt":{"rendered":"<p>Stuffed elephant with your own picture or text on the stuffed elephant&#8217;s shirt. A personalised plush toy for a unique gift! Personalise and order!  <\/p>\n<p>Make a personalised soft toy to suit your own style or as a unique gift!<\/p>\n<p>Please read <a href=\"https:\/\/www.iloosi.fi\/en\/material-guidelines\/\">the instructions<\/a> before submitting your photo(s).<\/p>\n<p>Choose the right <a href=\"https:\/\/www.iloosi.fi\/product\/kortit-iloosin-pehmoleluista\/\">card<\/a> for your gift to go with your Soft Toy Elephant!<\/p>\n<p>The height of the Iloosi soft toys is 18-25 cm.<\/p>\n<p>If you need more information about a product or would like a customisation or design service, please contact <a href=\"mailto:iloosi@iloosi.fi\">iloosi@iloosi.fi<\/a> or call. We&#8217;re happy to help. <\/p>\n","protected":false},"featured_media":7953,"comment_status":"open","ping_status":"closed","template":"","meta":[],"product_brand":[],"product_cat":[787,795,896],"product_tag":[912,898,792,900,897,899,800],"class_list":{"0":"post-10677","1":"product","2":"type-product","3":"status-publish","4":"has-post-thumbnail","6":"product_cat-gift-items","7":"product_cat-products-with-your-own-picture","8":"product_cat-soft-toys","9":"product_tag-elephant","10":"product_tag-for-a-child","11":"product_tag-gift","12":"product_tag-mascot","13":"product_tag-soft-toy","14":"product_tag-toy","15":"product_tag-with-your-own-picture","17":"first","18":"instock","19":"taxable","20":"shipping-taxable","21":"purchasable","22":"product-type-simple"},"bundled_by":[],"bundle_stock_status":"instock","bundle_stock_quantity":null,"bundle_virtual":false,"bundle_layout":"","bundle_add_to_cart_form_location":"","bundle_editable_in_cart":false,"bundle_sold_individually_context":"","bundle_item_grouping":"","bundle_min_size":"","bundle_max_size":"","bundled_items":[],"bundle_sell_ids":[],"yoast_head":"<!-- This site is optimized with the Yoast SEO Premium plugin v27.5 (Yoast SEO v27.5) - https:\/\/yoast.com\/product\/yoast-seo-premium-wordpress\/ -->\n<title>Soft toy Elephant with your own picture or text - iloosi<\/title>\n<meta name=\"description\" content=\"Soft toy Elephant with your own picture or text. Lovely stuffed elephant for sleep or play. The shirt can be printed with a name, a picture and\/or a slogan.\" \/>\n<meta name=\"robots\" content=\"index, follow, max-snippet:-1, max-image-preview:large, max-video-preview:-1\" \/>\n<link rel=\"canonical\" href=\"https:\/\/www.iloosi.fi\/en\/tuotteet\/products-with-your-own-picture\/soft-toys\/soft-toy-elephant-with-your-own-picture-or-text\/\" \/>\n<meta property=\"og:locale\" content=\"en_US\" \/>\n<meta property=\"og:type\" content=\"article\" \/>\n<meta property=\"og:title\" content=\"Soft toy Elephant with your own picture or text\" \/>\n<meta property=\"og:description\" content=\"Soft toy Elephant with your own picture or text\" \/>\n<meta property=\"og:url\" content=\"https:\/\/www.iloosi.fi\/en\/tuotteet\/products-with-your-own-picture\/soft-toys\/soft-toy-elephant-with-your-own-picture-or-text\/\" \/>\n<meta property=\"og:site_name\" content=\"iloosi\" \/>\n<meta property=\"article:publisher\" content=\"https:\/\/www.facebook.com\/iloosi.fi\" \/>\n<meta property=\"article:modified_time\" content=\"2025-12-13T12:38:58+00:00\" \/>\n<meta property=\"og:image\" content=\"https:\/\/www.iloosi.fi\/wp-content\/uploads\/2021\/12\/Pehmolelu_Norsu2.jpg\" \/>\n\t<meta property=\"og:image:width\" content=\"800\" \/>\n\t<meta property=\"og:image:height\" content=\"800\" \/>\n\t<meta property=\"og:image:type\" content=\"image\/jpeg\" \/>\n<meta name=\"twitter:card\" content=\"summary_large_image\" \/>\n<meta name=\"twitter:label1\" content=\"Price\" \/>\n\t<meta name=\"twitter:data1\" content=\"19,95&nbsp;&euro;\" \/>\n\t<meta name=\"twitter:label2\" content=\"Availability\" \/>\n\t<meta name=\"twitter:data2\" content=\"In stock\" \/>\n<script type=\"application\/ld+json\" class=\"yoast-schema-graph\">{\"@context\":\"https:\\\/\\\/schema.org\",\"@graph\":[{\"@type\":\"WebPage\",\"@id\":\"https:\\\/\\\/www.iloosi.fi\\\/en\\\/tuotteet\\\/products-with-your-own-picture\\\/soft-toys\\\/soft-toy-elephant-with-your-own-picture-or-text\\\/\",\"url\":\"https:\\\/\\\/www.iloosi.fi\\\/en\\\/tuotteet\\\/products-with-your-own-picture\\\/soft-toys\\\/soft-toy-elephant-with-your-own-picture-or-text\\\/\",\"name\":\"Soft toy Elephant with your own picture or text - iloosi\",\"isPartOf\":{\"@id\":\"https:\\\/\\\/www.iloosi.fi\\\/en\\\/#website\"},\"primaryImageOfPage\":{\"@id\":\"https:\\\/\\\/www.iloosi.fi\\\/en\\\/tuotteet\\\/products-with-your-own-picture\\\/soft-toys\\\/soft-toy-elephant-with-your-own-picture-or-text\\\/#primaryimage\"},\"image\":{\"@id\":\"https:\\\/\\\/www.iloosi.fi\\\/en\\\/tuotteet\\\/products-with-your-own-picture\\\/soft-toys\\\/soft-toy-elephant-with-your-own-picture-or-text\\\/#primaryimage\"},\"thumbnailUrl\":\"https:\\\/\\\/www.iloosi.fi\\\/wp-content\\\/uploads\\\/2021\\\/12\\\/Pehmolelu_Norsu2.jpg\",\"datePublished\":\"2021-12-07T12:39:51+00:00\",\"dateModified\":\"2025-12-13T12:38:58+00:00\",\"description\":\"Soft toy Elephant with your own picture or text. Lovely stuffed elephant for sleep or play. The shirt can be printed with a name, a picture and\\\/or a slogan.\",\"breadcrumb\":{\"@id\":\"https:\\\/\\\/www.iloosi.fi\\\/en\\\/tuotteet\\\/products-with-your-own-picture\\\/soft-toys\\\/soft-toy-elephant-with-your-own-picture-or-text\\\/#breadcrumb\"},\"inLanguage\":\"en-US\",\"potentialAction\":[{\"@type\":\"ReadAction\",\"target\":[\"https:\\\/\\\/www.iloosi.fi\\\/en\\\/tuotteet\\\/products-with-your-own-picture\\\/soft-toys\\\/soft-toy-elephant-with-your-own-picture-or-text\\\/\"]}]},{\"@type\":\"ImageObject\",\"inLanguage\":\"en-US\",\"@id\":\"https:\\\/\\\/www.iloosi.fi\\\/en\\\/tuotteet\\\/products-with-your-own-picture\\\/soft-toys\\\/soft-toy-elephant-with-your-own-picture-or-text\\\/#primaryimage\",\"url\":\"https:\\\/\\\/www.iloosi.fi\\\/wp-content\\\/uploads\\\/2021\\\/12\\\/Pehmolelu_Norsu2.jpg\",\"contentUrl\":\"https:\\\/\\\/www.iloosi.fi\\\/wp-content\\\/uploads\\\/2021\\\/12\\\/Pehmolelu_Norsu2.jpg\",\"width\":800,\"height\":800,\"caption\":\"Pehmolelu Norsu omalla kuvalla tai tekstill\u00e4\"},{\"@type\":\"BreadcrumbList\",\"@id\":\"https:\\\/\\\/www.iloosi.fi\\\/en\\\/tuotteet\\\/products-with-your-own-picture\\\/soft-toys\\\/soft-toy-elephant-with-your-own-picture-or-text\\\/#breadcrumb\",\"itemListElement\":[{\"@type\":\"ListItem\",\"position\":1,\"name\":\"Home\",\"item\":\"https:\\\/\\\/www.iloosi.fi\\\/en\\\/\"},{\"@type\":\"ListItem\",\"position\":2,\"name\":\"Shop\",\"item\":\"https:\\\/\\\/www.iloosi.fi\\\/en\\\/shop\\\/\"},{\"@type\":\"ListItem\",\"position\":3,\"name\":\"Soft toy Elephant with your own picture or text\"}]},{\"@type\":\"WebSite\",\"@id\":\"https:\\\/\\\/www.iloosi.fi\\\/en\\\/#website\",\"url\":\"https:\\\/\\\/www.iloosi.fi\\\/en\\\/\",\"name\":\"iloosi\",\"description\":\"\",\"publisher\":{\"@id\":\"https:\\\/\\\/www.iloosi.fi\\\/en\\\/#organization\"},\"potentialAction\":[{\"@type\":\"SearchAction\",\"target\":{\"@type\":\"EntryPoint\",\"urlTemplate\":\"https:\\\/\\\/www.iloosi.fi\\\/en\\\/?s={search_term_string}\"},\"query-input\":{\"@type\":\"PropertyValueSpecification\",\"valueRequired\":true,\"valueName\":\"search_term_string\"}}],\"inLanguage\":\"en-US\"},{\"@type\":\"Organization\",\"@id\":\"https:\\\/\\\/www.iloosi.fi\\\/en\\\/#organization\",\"name\":\"Duuilo Oy\",\"url\":\"https:\\\/\\\/www.iloosi.fi\\\/en\\\/\",\"logo\":{\"@type\":\"ImageObject\",\"inLanguage\":\"en-US\",\"@id\":\"https:\\\/\\\/www.iloosi.fi\\\/en\\\/#\\\/schema\\\/logo\\\/image\\\/\",\"url\":\"https:\\\/\\\/www.iloosi.fi\\\/wp-content\\\/uploads\\\/2026\\\/04\\\/Screenshot-2026-04-29-214330.png\",\"contentUrl\":\"https:\\\/\\\/www.iloosi.fi\\\/wp-content\\\/uploads\\\/2026\\\/04\\\/Screenshot-2026-04-29-214330.png\",\"width\":406,\"height\":365,\"caption\":\"Duuilo Oy\"},\"image\":{\"@id\":\"https:\\\/\\\/www.iloosi.fi\\\/en\\\/#\\\/schema\\\/logo\\\/image\\\/\"},\"sameAs\":[\"https:\\\/\\\/www.facebook.com\\\/iloosi.fi\",\"https:\\\/\\\/www.instagram.com\\\/iloosi_shop\\\/?hl=fi\"],\"description\":\"iloosi on suomalainen verkkokauppa ja osa Memofotoa. Meille kuvat eiv\u00e4t ole vain tiedostoja tai printtej\u00e4 \u2013 ne ovat muistoja, tunteita ja ihmisille t\u00e4rkeit\u00e4 hetki\u00e4. Siksi halusimme luoda verkkokaupan, jossa omista kuvista, teksteist\u00e4 ja ideoista voi tehd\u00e4 helposti persoonallisia tuotteita arkeen, lahjaksi ja juhlaan.\",\"email\":\"iloosi@iloosi.fi\",\"telephone\":\"+358400896226\",\"legalName\":\"Memofoto Oy\",\"foundingDate\":\"1947-01-01\",\"vatID\":\"FI35342246\",\"numberOfEmployees\":{\"@type\":\"QuantitativeValue\",\"minValue\":\"1\",\"maxValue\":\"10\"},\"hasMerchantReturnPolicy\":{\"@type\":\"MerchantReturnPolicy\",\"merchantReturnLink\":\"https:\\\/\\\/www.iloosi.fi\\\/toimitus-ja-maksuehdot\\\/\"}}]}<\/script>\n<meta property=\"product:price:amount\" content=\"19.95\" \/>\n<meta property=\"product:price:currency\" content=\"EUR\" \/>\n<meta property=\"og:availability\" content=\"instock\" \/>\n<meta property=\"product:availability\" content=\"instock\" \/>\n<meta property=\"product:condition\" content=\"new\" \/>\n<!-- \/ Yoast SEO Premium plugin. -->","yoast_head_json":{"title":"Soft toy Elephant with your own picture or text - iloosi","description":"Soft toy Elephant with your own picture or text. Lovely stuffed elephant for sleep or play. The shirt can be printed with a name, a picture and\/or a slogan.","robots":{"index":"index","follow":"follow","max-snippet":"max-snippet:-1","max-image-preview":"max-image-preview:large","max-video-preview":"max-video-preview:-1"},"canonical":"https:\/\/www.iloosi.fi\/en\/tuotteet\/products-with-your-own-picture\/soft-toys\/soft-toy-elephant-with-your-own-picture-or-text\/","og_locale":"en_US","og_type":"article","og_title":"Soft toy Elephant with your own picture or text","og_description":"Soft toy Elephant with your own picture or text","og_url":"https:\/\/www.iloosi.fi\/en\/tuotteet\/products-with-your-own-picture\/soft-toys\/soft-toy-elephant-with-your-own-picture-or-text\/","og_site_name":"iloosi","article_publisher":"https:\/\/www.facebook.com\/iloosi.fi","article_modified_time":"2025-12-13T12:38:58+00:00","og_image":[{"width":800,"height":800,"url":"https:\/\/www.iloosi.fi\/wp-content\/uploads\/2021\/12\/Pehmolelu_Norsu2.jpg","type":"image\/jpeg"}],"twitter_card":"summary_large_image","twitter_misc":{"Price":"19,95&nbsp;&euro;","Availability":"In stock"},"schema":{"@context":"https:\/\/schema.org","@graph":[{"@type":"WebPage","@id":"https:\/\/www.iloosi.fi\/en\/tuotteet\/products-with-your-own-picture\/soft-toys\/soft-toy-elephant-with-your-own-picture-or-text\/","url":"https:\/\/www.iloosi.fi\/en\/tuotteet\/products-with-your-own-picture\/soft-toys\/soft-toy-elephant-with-your-own-picture-or-text\/","name":"Soft toy Elephant with your own picture or text - iloosi","isPartOf":{"@id":"https:\/\/www.iloosi.fi\/en\/#website"},"primaryImageOfPage":{"@id":"https:\/\/www.iloosi.fi\/en\/tuotteet\/products-with-your-own-picture\/soft-toys\/soft-toy-elephant-with-your-own-picture-or-text\/#primaryimage"},"image":{"@id":"https:\/\/www.iloosi.fi\/en\/tuotteet\/products-with-your-own-picture\/soft-toys\/soft-toy-elephant-with-your-own-picture-or-text\/#primaryimage"},"thumbnailUrl":"https:\/\/www.iloosi.fi\/wp-content\/uploads\/2021\/12\/Pehmolelu_Norsu2.jpg","datePublished":"2021-12-07T12:39:51+00:00","dateModified":"2025-12-13T12:38:58+00:00","description":"Soft toy Elephant with your own picture or text. Lovely stuffed elephant for sleep or play. The shirt can be printed with a name, a picture and\/or a slogan.","breadcrumb":{"@id":"https:\/\/www.iloosi.fi\/en\/tuotteet\/products-with-your-own-picture\/soft-toys\/soft-toy-elephant-with-your-own-picture-or-text\/#breadcrumb"},"inLanguage":"en-US","potentialAction":[{"@type":"ReadAction","target":["https:\/\/www.iloosi.fi\/en\/tuotteet\/products-with-your-own-picture\/soft-toys\/soft-toy-elephant-with-your-own-picture-or-text\/"]}]},{"@type":"ImageObject","inLanguage":"en-US","@id":"https:\/\/www.iloosi.fi\/en\/tuotteet\/products-with-your-own-picture\/soft-toys\/soft-toy-elephant-with-your-own-picture-or-text\/#primaryimage","url":"https:\/\/www.iloosi.fi\/wp-content\/uploads\/2021\/12\/Pehmolelu_Norsu2.jpg","contentUrl":"https:\/\/www.iloosi.fi\/wp-content\/uploads\/2021\/12\/Pehmolelu_Norsu2.jpg","width":800,"height":800,"caption":"Pehmolelu Norsu omalla kuvalla tai tekstill\u00e4"},{"@type":"BreadcrumbList","@id":"https:\/\/www.iloosi.fi\/en\/tuotteet\/products-with-your-own-picture\/soft-toys\/soft-toy-elephant-with-your-own-picture-or-text\/#breadcrumb","itemListElement":[{"@type":"ListItem","position":1,"name":"Home","item":"https:\/\/www.iloosi.fi\/en\/"},{"@type":"ListItem","position":2,"name":"Shop","item":"https:\/\/www.iloosi.fi\/en\/shop\/"},{"@type":"ListItem","position":3,"name":"Soft toy Elephant with your own picture or text"}]},{"@type":"WebSite","@id":"https:\/\/www.iloosi.fi\/en\/#website","url":"https:\/\/www.iloosi.fi\/en\/","name":"iloosi","description":"","publisher":{"@id":"https:\/\/www.iloosi.fi\/en\/#organization"},"potentialAction":[{"@type":"SearchAction","target":{"@type":"EntryPoint","urlTemplate":"https:\/\/www.iloosi.fi\/en\/?s={search_term_string}"},"query-input":{"@type":"PropertyValueSpecification","valueRequired":true,"valueName":"search_term_string"}}],"inLanguage":"en-US"},{"@type":"Organization","@id":"https:\/\/www.iloosi.fi\/en\/#organization","name":"Duuilo Oy","url":"https:\/\/www.iloosi.fi\/en\/","logo":{"@type":"ImageObject","inLanguage":"en-US","@id":"https:\/\/www.iloosi.fi\/en\/#\/schema\/logo\/image\/","url":"https:\/\/www.iloosi.fi\/wp-content\/uploads\/2026\/04\/Screenshot-2026-04-29-214330.png","contentUrl":"https:\/\/www.iloosi.fi\/wp-content\/uploads\/2026\/04\/Screenshot-2026-04-29-214330.png","width":406,"height":365,"caption":"Duuilo Oy"},"image":{"@id":"https:\/\/www.iloosi.fi\/en\/#\/schema\/logo\/image\/"},"sameAs":["https:\/\/www.facebook.com\/iloosi.fi","https:\/\/www.instagram.com\/iloosi_shop\/?hl=fi"],"description":"iloosi on suomalainen verkkokauppa ja osa Memofotoa. Meille kuvat eiv\u00e4t ole vain tiedostoja tai printtej\u00e4 \u2013 ne ovat muistoja, tunteita ja ihmisille t\u00e4rkeit\u00e4 hetki\u00e4. Siksi halusimme luoda verkkokaupan, jossa omista kuvista, teksteist\u00e4 ja ideoista voi tehd\u00e4 helposti persoonallisia tuotteita arkeen, lahjaksi ja juhlaan.","email":"iloosi@iloosi.fi","telephone":"+358400896226","legalName":"Memofoto Oy","foundingDate":"1947-01-01","vatID":"FI35342246","numberOfEmployees":{"@type":"QuantitativeValue","minValue":"1","maxValue":"10"},"hasMerchantReturnPolicy":{"@type":"MerchantReturnPolicy","merchantReturnLink":"https:\/\/www.iloosi.fi\/toimitus-ja-maksuehdot\/"}}]},"product_price_amount":"19.95","product_price_currency":"EUR","og_availability":"instock","product_availability":"instock","product_condition":"new"},"_links":{"self":[{"href":"https:\/\/www.iloosi.fi\/en\/wp-json\/wp\/v2\/product\/10677","targetHints":{"allow":["GET"]}}],"collection":[{"href":"https:\/\/www.iloosi.fi\/en\/wp-json\/wp\/v2\/product"}],"about":[{"href":"https:\/\/www.iloosi.fi\/en\/wp-json\/wp\/v2\/types\/product"}],"replies":[{"embeddable":true,"href":"https:\/\/www.iloosi.fi\/en\/wp-json\/wp\/v2\/comments?post=10677"}],"wp:featuredmedia":[{"embeddable":true,"href":"https:\/\/www.iloosi.fi\/en\/wp-json\/wp\/v2\/media\/7953"}],"wp:attachment":[{"href":"https:\/\/www.iloosi.fi\/en\/wp-json\/wp\/v2\/media?parent=10677"}],"wp:term":[{"taxonomy":"product_brand","embeddable":true,"href":"https:\/\/www.iloosi.fi\/en\/wp-json\/wp\/v2\/product_brand?post=10677"},{"taxonomy":"product_cat","embeddable":true,"href":"https:\/\/www.iloosi.fi\/en\/wp-json\/wp\/v2\/product_cat?post=10677"},{"taxonomy":"product_tag","embeddable":true,"href":"https:\/\/www.iloosi.fi\/en\/wp-json\/wp\/v2\/product_tag?post=10677"}],"curies":[{"name":"wp","href":"https:\/\/api.w.org\/{rel}","templated":true}]}}