{"id":10695,"date":"2024-10-25T16:32:11","date_gmt":"2024-10-25T13:32:11","guid":{"rendered":"https:\/\/iloosi.fi\/product\/jack-jones-womens-t-shirt-with-your-own-image\/"},"modified":"2025-12-13T14:48:27","modified_gmt":"2025-12-13T12:48:27","slug":"jack-jones-womens-t-shirt-with-your-own-image","status":"publish","type":"product","link":"https:\/\/www.iloosi.fi\/en\/tuotteet\/products-with-your-own-picture\/t-shirts\/jack-jones-womens-t-shirt-with-your-own-image\/","title":{"rendered":"JACK &amp; JONES women&#8217;s t-shirt with your own image"},"content":{"rendered":"<p>Really high quality JACK &amp; JONES t-shirts with great prints of your own photos. For yourself or as a gift! <\/p>\n<p>Printing:<\/p>\n<p>&#8211; Front\/back: image scaled to A4\/A3 sheet size, cropped if necessary and positioned in the middle, about 6cm from the collar.<br \/>\n&#8211; For sleeves: image scaled to 8cm wide, cropped if necessary to 8cm high and positioned in the middle of the sleeve about 2cm from the seam.<br \/>\n&#8211; Please indicate any size or positioning requirements that deviate from this in the &#8220;Order Comments&#8221; field.*<br \/>\n* Smaller size or different positioning at no extra charge.<br \/>\n&#8211; If you are sending several different images for a shirt, please remember to name the files or instruct the positioning in the &#8220;Order Comments&#8221; field.<br \/>\nYou can send several images at once or e.g. vector graphics by compressing them in .zip format. <\/p>\n<p>Printing on all sides of the shirt is possible!<br \/>\nIf you need design assistance, printing on front\/back larger than A3 or a quote for larger quantities,<br \/>\nplease contact us. We are happy to help! <\/p>\n<p>Shirts:<\/p>\n<p>Made by JACK &amp; JONES<br \/>\nMaterial: 100% organic cotton<br \/>\nWeight: 180 g\/m\u00b2<br \/>\nSizes: XXS-3XL<br \/>\nHigh-quality smooth and soft material<br \/>\nSide seams<br \/>\n1.5cm high neckline and neck gusset<br \/>\n40\u00b0 wash<br \/>\nSmall size tab on neck, detachable washing instructions on side seam<\/p>\n<p>Measurement table:<\/p>\n<p><img loading=\"lazy\" decoding=\"async\" class=\"size-full wp-image-7366\" src=\"https:\/\/www.iloosi.fi\/wp-content\/uploads\/2024\/10\/jack-jones-naisten-t-paita-omalla-kuvalla-mittatulukko.png\" alt=\"jack-jones-women's-t-shirt-with-own-picture\" width=\"1440\" height=\"225\" srcset=\"https:\/\/www.iloosi.fi\/wp-content\/uploads\/2024\/10\/jack-jones-naisten-t-paita-omalla-kuvalla-mittatulukko.png 1440w, https:\/\/www.iloosi.fi\/wp-content\/uploads\/2024\/10\/jack-jones-naisten-t-paita-omalla-kuvalla-mittatulukko-300x47.png 300w, https:\/\/www.iloosi.fi\/wp-content\/uploads\/2024\/10\/jack-jones-naisten-t-paita-omalla-kuvalla-mittatulukko-1024x160.png 1024w, https:\/\/www.iloosi.fi\/wp-content\/uploads\/2024\/10\/jack-jones-naisten-t-paita-omalla-kuvalla-mittatulukko-768x120.png 768w, https:\/\/www.iloosi.fi\/wp-content\/uploads\/2024\/10\/jack-jones-naisten-t-paita-omalla-kuvalla-mittatulukko-600x94.png 600w\" sizes=\"auto, (max-width: 1440px) 100vw, 1440px\" \/><\/p>\n","protected":false},"excerpt":{"rendered":"<p>Really high quality JACK &amp; JONES t-shirts with great prints of your own photos. For yourself or as a gift! Printing: &#8211; Front\/back: image scaled to A4\/A3 sheet size, cropped if necessary and positioned in the middle, about 6cm from the collar. &#8211; For sleeves: image scaled to 8cm wide, cropped if necessary to 8cm [&#8230;]\n","protected":false},"featured_media":12703,"comment_status":"open","ping_status":"closed","template":"","meta":[],"product_brand":[],"product_cat":[795,1006],"product_tag":[792,803,1009,1007,1008,800,802],"class_list":{"0":"post-10695","1":"product","2":"type-product","3":"status-publish","4":"has-post-thumbnail","6":"product_cat-products-with-your-own-picture","7":"product_cat-t-shirts","8":"product_tag-gift","9":"product_tag-personalised","10":"product_tag-shirt","11":"product_tag-t-shirt","12":"product_tag-tpaita-en","13":"product_tag-with-your-own-picture","14":"product_tag-your-own-photo","16":"first","17":"instock","18":"taxable","19":"shipping-taxable","20":"purchasable","21":"product-type-variable","22":"has-default-attributes"},"bundled_by":[],"bundle_stock_status":"instock","bundle_stock_quantity":null,"bundle_virtual":false,"bundle_layout":"","bundle_add_to_cart_form_location":"","bundle_editable_in_cart":false,"bundle_sold_individually_context":"","bundle_item_grouping":"","bundle_min_size":"","bundle_max_size":"","bundled_items":[],"bundle_sell_ids":[],"yoast_head":"<!-- This site is optimized with the Yoast SEO Premium plugin v27.5 (Yoast SEO v27.5) - https:\/\/yoast.com\/product\/yoast-seo-premium-wordpress\/ -->\n<title>JACK &amp; JONES women&#039;s t-shirt with your own image - iloosi<\/title>\n<meta name=\"description\" content=\"Really high quality JACK &amp; JONES t-shirts with great prints of your own photos. Available in a wide range of colours, sizes XXS-3XL.\" \/>\n<meta name=\"robots\" content=\"index, follow, max-snippet:-1, max-image-preview:large, max-video-preview:-1\" \/>\n<link rel=\"canonical\" href=\"https:\/\/www.iloosi.fi\/en\/tuotteet\/products-with-your-own-picture\/t-shirts\/jack-jones-womens-t-shirt-with-your-own-image\/\" \/>\n<meta property=\"og:locale\" content=\"en_US\" \/>\n<meta property=\"og:type\" content=\"article\" \/>\n<meta property=\"og:title\" content=\"JACK &amp; JONES women&#039;s t-shirt with your own image\" \/>\n<meta property=\"og:description\" content=\"JACK &amp; JONES women&#039;s t-shirt with your own image\" \/>\n<meta property=\"og:url\" content=\"https:\/\/www.iloosi.fi\/en\/tuotteet\/products-with-your-own-picture\/t-shirts\/jack-jones-womens-t-shirt-with-your-own-image\/\" \/>\n<meta property=\"og:site_name\" content=\"iloosi\" \/>\n<meta property=\"article:publisher\" content=\"https:\/\/www.facebook.com\/iloosi.fi\" \/>\n<meta property=\"article:modified_time\" content=\"2025-12-13T12:48:27+00:00\" \/>\n<meta property=\"og:image\" content=\"https:\/\/www.iloosi.fi\/wp-content\/uploads\/2024\/10\/jack-jones-naisten-t-paita-omalla-kuvalla-1-1-1024x1024.png\" \/>\n\t<meta property=\"og:image:width\" content=\"1024\" \/>\n\t<meta property=\"og:image:height\" content=\"1024\" \/>\n\t<meta property=\"og:image:type\" content=\"image\/png\" \/>\n<meta name=\"twitter:card\" content=\"summary_large_image\" \/>\n<meta name=\"twitter:label1\" content=\"Availability\" \/>\n\t<meta name=\"twitter:data1\" content=\"In stock\" \/>\n<script type=\"application\/ld+json\" class=\"yoast-schema-graph\">{\"@context\":\"https:\\\/\\\/schema.org\",\"@graph\":[{\"@type\":\"WebPage\",\"@id\":\"https:\\\/\\\/www.iloosi.fi\\\/en\\\/tuotteet\\\/products-with-your-own-picture\\\/t-shirts\\\/jack-jones-womens-t-shirt-with-your-own-image\\\/\",\"url\":\"https:\\\/\\\/www.iloosi.fi\\\/en\\\/tuotteet\\\/products-with-your-own-picture\\\/t-shirts\\\/jack-jones-womens-t-shirt-with-your-own-image\\\/\",\"name\":\"JACK &amp; JONES women's t-shirt with your own image - iloosi\",\"isPartOf\":{\"@id\":\"https:\\\/\\\/www.iloosi.fi\\\/en\\\/#website\"},\"primaryImageOfPage\":{\"@id\":\"https:\\\/\\\/www.iloosi.fi\\\/en\\\/tuotteet\\\/products-with-your-own-picture\\\/t-shirts\\\/jack-jones-womens-t-shirt-with-your-own-image\\\/#primaryimage\"},\"image\":{\"@id\":\"https:\\\/\\\/www.iloosi.fi\\\/en\\\/tuotteet\\\/products-with-your-own-picture\\\/t-shirts\\\/jack-jones-womens-t-shirt-with-your-own-image\\\/#primaryimage\"},\"thumbnailUrl\":\"https:\\\/\\\/www.iloosi.fi\\\/wp-content\\\/uploads\\\/2024\\\/10\\\/jack-jones-naisten-t-paita-omalla-kuvalla-1-1.png\",\"datePublished\":\"2024-10-25T13:32:11+00:00\",\"dateModified\":\"2025-12-13T12:48:27+00:00\",\"description\":\"Really high quality JACK & JONES t-shirts with great prints of your own photos. Available in a wide range of colours, sizes XXS-3XL.\",\"breadcrumb\":{\"@id\":\"https:\\\/\\\/www.iloosi.fi\\\/en\\\/tuotteet\\\/products-with-your-own-picture\\\/t-shirts\\\/jack-jones-womens-t-shirt-with-your-own-image\\\/#breadcrumb\"},\"inLanguage\":\"en-US\",\"potentialAction\":[{\"@type\":\"ReadAction\",\"target\":[\"https:\\\/\\\/www.iloosi.fi\\\/en\\\/tuotteet\\\/products-with-your-own-picture\\\/t-shirts\\\/jack-jones-womens-t-shirt-with-your-own-image\\\/\"]}]},{\"@type\":\"ImageObject\",\"inLanguage\":\"en-US\",\"@id\":\"https:\\\/\\\/www.iloosi.fi\\\/en\\\/tuotteet\\\/products-with-your-own-picture\\\/t-shirts\\\/jack-jones-womens-t-shirt-with-your-own-image\\\/#primaryimage\",\"url\":\"https:\\\/\\\/www.iloosi.fi\\\/wp-content\\\/uploads\\\/2024\\\/10\\\/jack-jones-naisten-t-paita-omalla-kuvalla-1-1.png\",\"contentUrl\":\"https:\\\/\\\/www.iloosi.fi\\\/wp-content\\\/uploads\\\/2024\\\/10\\\/jack-jones-naisten-t-paita-omalla-kuvalla-1-1.png\",\"width\":2000,\"height\":2000,\"caption\":\"jack-jones-naisten-t-paita-omalla-kuvalla\"},{\"@type\":\"BreadcrumbList\",\"@id\":\"https:\\\/\\\/www.iloosi.fi\\\/en\\\/tuotteet\\\/products-with-your-own-picture\\\/t-shirts\\\/jack-jones-womens-t-shirt-with-your-own-image\\\/#breadcrumb\",\"itemListElement\":[{\"@type\":\"ListItem\",\"position\":1,\"name\":\"Home\",\"item\":\"https:\\\/\\\/www.iloosi.fi\\\/en\\\/\"},{\"@type\":\"ListItem\",\"position\":2,\"name\":\"Shop\",\"item\":\"https:\\\/\\\/www.iloosi.fi\\\/en\\\/shop\\\/\"},{\"@type\":\"ListItem\",\"position\":3,\"name\":\"JACK &amp; JONES women&#8217;s t-shirt with your own image\"}]},{\"@type\":\"WebSite\",\"@id\":\"https:\\\/\\\/www.iloosi.fi\\\/en\\\/#website\",\"url\":\"https:\\\/\\\/www.iloosi.fi\\\/en\\\/\",\"name\":\"iloosi\",\"description\":\"\",\"publisher\":{\"@id\":\"https:\\\/\\\/www.iloosi.fi\\\/en\\\/#organization\"},\"potentialAction\":[{\"@type\":\"SearchAction\",\"target\":{\"@type\":\"EntryPoint\",\"urlTemplate\":\"https:\\\/\\\/www.iloosi.fi\\\/en\\\/?s={search_term_string}\"},\"query-input\":{\"@type\":\"PropertyValueSpecification\",\"valueRequired\":true,\"valueName\":\"search_term_string\"}}],\"inLanguage\":\"en-US\"},{\"@type\":\"Organization\",\"@id\":\"https:\\\/\\\/www.iloosi.fi\\\/en\\\/#organization\",\"name\":\"Duuilo Oy\",\"url\":\"https:\\\/\\\/www.iloosi.fi\\\/en\\\/\",\"logo\":{\"@type\":\"ImageObject\",\"inLanguage\":\"en-US\",\"@id\":\"https:\\\/\\\/www.iloosi.fi\\\/en\\\/#\\\/schema\\\/logo\\\/image\\\/\",\"url\":\"https:\\\/\\\/www.iloosi.fi\\\/wp-content\\\/uploads\\\/2026\\\/04\\\/Screenshot-2026-04-29-214330.png\",\"contentUrl\":\"https:\\\/\\\/www.iloosi.fi\\\/wp-content\\\/uploads\\\/2026\\\/04\\\/Screenshot-2026-04-29-214330.png\",\"width\":406,\"height\":365,\"caption\":\"Duuilo Oy\"},\"image\":{\"@id\":\"https:\\\/\\\/www.iloosi.fi\\\/en\\\/#\\\/schema\\\/logo\\\/image\\\/\"},\"sameAs\":[\"https:\\\/\\\/www.facebook.com\\\/iloosi.fi\",\"https:\\\/\\\/www.instagram.com\\\/iloosi_shop\\\/?hl=fi\"],\"description\":\"iloosi on suomalainen verkkokauppa ja osa Memofotoa. Meille kuvat eiv\u00e4t ole vain tiedostoja tai printtej\u00e4 \u2013 ne ovat muistoja, tunteita ja ihmisille t\u00e4rkeit\u00e4 hetki\u00e4. Siksi halusimme luoda verkkokaupan, jossa omista kuvista, teksteist\u00e4 ja ideoista voi tehd\u00e4 helposti persoonallisia tuotteita arkeen, lahjaksi ja juhlaan.\",\"email\":\"iloosi@iloosi.fi\",\"telephone\":\"+358400896226\",\"legalName\":\"Memofoto Oy\",\"foundingDate\":\"1947-01-01\",\"vatID\":\"FI35342246\",\"numberOfEmployees\":{\"@type\":\"QuantitativeValue\",\"minValue\":\"1\",\"maxValue\":\"10\"},\"hasMerchantReturnPolicy\":{\"@type\":\"MerchantReturnPolicy\",\"merchantReturnLink\":\"https:\\\/\\\/www.iloosi.fi\\\/toimitus-ja-maksuehdot\\\/\"}}]}<\/script>\n<meta property=\"og:availability\" content=\"instock\" \/>\n<meta property=\"product:availability\" content=\"instock\" \/>\n<meta property=\"product:condition\" content=\"new\" \/>\n<!-- \/ Yoast SEO Premium plugin. -->","yoast_head_json":{"title":"JACK &amp; JONES women's t-shirt with your own image - iloosi","description":"Really high quality JACK & JONES t-shirts with great prints of your own photos. Available in a wide range of colours, sizes XXS-3XL.","robots":{"index":"index","follow":"follow","max-snippet":"max-snippet:-1","max-image-preview":"max-image-preview:large","max-video-preview":"max-video-preview:-1"},"canonical":"https:\/\/www.iloosi.fi\/en\/tuotteet\/products-with-your-own-picture\/t-shirts\/jack-jones-womens-t-shirt-with-your-own-image\/","og_locale":"en_US","og_type":"article","og_title":"JACK &amp; JONES women's t-shirt with your own image","og_description":"JACK &amp; JONES women's t-shirt with your own image","og_url":"https:\/\/www.iloosi.fi\/en\/tuotteet\/products-with-your-own-picture\/t-shirts\/jack-jones-womens-t-shirt-with-your-own-image\/","og_site_name":"iloosi","article_publisher":"https:\/\/www.facebook.com\/iloosi.fi","article_modified_time":"2025-12-13T12:48:27+00:00","og_image":[{"width":1024,"height":1024,"url":"https:\/\/www.iloosi.fi\/wp-content\/uploads\/2024\/10\/jack-jones-naisten-t-paita-omalla-kuvalla-1-1-1024x1024.png","type":"image\/png"}],"twitter_card":"summary_large_image","twitter_misc":{"Availability":"In stock"},"schema":{"@context":"https:\/\/schema.org","@graph":[{"@type":"WebPage","@id":"https:\/\/www.iloosi.fi\/en\/tuotteet\/products-with-your-own-picture\/t-shirts\/jack-jones-womens-t-shirt-with-your-own-image\/","url":"https:\/\/www.iloosi.fi\/en\/tuotteet\/products-with-your-own-picture\/t-shirts\/jack-jones-womens-t-shirt-with-your-own-image\/","name":"JACK &amp; JONES women's t-shirt with your own image - iloosi","isPartOf":{"@id":"https:\/\/www.iloosi.fi\/en\/#website"},"primaryImageOfPage":{"@id":"https:\/\/www.iloosi.fi\/en\/tuotteet\/products-with-your-own-picture\/t-shirts\/jack-jones-womens-t-shirt-with-your-own-image\/#primaryimage"},"image":{"@id":"https:\/\/www.iloosi.fi\/en\/tuotteet\/products-with-your-own-picture\/t-shirts\/jack-jones-womens-t-shirt-with-your-own-image\/#primaryimage"},"thumbnailUrl":"https:\/\/www.iloosi.fi\/wp-content\/uploads\/2024\/10\/jack-jones-naisten-t-paita-omalla-kuvalla-1-1.png","datePublished":"2024-10-25T13:32:11+00:00","dateModified":"2025-12-13T12:48:27+00:00","description":"Really high quality JACK & JONES t-shirts with great prints of your own photos. Available in a wide range of colours, sizes XXS-3XL.","breadcrumb":{"@id":"https:\/\/www.iloosi.fi\/en\/tuotteet\/products-with-your-own-picture\/t-shirts\/jack-jones-womens-t-shirt-with-your-own-image\/#breadcrumb"},"inLanguage":"en-US","potentialAction":[{"@type":"ReadAction","target":["https:\/\/www.iloosi.fi\/en\/tuotteet\/products-with-your-own-picture\/t-shirts\/jack-jones-womens-t-shirt-with-your-own-image\/"]}]},{"@type":"ImageObject","inLanguage":"en-US","@id":"https:\/\/www.iloosi.fi\/en\/tuotteet\/products-with-your-own-picture\/t-shirts\/jack-jones-womens-t-shirt-with-your-own-image\/#primaryimage","url":"https:\/\/www.iloosi.fi\/wp-content\/uploads\/2024\/10\/jack-jones-naisten-t-paita-omalla-kuvalla-1-1.png","contentUrl":"https:\/\/www.iloosi.fi\/wp-content\/uploads\/2024\/10\/jack-jones-naisten-t-paita-omalla-kuvalla-1-1.png","width":2000,"height":2000,"caption":"jack-jones-naisten-t-paita-omalla-kuvalla"},{"@type":"BreadcrumbList","@id":"https:\/\/www.iloosi.fi\/en\/tuotteet\/products-with-your-own-picture\/t-shirts\/jack-jones-womens-t-shirt-with-your-own-image\/#breadcrumb","itemListElement":[{"@type":"ListItem","position":1,"name":"Home","item":"https:\/\/www.iloosi.fi\/en\/"},{"@type":"ListItem","position":2,"name":"Shop","item":"https:\/\/www.iloosi.fi\/en\/shop\/"},{"@type":"ListItem","position":3,"name":"JACK &amp; JONES women&#8217;s t-shirt with your own image"}]},{"@type":"WebSite","@id":"https:\/\/www.iloosi.fi\/en\/#website","url":"https:\/\/www.iloosi.fi\/en\/","name":"iloosi","description":"","publisher":{"@id":"https:\/\/www.iloosi.fi\/en\/#organization"},"potentialAction":[{"@type":"SearchAction","target":{"@type":"EntryPoint","urlTemplate":"https:\/\/www.iloosi.fi\/en\/?s={search_term_string}"},"query-input":{"@type":"PropertyValueSpecification","valueRequired":true,"valueName":"search_term_string"}}],"inLanguage":"en-US"},{"@type":"Organization","@id":"https:\/\/www.iloosi.fi\/en\/#organization","name":"Duuilo Oy","url":"https:\/\/www.iloosi.fi\/en\/","logo":{"@type":"ImageObject","inLanguage":"en-US","@id":"https:\/\/www.iloosi.fi\/en\/#\/schema\/logo\/image\/","url":"https:\/\/www.iloosi.fi\/wp-content\/uploads\/2026\/04\/Screenshot-2026-04-29-214330.png","contentUrl":"https:\/\/www.iloosi.fi\/wp-content\/uploads\/2026\/04\/Screenshot-2026-04-29-214330.png","width":406,"height":365,"caption":"Duuilo Oy"},"image":{"@id":"https:\/\/www.iloosi.fi\/en\/#\/schema\/logo\/image\/"},"sameAs":["https:\/\/www.facebook.com\/iloosi.fi","https:\/\/www.instagram.com\/iloosi_shop\/?hl=fi"],"description":"iloosi on suomalainen verkkokauppa ja osa Memofotoa. Meille kuvat eiv\u00e4t ole vain tiedostoja tai printtej\u00e4 \u2013 ne ovat muistoja, tunteita ja ihmisille t\u00e4rkeit\u00e4 hetki\u00e4. Siksi halusimme luoda verkkokaupan, jossa omista kuvista, teksteist\u00e4 ja ideoista voi tehd\u00e4 helposti persoonallisia tuotteita arkeen, lahjaksi ja juhlaan.","email":"iloosi@iloosi.fi","telephone":"+358400896226","legalName":"Memofoto Oy","foundingDate":"1947-01-01","vatID":"FI35342246","numberOfEmployees":{"@type":"QuantitativeValue","minValue":"1","maxValue":"10"},"hasMerchantReturnPolicy":{"@type":"MerchantReturnPolicy","merchantReturnLink":"https:\/\/www.iloosi.fi\/toimitus-ja-maksuehdot\/"}}]},"og_availability":"instock","product_availability":"instock","product_condition":"new"},"_links":{"self":[{"href":"https:\/\/www.iloosi.fi\/en\/wp-json\/wp\/v2\/product\/10695","targetHints":{"allow":["GET"]}}],"collection":[{"href":"https:\/\/www.iloosi.fi\/en\/wp-json\/wp\/v2\/product"}],"about":[{"href":"https:\/\/www.iloosi.fi\/en\/wp-json\/wp\/v2\/types\/product"}],"replies":[{"embeddable":true,"href":"https:\/\/www.iloosi.fi\/en\/wp-json\/wp\/v2\/comments?post=10695"}],"wp:featuredmedia":[{"embeddable":true,"href":"https:\/\/www.iloosi.fi\/en\/wp-json\/wp\/v2\/media\/12703"}],"wp:attachment":[{"href":"https:\/\/www.iloosi.fi\/en\/wp-json\/wp\/v2\/media?parent=10695"}],"wp:term":[{"taxonomy":"product_brand","embeddable":true,"href":"https:\/\/www.iloosi.fi\/en\/wp-json\/wp\/v2\/product_brand?post=10695"},{"taxonomy":"product_cat","embeddable":true,"href":"https:\/\/www.iloosi.fi\/en\/wp-json\/wp\/v2\/product_cat?post=10695"},{"taxonomy":"product_tag","embeddable":true,"href":"https:\/\/www.iloosi.fi\/en\/wp-json\/wp\/v2\/product_tag?post=10695"}],"curies":[{"name":"wp","href":"https:\/\/api.w.org\/{rel}","templated":true}]}}