{"id":11511,"date":"2025-01-26T15:09:55","date_gmt":"2025-01-26T13:09:55","guid":{"rendered":"https:\/\/iloosi.fi\/product\/amleto-diamond-frame-10-x-15-cm\/"},"modified":"2026-01-15T15:46:10","modified_gmt":"2026-01-15T13:46:10","slug":"amleto-timanttikehys-10-x-15-cm","status":"publish","type":"product","link":"https:\/\/www.iloosi.fi\/en\/tuotteet\/picture-frames\/wedding-and-party-frames\/amleto-timanttikehys-10-x-15-cm\/","title":{"rendered":"Amleto diamond frame 10 x 15 cm"},"content":{"rendered":"<div>Amleto Diamond frame 10 x 15 cm &#8211; Brilliance for the pictures of your loved ones<\/div>\n<div><\/div>\n<div>\n<div>Elegant metal frame decorated with glass diamonds.<\/div>\n<div><\/div>\n<div>Great for party photos, anniversaries and as a gift.<\/div>\n<div><\/div>\n<div><\/div>\n<div>Image size 10&#215;15 cm<\/div>\n<div>Thickness of the frame approx. 1,1 cm <\/div>\n<div>External dimensions approx. 11,3 x 16,5 cm <\/div>\n<div>Velvet background<\/div>\n<div>Standing support horizontal \/ vertical<\/div>\n<div>In a gift box<\/div>\n<div><\/div>\n<div>External dimensions with packaging approx. 13 x 17,5 x 3 cm <\/div>\n<div>Weight 280g<\/div>\n<\/div>\n<div><\/div>\n<div>Looking for a way to frame your loved one beautifully? The Amleto Diamond Frame 10 x 15 cm is the perfect choice for a gift or to display your own photos.  This luxurious frame with sparkling diamond cuts will give your photos an elegant and dignified look. The diamonds may not be real, but they do look stunning. Perfect for special occasions, anniversaries and as a gift.  <\/div>\n<ul>\n<li>Perfect for special occasions: weddings, birthdays, anniversaries or any important celebration.<\/li>\n<li>Timeless design: elegant diamond cuts make the frame an eye-catcher on the desk or in the home.<\/li>\n<li>The ideal size to highlight your loved ones&#8217; photos.<\/li>\n<li>Perfect gift idea: Surprise your loved ones with a beautiful gift, especially if they love sparkle and elegance.<\/li>\n<\/ul>\n<div>Let the moments sparkle! The Amleto 10&#215;15 Diamond Frame is not just a frame &#8211; it&#8217;s part of a story that highlights the most beautiful things in your life. Create a mood at home or keep your loved ones close at hand.  <\/div>\n<div><\/div>\n<div>Order yours now and bring it into your home or give a touch of glamour as a gift!<\/div>\n<div>See also other <a href=\"https:\/\/www.iloosi.fi\/valokuvatuotteet\/kuvakehykset\/haa-ja-juhlakehykset\/\">wedding and party frames<\/a>.<\/div>\n","protected":false},"excerpt":{"rendered":"<p>Looking for a way to frame your loved one beautifully? The Amleto Diamond Frame 10 x 15 cm is the perfect choice for a gift or to display your own photos. <\/p>\n<p>At the same time, you can also conveniently order a picture for the frame. The picture is printed on high-quality, matt photo paper. <\/p>\n","protected":false},"featured_media":11510,"comment_status":"open","ping_status":"closed","template":"","meta":[],"product_brand":[],"product_cat":[935,1246],"product_tag":[1250,1247,1249,1251,1252,1253,1248],"class_list":{"0":"post-11511","1":"product","2":"type-product","3":"status-publish","4":"has-post-thumbnail","6":"product_cat-picture-frames","7":"product_cat-wedding-and-party-frames","8":"product_tag-birthday-gift-idea","9":"product_tag-diamond-frame","10":"product_tag-elegant-photo-frame","11":"product_tag-frame-for-a-loved-one","12":"product_tag-interior-photo-frame","13":"product_tag-luxury-photo-frame","14":"product_tag-photo-frame-wedding","16":"first","17":"instock","18":"taxable","19":"shipping-taxable","20":"purchasable","21":"product-type-simple"},"bundled_by":[],"bundle_stock_status":"instock","bundle_stock_quantity":null,"bundle_virtual":false,"bundle_layout":"","bundle_add_to_cart_form_location":"","bundle_editable_in_cart":false,"bundle_sold_individually_context":"","bundle_item_grouping":"","bundle_min_size":"","bundle_max_size":"","bundled_items":[],"bundle_sell_ids":[],"yoast_head":"<!-- This site is optimized with the Yoast SEO Premium plugin v27.5 (Yoast SEO v27.5) - https:\/\/yoast.com\/product\/yoast-seo-premium-wordpress\/ -->\n<title>Amleto diamond frame 10 x 15 cm - iloosi<\/title>\n<meta name=\"description\" content=\"Amleto Diamond Frame 10 x 15 cm, a sparkling elegant frame perfect for weddings, birthdays and gifts. Order now!\" \/>\n<meta name=\"robots\" content=\"index, follow, max-snippet:-1, max-image-preview:large, max-video-preview:-1\" \/>\n<link rel=\"canonical\" href=\"https:\/\/www.iloosi.fi\/en\/tuotteet\/picture-frames\/wedding-and-party-frames\/amleto-timanttikehys-10-x-15-cm\/\" \/>\n<meta property=\"og:locale\" content=\"en_US\" \/>\n<meta property=\"og:type\" content=\"article\" \/>\n<meta property=\"og:title\" content=\"Amleto diamond frame 10 x 15 cm\" \/>\n<meta property=\"og:description\" content=\"Amleto diamond frame 10 x 15 cm\" \/>\n<meta property=\"og:url\" content=\"https:\/\/www.iloosi.fi\/en\/tuotteet\/picture-frames\/wedding-and-party-frames\/amleto-timanttikehys-10-x-15-cm\/\" \/>\n<meta property=\"og:site_name\" content=\"iloosi\" \/>\n<meta property=\"article:publisher\" content=\"https:\/\/www.facebook.com\/iloosi.fi\" \/>\n<meta property=\"article:modified_time\" content=\"2026-01-15T13:46:10+00:00\" \/>\n<meta property=\"og:image\" content=\"https:\/\/www.iloosi.fi\/wp-content\/uploads\/2025\/01\/iloosi_Amleto10x15timanttikehys_41228-.jpg\" \/>\n\t<meta property=\"og:image:width\" content=\"510\" \/>\n\t<meta property=\"og:image:height\" content=\"425\" \/>\n\t<meta property=\"og:image:type\" content=\"image\/jpeg\" \/>\n<meta name=\"twitter:card\" content=\"summary_large_image\" \/>\n<meta name=\"twitter:label1\" content=\"Price\" \/>\n\t<meta name=\"twitter:data1\" content=\"31,60&nbsp;&euro;\" \/>\n\t<meta name=\"twitter:label2\" content=\"Availability\" \/>\n\t<meta name=\"twitter:data2\" content=\"In stock\" \/>\n<script type=\"application\/ld+json\" class=\"yoast-schema-graph\">{\"@context\":\"https:\\\/\\\/schema.org\",\"@graph\":[{\"@type\":\"WebPage\",\"@id\":\"https:\\\/\\\/www.iloosi.fi\\\/en\\\/tuotteet\\\/picture-frames\\\/wedding-and-party-frames\\\/amleto-timanttikehys-10-x-15-cm\\\/\",\"url\":\"https:\\\/\\\/www.iloosi.fi\\\/en\\\/tuotteet\\\/picture-frames\\\/wedding-and-party-frames\\\/amleto-timanttikehys-10-x-15-cm\\\/\",\"name\":\"Amleto diamond frame 10 x 15 cm - iloosi\",\"isPartOf\":{\"@id\":\"https:\\\/\\\/www.iloosi.fi\\\/en\\\/#website\"},\"primaryImageOfPage\":{\"@id\":\"https:\\\/\\\/www.iloosi.fi\\\/en\\\/tuotteet\\\/picture-frames\\\/wedding-and-party-frames\\\/amleto-timanttikehys-10-x-15-cm\\\/#primaryimage\"},\"image\":{\"@id\":\"https:\\\/\\\/www.iloosi.fi\\\/en\\\/tuotteet\\\/picture-frames\\\/wedding-and-party-frames\\\/amleto-timanttikehys-10-x-15-cm\\\/#primaryimage\"},\"thumbnailUrl\":\"https:\\\/\\\/www.iloosi.fi\\\/wp-content\\\/uploads\\\/2025\\\/01\\\/iloosi_Amleto10x15timanttikehys_41228-.jpg\",\"datePublished\":\"2025-01-26T13:09:55+00:00\",\"dateModified\":\"2026-01-15T13:46:10+00:00\",\"description\":\"Amleto Diamond Frame 10 x 15 cm, a sparkling elegant frame perfect for weddings, birthdays and gifts. Order now!\",\"breadcrumb\":{\"@id\":\"https:\\\/\\\/www.iloosi.fi\\\/en\\\/tuotteet\\\/picture-frames\\\/wedding-and-party-frames\\\/amleto-timanttikehys-10-x-15-cm\\\/#breadcrumb\"},\"inLanguage\":\"en-US\",\"potentialAction\":[{\"@type\":\"ReadAction\",\"target\":[\"https:\\\/\\\/www.iloosi.fi\\\/en\\\/tuotteet\\\/picture-frames\\\/wedding-and-party-frames\\\/amleto-timanttikehys-10-x-15-cm\\\/\"]}]},{\"@type\":\"ImageObject\",\"inLanguage\":\"en-US\",\"@id\":\"https:\\\/\\\/www.iloosi.fi\\\/en\\\/tuotteet\\\/picture-frames\\\/wedding-and-party-frames\\\/amleto-timanttikehys-10-x-15-cm\\\/#primaryimage\",\"url\":\"https:\\\/\\\/www.iloosi.fi\\\/wp-content\\\/uploads\\\/2025\\\/01\\\/iloosi_Amleto10x15timanttikehys_41228-.jpg\",\"contentUrl\":\"https:\\\/\\\/www.iloosi.fi\\\/wp-content\\\/uploads\\\/2025\\\/01\\\/iloosi_Amleto10x15timanttikehys_41228-.jpg\",\"width\":510,\"height\":425,\"caption\":\"Amleto Timanttikehys 10 x 15 cm\"},{\"@type\":\"BreadcrumbList\",\"@id\":\"https:\\\/\\\/www.iloosi.fi\\\/en\\\/tuotteet\\\/picture-frames\\\/wedding-and-party-frames\\\/amleto-timanttikehys-10-x-15-cm\\\/#breadcrumb\",\"itemListElement\":[{\"@type\":\"ListItem\",\"position\":1,\"name\":\"Home\",\"item\":\"https:\\\/\\\/www.iloosi.fi\\\/en\\\/\"},{\"@type\":\"ListItem\",\"position\":2,\"name\":\"Shop\",\"item\":\"https:\\\/\\\/www.iloosi.fi\\\/en\\\/shop\\\/\"},{\"@type\":\"ListItem\",\"position\":3,\"name\":\"Amleto diamond frame 10 x 15 cm\"}]},{\"@type\":\"WebSite\",\"@id\":\"https:\\\/\\\/www.iloosi.fi\\\/en\\\/#website\",\"url\":\"https:\\\/\\\/www.iloosi.fi\\\/en\\\/\",\"name\":\"iloosi\",\"description\":\"\",\"publisher\":{\"@id\":\"https:\\\/\\\/www.iloosi.fi\\\/en\\\/#organization\"},\"potentialAction\":[{\"@type\":\"SearchAction\",\"target\":{\"@type\":\"EntryPoint\",\"urlTemplate\":\"https:\\\/\\\/www.iloosi.fi\\\/en\\\/?s={search_term_string}\"},\"query-input\":{\"@type\":\"PropertyValueSpecification\",\"valueRequired\":true,\"valueName\":\"search_term_string\"}}],\"inLanguage\":\"en-US\"},{\"@type\":\"Organization\",\"@id\":\"https:\\\/\\\/www.iloosi.fi\\\/en\\\/#organization\",\"name\":\"Duuilo Oy\",\"url\":\"https:\\\/\\\/www.iloosi.fi\\\/en\\\/\",\"logo\":{\"@type\":\"ImageObject\",\"inLanguage\":\"en-US\",\"@id\":\"https:\\\/\\\/www.iloosi.fi\\\/en\\\/#\\\/schema\\\/logo\\\/image\\\/\",\"url\":\"https:\\\/\\\/www.iloosi.fi\\\/wp-content\\\/uploads\\\/2026\\\/04\\\/Screenshot-2026-04-29-214330.png\",\"contentUrl\":\"https:\\\/\\\/www.iloosi.fi\\\/wp-content\\\/uploads\\\/2026\\\/04\\\/Screenshot-2026-04-29-214330.png\",\"width\":406,\"height\":365,\"caption\":\"Duuilo Oy\"},\"image\":{\"@id\":\"https:\\\/\\\/www.iloosi.fi\\\/en\\\/#\\\/schema\\\/logo\\\/image\\\/\"},\"sameAs\":[\"https:\\\/\\\/www.facebook.com\\\/iloosi.fi\",\"https:\\\/\\\/www.instagram.com\\\/iloosi_shop\\\/?hl=fi\"],\"description\":\"iloosi on suomalainen verkkokauppa ja osa Memofotoa. Meille kuvat eiv\u00e4t ole vain tiedostoja tai printtej\u00e4 \u2013 ne ovat muistoja, tunteita ja ihmisille t\u00e4rkeit\u00e4 hetki\u00e4. Siksi halusimme luoda verkkokaupan, jossa omista kuvista, teksteist\u00e4 ja ideoista voi tehd\u00e4 helposti persoonallisia tuotteita arkeen, lahjaksi ja juhlaan.\",\"email\":\"iloosi@iloosi.fi\",\"telephone\":\"+358400896226\",\"legalName\":\"Memofoto Oy\",\"foundingDate\":\"1947-01-01\",\"vatID\":\"FI35342246\",\"numberOfEmployees\":{\"@type\":\"QuantitativeValue\",\"minValue\":\"1\",\"maxValue\":\"10\"},\"hasMerchantReturnPolicy\":{\"@type\":\"MerchantReturnPolicy\",\"merchantReturnLink\":\"https:\\\/\\\/www.iloosi.fi\\\/toimitus-ja-maksuehdot\\\/\"}}]}<\/script>\n<meta property=\"product:price:amount\" content=\"31.60\" \/>\n<meta property=\"product:price:currency\" content=\"EUR\" \/>\n<meta property=\"og:availability\" content=\"instock\" \/>\n<meta property=\"product:availability\" content=\"instock\" \/>\n<meta property=\"product:condition\" content=\"new\" \/>\n<!-- \/ Yoast SEO Premium plugin. -->","yoast_head_json":{"title":"Amleto diamond frame 10 x 15 cm - iloosi","description":"Amleto Diamond Frame 10 x 15 cm, a sparkling elegant frame perfect for weddings, birthdays and gifts. Order now!","robots":{"index":"index","follow":"follow","max-snippet":"max-snippet:-1","max-image-preview":"max-image-preview:large","max-video-preview":"max-video-preview:-1"},"canonical":"https:\/\/www.iloosi.fi\/en\/tuotteet\/picture-frames\/wedding-and-party-frames\/amleto-timanttikehys-10-x-15-cm\/","og_locale":"en_US","og_type":"article","og_title":"Amleto diamond frame 10 x 15 cm","og_description":"Amleto diamond frame 10 x 15 cm","og_url":"https:\/\/www.iloosi.fi\/en\/tuotteet\/picture-frames\/wedding-and-party-frames\/amleto-timanttikehys-10-x-15-cm\/","og_site_name":"iloosi","article_publisher":"https:\/\/www.facebook.com\/iloosi.fi","article_modified_time":"2026-01-15T13:46:10+00:00","og_image":[{"width":510,"height":425,"url":"https:\/\/www.iloosi.fi\/wp-content\/uploads\/2025\/01\/iloosi_Amleto10x15timanttikehys_41228-.jpg","type":"image\/jpeg"}],"twitter_card":"summary_large_image","twitter_misc":{"Price":"31,60&nbsp;&euro;","Availability":"In stock"},"schema":{"@context":"https:\/\/schema.org","@graph":[{"@type":"WebPage","@id":"https:\/\/www.iloosi.fi\/en\/tuotteet\/picture-frames\/wedding-and-party-frames\/amleto-timanttikehys-10-x-15-cm\/","url":"https:\/\/www.iloosi.fi\/en\/tuotteet\/picture-frames\/wedding-and-party-frames\/amleto-timanttikehys-10-x-15-cm\/","name":"Amleto diamond frame 10 x 15 cm - iloosi","isPartOf":{"@id":"https:\/\/www.iloosi.fi\/en\/#website"},"primaryImageOfPage":{"@id":"https:\/\/www.iloosi.fi\/en\/tuotteet\/picture-frames\/wedding-and-party-frames\/amleto-timanttikehys-10-x-15-cm\/#primaryimage"},"image":{"@id":"https:\/\/www.iloosi.fi\/en\/tuotteet\/picture-frames\/wedding-and-party-frames\/amleto-timanttikehys-10-x-15-cm\/#primaryimage"},"thumbnailUrl":"https:\/\/www.iloosi.fi\/wp-content\/uploads\/2025\/01\/iloosi_Amleto10x15timanttikehys_41228-.jpg","datePublished":"2025-01-26T13:09:55+00:00","dateModified":"2026-01-15T13:46:10+00:00","description":"Amleto Diamond Frame 10 x 15 cm, a sparkling elegant frame perfect for weddings, birthdays and gifts. Order now!","breadcrumb":{"@id":"https:\/\/www.iloosi.fi\/en\/tuotteet\/picture-frames\/wedding-and-party-frames\/amleto-timanttikehys-10-x-15-cm\/#breadcrumb"},"inLanguage":"en-US","potentialAction":[{"@type":"ReadAction","target":["https:\/\/www.iloosi.fi\/en\/tuotteet\/picture-frames\/wedding-and-party-frames\/amleto-timanttikehys-10-x-15-cm\/"]}]},{"@type":"ImageObject","inLanguage":"en-US","@id":"https:\/\/www.iloosi.fi\/en\/tuotteet\/picture-frames\/wedding-and-party-frames\/amleto-timanttikehys-10-x-15-cm\/#primaryimage","url":"https:\/\/www.iloosi.fi\/wp-content\/uploads\/2025\/01\/iloosi_Amleto10x15timanttikehys_41228-.jpg","contentUrl":"https:\/\/www.iloosi.fi\/wp-content\/uploads\/2025\/01\/iloosi_Amleto10x15timanttikehys_41228-.jpg","width":510,"height":425,"caption":"Amleto Timanttikehys 10 x 15 cm"},{"@type":"BreadcrumbList","@id":"https:\/\/www.iloosi.fi\/en\/tuotteet\/picture-frames\/wedding-and-party-frames\/amleto-timanttikehys-10-x-15-cm\/#breadcrumb","itemListElement":[{"@type":"ListItem","position":1,"name":"Home","item":"https:\/\/www.iloosi.fi\/en\/"},{"@type":"ListItem","position":2,"name":"Shop","item":"https:\/\/www.iloosi.fi\/en\/shop\/"},{"@type":"ListItem","position":3,"name":"Amleto diamond frame 10 x 15 cm"}]},{"@type":"WebSite","@id":"https:\/\/www.iloosi.fi\/en\/#website","url":"https:\/\/www.iloosi.fi\/en\/","name":"iloosi","description":"","publisher":{"@id":"https:\/\/www.iloosi.fi\/en\/#organization"},"potentialAction":[{"@type":"SearchAction","target":{"@type":"EntryPoint","urlTemplate":"https:\/\/www.iloosi.fi\/en\/?s={search_term_string}"},"query-input":{"@type":"PropertyValueSpecification","valueRequired":true,"valueName":"search_term_string"}}],"inLanguage":"en-US"},{"@type":"Organization","@id":"https:\/\/www.iloosi.fi\/en\/#organization","name":"Duuilo Oy","url":"https:\/\/www.iloosi.fi\/en\/","logo":{"@type":"ImageObject","inLanguage":"en-US","@id":"https:\/\/www.iloosi.fi\/en\/#\/schema\/logo\/image\/","url":"https:\/\/www.iloosi.fi\/wp-content\/uploads\/2026\/04\/Screenshot-2026-04-29-214330.png","contentUrl":"https:\/\/www.iloosi.fi\/wp-content\/uploads\/2026\/04\/Screenshot-2026-04-29-214330.png","width":406,"height":365,"caption":"Duuilo Oy"},"image":{"@id":"https:\/\/www.iloosi.fi\/en\/#\/schema\/logo\/image\/"},"sameAs":["https:\/\/www.facebook.com\/iloosi.fi","https:\/\/www.instagram.com\/iloosi_shop\/?hl=fi"],"description":"iloosi on suomalainen verkkokauppa ja osa Memofotoa. Meille kuvat eiv\u00e4t ole vain tiedostoja tai printtej\u00e4 \u2013 ne ovat muistoja, tunteita ja ihmisille t\u00e4rkeit\u00e4 hetki\u00e4. Siksi halusimme luoda verkkokaupan, jossa omista kuvista, teksteist\u00e4 ja ideoista voi tehd\u00e4 helposti persoonallisia tuotteita arkeen, lahjaksi ja juhlaan.","email":"iloosi@iloosi.fi","telephone":"+358400896226","legalName":"Memofoto Oy","foundingDate":"1947-01-01","vatID":"FI35342246","numberOfEmployees":{"@type":"QuantitativeValue","minValue":"1","maxValue":"10"},"hasMerchantReturnPolicy":{"@type":"MerchantReturnPolicy","merchantReturnLink":"https:\/\/www.iloosi.fi\/toimitus-ja-maksuehdot\/"}}]},"product_price_amount":"31.60","product_price_currency":"EUR","og_availability":"instock","product_availability":"instock","product_condition":"new"},"_links":{"self":[{"href":"https:\/\/www.iloosi.fi\/en\/wp-json\/wp\/v2\/product\/11511","targetHints":{"allow":["GET"]}}],"collection":[{"href":"https:\/\/www.iloosi.fi\/en\/wp-json\/wp\/v2\/product"}],"about":[{"href":"https:\/\/www.iloosi.fi\/en\/wp-json\/wp\/v2\/types\/product"}],"replies":[{"embeddable":true,"href":"https:\/\/www.iloosi.fi\/en\/wp-json\/wp\/v2\/comments?post=11511"}],"wp:featuredmedia":[{"embeddable":true,"href":"https:\/\/www.iloosi.fi\/en\/wp-json\/wp\/v2\/media\/11510"}],"wp:attachment":[{"href":"https:\/\/www.iloosi.fi\/en\/wp-json\/wp\/v2\/media?parent=11511"}],"wp:term":[{"taxonomy":"product_brand","embeddable":true,"href":"https:\/\/www.iloosi.fi\/en\/wp-json\/wp\/v2\/product_brand?post=11511"},{"taxonomy":"product_cat","embeddable":true,"href":"https:\/\/www.iloosi.fi\/en\/wp-json\/wp\/v2\/product_cat?post=11511"},{"taxonomy":"product_tag","embeddable":true,"href":"https:\/\/www.iloosi.fi\/en\/wp-json\/wp\/v2\/product_tag?post=11511"}],"curies":[{"name":"wp","href":"https:\/\/api.w.org\/{rel}","templated":true}]}}