{"id":14976,"date":"2025-10-27T14:26:09","date_gmt":"2025-10-27T12:26:09","guid":{"rendered":"https:\/\/www.iloosi.fi\/?post_type=product&#038;p=14976"},"modified":"2025-12-13T14:49:41","modified_gmt":"2025-12-13T12:49:41","slug":"heart-keyring-with-your-own-picture-artificial-leather-50x45mm-kopio","status":"publish","type":"product","link":"https:\/\/www.iloosi.fi\/en\/tuotteet\/products-with-your-own-picture\/keyrings\/heart-keyring-with-your-own-picture-artificial-leather-50x45mm-kopio\/","title":{"rendered":"Heart keyring with your own picture artificial leather 62x58mm"},"content":{"rendered":"<p>A heart keyring carefully made from high quality leatherette.<br \/>\nThe keyring is lightweight and thanks to its softness it is comfortable in your pocket and won&#8217;t scratch your motorbike, for example. <\/p>\n<p>High quality reproduction.<br \/>\nBeautiful Heart shaped keyring.<\/p>\n<p>Image area measure 62x58mm<\/p>\n","protected":false},"excerpt":{"rendered":"<p>A heart keyring carefully made from high quality leatherette. The keyring is lightweight and thanks to its softness it is comfortable in your pocket and won&#8217;t scratch your motorbike, for example. High quality reproduction. Beautiful Heart shaped keyring. Image area measure 62x58mm<\/p>\n","protected":false},"featured_media":14978,"comment_status":"open","ping_status":"closed","template":"","meta":[],"product_brand":[],"product_cat":[945,795],"product_tag":[],"class_list":{"0":"post-14976","1":"product","2":"type-product","3":"status-publish","4":"has-post-thumbnail","6":"product_cat-keyrings","7":"product_cat-products-with-your-own-picture","9":"first","10":"instock","11":"taxable","12":"shipping-taxable","13":"purchasable","14":"product-type-simple"},"bundled_by":[],"bundle_stock_status":"instock","bundle_stock_quantity":null,"bundle_virtual":false,"bundle_layout":"","bundle_add_to_cart_form_location":"","bundle_editable_in_cart":false,"bundle_sold_individually_context":"","bundle_item_grouping":"","bundle_min_size":"","bundle_max_size":"","bundled_items":[],"bundle_sell_ids":[],"yoast_head":"<!-- This site is optimized with the Yoast SEO Premium plugin v27.3 (Yoast SEO v27.3) - https:\/\/yoast.com\/product\/yoast-seo-premium-wordpress\/ -->\n<title>Heart keyring with your own picture artificial leather 62x58mm - iloosi<\/title>\n<meta name=\"description\" content=\"Heart keyring carefully made of high quality leatherette - High quality image reproduction - Image area measures approx. 62x58mm\" \/>\n<meta name=\"robots\" content=\"index, follow, max-snippet:-1, max-image-preview:large, max-video-preview:-1\" \/>\n<link rel=\"canonical\" href=\"https:\/\/www.iloosi.fi\/en\/tuotteet\/products-with-your-own-picture\/keyrings\/heart-keyring-with-your-own-picture-artificial-leather-50x45mm-kopio\/\" \/>\n<meta property=\"og:locale\" content=\"en_US\" \/>\n<meta property=\"og:type\" content=\"article\" \/>\n<meta property=\"og:title\" content=\"Heart keyring with your own picture artificial leather 62x58mm\" \/>\n<meta property=\"og:description\" content=\"Heart keyring carefully made of high quality leatherette - High quality image reproduction - Image area measures approx. 62x58mm\" \/>\n<meta property=\"og:url\" content=\"https:\/\/www.iloosi.fi\/en\/tuotteet\/products-with-your-own-picture\/keyrings\/heart-keyring-with-your-own-picture-artificial-leather-50x45mm-kopio\/\" \/>\n<meta property=\"og:site_name\" content=\"iloosi\" \/>\n<meta property=\"article:modified_time\" content=\"2025-12-13T12:49:41+00:00\" \/>\n<meta property=\"og:image\" content=\"https:\/\/www.iloosi.fi\/wp-content\/uploads\/2025\/10\/avaimenperakeinonahkaisosydan-62x58mm_41376_5a5ddd3d5305_1-1024x1024.png\" \/>\n\t<meta property=\"og:image:width\" content=\"1024\" \/>\n\t<meta property=\"og:image:height\" content=\"1024\" \/>\n\t<meta property=\"og:image:type\" content=\"image\/png\" \/>\n<meta name=\"twitter:card\" content=\"summary_large_image\" \/>\n<meta name=\"twitter:label1\" content=\"Price\" \/>\n\t<meta name=\"twitter:data1\" content=\"15,10&nbsp;&euro;\" \/>\n\t<meta name=\"twitter:label2\" content=\"Availability\" \/>\n\t<meta name=\"twitter:data2\" content=\"In stock\" \/>\n<script type=\"application\/ld+json\" class=\"yoast-schema-graph\">{\"@context\":\"https:\\\/\\\/schema.org\",\"@graph\":[{\"@type\":\"WebPage\",\"@id\":\"https:\\\/\\\/www.iloosi.fi\\\/en\\\/tuotteet\\\/products-with-your-own-picture\\\/keyrings\\\/heart-keyring-with-your-own-picture-artificial-leather-50x45mm-kopio\\\/\",\"url\":\"https:\\\/\\\/www.iloosi.fi\\\/en\\\/tuotteet\\\/products-with-your-own-picture\\\/keyrings\\\/heart-keyring-with-your-own-picture-artificial-leather-50x45mm-kopio\\\/\",\"name\":\"Heart keyring with your own picture artificial leather 62x58mm - iloosi\",\"isPartOf\":{\"@id\":\"https:\\\/\\\/www.iloosi.fi\\\/en\\\/#website\"},\"primaryImageOfPage\":{\"@id\":\"https:\\\/\\\/www.iloosi.fi\\\/en\\\/tuotteet\\\/products-with-your-own-picture\\\/keyrings\\\/heart-keyring-with-your-own-picture-artificial-leather-50x45mm-kopio\\\/#primaryimage\"},\"image\":{\"@id\":\"https:\\\/\\\/www.iloosi.fi\\\/en\\\/tuotteet\\\/products-with-your-own-picture\\\/keyrings\\\/heart-keyring-with-your-own-picture-artificial-leather-50x45mm-kopio\\\/#primaryimage\"},\"thumbnailUrl\":\"https:\\\/\\\/www.iloosi.fi\\\/wp-content\\\/uploads\\\/2025\\\/10\\\/avaimenperakeinonahkaisosydan-62x58mm_41376_5a5ddd3d5305_1.png\",\"datePublished\":\"2025-10-27T12:26:09+00:00\",\"dateModified\":\"2025-12-13T12:49:41+00:00\",\"description\":\"Heart keyring carefully made of high quality leatherette - High quality image reproduction - Image area measures approx. 62x58mm\",\"breadcrumb\":{\"@id\":\"https:\\\/\\\/www.iloosi.fi\\\/en\\\/tuotteet\\\/products-with-your-own-picture\\\/keyrings\\\/heart-keyring-with-your-own-picture-artificial-leather-50x45mm-kopio\\\/#breadcrumb\"},\"inLanguage\":\"en-US\",\"potentialAction\":[{\"@type\":\"ReadAction\",\"target\":[\"https:\\\/\\\/www.iloosi.fi\\\/en\\\/tuotteet\\\/products-with-your-own-picture\\\/keyrings\\\/heart-keyring-with-your-own-picture-artificial-leather-50x45mm-kopio\\\/\"]}]},{\"@type\":\"ImageObject\",\"inLanguage\":\"en-US\",\"@id\":\"https:\\\/\\\/www.iloosi.fi\\\/en\\\/tuotteet\\\/products-with-your-own-picture\\\/keyrings\\\/heart-keyring-with-your-own-picture-artificial-leather-50x45mm-kopio\\\/#primaryimage\",\"url\":\"https:\\\/\\\/www.iloosi.fi\\\/wp-content\\\/uploads\\\/2025\\\/10\\\/avaimenperakeinonahkaisosydan-62x58mm_41376_5a5ddd3d5305_1.png\",\"contentUrl\":\"https:\\\/\\\/www.iloosi.fi\\\/wp-content\\\/uploads\\\/2025\\\/10\\\/avaimenperakeinonahkaisosydan-62x58mm_41376_5a5ddd3d5305_1.png\",\"width\":2561,\"height\":2561,\"caption\":\"Laadukkaasta keinonahasta huolellisesti valmistettu syd\u00e4n avaimenper\u00e4 - Laadukas kuvanj\u00e4lki - Kuva alueen mitta noin 62x58mm\"},{\"@type\":\"BreadcrumbList\",\"@id\":\"https:\\\/\\\/www.iloosi.fi\\\/en\\\/tuotteet\\\/products-with-your-own-picture\\\/keyrings\\\/heart-keyring-with-your-own-picture-artificial-leather-50x45mm-kopio\\\/#breadcrumb\",\"itemListElement\":[{\"@type\":\"ListItem\",\"position\":1,\"name\":\"Home\",\"item\":\"https:\\\/\\\/www.iloosi.fi\\\/en\\\/\"},{\"@type\":\"ListItem\",\"position\":2,\"name\":\"Shop\",\"item\":\"https:\\\/\\\/www.iloosi.fi\\\/en\\\/shop\\\/\"},{\"@type\":\"ListItem\",\"position\":3,\"name\":\"Heart keyring with your own picture artificial leather 62x58mm\"}]},{\"@type\":\"WebSite\",\"@id\":\"https:\\\/\\\/www.iloosi.fi\\\/en\\\/#website\",\"url\":\"https:\\\/\\\/www.iloosi.fi\\\/en\\\/\",\"name\":\"iloosi\",\"description\":\"\",\"publisher\":{\"@id\":\"https:\\\/\\\/www.iloosi.fi\\\/en\\\/#organization\"},\"potentialAction\":[{\"@type\":\"SearchAction\",\"target\":{\"@type\":\"EntryPoint\",\"urlTemplate\":\"https:\\\/\\\/www.iloosi.fi\\\/en\\\/?s={search_term_string}\"},\"query-input\":{\"@type\":\"PropertyValueSpecification\",\"valueRequired\":true,\"valueName\":\"search_term_string\"}}],\"inLanguage\":\"en-US\"},{\"@type\":\"Organization\",\"@id\":\"https:\\\/\\\/www.iloosi.fi\\\/en\\\/#organization\",\"name\":\"Duuilo Oy\",\"url\":\"https:\\\/\\\/www.iloosi.fi\\\/en\\\/\",\"logo\":{\"@type\":\"ImageObject\",\"inLanguage\":\"en-US\",\"@id\":\"https:\\\/\\\/www.iloosi.fi\\\/en\\\/#\\\/schema\\\/logo\\\/image\\\/\",\"url\":\"https:\\\/\\\/www.iloosi.fi\\\/wp-content\\\/uploads\\\/2021\\\/10\\\/download.png\",\"contentUrl\":\"https:\\\/\\\/www.iloosi.fi\\\/wp-content\\\/uploads\\\/2021\\\/10\\\/download.png\",\"width\":225,\"height\":225,\"caption\":\"Duuilo Oy\"},\"image\":{\"@id\":\"https:\\\/\\\/www.iloosi.fi\\\/en\\\/#\\\/schema\\\/logo\\\/image\\\/\"},\"hasMerchantReturnPolicy\":{\"@type\":\"MerchantReturnPolicy\",\"merchantReturnLink\":\"https:\\\/\\\/www.iloosi.fi\\\/toimitus-ja-maksuehdot\\\/\"}}]}<\/script>\n<meta property=\"product:price:amount\" content=\"15.06\" \/>\n<meta property=\"product:price:currency\" content=\"EUR\" \/>\n<meta property=\"og:availability\" content=\"instock\" \/>\n<meta property=\"product:availability\" content=\"instock\" \/>\n<meta property=\"product:condition\" content=\"new\" \/>\n<!-- \/ Yoast SEO Premium plugin. -->","yoast_head_json":{"title":"Heart keyring with your own picture artificial leather 62x58mm - iloosi","description":"Heart keyring carefully made of high quality leatherette - High quality image reproduction - Image area measures approx. 62x58mm","robots":{"index":"index","follow":"follow","max-snippet":"max-snippet:-1","max-image-preview":"max-image-preview:large","max-video-preview":"max-video-preview:-1"},"canonical":"https:\/\/www.iloosi.fi\/en\/tuotteet\/products-with-your-own-picture\/keyrings\/heart-keyring-with-your-own-picture-artificial-leather-50x45mm-kopio\/","og_locale":"en_US","og_type":"article","og_title":"Heart keyring with your own picture artificial leather 62x58mm","og_description":"Heart keyring carefully made of high quality leatherette - High quality image reproduction - Image area measures approx. 62x58mm","og_url":"https:\/\/www.iloosi.fi\/en\/tuotteet\/products-with-your-own-picture\/keyrings\/heart-keyring-with-your-own-picture-artificial-leather-50x45mm-kopio\/","og_site_name":"iloosi","article_modified_time":"2025-12-13T12:49:41+00:00","og_image":[{"width":1024,"height":1024,"url":"https:\/\/www.iloosi.fi\/wp-content\/uploads\/2025\/10\/avaimenperakeinonahkaisosydan-62x58mm_41376_5a5ddd3d5305_1-1024x1024.png","type":"image\/png"}],"twitter_card":"summary_large_image","twitter_misc":{"Price":"15,10&nbsp;&euro;","Availability":"In stock"},"schema":{"@context":"https:\/\/schema.org","@graph":[{"@type":"WebPage","@id":"https:\/\/www.iloosi.fi\/en\/tuotteet\/products-with-your-own-picture\/keyrings\/heart-keyring-with-your-own-picture-artificial-leather-50x45mm-kopio\/","url":"https:\/\/www.iloosi.fi\/en\/tuotteet\/products-with-your-own-picture\/keyrings\/heart-keyring-with-your-own-picture-artificial-leather-50x45mm-kopio\/","name":"Heart keyring with your own picture artificial leather 62x58mm - iloosi","isPartOf":{"@id":"https:\/\/www.iloosi.fi\/en\/#website"},"primaryImageOfPage":{"@id":"https:\/\/www.iloosi.fi\/en\/tuotteet\/products-with-your-own-picture\/keyrings\/heart-keyring-with-your-own-picture-artificial-leather-50x45mm-kopio\/#primaryimage"},"image":{"@id":"https:\/\/www.iloosi.fi\/en\/tuotteet\/products-with-your-own-picture\/keyrings\/heart-keyring-with-your-own-picture-artificial-leather-50x45mm-kopio\/#primaryimage"},"thumbnailUrl":"https:\/\/www.iloosi.fi\/wp-content\/uploads\/2025\/10\/avaimenperakeinonahkaisosydan-62x58mm_41376_5a5ddd3d5305_1.png","datePublished":"2025-10-27T12:26:09+00:00","dateModified":"2025-12-13T12:49:41+00:00","description":"Heart keyring carefully made of high quality leatherette - High quality image reproduction - Image area measures approx. 62x58mm","breadcrumb":{"@id":"https:\/\/www.iloosi.fi\/en\/tuotteet\/products-with-your-own-picture\/keyrings\/heart-keyring-with-your-own-picture-artificial-leather-50x45mm-kopio\/#breadcrumb"},"inLanguage":"en-US","potentialAction":[{"@type":"ReadAction","target":["https:\/\/www.iloosi.fi\/en\/tuotteet\/products-with-your-own-picture\/keyrings\/heart-keyring-with-your-own-picture-artificial-leather-50x45mm-kopio\/"]}]},{"@type":"ImageObject","inLanguage":"en-US","@id":"https:\/\/www.iloosi.fi\/en\/tuotteet\/products-with-your-own-picture\/keyrings\/heart-keyring-with-your-own-picture-artificial-leather-50x45mm-kopio\/#primaryimage","url":"https:\/\/www.iloosi.fi\/wp-content\/uploads\/2025\/10\/avaimenperakeinonahkaisosydan-62x58mm_41376_5a5ddd3d5305_1.png","contentUrl":"https:\/\/www.iloosi.fi\/wp-content\/uploads\/2025\/10\/avaimenperakeinonahkaisosydan-62x58mm_41376_5a5ddd3d5305_1.png","width":2561,"height":2561,"caption":"Laadukkaasta keinonahasta huolellisesti valmistettu syd\u00e4n avaimenper\u00e4 - Laadukas kuvanj\u00e4lki - Kuva alueen mitta noin 62x58mm"},{"@type":"BreadcrumbList","@id":"https:\/\/www.iloosi.fi\/en\/tuotteet\/products-with-your-own-picture\/keyrings\/heart-keyring-with-your-own-picture-artificial-leather-50x45mm-kopio\/#breadcrumb","itemListElement":[{"@type":"ListItem","position":1,"name":"Home","item":"https:\/\/www.iloosi.fi\/en\/"},{"@type":"ListItem","position":2,"name":"Shop","item":"https:\/\/www.iloosi.fi\/en\/shop\/"},{"@type":"ListItem","position":3,"name":"Heart keyring with your own picture artificial leather 62x58mm"}]},{"@type":"WebSite","@id":"https:\/\/www.iloosi.fi\/en\/#website","url":"https:\/\/www.iloosi.fi\/en\/","name":"iloosi","description":"","publisher":{"@id":"https:\/\/www.iloosi.fi\/en\/#organization"},"potentialAction":[{"@type":"SearchAction","target":{"@type":"EntryPoint","urlTemplate":"https:\/\/www.iloosi.fi\/en\/?s={search_term_string}"},"query-input":{"@type":"PropertyValueSpecification","valueRequired":true,"valueName":"search_term_string"}}],"inLanguage":"en-US"},{"@type":"Organization","@id":"https:\/\/www.iloosi.fi\/en\/#organization","name":"Duuilo Oy","url":"https:\/\/www.iloosi.fi\/en\/","logo":{"@type":"ImageObject","inLanguage":"en-US","@id":"https:\/\/www.iloosi.fi\/en\/#\/schema\/logo\/image\/","url":"https:\/\/www.iloosi.fi\/wp-content\/uploads\/2021\/10\/download.png","contentUrl":"https:\/\/www.iloosi.fi\/wp-content\/uploads\/2021\/10\/download.png","width":225,"height":225,"caption":"Duuilo Oy"},"image":{"@id":"https:\/\/www.iloosi.fi\/en\/#\/schema\/logo\/image\/"},"hasMerchantReturnPolicy":{"@type":"MerchantReturnPolicy","merchantReturnLink":"https:\/\/www.iloosi.fi\/toimitus-ja-maksuehdot\/"}}]},"product_price_amount":"15.06","product_price_currency":"EUR","og_availability":"instock","product_availability":"instock","product_condition":"new"},"_links":{"self":[{"href":"https:\/\/www.iloosi.fi\/en\/wp-json\/wp\/v2\/product\/14976","targetHints":{"allow":["GET"]}}],"collection":[{"href":"https:\/\/www.iloosi.fi\/en\/wp-json\/wp\/v2\/product"}],"about":[{"href":"https:\/\/www.iloosi.fi\/en\/wp-json\/wp\/v2\/types\/product"}],"replies":[{"embeddable":true,"href":"https:\/\/www.iloosi.fi\/en\/wp-json\/wp\/v2\/comments?post=14976"}],"wp:featuredmedia":[{"embeddable":true,"href":"https:\/\/www.iloosi.fi\/en\/wp-json\/wp\/v2\/media\/14978"}],"wp:attachment":[{"href":"https:\/\/www.iloosi.fi\/en\/wp-json\/wp\/v2\/media?parent=14976"}],"wp:term":[{"taxonomy":"product_brand","embeddable":true,"href":"https:\/\/www.iloosi.fi\/en\/wp-json\/wp\/v2\/product_brand?post=14976"},{"taxonomy":"product_cat","embeddable":true,"href":"https:\/\/www.iloosi.fi\/en\/wp-json\/wp\/v2\/product_cat?post=14976"},{"taxonomy":"product_tag","embeddable":true,"href":"https:\/\/www.iloosi.fi\/en\/wp-json\/wp\/v2\/product_tag?post=14976"}],"curies":[{"name":"wp","href":"https:\/\/api.w.org\/{rel}","templated":true}]}}