{"id":15367,"date":"2025-11-22T15:22:20","date_gmt":"2025-11-22T13:22:20","guid":{"rendered":"https:\/\/www.iloosi.fi\/tuotteet\/uncategorized\/pastel-blue-pop-ball-frame-in-different-sizes-mdf-wood-fibre\/"},"modified":"2025-11-22T15:22:20","modified_gmt":"2025-11-22T13:22:20","slug":"pastel-blue-pop-ball-frame-in-different-sizes-mdf-wood-fibre","status":"publish","type":"product","link":"https:\/\/www.iloosi.fi\/en\/tuotteet\/interior-design\/pastel-blue-pop-ball-frame-in-different-sizes-mdf-wood-fibre\/","title":{"rendered":"Pastel blue POP ball frame in different sizes &#8211; MDF wood fibre"},"content":{"rendered":"<h1 data-start=\"515\" data-end=\"810\">Pastel blue POP ball frame in different sizes<\/h1>\n<p data-start=\"515\" data-end=\"810\">The POP pastel blue ball frame brings joy and softness to your interior. A list of round &#8220;balls&#8221; makes the frame personal and easy to distinguish. The frame is made of <strong data-start=\"743\" data-end=\"760\">MDF<\/strong>, a sturdy, durable and stylish option. Italian quality frame.   <\/p>\n<p data-start=\"812\" data-end=\"1004\">This frame is perfect for all kinds of spaces &#8211; a nursery, living room, desk or as a gift with an important photo. The spherical design makes it an eye-catcher in the interior. <\/p>\n<h3 data-start=\"1006\" data-end=\"1026\"><strong data-start=\"1010\" data-end=\"1026\">Features<\/strong><\/h3>\n<ul data-start=\"1027\" data-end=\"1375\">\n<li data-start=\"1027\" data-end=\"1059\">\n<p data-start=\"1029\" data-end=\"1059\">Photo size: select size when ordering<\/p>\n<\/li>\n<li data-start=\"1060\" data-end=\"1092\">\n<p data-start=\"1062\" data-end=\"1092\">Material: <strong data-start=\"1074\" data-end=\"1090\">MDF wood fibre<\/strong><\/p>\n<\/li>\n<li data-start=\"1093\" data-end=\"1112\">\n<p data-start=\"1095\" data-end=\"1112\">Background: <strong data-start=\"1103\" data-end=\"1110\">MDF<\/strong><\/p>\n<\/li>\n<li data-start=\"1113\" data-end=\"1140\">\n<p data-start=\"1115\" data-end=\"1140\">List width: <strong data-start=\"1130\" data-end=\"1138\">2 cm<\/strong><\/p>\n<\/li>\n<li data-start=\"1141\" data-end=\"1169\">\n<p data-start=\"1143\" data-end=\"1169\">List height: <strong data-start=\"1159\" data-end=\"1167\">2 cm<\/strong><\/p>\n<\/li>\n<li data-start=\"1296\" data-end=\"1337\">\n<p data-start=\"1298\" data-end=\"1337\">Suitable for both <strong data-start=\"1309\" data-end=\"1335\">table and wall<\/strong><\/p>\n<\/li>\n<\/ul>\n<p data-start=\"1377\" data-end=\"1504\">The POP ball frame is perfect for displaying small art prints, pet pictures, children&#8217;s photos and drawings or cherished memories.<\/p>\n<p data-start=\"1377\" data-end=\"1504\">See also other <a href=\"https:\/\/www.iloosi.fi\/valokuvatuotteet\/kuvakehykset\/koristeelliset-kehykset\/\">decorative frames<\/a>.<\/p>\n","protected":false},"excerpt":{"rendered":"<p>A playful pastel blue POP ball frame that looks &#8220;beaded&#8221; but is made of MDF &#8211; no plastic. A fun and trendy frame for pictures for the home, office or as a gift. <\/p>\n<p class=\"p1\"><span class=\"s1\">At the same time, you can also conveniently order a picture for the frame. The picture is printed on high-quality, matt photo paper. <\/span><\/p>\n","protected":false},"featured_media":15103,"comment_status":"open","ping_status":"closed","template":"","meta":[],"product_brand":[],"product_cat":[1610,815,935],"product_tag":[1649,1648,1654,936,938,1657,1650,1653,1652,1092,1647,1651],"class_list":{"0":"post-15367","1":"product","2":"type-product","3":"status-publish","4":"has-post-thumbnail","6":"product_cat-decorative-frames","7":"product_cat-interior-design","8":"product_cat-picture-frames","9":"product_tag-13x18","10":"product_tag-ball-frame","11":"product_tag-decorative-frame","12":"product_tag-frame","13":"product_tag-frames","14":"product_tag-light-blue","15":"product_tag-mdf-frame","16":"product_tag-nursery-frame","17":"product_tag-pastel-blue","18":"product_tag-photo-frame-en","19":"product_tag-pop-ball-frame","20":"product_tag-wood-fibre","22":"first","23":"instock","24":"taxable","25":"shipping-taxable","26":"purchasable","27":"product-type-variable"},"bundled_by":[],"bundle_stock_status":"instock","bundle_stock_quantity":null,"bundle_virtual":false,"bundle_layout":"","bundle_add_to_cart_form_location":"","bundle_editable_in_cart":false,"bundle_sold_individually_context":"","bundle_item_grouping":"","bundle_min_size":"","bundle_max_size":"","bundled_items":[],"bundle_sell_ids":[],"yoast_head":"<!-- This site is optimized with the Yoast SEO Premium plugin v27.5 (Yoast SEO v27.5) - https:\/\/yoast.com\/product\/yoast-seo-premium-wordpress\/ -->\n<title>Pastel blue POP ball frame in different sizes - MDF wood fibre - iloosi<\/title>\n<meta name=\"description\" content=\"Trendy pastel blue POP ball frame 10 x 15 cm made of MDF. A playful, light and durable frame for home or as a gift. Order now!\" \/>\n<meta name=\"robots\" content=\"index, follow, max-snippet:-1, max-image-preview:large, max-video-preview:-1\" \/>\n<link rel=\"canonical\" href=\"https:\/\/www.iloosi.fi\/en\/tuotteet\/interior-design\/pastel-blue-pop-ball-frame-in-different-sizes-mdf-wood-fibre\/\" \/>\n<meta property=\"og:locale\" content=\"en_US\" \/>\n<meta property=\"og:type\" content=\"article\" \/>\n<meta property=\"og:title\" content=\"Pastel blue POP ball frame in different sizes - MDF wood fibre\" \/>\n<meta property=\"og:description\" content=\"Pastel blue POP ball frame in different sizes - MDF wood fibre\" \/>\n<meta property=\"og:url\" content=\"https:\/\/www.iloosi.fi\/en\/tuotteet\/interior-design\/pastel-blue-pop-ball-frame-in-different-sizes-mdf-wood-fibre\/\" \/>\n<meta property=\"og:site_name\" content=\"iloosi\" \/>\n<meta property=\"article:publisher\" content=\"https:\/\/www.facebook.com\/iloosi.fi\" \/>\n<meta property=\"og:image\" content=\"https:\/\/www.iloosi.fi\/wp-content\/uploads\/2025\/11\/pop-pastellinsininenpuukehys.jpg\" \/>\n\t<meta property=\"og:image:width\" content=\"1400\" \/>\n\t<meta property=\"og:image:height\" content=\"1400\" \/>\n\t<meta property=\"og:image:type\" content=\"image\/jpeg\" \/>\n<meta name=\"twitter:card\" content=\"summary_large_image\" \/>\n<meta name=\"twitter:label1\" content=\"Availability\" \/>\n\t<meta name=\"twitter:data1\" content=\"In stock\" \/>\n<script type=\"application\/ld+json\" class=\"yoast-schema-graph\">{\"@context\":\"https:\\\/\\\/schema.org\",\"@graph\":[{\"@type\":\"WebPage\",\"@id\":\"https:\\\/\\\/www.iloosi.fi\\\/en\\\/tuotteet\\\/interior-design\\\/pastel-blue-pop-ball-frame-in-different-sizes-mdf-wood-fibre\\\/\",\"url\":\"https:\\\/\\\/www.iloosi.fi\\\/en\\\/tuotteet\\\/interior-design\\\/pastel-blue-pop-ball-frame-in-different-sizes-mdf-wood-fibre\\\/\",\"name\":\"Pastel blue POP ball frame in different sizes - MDF wood fibre - iloosi\",\"isPartOf\":{\"@id\":\"https:\\\/\\\/www.iloosi.fi\\\/en\\\/#website\"},\"primaryImageOfPage\":{\"@id\":\"https:\\\/\\\/www.iloosi.fi\\\/en\\\/tuotteet\\\/interior-design\\\/pastel-blue-pop-ball-frame-in-different-sizes-mdf-wood-fibre\\\/#primaryimage\"},\"image\":{\"@id\":\"https:\\\/\\\/www.iloosi.fi\\\/en\\\/tuotteet\\\/interior-design\\\/pastel-blue-pop-ball-frame-in-different-sizes-mdf-wood-fibre\\\/#primaryimage\"},\"thumbnailUrl\":\"https:\\\/\\\/www.iloosi.fi\\\/wp-content\\\/uploads\\\/2025\\\/11\\\/pop-pastellinsininenpuukehys.jpg\",\"datePublished\":\"2025-11-22T13:22:20+00:00\",\"description\":\"Trendy pastel blue POP ball frame 10 x 15 cm made of MDF. A playful, light and durable frame for home or as a gift. Order now!\",\"breadcrumb\":{\"@id\":\"https:\\\/\\\/www.iloosi.fi\\\/en\\\/tuotteet\\\/interior-design\\\/pastel-blue-pop-ball-frame-in-different-sizes-mdf-wood-fibre\\\/#breadcrumb\"},\"inLanguage\":\"en-US\",\"potentialAction\":[{\"@type\":\"ReadAction\",\"target\":[\"https:\\\/\\\/www.iloosi.fi\\\/en\\\/tuotteet\\\/interior-design\\\/pastel-blue-pop-ball-frame-in-different-sizes-mdf-wood-fibre\\\/\"]}]},{\"@type\":\"ImageObject\",\"inLanguage\":\"en-US\",\"@id\":\"https:\\\/\\\/www.iloosi.fi\\\/en\\\/tuotteet\\\/interior-design\\\/pastel-blue-pop-ball-frame-in-different-sizes-mdf-wood-fibre\\\/#primaryimage\",\"url\":\"https:\\\/\\\/www.iloosi.fi\\\/wp-content\\\/uploads\\\/2025\\\/11\\\/pop-pastellinsininenpuukehys.jpg\",\"contentUrl\":\"https:\\\/\\\/www.iloosi.fi\\\/wp-content\\\/uploads\\\/2025\\\/11\\\/pop-pastellinsininenpuukehys.jpg\",\"width\":1400,\"height\":1400,\"caption\":\"POP puukehys pastellinsininen\"},{\"@type\":\"BreadcrumbList\",\"@id\":\"https:\\\/\\\/www.iloosi.fi\\\/en\\\/tuotteet\\\/interior-design\\\/pastel-blue-pop-ball-frame-in-different-sizes-mdf-wood-fibre\\\/#breadcrumb\",\"itemListElement\":[{\"@type\":\"ListItem\",\"position\":1,\"name\":\"Home\",\"item\":\"https:\\\/\\\/www.iloosi.fi\\\/en\\\/\"},{\"@type\":\"ListItem\",\"position\":2,\"name\":\"Shop\",\"item\":\"https:\\\/\\\/www.iloosi.fi\\\/en\\\/shop\\\/\"},{\"@type\":\"ListItem\",\"position\":3,\"name\":\"Pastel blue POP ball frame in different sizes &#8211; MDF wood fibre\"}]},{\"@type\":\"WebSite\",\"@id\":\"https:\\\/\\\/www.iloosi.fi\\\/en\\\/#website\",\"url\":\"https:\\\/\\\/www.iloosi.fi\\\/en\\\/\",\"name\":\"iloosi\",\"description\":\"\",\"publisher\":{\"@id\":\"https:\\\/\\\/www.iloosi.fi\\\/en\\\/#organization\"},\"potentialAction\":[{\"@type\":\"SearchAction\",\"target\":{\"@type\":\"EntryPoint\",\"urlTemplate\":\"https:\\\/\\\/www.iloosi.fi\\\/en\\\/?s={search_term_string}\"},\"query-input\":{\"@type\":\"PropertyValueSpecification\",\"valueRequired\":true,\"valueName\":\"search_term_string\"}}],\"inLanguage\":\"en-US\"},{\"@type\":\"Organization\",\"@id\":\"https:\\\/\\\/www.iloosi.fi\\\/en\\\/#organization\",\"name\":\"Duuilo Oy\",\"url\":\"https:\\\/\\\/www.iloosi.fi\\\/en\\\/\",\"logo\":{\"@type\":\"ImageObject\",\"inLanguage\":\"en-US\",\"@id\":\"https:\\\/\\\/www.iloosi.fi\\\/en\\\/#\\\/schema\\\/logo\\\/image\\\/\",\"url\":\"https:\\\/\\\/www.iloosi.fi\\\/wp-content\\\/uploads\\\/2026\\\/04\\\/Screenshot-2026-04-29-214330.png\",\"contentUrl\":\"https:\\\/\\\/www.iloosi.fi\\\/wp-content\\\/uploads\\\/2026\\\/04\\\/Screenshot-2026-04-29-214330.png\",\"width\":406,\"height\":365,\"caption\":\"Duuilo Oy\"},\"image\":{\"@id\":\"https:\\\/\\\/www.iloosi.fi\\\/en\\\/#\\\/schema\\\/logo\\\/image\\\/\"},\"sameAs\":[\"https:\\\/\\\/www.facebook.com\\\/iloosi.fi\",\"https:\\\/\\\/www.instagram.com\\\/iloosi_shop\\\/?hl=fi\"],\"description\":\"iloosi on suomalainen verkkokauppa ja osa Memofotoa. Meille kuvat eiv\u00e4t ole vain tiedostoja tai printtej\u00e4 \u2013 ne ovat muistoja, tunteita ja ihmisille t\u00e4rkeit\u00e4 hetki\u00e4. Siksi halusimme luoda verkkokaupan, jossa omista kuvista, teksteist\u00e4 ja ideoista voi tehd\u00e4 helposti persoonallisia tuotteita arkeen, lahjaksi ja juhlaan.\",\"email\":\"iloosi@iloosi.fi\",\"telephone\":\"+358400896226\",\"legalName\":\"Memofoto Oy\",\"foundingDate\":\"1947-01-01\",\"vatID\":\"FI35342246\",\"numberOfEmployees\":{\"@type\":\"QuantitativeValue\",\"minValue\":\"1\",\"maxValue\":\"10\"},\"hasMerchantReturnPolicy\":{\"@type\":\"MerchantReturnPolicy\",\"merchantReturnLink\":\"https:\\\/\\\/www.iloosi.fi\\\/toimitus-ja-maksuehdot\\\/\"}}]}<\/script>\n<meta property=\"og:availability\" content=\"instock\" \/>\n<meta property=\"product:availability\" content=\"instock\" \/>\n<meta property=\"product:condition\" content=\"new\" \/>\n<!-- \/ Yoast SEO Premium plugin. -->","yoast_head_json":{"title":"Pastel blue POP ball frame in different sizes - MDF wood fibre - iloosi","description":"Trendy pastel blue POP ball frame 10 x 15 cm made of MDF. A playful, light and durable frame for home or as a gift. Order now!","robots":{"index":"index","follow":"follow","max-snippet":"max-snippet:-1","max-image-preview":"max-image-preview:large","max-video-preview":"max-video-preview:-1"},"canonical":"https:\/\/www.iloosi.fi\/en\/tuotteet\/interior-design\/pastel-blue-pop-ball-frame-in-different-sizes-mdf-wood-fibre\/","og_locale":"en_US","og_type":"article","og_title":"Pastel blue POP ball frame in different sizes - MDF wood fibre","og_description":"Pastel blue POP ball frame in different sizes - MDF wood fibre","og_url":"https:\/\/www.iloosi.fi\/en\/tuotteet\/interior-design\/pastel-blue-pop-ball-frame-in-different-sizes-mdf-wood-fibre\/","og_site_name":"iloosi","article_publisher":"https:\/\/www.facebook.com\/iloosi.fi","og_image":[{"width":1400,"height":1400,"url":"https:\/\/www.iloosi.fi\/wp-content\/uploads\/2025\/11\/pop-pastellinsininenpuukehys.jpg","type":"image\/jpeg"}],"twitter_card":"summary_large_image","twitter_misc":{"Availability":"In stock"},"schema":{"@context":"https:\/\/schema.org","@graph":[{"@type":"WebPage","@id":"https:\/\/www.iloosi.fi\/en\/tuotteet\/interior-design\/pastel-blue-pop-ball-frame-in-different-sizes-mdf-wood-fibre\/","url":"https:\/\/www.iloosi.fi\/en\/tuotteet\/interior-design\/pastel-blue-pop-ball-frame-in-different-sizes-mdf-wood-fibre\/","name":"Pastel blue POP ball frame in different sizes - MDF wood fibre - iloosi","isPartOf":{"@id":"https:\/\/www.iloosi.fi\/en\/#website"},"primaryImageOfPage":{"@id":"https:\/\/www.iloosi.fi\/en\/tuotteet\/interior-design\/pastel-blue-pop-ball-frame-in-different-sizes-mdf-wood-fibre\/#primaryimage"},"image":{"@id":"https:\/\/www.iloosi.fi\/en\/tuotteet\/interior-design\/pastel-blue-pop-ball-frame-in-different-sizes-mdf-wood-fibre\/#primaryimage"},"thumbnailUrl":"https:\/\/www.iloosi.fi\/wp-content\/uploads\/2025\/11\/pop-pastellinsininenpuukehys.jpg","datePublished":"2025-11-22T13:22:20+00:00","description":"Trendy pastel blue POP ball frame 10 x 15 cm made of MDF. A playful, light and durable frame for home or as a gift. Order now!","breadcrumb":{"@id":"https:\/\/www.iloosi.fi\/en\/tuotteet\/interior-design\/pastel-blue-pop-ball-frame-in-different-sizes-mdf-wood-fibre\/#breadcrumb"},"inLanguage":"en-US","potentialAction":[{"@type":"ReadAction","target":["https:\/\/www.iloosi.fi\/en\/tuotteet\/interior-design\/pastel-blue-pop-ball-frame-in-different-sizes-mdf-wood-fibre\/"]}]},{"@type":"ImageObject","inLanguage":"en-US","@id":"https:\/\/www.iloosi.fi\/en\/tuotteet\/interior-design\/pastel-blue-pop-ball-frame-in-different-sizes-mdf-wood-fibre\/#primaryimage","url":"https:\/\/www.iloosi.fi\/wp-content\/uploads\/2025\/11\/pop-pastellinsininenpuukehys.jpg","contentUrl":"https:\/\/www.iloosi.fi\/wp-content\/uploads\/2025\/11\/pop-pastellinsininenpuukehys.jpg","width":1400,"height":1400,"caption":"POP puukehys pastellinsininen"},{"@type":"BreadcrumbList","@id":"https:\/\/www.iloosi.fi\/en\/tuotteet\/interior-design\/pastel-blue-pop-ball-frame-in-different-sizes-mdf-wood-fibre\/#breadcrumb","itemListElement":[{"@type":"ListItem","position":1,"name":"Home","item":"https:\/\/www.iloosi.fi\/en\/"},{"@type":"ListItem","position":2,"name":"Shop","item":"https:\/\/www.iloosi.fi\/en\/shop\/"},{"@type":"ListItem","position":3,"name":"Pastel blue POP ball frame in different sizes &#8211; MDF wood fibre"}]},{"@type":"WebSite","@id":"https:\/\/www.iloosi.fi\/en\/#website","url":"https:\/\/www.iloosi.fi\/en\/","name":"iloosi","description":"","publisher":{"@id":"https:\/\/www.iloosi.fi\/en\/#organization"},"potentialAction":[{"@type":"SearchAction","target":{"@type":"EntryPoint","urlTemplate":"https:\/\/www.iloosi.fi\/en\/?s={search_term_string}"},"query-input":{"@type":"PropertyValueSpecification","valueRequired":true,"valueName":"search_term_string"}}],"inLanguage":"en-US"},{"@type":"Organization","@id":"https:\/\/www.iloosi.fi\/en\/#organization","name":"Duuilo Oy","url":"https:\/\/www.iloosi.fi\/en\/","logo":{"@type":"ImageObject","inLanguage":"en-US","@id":"https:\/\/www.iloosi.fi\/en\/#\/schema\/logo\/image\/","url":"https:\/\/www.iloosi.fi\/wp-content\/uploads\/2026\/04\/Screenshot-2026-04-29-214330.png","contentUrl":"https:\/\/www.iloosi.fi\/wp-content\/uploads\/2026\/04\/Screenshot-2026-04-29-214330.png","width":406,"height":365,"caption":"Duuilo Oy"},"image":{"@id":"https:\/\/www.iloosi.fi\/en\/#\/schema\/logo\/image\/"},"sameAs":["https:\/\/www.facebook.com\/iloosi.fi","https:\/\/www.instagram.com\/iloosi_shop\/?hl=fi"],"description":"iloosi on suomalainen verkkokauppa ja osa Memofotoa. Meille kuvat eiv\u00e4t ole vain tiedostoja tai printtej\u00e4 \u2013 ne ovat muistoja, tunteita ja ihmisille t\u00e4rkeit\u00e4 hetki\u00e4. Siksi halusimme luoda verkkokaupan, jossa omista kuvista, teksteist\u00e4 ja ideoista voi tehd\u00e4 helposti persoonallisia tuotteita arkeen, lahjaksi ja juhlaan.","email":"iloosi@iloosi.fi","telephone":"+358400896226","legalName":"Memofoto Oy","foundingDate":"1947-01-01","vatID":"FI35342246","numberOfEmployees":{"@type":"QuantitativeValue","minValue":"1","maxValue":"10"},"hasMerchantReturnPolicy":{"@type":"MerchantReturnPolicy","merchantReturnLink":"https:\/\/www.iloosi.fi\/toimitus-ja-maksuehdot\/"}}]},"og_availability":"instock","product_availability":"instock","product_condition":"new"},"_links":{"self":[{"href":"https:\/\/www.iloosi.fi\/en\/wp-json\/wp\/v2\/product\/15367","targetHints":{"allow":["GET"]}}],"collection":[{"href":"https:\/\/www.iloosi.fi\/en\/wp-json\/wp\/v2\/product"}],"about":[{"href":"https:\/\/www.iloosi.fi\/en\/wp-json\/wp\/v2\/types\/product"}],"replies":[{"embeddable":true,"href":"https:\/\/www.iloosi.fi\/en\/wp-json\/wp\/v2\/comments?post=15367"}],"wp:featuredmedia":[{"embeddable":true,"href":"https:\/\/www.iloosi.fi\/en\/wp-json\/wp\/v2\/media\/15103"}],"wp:attachment":[{"href":"https:\/\/www.iloosi.fi\/en\/wp-json\/wp\/v2\/media?parent=15367"}],"wp:term":[{"taxonomy":"product_brand","embeddable":true,"href":"https:\/\/www.iloosi.fi\/en\/wp-json\/wp\/v2\/product_brand?post=15367"},{"taxonomy":"product_cat","embeddable":true,"href":"https:\/\/www.iloosi.fi\/en\/wp-json\/wp\/v2\/product_cat?post=15367"},{"taxonomy":"product_tag","embeddable":true,"href":"https:\/\/www.iloosi.fi\/en\/wp-json\/wp\/v2\/product_tag?post=15367"}],"curies":[{"name":"wp","href":"https:\/\/api.w.org\/{rel}","templated":true}]}}