{"id":15831,"date":"2025-10-15T10:06:50","date_gmt":"2025-10-15T07:06:50","guid":{"rendered":"https:\/\/www.iloosi.fi\/tuotteet\/uncategorized\/black-photo-tray-5-pictures-10x15-cm-4-pictures-10x10-cm\/"},"modified":"2026-02-10T20:54:49","modified_gmt":"2026-02-10T18:54:49","slug":"musta-valokuvatarjotin-5-kuvaa-10x15-cm-4-kuvaa-10x10-cm","status":"publish","type":"product","link":"https:\/\/www.iloosi.fi\/en\/tuotteet\/picture-frames\/musta-valokuvatarjotin-5-kuvaa-10x15-cm-4-kuvaa-10x10-cm\/","title":{"rendered":"Black photo tray &#8211; 5 pictures 10&#215;15 cm + 4 pictures 10&#215;10 cm"},"content":{"rendered":"<p>The black photo tray is practical and stylish. Make serving personal and eye-catching with this elegant black photo tray.<br data-start=\"480\" data-end=\"483\">Use the tray to place your favourite photos &#8211; of family, pets or holiday memories &#8211; and make everyday moments even more joyful. <\/p>\n<p data-start=\"626\" data-end=\"645\"><strong data-start=\"626\" data-end=\"643\">Features:<\/strong><\/p>\n<ul data-start=\"646\" data-end=\"996\">\n<li data-start=\"646\" data-end=\"712\">\n<p data-start=\"648\" data-end=\"712\">Space <strong data-start=\"654\" data-end=\"680\">for 5 10&#215;15 cm images<\/strong> and <strong data-start=\"684\" data-end=\"710\">4 10&#215;10 cm images<\/strong><\/p>\n<\/li>\n<li data-start=\"713\" data-end=\"763\">\n<p data-start=\"715\" data-end=\"763\"><strong data-start=\"715\" data-end=\"735\">Black piping<\/strong> brings out the images beautifully<\/p>\n<\/li>\n<li data-start=\"764\" data-end=\"803\">\n<p data-start=\"766\" data-end=\"803\"><strong data-start=\"766\" data-end=\"781\">Carrying handles<\/strong> for easy use<\/p>\n<\/li>\n<li data-start=\"804\" data-end=\"835\">\n<p data-start=\"806\" data-end=\"835\"><strong data-start=\"806\" data-end=\"825\">List height:<\/strong> approx. 4 cm <\/p>\n<\/li>\n<li data-start=\"836\" data-end=\"872\">\n<p data-start=\"838\" data-end=\"872\"><strong data-start=\"838\" data-end=\"852\">External dimensions:<\/strong> approx. 45 \u00d7 35 \u00d7 5 cm <\/p>\n<\/li>\n<li data-start=\"873\" data-end=\"926\">\n<p data-start=\"875\" data-end=\"926\"><strong data-start=\"875\" data-end=\"900\">External dimensions of the package:<\/strong> approx. 45,3 \u00d7 35,5 \u00d7 5,3 cm <\/p>\n<\/li>\n<li data-start=\"927\" data-end=\"956\">\n<p data-start=\"929\" data-end=\"956\"><strong data-start=\"929\" data-end=\"944\">Material:<\/strong> wood MDF<\/p>\n<\/li>\n<li data-start=\"957\" data-end=\"996\">\n<p data-start=\"959\" data-end=\"996\"><strong data-start=\"959\" data-end=\"982\">Weight with packaging:<\/strong> approx. 1,555 kg <\/p>\n<\/li>\n<\/ul>\n<p data-start=\"998\" data-end=\"1146\"><strong data-start=\"998\" data-end=\"1016\">A great gift idea for<\/strong> dad, mum, grandparents or as a present &#8211; a practical and beautiful decorative element that will bring a smile to any day.<\/p>\n<p data-start=\"998\" data-end=\"1146\">If you want your image\/text printed directly on the surface of the tray, see the product group Products with your own image \/ <a href=\"https:\/\/www.iloosi.fi\/en\/tuotteet\/products-with-your-own-picture\/trays-en\/\">trays<\/a><\/p>\n","protected":false},"excerpt":{"rendered":"<p>Practical and stylish black tray with a capacity for 5 pictures in 10&#215;15 cm and 4 pictures in 10&#215;10 cm. Perfect gift idea for dad, mum, grandparents or as a present. <\/p>\n","protected":false},"featured_media":14799,"comment_status":"open","ping_status":"closed","template":"","meta":[],"product_brand":[],"product_cat":[815,937,935,885],"product_tag":[],"class_list":{"0":"post-15831","1":"product","2":"type-product","3":"status-publish","4":"has-post-thumbnail","6":"product_cat-interior-design","7":"product_cat-multi-image-frames","8":"product_cat-picture-frames","9":"product_cat-trays","11":"first","12":"instock","13":"taxable","14":"shipping-taxable","15":"product-type-simple"},"bundled_by":[],"bundle_stock_status":"instock","bundle_stock_quantity":null,"bundle_virtual":false,"bundle_layout":"","bundle_add_to_cart_form_location":"","bundle_editable_in_cart":false,"bundle_sold_individually_context":"","bundle_item_grouping":"","bundle_min_size":"","bundle_max_size":"","bundled_items":[],"bundle_sell_ids":[],"yoast_head":"<!-- This site is optimized with the Yoast SEO Premium plugin v27.5 (Yoast SEO v27.5) - https:\/\/yoast.com\/product\/yoast-seo-premium-wordpress\/ -->\n<title>Black photo tray - 5 pictures 10x15 cm + 4 pictures 10x10 cm - iloosi<\/title>\n<meta name=\"description\" content=\"Stylish black photo tray for 5 10x15 cm and 4 10x10 cm photos. A practical and beautiful gift idea for dad, mum or grandparents. Order now!\" \/>\n<meta name=\"robots\" content=\"index, follow, max-snippet:-1, max-image-preview:large, max-video-preview:-1\" \/>\n<link rel=\"canonical\" href=\"https:\/\/www.iloosi.fi\/en\/tuotteet\/picture-frames\/musta-valokuvatarjotin-5-kuvaa-10x15-cm-4-kuvaa-10x10-cm\/\" \/>\n<meta property=\"og:locale\" content=\"en_US\" \/>\n<meta property=\"og:type\" content=\"article\" \/>\n<meta property=\"og:title\" content=\"Black photo tray - 5 pictures 10x15 cm + 4 pictures 10x10 cm\" \/>\n<meta property=\"og:description\" content=\"Black photo tray - 5 pictures 10x15 cm + 4 pictures 10x10 cm\" \/>\n<meta property=\"og:url\" content=\"https:\/\/www.iloosi.fi\/en\/tuotteet\/picture-frames\/musta-valokuvatarjotin-5-kuvaa-10x15-cm-4-kuvaa-10x10-cm\/\" \/>\n<meta property=\"og:site_name\" content=\"iloosi\" \/>\n<meta property=\"article:publisher\" content=\"https:\/\/www.facebook.com\/iloosi.fi\" \/>\n<meta property=\"article:modified_time\" content=\"2026-02-10T18:54:49+00:00\" \/>\n<meta property=\"og:image\" content=\"https:\/\/www.iloosi.fi\/wp-content\/uploads\/2025\/07\/valokuvatarjotinmusta50x10x154x10x1045x35_42035_822bfb680425_1.webp\" \/>\n\t<meta property=\"og:image:width\" content=\"1665\" \/>\n\t<meta property=\"og:image:height\" content=\"1665\" \/>\n\t<meta property=\"og:image:type\" content=\"image\/webp\" \/>\n<meta name=\"twitter:card\" content=\"summary_large_image\" \/>\n<meta name=\"twitter:label1\" content=\"Price\" \/>\n\t<meta name=\"twitter:data1\" content=\"\" \/>\n\t<meta name=\"twitter:label2\" content=\"Availability\" \/>\n\t<meta name=\"twitter:data2\" content=\"In stock\" \/>\n<script type=\"application\/ld+json\" class=\"yoast-schema-graph\">{\"@context\":\"https:\\\/\\\/schema.org\",\"@graph\":[{\"@type\":\"WebPage\",\"@id\":\"https:\\\/\\\/www.iloosi.fi\\\/en\\\/tuotteet\\\/picture-frames\\\/musta-valokuvatarjotin-5-kuvaa-10x15-cm-4-kuvaa-10x10-cm\\\/\",\"url\":\"https:\\\/\\\/www.iloosi.fi\\\/en\\\/tuotteet\\\/picture-frames\\\/musta-valokuvatarjotin-5-kuvaa-10x15-cm-4-kuvaa-10x10-cm\\\/\",\"name\":\"Black photo tray - 5 pictures 10x15 cm + 4 pictures 10x10 cm - iloosi\",\"isPartOf\":{\"@id\":\"https:\\\/\\\/www.iloosi.fi\\\/en\\\/#website\"},\"primaryImageOfPage\":{\"@id\":\"https:\\\/\\\/www.iloosi.fi\\\/en\\\/tuotteet\\\/picture-frames\\\/musta-valokuvatarjotin-5-kuvaa-10x15-cm-4-kuvaa-10x10-cm\\\/#primaryimage\"},\"image\":{\"@id\":\"https:\\\/\\\/www.iloosi.fi\\\/en\\\/tuotteet\\\/picture-frames\\\/musta-valokuvatarjotin-5-kuvaa-10x15-cm-4-kuvaa-10x10-cm\\\/#primaryimage\"},\"thumbnailUrl\":\"https:\\\/\\\/www.iloosi.fi\\\/wp-content\\\/uploads\\\/2025\\\/07\\\/valokuvatarjotinmusta50x10x154x10x1045x35_42035_822bfb680425_1.webp\",\"datePublished\":\"2025-10-15T07:06:50+00:00\",\"dateModified\":\"2026-02-10T18:54:49+00:00\",\"description\":\"Stylish black photo tray for 5 10x15 cm and 4 10x10 cm photos. A practical and beautiful gift idea for dad, mum or grandparents. Order now!\",\"breadcrumb\":{\"@id\":\"https:\\\/\\\/www.iloosi.fi\\\/en\\\/tuotteet\\\/picture-frames\\\/musta-valokuvatarjotin-5-kuvaa-10x15-cm-4-kuvaa-10x10-cm\\\/#breadcrumb\"},\"inLanguage\":\"en-US\",\"potentialAction\":[{\"@type\":\"ReadAction\",\"target\":[\"https:\\\/\\\/www.iloosi.fi\\\/en\\\/tuotteet\\\/picture-frames\\\/musta-valokuvatarjotin-5-kuvaa-10x15-cm-4-kuvaa-10x10-cm\\\/\"]}]},{\"@type\":\"ImageObject\",\"inLanguage\":\"en-US\",\"@id\":\"https:\\\/\\\/www.iloosi.fi\\\/en\\\/tuotteet\\\/picture-frames\\\/musta-valokuvatarjotin-5-kuvaa-10x15-cm-4-kuvaa-10x10-cm\\\/#primaryimage\",\"url\":\"https:\\\/\\\/www.iloosi.fi\\\/wp-content\\\/uploads\\\/2025\\\/07\\\/valokuvatarjotinmusta50x10x154x10x1045x35_42035_822bfb680425_1.webp\",\"contentUrl\":\"https:\\\/\\\/www.iloosi.fi\\\/wp-content\\\/uploads\\\/2025\\\/07\\\/valokuvatarjotinmusta50x10x154x10x1045x35_42035_822bfb680425_1.webp\",\"width\":1665,\"height\":1665,\"caption\":\"Valokuvatarjotin musta 9:lle kuvalle\"},{\"@type\":\"BreadcrumbList\",\"@id\":\"https:\\\/\\\/www.iloosi.fi\\\/en\\\/tuotteet\\\/picture-frames\\\/musta-valokuvatarjotin-5-kuvaa-10x15-cm-4-kuvaa-10x10-cm\\\/#breadcrumb\",\"itemListElement\":[{\"@type\":\"ListItem\",\"position\":1,\"name\":\"Home\",\"item\":\"https:\\\/\\\/www.iloosi.fi\\\/en\\\/\"},{\"@type\":\"ListItem\",\"position\":2,\"name\":\"Shop\",\"item\":\"https:\\\/\\\/www.iloosi.fi\\\/en\\\/shop\\\/\"},{\"@type\":\"ListItem\",\"position\":3,\"name\":\"Black photo tray &#8211; 5 pictures 10&#215;15 cm + 4 pictures 10&#215;10 cm\"}]},{\"@type\":\"WebSite\",\"@id\":\"https:\\\/\\\/www.iloosi.fi\\\/en\\\/#website\",\"url\":\"https:\\\/\\\/www.iloosi.fi\\\/en\\\/\",\"name\":\"iloosi\",\"description\":\"\",\"publisher\":{\"@id\":\"https:\\\/\\\/www.iloosi.fi\\\/en\\\/#organization\"},\"potentialAction\":[{\"@type\":\"SearchAction\",\"target\":{\"@type\":\"EntryPoint\",\"urlTemplate\":\"https:\\\/\\\/www.iloosi.fi\\\/en\\\/?s={search_term_string}\"},\"query-input\":{\"@type\":\"PropertyValueSpecification\",\"valueRequired\":true,\"valueName\":\"search_term_string\"}}],\"inLanguage\":\"en-US\"},{\"@type\":\"Organization\",\"@id\":\"https:\\\/\\\/www.iloosi.fi\\\/en\\\/#organization\",\"name\":\"Duuilo Oy\",\"url\":\"https:\\\/\\\/www.iloosi.fi\\\/en\\\/\",\"logo\":{\"@type\":\"ImageObject\",\"inLanguage\":\"en-US\",\"@id\":\"https:\\\/\\\/www.iloosi.fi\\\/en\\\/#\\\/schema\\\/logo\\\/image\\\/\",\"url\":\"https:\\\/\\\/www.iloosi.fi\\\/wp-content\\\/uploads\\\/2026\\\/04\\\/Screenshot-2026-04-29-214330.png\",\"contentUrl\":\"https:\\\/\\\/www.iloosi.fi\\\/wp-content\\\/uploads\\\/2026\\\/04\\\/Screenshot-2026-04-29-214330.png\",\"width\":406,\"height\":365,\"caption\":\"Duuilo Oy\"},\"image\":{\"@id\":\"https:\\\/\\\/www.iloosi.fi\\\/en\\\/#\\\/schema\\\/logo\\\/image\\\/\"},\"sameAs\":[\"https:\\\/\\\/www.facebook.com\\\/iloosi.fi\",\"https:\\\/\\\/www.instagram.com\\\/iloosi_shop\\\/?hl=fi\"],\"description\":\"iloosi on suomalainen verkkokauppa ja osa Memofotoa. Meille kuvat eiv\u00e4t ole vain tiedostoja tai printtej\u00e4 \u2013 ne ovat muistoja, tunteita ja ihmisille t\u00e4rkeit\u00e4 hetki\u00e4. Siksi halusimme luoda verkkokaupan, jossa omista kuvista, teksteist\u00e4 ja ideoista voi tehd\u00e4 helposti persoonallisia tuotteita arkeen, lahjaksi ja juhlaan.\",\"email\":\"iloosi@iloosi.fi\",\"telephone\":\"+358400896226\",\"legalName\":\"Memofoto Oy\",\"foundingDate\":\"1947-01-01\",\"vatID\":\"FI35342246\",\"numberOfEmployees\":{\"@type\":\"QuantitativeValue\",\"minValue\":\"1\",\"maxValue\":\"10\"},\"hasMerchantReturnPolicy\":{\"@type\":\"MerchantReturnPolicy\",\"merchantReturnLink\":\"https:\\\/\\\/www.iloosi.fi\\\/toimitus-ja-maksuehdot\\\/\"}}]}<\/script>\n<meta property=\"product:price:amount\" content=\"0.00\" \/>\n<meta property=\"product:price:currency\" content=\"EUR\" \/>\n<meta property=\"og:availability\" content=\"instock\" \/>\n<meta property=\"product:availability\" content=\"instock\" \/>\n<meta property=\"product:condition\" content=\"new\" \/>\n<!-- \/ Yoast SEO Premium plugin. -->","yoast_head_json":{"title":"Black photo tray - 5 pictures 10x15 cm + 4 pictures 10x10 cm - iloosi","description":"Stylish black photo tray for 5 10x15 cm and 4 10x10 cm photos. A practical and beautiful gift idea for dad, mum or grandparents. Order now!","robots":{"index":"index","follow":"follow","max-snippet":"max-snippet:-1","max-image-preview":"max-image-preview:large","max-video-preview":"max-video-preview:-1"},"canonical":"https:\/\/www.iloosi.fi\/en\/tuotteet\/picture-frames\/musta-valokuvatarjotin-5-kuvaa-10x15-cm-4-kuvaa-10x10-cm\/","og_locale":"en_US","og_type":"article","og_title":"Black photo tray - 5 pictures 10x15 cm + 4 pictures 10x10 cm","og_description":"Black photo tray - 5 pictures 10x15 cm + 4 pictures 10x10 cm","og_url":"https:\/\/www.iloosi.fi\/en\/tuotteet\/picture-frames\/musta-valokuvatarjotin-5-kuvaa-10x15-cm-4-kuvaa-10x10-cm\/","og_site_name":"iloosi","article_publisher":"https:\/\/www.facebook.com\/iloosi.fi","article_modified_time":"2026-02-10T18:54:49+00:00","og_image":[{"width":1665,"height":1665,"url":"https:\/\/www.iloosi.fi\/wp-content\/uploads\/2025\/07\/valokuvatarjotinmusta50x10x154x10x1045x35_42035_822bfb680425_1.webp","type":"image\/webp"}],"twitter_card":"summary_large_image","twitter_misc":{"Price":"","Availability":"In stock"},"schema":{"@context":"https:\/\/schema.org","@graph":[{"@type":"WebPage","@id":"https:\/\/www.iloosi.fi\/en\/tuotteet\/picture-frames\/musta-valokuvatarjotin-5-kuvaa-10x15-cm-4-kuvaa-10x10-cm\/","url":"https:\/\/www.iloosi.fi\/en\/tuotteet\/picture-frames\/musta-valokuvatarjotin-5-kuvaa-10x15-cm-4-kuvaa-10x10-cm\/","name":"Black photo tray - 5 pictures 10x15 cm + 4 pictures 10x10 cm - iloosi","isPartOf":{"@id":"https:\/\/www.iloosi.fi\/en\/#website"},"primaryImageOfPage":{"@id":"https:\/\/www.iloosi.fi\/en\/tuotteet\/picture-frames\/musta-valokuvatarjotin-5-kuvaa-10x15-cm-4-kuvaa-10x10-cm\/#primaryimage"},"image":{"@id":"https:\/\/www.iloosi.fi\/en\/tuotteet\/picture-frames\/musta-valokuvatarjotin-5-kuvaa-10x15-cm-4-kuvaa-10x10-cm\/#primaryimage"},"thumbnailUrl":"https:\/\/www.iloosi.fi\/wp-content\/uploads\/2025\/07\/valokuvatarjotinmusta50x10x154x10x1045x35_42035_822bfb680425_1.webp","datePublished":"2025-10-15T07:06:50+00:00","dateModified":"2026-02-10T18:54:49+00:00","description":"Stylish black photo tray for 5 10x15 cm and 4 10x10 cm photos. A practical and beautiful gift idea for dad, mum or grandparents. Order now!","breadcrumb":{"@id":"https:\/\/www.iloosi.fi\/en\/tuotteet\/picture-frames\/musta-valokuvatarjotin-5-kuvaa-10x15-cm-4-kuvaa-10x10-cm\/#breadcrumb"},"inLanguage":"en-US","potentialAction":[{"@type":"ReadAction","target":["https:\/\/www.iloosi.fi\/en\/tuotteet\/picture-frames\/musta-valokuvatarjotin-5-kuvaa-10x15-cm-4-kuvaa-10x10-cm\/"]}]},{"@type":"ImageObject","inLanguage":"en-US","@id":"https:\/\/www.iloosi.fi\/en\/tuotteet\/picture-frames\/musta-valokuvatarjotin-5-kuvaa-10x15-cm-4-kuvaa-10x10-cm\/#primaryimage","url":"https:\/\/www.iloosi.fi\/wp-content\/uploads\/2025\/07\/valokuvatarjotinmusta50x10x154x10x1045x35_42035_822bfb680425_1.webp","contentUrl":"https:\/\/www.iloosi.fi\/wp-content\/uploads\/2025\/07\/valokuvatarjotinmusta50x10x154x10x1045x35_42035_822bfb680425_1.webp","width":1665,"height":1665,"caption":"Valokuvatarjotin musta 9:lle kuvalle"},{"@type":"BreadcrumbList","@id":"https:\/\/www.iloosi.fi\/en\/tuotteet\/picture-frames\/musta-valokuvatarjotin-5-kuvaa-10x15-cm-4-kuvaa-10x10-cm\/#breadcrumb","itemListElement":[{"@type":"ListItem","position":1,"name":"Home","item":"https:\/\/www.iloosi.fi\/en\/"},{"@type":"ListItem","position":2,"name":"Shop","item":"https:\/\/www.iloosi.fi\/en\/shop\/"},{"@type":"ListItem","position":3,"name":"Black photo tray &#8211; 5 pictures 10&#215;15 cm + 4 pictures 10&#215;10 cm"}]},{"@type":"WebSite","@id":"https:\/\/www.iloosi.fi\/en\/#website","url":"https:\/\/www.iloosi.fi\/en\/","name":"iloosi","description":"","publisher":{"@id":"https:\/\/www.iloosi.fi\/en\/#organization"},"potentialAction":[{"@type":"SearchAction","target":{"@type":"EntryPoint","urlTemplate":"https:\/\/www.iloosi.fi\/en\/?s={search_term_string}"},"query-input":{"@type":"PropertyValueSpecification","valueRequired":true,"valueName":"search_term_string"}}],"inLanguage":"en-US"},{"@type":"Organization","@id":"https:\/\/www.iloosi.fi\/en\/#organization","name":"Duuilo Oy","url":"https:\/\/www.iloosi.fi\/en\/","logo":{"@type":"ImageObject","inLanguage":"en-US","@id":"https:\/\/www.iloosi.fi\/en\/#\/schema\/logo\/image\/","url":"https:\/\/www.iloosi.fi\/wp-content\/uploads\/2026\/04\/Screenshot-2026-04-29-214330.png","contentUrl":"https:\/\/www.iloosi.fi\/wp-content\/uploads\/2026\/04\/Screenshot-2026-04-29-214330.png","width":406,"height":365,"caption":"Duuilo Oy"},"image":{"@id":"https:\/\/www.iloosi.fi\/en\/#\/schema\/logo\/image\/"},"sameAs":["https:\/\/www.facebook.com\/iloosi.fi","https:\/\/www.instagram.com\/iloosi_shop\/?hl=fi"],"description":"iloosi on suomalainen verkkokauppa ja osa Memofotoa. Meille kuvat eiv\u00e4t ole vain tiedostoja tai printtej\u00e4 \u2013 ne ovat muistoja, tunteita ja ihmisille t\u00e4rkeit\u00e4 hetki\u00e4. Siksi halusimme luoda verkkokaupan, jossa omista kuvista, teksteist\u00e4 ja ideoista voi tehd\u00e4 helposti persoonallisia tuotteita arkeen, lahjaksi ja juhlaan.","email":"iloosi@iloosi.fi","telephone":"+358400896226","legalName":"Memofoto Oy","foundingDate":"1947-01-01","vatID":"FI35342246","numberOfEmployees":{"@type":"QuantitativeValue","minValue":"1","maxValue":"10"},"hasMerchantReturnPolicy":{"@type":"MerchantReturnPolicy","merchantReturnLink":"https:\/\/www.iloosi.fi\/toimitus-ja-maksuehdot\/"}}]},"product_price_amount":"0.00","product_price_currency":"EUR","og_availability":"instock","product_availability":"instock","product_condition":"new"},"_links":{"self":[{"href":"https:\/\/www.iloosi.fi\/en\/wp-json\/wp\/v2\/product\/15831","targetHints":{"allow":["GET"]}}],"collection":[{"href":"https:\/\/www.iloosi.fi\/en\/wp-json\/wp\/v2\/product"}],"about":[{"href":"https:\/\/www.iloosi.fi\/en\/wp-json\/wp\/v2\/types\/product"}],"replies":[{"embeddable":true,"href":"https:\/\/www.iloosi.fi\/en\/wp-json\/wp\/v2\/comments?post=15831"}],"wp:featuredmedia":[{"embeddable":true,"href":"https:\/\/www.iloosi.fi\/en\/wp-json\/wp\/v2\/media\/14799"}],"wp:attachment":[{"href":"https:\/\/www.iloosi.fi\/en\/wp-json\/wp\/v2\/media?parent=15831"}],"wp:term":[{"taxonomy":"product_brand","embeddable":true,"href":"https:\/\/www.iloosi.fi\/en\/wp-json\/wp\/v2\/product_brand?post=15831"},{"taxonomy":"product_cat","embeddable":true,"href":"https:\/\/www.iloosi.fi\/en\/wp-json\/wp\/v2\/product_cat?post=15831"},{"taxonomy":"product_tag","embeddable":true,"href":"https:\/\/www.iloosi.fi\/en\/wp-json\/wp\/v2\/product_tag?post=15831"}],"curies":[{"name":"wp","href":"https:\/\/api.w.org\/{rel}","templated":true}]}}