{"id":16970,"date":"2026-04-30T09:38:15","date_gmt":"2026-04-30T06:38:15","guid":{"rendered":"https:\/\/www.iloosi.fi\/tuotteet\/uncategorized\/vanha-tikkurilan-asema-1947-korvakorut-nostalginen-maisema-koruissa\/"},"modified":"2026-04-30T12:39:17","modified_gmt":"2026-04-30T09:39:17","slug":"vanha-tikkurilan-asema-1947-korvakorut-nostalginen-maisema-koruissa","status":"publish","type":"product","link":"https:\/\/www.iloosi.fi\/en\/tuotteet\/gift-items\/vanha-tikkurilan-asema-1947-korvakorut-nostalginen-maisema-koruissa\/","title":{"rendered":"Old Tikkurila Station 1947 earrings &#8211; nostalgic landscape in jewellery"},"content":{"rendered":"<p>A piece of local history! These Old Tikkurila Station earrings bring back a unique moment from the past &#8211; a delicate and atmospheric view from 1947. <\/p>\n<p>The black and white image of the old Tikkurila station exudes peace, time and stories. The earrings are not just a beautiful accessory, but a small memento that speaks especially to those who know or care about Tikkurila. <\/p>\n<p>Lightweight and comfortable to wear, these earrings go with you discreetly throughout the day. They won&#8217;t strain your ears, and the double-sided print ensures that your beautiful image is elegantly displayed from every angle. <\/p>\n<p>Tikkurila Station earrings are the perfect gift idea for someone who has lived in Vantaa, is interested in history or appreciates personal and meaningful jewellery. They also make a great memento of your home region or an important life event. <\/p>\n<p>When you want something more than ordinary jewellery, choose earrings that combine lightness, story and a timeless feel. These jewellery pieces will inspire admiration and give you something to talk about. <\/p>\n<p>Features:<\/p>\n<ul>\n<li>Material:MDF<\/li>\n<li>Shape: round<\/li>\n<li>Print: photo from 1947, print on both sides<\/li>\n<li>Diameter: 3,5 cm<\/li>\n<li>Thickness: 3 mm<\/li>\n<li>Lightweight and comfortable to use<\/li>\n<li>Does not bend or deform in use<\/li>\n<\/ul>\n","protected":false},"excerpt":{"rendered":"<p>Tikkurila Station earrings bring the landscape of 1947 into your style. Lightweight and personal, they are perfect as a gift or to commemorate an important place. <\/p>\n","protected":false},"featured_media":16964,"comment_status":"open","ping_status":"closed","template":"","meta":[],"product_brand":[],"product_cat":[787,1750],"product_tag":[2443,2438,2446,2447,2439,2445,2448,2444,2437,1766,2441,2440,2442],"class_list":{"0":"post-16970","1":"product","2":"type-product","3":"status-publish","4":"has-post-thumbnail","6":"product_cat-gift-items","7":"product_cat-tikkurila-products","8":"product_tag-1947-tikkurila","9":"product_tag-finland-earrings","10":"product_tag-finnish-jewellery","11":"product_tag-gift-idea-earrings","12":"product_tag-gift-idea-tikkurila","13":"product_tag-landscape-jewellery","14":"product_tag-lightweight-earrings","15":"product_tag-nostalgic-earrings","16":"product_tag-old-tikkurila-earrings","17":"product_tag-photo-jewellery","18":"product_tag-tikkurila-jewellery","19":"product_tag-tikkurila-station-earrings","20":"product_tag-vantaa-earrings","22":"first","23":"instock","24":"taxable","25":"shipping-taxable","26":"purchasable","27":"product-type-simple"},"bundled_by":[],"bundle_stock_status":"instock","bundle_stock_quantity":null,"bundle_virtual":false,"bundle_layout":"","bundle_add_to_cart_form_location":"","bundle_editable_in_cart":false,"bundle_sold_individually_context":"","bundle_item_grouping":"","bundle_min_size":"","bundle_max_size":"","bundled_items":[],"bundle_sell_ids":[],"yoast_head":"<!-- This site is optimized with the Yoast SEO Premium plugin v27.5 (Yoast SEO v27.5) - https:\/\/yoast.com\/product\/yoast-seo-premium-wordpress\/ -->\n<title>Tikkurila Station Earrings 1947 - nostalgic jewellery | your joy<\/title>\n<meta name=\"description\" content=\"Tikkurila Station earrings bring the atmosphere of 1947 into the celebration and everyday life. Light and personalised jewellery for a gift or for yourself - order yours\" \/>\n<meta name=\"robots\" content=\"index, follow, max-snippet:-1, max-image-preview:large, max-video-preview:-1\" \/>\n<link rel=\"canonical\" href=\"https:\/\/www.iloosi.fi\/en\/tuotteet\/gift-items\/vanha-tikkurilan-asema-1947-korvakorut-nostalginen-maisema-koruissa\/\" \/>\n<meta property=\"og:locale\" content=\"en_US\" \/>\n<meta property=\"og:type\" content=\"article\" \/>\n<meta property=\"og:title\" content=\"Old Tikkurila station earrings, light and beautiful\" \/>\n<meta property=\"og:description\" content=\"Take part in the story of Tikkurila Old Tikkurila Station with earrings. Lightweight and stylish, they bring memories to life every day. Get yours!\" \/>\n<meta property=\"og:url\" content=\"https:\/\/www.iloosi.fi\/en\/tuotteet\/gift-items\/vanha-tikkurilan-asema-1947-korvakorut-nostalginen-maisema-koruissa\/\" \/>\n<meta property=\"og:site_name\" content=\"iloosi\" \/>\n<meta property=\"article:publisher\" content=\"https:\/\/www.facebook.com\/iloosi.fi\" \/>\n<meta property=\"article:modified_time\" content=\"2026-04-30T09:39:17+00:00\" \/>\n<meta property=\"og:image\" content=\"https:\/\/www.iloosi.fi\/wp-content\/uploads\/2026\/04\/tikkurilan-asema-1947-korvakorut-mustavalko-scaled.jpg\" \/>\n\t<meta property=\"og:image:width\" content=\"1920\" \/>\n\t<meta property=\"og:image:height\" content=\"2560\" \/>\n\t<meta property=\"og:image:type\" content=\"image\/jpeg\" \/>\n<meta name=\"twitter:card\" content=\"summary_large_image\" \/>\n<meta name=\"twitter:title\" content=\"Old Tikkurila Station 1947 earrings - nostalgic landscape in jewellery\" \/>\n<meta name=\"twitter:description\" content=\"Old Tikkurila Station 1947 earrings - nostalgic landscape in jewellery\" \/>\n<meta name=\"twitter:label1\" content=\"Price\" \/>\n\t<meta name=\"twitter:data1\" content=\"28,90&nbsp;&euro;\" \/>\n\t<meta name=\"twitter:label2\" content=\"Availability\" \/>\n\t<meta name=\"twitter:data2\" content=\"In stock\" \/>\n<script type=\"application\/ld+json\" class=\"yoast-schema-graph\">{\"@context\":\"https:\\\/\\\/schema.org\",\"@graph\":[{\"@type\":\"WebPage\",\"@id\":\"https:\\\/\\\/www.iloosi.fi\\\/en\\\/tuotteet\\\/gift-items\\\/vanha-tikkurilan-asema-1947-korvakorut-nostalginen-maisema-koruissa\\\/\",\"url\":\"https:\\\/\\\/www.iloosi.fi\\\/en\\\/tuotteet\\\/gift-items\\\/vanha-tikkurilan-asema-1947-korvakorut-nostalginen-maisema-koruissa\\\/\",\"name\":\"Tikkurila Station Earrings 1947 - nostalgic jewellery | your joy\",\"isPartOf\":{\"@id\":\"https:\\\/\\\/www.iloosi.fi\\\/en\\\/#website\"},\"primaryImageOfPage\":{\"@id\":\"https:\\\/\\\/www.iloosi.fi\\\/en\\\/tuotteet\\\/gift-items\\\/vanha-tikkurilan-asema-1947-korvakorut-nostalginen-maisema-koruissa\\\/#primaryimage\"},\"image\":{\"@id\":\"https:\\\/\\\/www.iloosi.fi\\\/en\\\/tuotteet\\\/gift-items\\\/vanha-tikkurilan-asema-1947-korvakorut-nostalginen-maisema-koruissa\\\/#primaryimage\"},\"thumbnailUrl\":\"https:\\\/\\\/www.iloosi.fi\\\/wp-content\\\/uploads\\\/2026\\\/04\\\/tikkurilan-asema-1947-korvakorut-mustavalko-scaled.jpg\",\"datePublished\":\"2026-04-30T06:38:15+00:00\",\"dateModified\":\"2026-04-30T09:39:17+00:00\",\"description\":\"Tikkurila Station earrings bring the atmosphere of 1947 into the celebration and everyday life. Light and personalised jewellery for a gift or for yourself - order yours\",\"breadcrumb\":{\"@id\":\"https:\\\/\\\/www.iloosi.fi\\\/en\\\/tuotteet\\\/gift-items\\\/vanha-tikkurilan-asema-1947-korvakorut-nostalginen-maisema-koruissa\\\/#breadcrumb\"},\"inLanguage\":\"en-US\",\"potentialAction\":[{\"@type\":\"ReadAction\",\"target\":[\"https:\\\/\\\/www.iloosi.fi\\\/en\\\/tuotteet\\\/gift-items\\\/vanha-tikkurilan-asema-1947-korvakorut-nostalginen-maisema-koruissa\\\/\"]}]},{\"@type\":\"ImageObject\",\"inLanguage\":\"en-US\",\"@id\":\"https:\\\/\\\/www.iloosi.fi\\\/en\\\/tuotteet\\\/gift-items\\\/vanha-tikkurilan-asema-1947-korvakorut-nostalginen-maisema-koruissa\\\/#primaryimage\",\"url\":\"https:\\\/\\\/www.iloosi.fi\\\/wp-content\\\/uploads\\\/2026\\\/04\\\/tikkurilan-asema-1947-korvakorut-mustavalko-scaled.jpg\",\"contentUrl\":\"https:\\\/\\\/www.iloosi.fi\\\/wp-content\\\/uploads\\\/2026\\\/04\\\/tikkurilan-asema-1947-korvakorut-mustavalko-scaled.jpg\",\"width\":1920,\"height\":2560,\"caption\":\"Earrings from the old Tikkurila station from 1947\"},{\"@type\":\"BreadcrumbList\",\"@id\":\"https:\\\/\\\/www.iloosi.fi\\\/en\\\/tuotteet\\\/gift-items\\\/vanha-tikkurilan-asema-1947-korvakorut-nostalginen-maisema-koruissa\\\/#breadcrumb\",\"itemListElement\":[{\"@type\":\"ListItem\",\"position\":1,\"name\":\"Home\",\"item\":\"https:\\\/\\\/www.iloosi.fi\\\/en\\\/\"},{\"@type\":\"ListItem\",\"position\":2,\"name\":\"Shop\",\"item\":\"https:\\\/\\\/www.iloosi.fi\\\/en\\\/shop\\\/\"},{\"@type\":\"ListItem\",\"position\":3,\"name\":\"Old Tikkurila Station 1947 earrings - nostalgic landscape in jewellery\"}]},{\"@type\":\"WebSite\",\"@id\":\"https:\\\/\\\/www.iloosi.fi\\\/en\\\/#website\",\"url\":\"https:\\\/\\\/www.iloosi.fi\\\/en\\\/\",\"name\":\"iloosi\",\"description\":\"\",\"publisher\":{\"@id\":\"https:\\\/\\\/www.iloosi.fi\\\/en\\\/#organization\"},\"potentialAction\":[{\"@type\":\"SearchAction\",\"target\":{\"@type\":\"EntryPoint\",\"urlTemplate\":\"https:\\\/\\\/www.iloosi.fi\\\/en\\\/?s={search_term_string}\"},\"query-input\":{\"@type\":\"PropertyValueSpecification\",\"valueRequired\":true,\"valueName\":\"search_term_string\"}}],\"inLanguage\":\"en-US\"},{\"@type\":\"Organization\",\"@id\":\"https:\\\/\\\/www.iloosi.fi\\\/en\\\/#organization\",\"name\":\"Duuilo Oy\",\"url\":\"https:\\\/\\\/www.iloosi.fi\\\/en\\\/\",\"logo\":{\"@type\":\"ImageObject\",\"inLanguage\":\"en-US\",\"@id\":\"https:\\\/\\\/www.iloosi.fi\\\/en\\\/#\\\/schema\\\/logo\\\/image\\\/\",\"url\":\"https:\\\/\\\/www.iloosi.fi\\\/wp-content\\\/uploads\\\/2026\\\/04\\\/Screenshot-2026-04-29-214330.png\",\"contentUrl\":\"https:\\\/\\\/www.iloosi.fi\\\/wp-content\\\/uploads\\\/2026\\\/04\\\/Screenshot-2026-04-29-214330.png\",\"width\":406,\"height\":365,\"caption\":\"Duuilo Oy\"},\"image\":{\"@id\":\"https:\\\/\\\/www.iloosi.fi\\\/en\\\/#\\\/schema\\\/logo\\\/image\\\/\"},\"sameAs\":[\"https:\\\/\\\/www.facebook.com\\\/iloosi.fi\",\"https:\\\/\\\/www.instagram.com\\\/iloosi_shop\\\/?hl=fi\"],\"description\":\"iloosi on suomalainen verkkokauppa ja osa Memofotoa. Meille kuvat eiv\u00e4t ole vain tiedostoja tai printtej\u00e4 \u2013 ne ovat muistoja, tunteita ja ihmisille t\u00e4rkeit\u00e4 hetki\u00e4. Siksi halusimme luoda verkkokaupan, jossa omista kuvista, teksteist\u00e4 ja ideoista voi tehd\u00e4 helposti persoonallisia tuotteita arkeen, lahjaksi ja juhlaan.\",\"email\":\"iloosi@iloosi.fi\",\"telephone\":\"+358400896226\",\"legalName\":\"Memofoto Oy\",\"foundingDate\":\"1947-01-01\",\"vatID\":\"FI35342246\",\"numberOfEmployees\":{\"@type\":\"QuantitativeValue\",\"minValue\":\"1\",\"maxValue\":\"10\"},\"hasMerchantReturnPolicy\":{\"@type\":\"MerchantReturnPolicy\",\"merchantReturnLink\":\"https:\\\/\\\/www.iloosi.fi\\\/toimitus-ja-maksuehdot\\\/\"}}]}<\/script>\n<meta property=\"product:price:amount\" content=\"28.90\" \/>\n<meta property=\"product:price:currency\" content=\"EUR\" \/>\n<meta property=\"og:availability\" content=\"instock\" \/>\n<meta property=\"product:availability\" content=\"instock\" \/>\n<meta property=\"product:condition\" content=\"new\" \/>\n<!-- \/ Yoast SEO Premium plugin. -->","yoast_head_json":{"title":"Tikkurila Station Earrings 1947 - nostalgic jewellery | your joy","description":"Tikkurila Station earrings bring the atmosphere of 1947 into the celebration and everyday life. Light and personalised jewellery for a gift or for yourself - order yours","robots":{"index":"index","follow":"follow","max-snippet":"max-snippet:-1","max-image-preview":"max-image-preview:large","max-video-preview":"max-video-preview:-1"},"canonical":"https:\/\/www.iloosi.fi\/en\/tuotteet\/gift-items\/vanha-tikkurilan-asema-1947-korvakorut-nostalginen-maisema-koruissa\/","og_locale":"en_US","og_type":"article","og_title":"Old Tikkurila station earrings, light and beautiful","og_description":"Take part in the story of Tikkurila Old Tikkurila Station with earrings. Lightweight and stylish, they bring memories to life every day. Get yours!","og_url":"https:\/\/www.iloosi.fi\/en\/tuotteet\/gift-items\/vanha-tikkurilan-asema-1947-korvakorut-nostalginen-maisema-koruissa\/","og_site_name":"iloosi","article_publisher":"https:\/\/www.facebook.com\/iloosi.fi","article_modified_time":"2026-04-30T09:39:17+00:00","og_image":[{"width":1920,"height":2560,"url":"https:\/\/www.iloosi.fi\/wp-content\/uploads\/2026\/04\/tikkurilan-asema-1947-korvakorut-mustavalko-scaled.jpg","type":"image\/jpeg"}],"twitter_card":"summary_large_image","twitter_title":"Old Tikkurila Station 1947 earrings - nostalgic landscape in jewellery","twitter_description":"Old Tikkurila Station 1947 earrings - nostalgic landscape in jewellery","twitter_misc":{"Price":"28,90&nbsp;&euro;","Availability":"In stock"},"schema":{"@context":"https:\/\/schema.org","@graph":[{"@type":"WebPage","@id":"https:\/\/www.iloosi.fi\/en\/tuotteet\/gift-items\/vanha-tikkurilan-asema-1947-korvakorut-nostalginen-maisema-koruissa\/","url":"https:\/\/www.iloosi.fi\/en\/tuotteet\/gift-items\/vanha-tikkurilan-asema-1947-korvakorut-nostalginen-maisema-koruissa\/","name":"Tikkurila Station Earrings 1947 - nostalgic jewellery | your joy","isPartOf":{"@id":"https:\/\/www.iloosi.fi\/en\/#website"},"primaryImageOfPage":{"@id":"https:\/\/www.iloosi.fi\/en\/tuotteet\/gift-items\/vanha-tikkurilan-asema-1947-korvakorut-nostalginen-maisema-koruissa\/#primaryimage"},"image":{"@id":"https:\/\/www.iloosi.fi\/en\/tuotteet\/gift-items\/vanha-tikkurilan-asema-1947-korvakorut-nostalginen-maisema-koruissa\/#primaryimage"},"thumbnailUrl":"https:\/\/www.iloosi.fi\/wp-content\/uploads\/2026\/04\/tikkurilan-asema-1947-korvakorut-mustavalko-scaled.jpg","datePublished":"2026-04-30T06:38:15+00:00","dateModified":"2026-04-30T09:39:17+00:00","description":"Tikkurila Station earrings bring the atmosphere of 1947 into the celebration and everyday life. Light and personalised jewellery for a gift or for yourself - order yours","breadcrumb":{"@id":"https:\/\/www.iloosi.fi\/en\/tuotteet\/gift-items\/vanha-tikkurilan-asema-1947-korvakorut-nostalginen-maisema-koruissa\/#breadcrumb"},"inLanguage":"en-US","potentialAction":[{"@type":"ReadAction","target":["https:\/\/www.iloosi.fi\/en\/tuotteet\/gift-items\/vanha-tikkurilan-asema-1947-korvakorut-nostalginen-maisema-koruissa\/"]}]},{"@type":"ImageObject","inLanguage":"en-US","@id":"https:\/\/www.iloosi.fi\/en\/tuotteet\/gift-items\/vanha-tikkurilan-asema-1947-korvakorut-nostalginen-maisema-koruissa\/#primaryimage","url":"https:\/\/www.iloosi.fi\/wp-content\/uploads\/2026\/04\/tikkurilan-asema-1947-korvakorut-mustavalko-scaled.jpg","contentUrl":"https:\/\/www.iloosi.fi\/wp-content\/uploads\/2026\/04\/tikkurilan-asema-1947-korvakorut-mustavalko-scaled.jpg","width":1920,"height":2560,"caption":"Earrings from the old Tikkurila station from 1947"},{"@type":"BreadcrumbList","@id":"https:\/\/www.iloosi.fi\/en\/tuotteet\/gift-items\/vanha-tikkurilan-asema-1947-korvakorut-nostalginen-maisema-koruissa\/#breadcrumb","itemListElement":[{"@type":"ListItem","position":1,"name":"Home","item":"https:\/\/www.iloosi.fi\/en\/"},{"@type":"ListItem","position":2,"name":"Shop","item":"https:\/\/www.iloosi.fi\/en\/shop\/"},{"@type":"ListItem","position":3,"name":"Old Tikkurila Station 1947 earrings - nostalgic landscape in jewellery"}]},{"@type":"WebSite","@id":"https:\/\/www.iloosi.fi\/en\/#website","url":"https:\/\/www.iloosi.fi\/en\/","name":"iloosi","description":"","publisher":{"@id":"https:\/\/www.iloosi.fi\/en\/#organization"},"potentialAction":[{"@type":"SearchAction","target":{"@type":"EntryPoint","urlTemplate":"https:\/\/www.iloosi.fi\/en\/?s={search_term_string}"},"query-input":{"@type":"PropertyValueSpecification","valueRequired":true,"valueName":"search_term_string"}}],"inLanguage":"en-US"},{"@type":"Organization","@id":"https:\/\/www.iloosi.fi\/en\/#organization","name":"Duuilo Oy","url":"https:\/\/www.iloosi.fi\/en\/","logo":{"@type":"ImageObject","inLanguage":"en-US","@id":"https:\/\/www.iloosi.fi\/en\/#\/schema\/logo\/image\/","url":"https:\/\/www.iloosi.fi\/wp-content\/uploads\/2026\/04\/Screenshot-2026-04-29-214330.png","contentUrl":"https:\/\/www.iloosi.fi\/wp-content\/uploads\/2026\/04\/Screenshot-2026-04-29-214330.png","width":406,"height":365,"caption":"Duuilo Oy"},"image":{"@id":"https:\/\/www.iloosi.fi\/en\/#\/schema\/logo\/image\/"},"sameAs":["https:\/\/www.facebook.com\/iloosi.fi","https:\/\/www.instagram.com\/iloosi_shop\/?hl=fi"],"description":"iloosi on suomalainen verkkokauppa ja osa Memofotoa. Meille kuvat eiv\u00e4t ole vain tiedostoja tai printtej\u00e4 \u2013 ne ovat muistoja, tunteita ja ihmisille t\u00e4rkeit\u00e4 hetki\u00e4. Siksi halusimme luoda verkkokaupan, jossa omista kuvista, teksteist\u00e4 ja ideoista voi tehd\u00e4 helposti persoonallisia tuotteita arkeen, lahjaksi ja juhlaan.","email":"iloosi@iloosi.fi","telephone":"+358400896226","legalName":"Memofoto Oy","foundingDate":"1947-01-01","vatID":"FI35342246","numberOfEmployees":{"@type":"QuantitativeValue","minValue":"1","maxValue":"10"},"hasMerchantReturnPolicy":{"@type":"MerchantReturnPolicy","merchantReturnLink":"https:\/\/www.iloosi.fi\/toimitus-ja-maksuehdot\/"}}]},"product_price_amount":"28.90","product_price_currency":"EUR","og_availability":"instock","product_availability":"instock","product_condition":"new"},"_links":{"self":[{"href":"https:\/\/www.iloosi.fi\/en\/wp-json\/wp\/v2\/product\/16970","targetHints":{"allow":["GET"]}}],"collection":[{"href":"https:\/\/www.iloosi.fi\/en\/wp-json\/wp\/v2\/product"}],"about":[{"href":"https:\/\/www.iloosi.fi\/en\/wp-json\/wp\/v2\/types\/product"}],"replies":[{"embeddable":true,"href":"https:\/\/www.iloosi.fi\/en\/wp-json\/wp\/v2\/comments?post=16970"}],"wp:featuredmedia":[{"embeddable":true,"href":"https:\/\/www.iloosi.fi\/en\/wp-json\/wp\/v2\/media\/16964"}],"wp:attachment":[{"href":"https:\/\/www.iloosi.fi\/en\/wp-json\/wp\/v2\/media?parent=16970"}],"wp:term":[{"taxonomy":"product_brand","embeddable":true,"href":"https:\/\/www.iloosi.fi\/en\/wp-json\/wp\/v2\/product_brand?post=16970"},{"taxonomy":"product_cat","embeddable":true,"href":"https:\/\/www.iloosi.fi\/en\/wp-json\/wp\/v2\/product_cat?post=16970"},{"taxonomy":"product_tag","embeddable":true,"href":"https:\/\/www.iloosi.fi\/en\/wp-json\/wp\/v2\/product_tag?post=16970"}],"curies":[{"name":"wp","href":"https:\/\/api.w.org\/{rel}","templated":true}]}}