{"id":17019,"date":"2026-05-06T17:29:20","date_gmt":"2026-05-06T14:29:20","guid":{"rendered":"https:\/\/www.iloosi.fi\/tuotteet\/uncategorized\/pyorea-muovimagneetti-omalla-kuvalla-o65mm\/"},"modified":"2026-05-06T17:29:20","modified_gmt":"2026-05-06T14:29:20","slug":"pyorea-muovimagneetti-omalla-kuvalla-o65mm","status":"publish","type":"product","link":"https:\/\/www.iloosi.fi\/en\/tuotteet\/products-with-your-own-picture\/magnets\/pyorea-muovimagneetti-omalla-kuvalla-o65mm\/","title":{"rendered":"Round plastic magnet with your own image \u00d865mm"},"content":{"rendered":"<p data-start=\"681\" data-end=\"892\">Make important memories visible every day &#8211; easily and beautifully. This round plastic magnet with your own image will make your fridge door, magnetic board or even your desk personal and meaningful. <\/p>\n<p data-start=\"894\" data-end=\"1145\">Choose your own photo: a beloved moment, a family photo, a pet or even a funny memory with friends. The end result is a small but emotional touch to your everyday life. The rounded shape and glossy surface make the picture look neat and polished.  <\/p>\n<p data-start=\"1147\" data-end=\"1393\">This magnet is perfect as a gift &#8211; for birthdays, Christmas, graduation or just to make your everyday life happy. It&#8217;s also an easy and inexpensive way to give something personal that really stays with you. <\/p>\n<p data-start=\"1395\" data-end=\"1636\">The compact size makes the magnet multifunctional: it keeps your notepads in place while adding your own image to your decor. It&#8217;s also a great choice for companies, for example with a logo &#8211; a practical and memorable branded product. <\/p>\n<p data-start=\"1638\" data-end=\"1723\">When you want to combine practicality and sentimental value, this magnet is a sure choice.<\/p>\n<ul>\n<li data-section-id=\"1ox7k8p\" data-start=\"1753\" data-end=\"1774\">Material: plastic<\/li>\n<li data-section-id=\"1un530m\" data-start=\"1775\" data-end=\"1796\">Diameter: 65 mm<\/li>\n<li data-section-id=\"1v2cldv\" data-start=\"1797\" data-end=\"1816\">Thickness: 2,5 mm<\/li>\n<li data-section-id=\"1jtzvx1\" data-start=\"1817\" data-end=\"1836\">Surface: glossy<\/li>\n<li data-section-id=\"uvdpag\" data-start=\"1837\" data-end=\"1853\">Round shape<\/li>\n<li data-section-id=\"xv2ly2\" data-start=\"1854\" data-end=\"1888\">Personalisable with your own image<\/li>\n<\/ul>\n","protected":false},"excerpt":{"rendered":"<p>A round plastic magnet with your own picture is an easy way to display your memories in everyday life. The glossy and graceful magnet is perfect as a gift or to display your own photos. <\/p>\n","protected":false},"featured_media":17011,"comment_status":"open","ping_status":"closed","template":"","meta":[],"product_brand":[],"product_cat":[2477,795],"product_tag":[2465,2481,2485,2483,2479,2482,2478,2484,2480],"class_list":{"0":"post-17019","1":"product","2":"type-product","3":"status-publish","4":"has-post-thumbnail","6":"product_cat-magnets","7":"product_cat-products-with-your-own-picture","8":"product_tag-a-gift-with-your-own-picture","9":"product_tag-fridge-magnet-with-your-own-picture","10":"product_tag-logo-magnet","11":"product_tag-magnet-65-mm","12":"product_tag-magnet-with-your-own-picture","13":"product_tag-personalised-magnet","14":"product_tag-photo-magnet","15":"product_tag-photo-magnet-as-a-gift","16":"product_tag-round-magnet","18":"first","19":"instock","20":"taxable","21":"shipping-taxable","22":"purchasable","23":"product-type-simple"},"bundled_by":[],"bundle_stock_status":"instock","bundle_stock_quantity":null,"bundle_virtual":false,"bundle_layout":"","bundle_add_to_cart_form_location":"","bundle_editable_in_cart":false,"bundle_sold_individually_context":"","bundle_item_grouping":"","bundle_min_size":"","bundle_max_size":"","bundled_items":[],"bundle_sell_ids":[],"yoast_head":"<!-- This site is optimized with the Yoast SEO Premium plugin v27.5 (Yoast SEO v27.5) - https:\/\/yoast.com\/product\/yoast-seo-premium-wordpress\/ -->\n<title>Round plastic magnet with your own image \u00d865 mm<\/title>\n<meta name=\"description\" content=\"Create your own round plastic magnet with your own image and make everyday life more personal. The perfect gift idea - order easily with your own picture!\" \/>\n<meta name=\"robots\" content=\"index, follow, max-snippet:-1, max-image-preview:large, max-video-preview:-1\" \/>\n<link rel=\"canonical\" href=\"https:\/\/www.iloosi.fi\/en\/tuotteet\/products-with-your-own-picture\/magnets\/pyorea-muovimagneetti-omalla-kuvalla-o65mm\/\" \/>\n<meta property=\"og:locale\" content=\"en_US\" \/>\n<meta property=\"og:type\" content=\"article\" \/>\n<meta property=\"og:title\" content=\"Round plastic magnet with your own image \u00d865mm\" \/>\n<meta property=\"og:description\" content=\"Round plastic magnet with your own image \u00d865mm\" \/>\n<meta property=\"og:url\" content=\"https:\/\/www.iloosi.fi\/en\/tuotteet\/products-with-your-own-picture\/magnets\/pyorea-muovimagneetti-omalla-kuvalla-o65mm\/\" \/>\n<meta property=\"og:site_name\" content=\"iloosi\" \/>\n<meta property=\"article:publisher\" content=\"https:\/\/www.facebook.com\/iloosi.fi\" \/>\n<meta property=\"og:image\" content=\"https:\/\/www.iloosi.fi\/wp-content\/uploads\/2026\/05\/pyorea-muovimagneetti-omalla-kuvalla-o65mm-1.png\" \/>\n\t<meta property=\"og:image:width\" content=\"934\" \/>\n\t<meta property=\"og:image:height\" content=\"934\" \/>\n\t<meta property=\"og:image:type\" content=\"image\/png\" \/>\n<meta name=\"twitter:card\" content=\"summary_large_image\" \/>\n<meta name=\"twitter:label1\" content=\"Price\" \/>\n\t<meta name=\"twitter:data1\" content=\"9,90&nbsp;&euro;\" \/>\n\t<meta name=\"twitter:label2\" content=\"Availability\" \/>\n\t<meta name=\"twitter:data2\" content=\"In stock\" \/>\n<script type=\"application\/ld+json\" class=\"yoast-schema-graph\">{\"@context\":\"https:\\\/\\\/schema.org\",\"@graph\":[{\"@type\":\"WebPage\",\"@id\":\"https:\\\/\\\/www.iloosi.fi\\\/en\\\/tuotteet\\\/products-with-your-own-picture\\\/magnets\\\/pyorea-muovimagneetti-omalla-kuvalla-o65mm\\\/\",\"url\":\"https:\\\/\\\/www.iloosi.fi\\\/en\\\/tuotteet\\\/products-with-your-own-picture\\\/magnets\\\/pyorea-muovimagneetti-omalla-kuvalla-o65mm\\\/\",\"name\":\"Round plastic magnet with your own image \u00d865 mm\",\"isPartOf\":{\"@id\":\"https:\\\/\\\/www.iloosi.fi\\\/en\\\/#website\"},\"primaryImageOfPage\":{\"@id\":\"https:\\\/\\\/www.iloosi.fi\\\/en\\\/tuotteet\\\/products-with-your-own-picture\\\/magnets\\\/pyorea-muovimagneetti-omalla-kuvalla-o65mm\\\/#primaryimage\"},\"image\":{\"@id\":\"https:\\\/\\\/www.iloosi.fi\\\/en\\\/tuotteet\\\/products-with-your-own-picture\\\/magnets\\\/pyorea-muovimagneetti-omalla-kuvalla-o65mm\\\/#primaryimage\"},\"thumbnailUrl\":\"https:\\\/\\\/www.iloosi.fi\\\/wp-content\\\/uploads\\\/2026\\\/05\\\/pyorea-muovimagneetti-omalla-kuvalla-o65mm-1.png\",\"datePublished\":\"2026-05-06T14:29:20+00:00\",\"description\":\"Create your own round plastic magnet with your own image and make everyday life more personal. The perfect gift idea - order easily with your own picture!\",\"breadcrumb\":{\"@id\":\"https:\\\/\\\/www.iloosi.fi\\\/en\\\/tuotteet\\\/products-with-your-own-picture\\\/magnets\\\/pyorea-muovimagneetti-omalla-kuvalla-o65mm\\\/#breadcrumb\"},\"inLanguage\":\"en-US\",\"potentialAction\":[{\"@type\":\"ReadAction\",\"target\":[\"https:\\\/\\\/www.iloosi.fi\\\/en\\\/tuotteet\\\/products-with-your-own-picture\\\/magnets\\\/pyorea-muovimagneetti-omalla-kuvalla-o65mm\\\/\"]}]},{\"@type\":\"ImageObject\",\"inLanguage\":\"en-US\",\"@id\":\"https:\\\/\\\/www.iloosi.fi\\\/en\\\/tuotteet\\\/products-with-your-own-picture\\\/magnets\\\/pyorea-muovimagneetti-omalla-kuvalla-o65mm\\\/#primaryimage\",\"url\":\"https:\\\/\\\/www.iloosi.fi\\\/wp-content\\\/uploads\\\/2026\\\/05\\\/pyorea-muovimagneetti-omalla-kuvalla-o65mm-1.png\",\"contentUrl\":\"https:\\\/\\\/www.iloosi.fi\\\/wp-content\\\/uploads\\\/2026\\\/05\\\/pyorea-muovimagneetti-omalla-kuvalla-o65mm-1.png\",\"width\":934,\"height\":934,\"caption\":\"Personalised round magnet with your own image\"},{\"@type\":\"BreadcrumbList\",\"@id\":\"https:\\\/\\\/www.iloosi.fi\\\/en\\\/tuotteet\\\/products-with-your-own-picture\\\/magnets\\\/pyorea-muovimagneetti-omalla-kuvalla-o65mm\\\/#breadcrumb\",\"itemListElement\":[{\"@type\":\"ListItem\",\"position\":1,\"name\":\"Home\",\"item\":\"https:\\\/\\\/www.iloosi.fi\\\/en\\\/\"},{\"@type\":\"ListItem\",\"position\":2,\"name\":\"Shop\",\"item\":\"https:\\\/\\\/www.iloosi.fi\\\/en\\\/shop\\\/\"},{\"@type\":\"ListItem\",\"position\":3,\"name\":\"Round plastic magnet with your own image \u00d865mm\"}]},{\"@type\":\"WebSite\",\"@id\":\"https:\\\/\\\/www.iloosi.fi\\\/en\\\/#website\",\"url\":\"https:\\\/\\\/www.iloosi.fi\\\/en\\\/\",\"name\":\"iloosi\",\"description\":\"\",\"publisher\":{\"@id\":\"https:\\\/\\\/www.iloosi.fi\\\/en\\\/#organization\"},\"potentialAction\":[{\"@type\":\"SearchAction\",\"target\":{\"@type\":\"EntryPoint\",\"urlTemplate\":\"https:\\\/\\\/www.iloosi.fi\\\/en\\\/?s={search_term_string}\"},\"query-input\":{\"@type\":\"PropertyValueSpecification\",\"valueRequired\":true,\"valueName\":\"search_term_string\"}}],\"inLanguage\":\"en-US\"},{\"@type\":\"Organization\",\"@id\":\"https:\\\/\\\/www.iloosi.fi\\\/en\\\/#organization\",\"name\":\"Duuilo Oy\",\"url\":\"https:\\\/\\\/www.iloosi.fi\\\/en\\\/\",\"logo\":{\"@type\":\"ImageObject\",\"inLanguage\":\"en-US\",\"@id\":\"https:\\\/\\\/www.iloosi.fi\\\/en\\\/#\\\/schema\\\/logo\\\/image\\\/\",\"url\":\"https:\\\/\\\/www.iloosi.fi\\\/wp-content\\\/uploads\\\/2026\\\/04\\\/Screenshot-2026-04-29-214330.png\",\"contentUrl\":\"https:\\\/\\\/www.iloosi.fi\\\/wp-content\\\/uploads\\\/2026\\\/04\\\/Screenshot-2026-04-29-214330.png\",\"width\":406,\"height\":365,\"caption\":\"Duuilo Oy\"},\"image\":{\"@id\":\"https:\\\/\\\/www.iloosi.fi\\\/en\\\/#\\\/schema\\\/logo\\\/image\\\/\"},\"sameAs\":[\"https:\\\/\\\/www.facebook.com\\\/iloosi.fi\",\"https:\\\/\\\/www.instagram.com\\\/iloosi_shop\\\/?hl=fi\"],\"description\":\"iloosi on suomalainen verkkokauppa ja osa Memofotoa. Meille kuvat eiv\u00e4t ole vain tiedostoja tai printtej\u00e4 \u2013 ne ovat muistoja, tunteita ja ihmisille t\u00e4rkeit\u00e4 hetki\u00e4. Siksi halusimme luoda verkkokaupan, jossa omista kuvista, teksteist\u00e4 ja ideoista voi tehd\u00e4 helposti persoonallisia tuotteita arkeen, lahjaksi ja juhlaan.\",\"email\":\"iloosi@iloosi.fi\",\"telephone\":\"+358400896226\",\"legalName\":\"Memofoto Oy\",\"foundingDate\":\"1947-01-01\",\"vatID\":\"FI35342246\",\"numberOfEmployees\":{\"@type\":\"QuantitativeValue\",\"minValue\":\"1\",\"maxValue\":\"10\"},\"hasMerchantReturnPolicy\":{\"@type\":\"MerchantReturnPolicy\",\"merchantReturnLink\":\"https:\\\/\\\/www.iloosi.fi\\\/toimitus-ja-maksuehdot\\\/\"}}]}<\/script>\n<meta property=\"product:price:amount\" content=\"9.90\" \/>\n<meta property=\"product:price:currency\" content=\"EUR\" \/>\n<meta property=\"og:availability\" content=\"instock\" \/>\n<meta property=\"product:availability\" content=\"instock\" \/>\n<meta property=\"product:condition\" content=\"new\" \/>\n<!-- \/ Yoast SEO Premium plugin. -->","yoast_head_json":{"title":"Round plastic magnet with your own image \u00d865 mm","description":"Create your own round plastic magnet with your own image and make everyday life more personal. The perfect gift idea - order easily with your own picture!","robots":{"index":"index","follow":"follow","max-snippet":"max-snippet:-1","max-image-preview":"max-image-preview:large","max-video-preview":"max-video-preview:-1"},"canonical":"https:\/\/www.iloosi.fi\/en\/tuotteet\/products-with-your-own-picture\/magnets\/pyorea-muovimagneetti-omalla-kuvalla-o65mm\/","og_locale":"en_US","og_type":"article","og_title":"Round plastic magnet with your own image \u00d865mm","og_description":"Round plastic magnet with your own image \u00d865mm","og_url":"https:\/\/www.iloosi.fi\/en\/tuotteet\/products-with-your-own-picture\/magnets\/pyorea-muovimagneetti-omalla-kuvalla-o65mm\/","og_site_name":"iloosi","article_publisher":"https:\/\/www.facebook.com\/iloosi.fi","og_image":[{"width":934,"height":934,"url":"https:\/\/www.iloosi.fi\/wp-content\/uploads\/2026\/05\/pyorea-muovimagneetti-omalla-kuvalla-o65mm-1.png","type":"image\/png"}],"twitter_card":"summary_large_image","twitter_misc":{"Price":"9,90&nbsp;&euro;","Availability":"In stock"},"schema":{"@context":"https:\/\/schema.org","@graph":[{"@type":"WebPage","@id":"https:\/\/www.iloosi.fi\/en\/tuotteet\/products-with-your-own-picture\/magnets\/pyorea-muovimagneetti-omalla-kuvalla-o65mm\/","url":"https:\/\/www.iloosi.fi\/en\/tuotteet\/products-with-your-own-picture\/magnets\/pyorea-muovimagneetti-omalla-kuvalla-o65mm\/","name":"Round plastic magnet with your own image \u00d865 mm","isPartOf":{"@id":"https:\/\/www.iloosi.fi\/en\/#website"},"primaryImageOfPage":{"@id":"https:\/\/www.iloosi.fi\/en\/tuotteet\/products-with-your-own-picture\/magnets\/pyorea-muovimagneetti-omalla-kuvalla-o65mm\/#primaryimage"},"image":{"@id":"https:\/\/www.iloosi.fi\/en\/tuotteet\/products-with-your-own-picture\/magnets\/pyorea-muovimagneetti-omalla-kuvalla-o65mm\/#primaryimage"},"thumbnailUrl":"https:\/\/www.iloosi.fi\/wp-content\/uploads\/2026\/05\/pyorea-muovimagneetti-omalla-kuvalla-o65mm-1.png","datePublished":"2026-05-06T14:29:20+00:00","description":"Create your own round plastic magnet with your own image and make everyday life more personal. The perfect gift idea - order easily with your own picture!","breadcrumb":{"@id":"https:\/\/www.iloosi.fi\/en\/tuotteet\/products-with-your-own-picture\/magnets\/pyorea-muovimagneetti-omalla-kuvalla-o65mm\/#breadcrumb"},"inLanguage":"en-US","potentialAction":[{"@type":"ReadAction","target":["https:\/\/www.iloosi.fi\/en\/tuotteet\/products-with-your-own-picture\/magnets\/pyorea-muovimagneetti-omalla-kuvalla-o65mm\/"]}]},{"@type":"ImageObject","inLanguage":"en-US","@id":"https:\/\/www.iloosi.fi\/en\/tuotteet\/products-with-your-own-picture\/magnets\/pyorea-muovimagneetti-omalla-kuvalla-o65mm\/#primaryimage","url":"https:\/\/www.iloosi.fi\/wp-content\/uploads\/2026\/05\/pyorea-muovimagneetti-omalla-kuvalla-o65mm-1.png","contentUrl":"https:\/\/www.iloosi.fi\/wp-content\/uploads\/2026\/05\/pyorea-muovimagneetti-omalla-kuvalla-o65mm-1.png","width":934,"height":934,"caption":"Personalised round magnet with your own image"},{"@type":"BreadcrumbList","@id":"https:\/\/www.iloosi.fi\/en\/tuotteet\/products-with-your-own-picture\/magnets\/pyorea-muovimagneetti-omalla-kuvalla-o65mm\/#breadcrumb","itemListElement":[{"@type":"ListItem","position":1,"name":"Home","item":"https:\/\/www.iloosi.fi\/en\/"},{"@type":"ListItem","position":2,"name":"Shop","item":"https:\/\/www.iloosi.fi\/en\/shop\/"},{"@type":"ListItem","position":3,"name":"Round plastic magnet with your own image \u00d865mm"}]},{"@type":"WebSite","@id":"https:\/\/www.iloosi.fi\/en\/#website","url":"https:\/\/www.iloosi.fi\/en\/","name":"iloosi","description":"","publisher":{"@id":"https:\/\/www.iloosi.fi\/en\/#organization"},"potentialAction":[{"@type":"SearchAction","target":{"@type":"EntryPoint","urlTemplate":"https:\/\/www.iloosi.fi\/en\/?s={search_term_string}"},"query-input":{"@type":"PropertyValueSpecification","valueRequired":true,"valueName":"search_term_string"}}],"inLanguage":"en-US"},{"@type":"Organization","@id":"https:\/\/www.iloosi.fi\/en\/#organization","name":"Duuilo Oy","url":"https:\/\/www.iloosi.fi\/en\/","logo":{"@type":"ImageObject","inLanguage":"en-US","@id":"https:\/\/www.iloosi.fi\/en\/#\/schema\/logo\/image\/","url":"https:\/\/www.iloosi.fi\/wp-content\/uploads\/2026\/04\/Screenshot-2026-04-29-214330.png","contentUrl":"https:\/\/www.iloosi.fi\/wp-content\/uploads\/2026\/04\/Screenshot-2026-04-29-214330.png","width":406,"height":365,"caption":"Duuilo Oy"},"image":{"@id":"https:\/\/www.iloosi.fi\/en\/#\/schema\/logo\/image\/"},"sameAs":["https:\/\/www.facebook.com\/iloosi.fi","https:\/\/www.instagram.com\/iloosi_shop\/?hl=fi"],"description":"iloosi on suomalainen verkkokauppa ja osa Memofotoa. Meille kuvat eiv\u00e4t ole vain tiedostoja tai printtej\u00e4 \u2013 ne ovat muistoja, tunteita ja ihmisille t\u00e4rkeit\u00e4 hetki\u00e4. Siksi halusimme luoda verkkokaupan, jossa omista kuvista, teksteist\u00e4 ja ideoista voi tehd\u00e4 helposti persoonallisia tuotteita arkeen, lahjaksi ja juhlaan.","email":"iloosi@iloosi.fi","telephone":"+358400896226","legalName":"Memofoto Oy","foundingDate":"1947-01-01","vatID":"FI35342246","numberOfEmployees":{"@type":"QuantitativeValue","minValue":"1","maxValue":"10"},"hasMerchantReturnPolicy":{"@type":"MerchantReturnPolicy","merchantReturnLink":"https:\/\/www.iloosi.fi\/toimitus-ja-maksuehdot\/"}}]},"product_price_amount":"9.90","product_price_currency":"EUR","og_availability":"instock","product_availability":"instock","product_condition":"new"},"_links":{"self":[{"href":"https:\/\/www.iloosi.fi\/en\/wp-json\/wp\/v2\/product\/17019","targetHints":{"allow":["GET"]}}],"collection":[{"href":"https:\/\/www.iloosi.fi\/en\/wp-json\/wp\/v2\/product"}],"about":[{"href":"https:\/\/www.iloosi.fi\/en\/wp-json\/wp\/v2\/types\/product"}],"replies":[{"embeddable":true,"href":"https:\/\/www.iloosi.fi\/en\/wp-json\/wp\/v2\/comments?post=17019"}],"wp:featuredmedia":[{"embeddable":true,"href":"https:\/\/www.iloosi.fi\/en\/wp-json\/wp\/v2\/media\/17011"}],"wp:attachment":[{"href":"https:\/\/www.iloosi.fi\/en\/wp-json\/wp\/v2\/media?parent=17019"}],"wp:term":[{"taxonomy":"product_brand","embeddable":true,"href":"https:\/\/www.iloosi.fi\/en\/wp-json\/wp\/v2\/product_brand?post=17019"},{"taxonomy":"product_cat","embeddable":true,"href":"https:\/\/www.iloosi.fi\/en\/wp-json\/wp\/v2\/product_cat?post=17019"},{"taxonomy":"product_tag","embeddable":true,"href":"https:\/\/www.iloosi.fi\/en\/wp-json\/wp\/v2\/product_tag?post=17019"}],"curies":[{"name":"wp","href":"https:\/\/api.w.org\/{rel}","templated":true}]}}