{"id":9497,"date":"2021-09-21T12:43:28","date_gmt":"2021-09-21T09:43:28","guid":{"rendered":"https:\/\/iloosi.fi\/product\/stone-bridge-and-cats-in-summer-mug\/"},"modified":"2025-12-13T14:40:33","modified_gmt":"2025-12-13T12:40:33","slug":"stone-bridge-and-cats-in-summer-mug","status":"publish","type":"product","link":"https:\/\/www.iloosi.fi\/en\/tuotteet\/gift-items\/mugs\/stone-bridge-and-cats-in-summer-mug\/","title":{"rendered":"Stone bridge and cats in summer -mug"},"content":{"rendered":"<p>Stone bridge and cats in summer &#8211; ceramic mug with cat-themed print. Several colour options. <\/p>\n<p>Volume n 375 ml<br \/>\nMachine washable and micro-resistant<br \/>\n\u00d8 83 mm, height 95 mm<br \/>\nWeight 375 g<\/p>\n<p>Product designed and printed in Kerava.<br \/>\nDesign \u00a9iloosi<\/p>\n<p>Select delivery method or pick up. We will notify you when the product is ready.  Delivery time 1-3 working days.<\/p>\n<p>It comes with a DURAGLAZE coating that has passed the demanding European test BS EN 12875-4:2006.<\/p>\n<p>We also make custom mugs <a href=\"https:\/\/www.iloosi.fi\/product\/keraaminen-muki-omalla-kuvalla\/\">with your own design<\/a>!<\/p>\n<p>If you need more information about the product or if you would like a customisation or design service for your own mug, please contact us.<span style=\"font-size: 14.4px;\">  We are happy to help.<\/span><\/p>\n<p><strong>All mugs are available at a special discount: order more, get less! The discount applies to all mugs, so you can order different mug products at the same discount. <\/strong><\/p>\n","protected":false},"excerpt":{"rendered":"<p>Stone bridge and cats in summer -mug. A fair-sized mug for coffee and tea tastings. Machine and microwave safe.  <\/p>\n","protected":false},"featured_media":7584,"comment_status":"open","ping_status":"closed","template":"","meta":[],"product_brand":[],"product_cat":[811,787,810],"product_tag":[822,813,814,792,794,812,824],"class_list":{"0":"post-9497","1":"product","2":"type-product","3":"status-publish","4":"has-post-thumbnail","6":"product_cat-ceramic-mugs","7":"product_cat-gift-items","8":"product_cat-mugs","9":"product_tag-cat","10":"product_tag-coffee-mug","11":"product_tag-cup","12":"product_tag-gift","13":"product_tag-kerava-en","14":"product_tag-mug","15":"product_tag-stone-bridge","17":"first","18":"instock","19":"taxable","20":"shipping-taxable","21":"purchasable","22":"product-type-variable"},"bundled_by":[],"bundle_stock_status":"instock","bundle_stock_quantity":null,"bundle_virtual":false,"bundle_layout":"","bundle_add_to_cart_form_location":"","bundle_editable_in_cart":false,"bundle_sold_individually_context":"","bundle_item_grouping":"","bundle_min_size":"","bundle_max_size":"","bundled_items":[],"bundle_sell_ids":[],"yoast_head":"<!-- This site is optimized with the Yoast SEO Premium plugin v27.5 (Yoast SEO v27.5) - https:\/\/yoast.com\/product\/yoast-seo-premium-wordpress\/ -->\n<title>Stone bridge and cats in summer -mug - Designed and printed in Finland<\/title>\n<meta name=\"description\" content=\"Stone bridge and cats in summer - a ceramic mug of a fair size. Design and printing made in Finland. Several colour options. Design \u00a9iloosi\" \/>\n<meta name=\"robots\" content=\"index, follow, max-snippet:-1, max-image-preview:large, max-video-preview:-1\" \/>\n<link rel=\"canonical\" href=\"https:\/\/www.iloosi.fi\/en\/tuotteet\/gift-items\/mugs\/stone-bridge-and-cats-in-summer-mug\/\" \/>\n<meta property=\"og:locale\" content=\"en_US\" \/>\n<meta property=\"og:type\" content=\"article\" \/>\n<meta property=\"og:title\" content=\"Stone bridge and cats in summer -mug\" \/>\n<meta property=\"og:description\" content=\"Stone bridge and cats in summer -mug\" \/>\n<meta property=\"og:url\" content=\"https:\/\/www.iloosi.fi\/en\/tuotteet\/gift-items\/mugs\/stone-bridge-and-cats-in-summer-mug\/\" \/>\n<meta property=\"og:site_name\" content=\"iloosi\" \/>\n<meta property=\"article:publisher\" content=\"https:\/\/www.facebook.com\/iloosi.fi\" \/>\n<meta property=\"article:modified_time\" content=\"2025-12-13T12:40:33+00:00\" \/>\n<meta property=\"og:image\" content=\"https:\/\/www.iloosi.fi\/wp-content\/uploads\/2021\/10\/kesasilta_2.jpg\" \/>\n\t<meta property=\"og:image:width\" content=\"800\" \/>\n\t<meta property=\"og:image:height\" content=\"800\" \/>\n\t<meta property=\"og:image:type\" content=\"image\/jpeg\" \/>\n<meta name=\"twitter:card\" content=\"summary_large_image\" \/>\n<meta name=\"twitter:label1\" content=\"Availability\" \/>\n\t<meta name=\"twitter:data1\" content=\"In stock\" \/>\n<script type=\"application\/ld+json\" class=\"yoast-schema-graph\">{\"@context\":\"https:\\\/\\\/schema.org\",\"@graph\":[{\"@type\":\"WebPage\",\"@id\":\"https:\\\/\\\/www.iloosi.fi\\\/en\\\/tuotteet\\\/gift-items\\\/mugs\\\/stone-bridge-and-cats-in-summer-mug\\\/\",\"url\":\"https:\\\/\\\/www.iloosi.fi\\\/en\\\/tuotteet\\\/gift-items\\\/mugs\\\/stone-bridge-and-cats-in-summer-mug\\\/\",\"name\":\"Stone bridge and cats in summer -mug - Designed and printed in Finland\",\"isPartOf\":{\"@id\":\"https:\\\/\\\/www.iloosi.fi\\\/en\\\/#website\"},\"primaryImageOfPage\":{\"@id\":\"https:\\\/\\\/www.iloosi.fi\\\/en\\\/tuotteet\\\/gift-items\\\/mugs\\\/stone-bridge-and-cats-in-summer-mug\\\/#primaryimage\"},\"image\":{\"@id\":\"https:\\\/\\\/www.iloosi.fi\\\/en\\\/tuotteet\\\/gift-items\\\/mugs\\\/stone-bridge-and-cats-in-summer-mug\\\/#primaryimage\"},\"thumbnailUrl\":\"https:\\\/\\\/www.iloosi.fi\\\/wp-content\\\/uploads\\\/2021\\\/10\\\/kesasilta_2.jpg\",\"datePublished\":\"2021-09-21T09:43:28+00:00\",\"dateModified\":\"2025-12-13T12:40:33+00:00\",\"description\":\"Stone bridge and cats in summer - a ceramic mug of a fair size. Design and printing made in Finland. Several colour options. Design \u00a9iloosi\",\"breadcrumb\":{\"@id\":\"https:\\\/\\\/www.iloosi.fi\\\/en\\\/tuotteet\\\/gift-items\\\/mugs\\\/stone-bridge-and-cats-in-summer-mug\\\/#breadcrumb\"},\"inLanguage\":\"en-US\",\"potentialAction\":[{\"@type\":\"ReadAction\",\"target\":[\"https:\\\/\\\/www.iloosi.fi\\\/en\\\/tuotteet\\\/gift-items\\\/mugs\\\/stone-bridge-and-cats-in-summer-mug\\\/\"]}]},{\"@type\":\"ImageObject\",\"inLanguage\":\"en-US\",\"@id\":\"https:\\\/\\\/www.iloosi.fi\\\/en\\\/tuotteet\\\/gift-items\\\/mugs\\\/stone-bridge-and-cats-in-summer-mug\\\/#primaryimage\",\"url\":\"https:\\\/\\\/www.iloosi.fi\\\/wp-content\\\/uploads\\\/2021\\\/10\\\/kesasilta_2.jpg\",\"contentUrl\":\"https:\\\/\\\/www.iloosi.fi\\\/wp-content\\\/uploads\\\/2021\\\/10\\\/kesasilta_2.jpg\",\"width\":800,\"height\":800,\"caption\":\"Keravan kivisilta ja kissat kes\u00e4ll\u00e4 -muki\"},{\"@type\":\"BreadcrumbList\",\"@id\":\"https:\\\/\\\/www.iloosi.fi\\\/en\\\/tuotteet\\\/gift-items\\\/mugs\\\/stone-bridge-and-cats-in-summer-mug\\\/#breadcrumb\",\"itemListElement\":[{\"@type\":\"ListItem\",\"position\":1,\"name\":\"Home\",\"item\":\"https:\\\/\\\/www.iloosi.fi\\\/en\\\/\"},{\"@type\":\"ListItem\",\"position\":2,\"name\":\"Shop\",\"item\":\"https:\\\/\\\/www.iloosi.fi\\\/en\\\/shop\\\/\"},{\"@type\":\"ListItem\",\"position\":3,\"name\":\"Stone bridge and cats in summer -mug\"}]},{\"@type\":\"WebSite\",\"@id\":\"https:\\\/\\\/www.iloosi.fi\\\/en\\\/#website\",\"url\":\"https:\\\/\\\/www.iloosi.fi\\\/en\\\/\",\"name\":\"iloosi\",\"description\":\"\",\"publisher\":{\"@id\":\"https:\\\/\\\/www.iloosi.fi\\\/en\\\/#organization\"},\"potentialAction\":[{\"@type\":\"SearchAction\",\"target\":{\"@type\":\"EntryPoint\",\"urlTemplate\":\"https:\\\/\\\/www.iloosi.fi\\\/en\\\/?s={search_term_string}\"},\"query-input\":{\"@type\":\"PropertyValueSpecification\",\"valueRequired\":true,\"valueName\":\"search_term_string\"}}],\"inLanguage\":\"en-US\"},{\"@type\":\"Organization\",\"@id\":\"https:\\\/\\\/www.iloosi.fi\\\/en\\\/#organization\",\"name\":\"Duuilo Oy\",\"url\":\"https:\\\/\\\/www.iloosi.fi\\\/en\\\/\",\"logo\":{\"@type\":\"ImageObject\",\"inLanguage\":\"en-US\",\"@id\":\"https:\\\/\\\/www.iloosi.fi\\\/en\\\/#\\\/schema\\\/logo\\\/image\\\/\",\"url\":\"https:\\\/\\\/www.iloosi.fi\\\/wp-content\\\/uploads\\\/2026\\\/04\\\/Screenshot-2026-04-29-214330.png\",\"contentUrl\":\"https:\\\/\\\/www.iloosi.fi\\\/wp-content\\\/uploads\\\/2026\\\/04\\\/Screenshot-2026-04-29-214330.png\",\"width\":406,\"height\":365,\"caption\":\"Duuilo Oy\"},\"image\":{\"@id\":\"https:\\\/\\\/www.iloosi.fi\\\/en\\\/#\\\/schema\\\/logo\\\/image\\\/\"},\"sameAs\":[\"https:\\\/\\\/www.facebook.com\\\/iloosi.fi\",\"https:\\\/\\\/www.instagram.com\\\/iloosi_shop\\\/?hl=fi\"],\"description\":\"iloosi on suomalainen verkkokauppa ja osa Memofotoa. Meille kuvat eiv\u00e4t ole vain tiedostoja tai printtej\u00e4 \u2013 ne ovat muistoja, tunteita ja ihmisille t\u00e4rkeit\u00e4 hetki\u00e4. Siksi halusimme luoda verkkokaupan, jossa omista kuvista, teksteist\u00e4 ja ideoista voi tehd\u00e4 helposti persoonallisia tuotteita arkeen, lahjaksi ja juhlaan.\",\"email\":\"iloosi@iloosi.fi\",\"telephone\":\"+358400896226\",\"legalName\":\"Memofoto Oy\",\"foundingDate\":\"1947-01-01\",\"vatID\":\"FI35342246\",\"numberOfEmployees\":{\"@type\":\"QuantitativeValue\",\"minValue\":\"1\",\"maxValue\":\"10\"},\"hasMerchantReturnPolicy\":{\"@type\":\"MerchantReturnPolicy\",\"merchantReturnLink\":\"https:\\\/\\\/www.iloosi.fi\\\/toimitus-ja-maksuehdot\\\/\"}}]}<\/script>\n<meta property=\"og:availability\" content=\"instock\" \/>\n<meta property=\"product:availability\" content=\"instock\" \/>\n<meta property=\"product:condition\" content=\"new\" \/>\n<!-- \/ Yoast SEO Premium plugin. -->","yoast_head_json":{"title":"Stone bridge and cats in summer -mug - Designed and printed in Finland","description":"Stone bridge and cats in summer - a ceramic mug of a fair size. Design and printing made in Finland. Several colour options. Design \u00a9iloosi","robots":{"index":"index","follow":"follow","max-snippet":"max-snippet:-1","max-image-preview":"max-image-preview:large","max-video-preview":"max-video-preview:-1"},"canonical":"https:\/\/www.iloosi.fi\/en\/tuotteet\/gift-items\/mugs\/stone-bridge-and-cats-in-summer-mug\/","og_locale":"en_US","og_type":"article","og_title":"Stone bridge and cats in summer -mug","og_description":"Stone bridge and cats in summer -mug","og_url":"https:\/\/www.iloosi.fi\/en\/tuotteet\/gift-items\/mugs\/stone-bridge-and-cats-in-summer-mug\/","og_site_name":"iloosi","article_publisher":"https:\/\/www.facebook.com\/iloosi.fi","article_modified_time":"2025-12-13T12:40:33+00:00","og_image":[{"width":800,"height":800,"url":"https:\/\/www.iloosi.fi\/wp-content\/uploads\/2021\/10\/kesasilta_2.jpg","type":"image\/jpeg"}],"twitter_card":"summary_large_image","twitter_misc":{"Availability":"In stock"},"schema":{"@context":"https:\/\/schema.org","@graph":[{"@type":"WebPage","@id":"https:\/\/www.iloosi.fi\/en\/tuotteet\/gift-items\/mugs\/stone-bridge-and-cats-in-summer-mug\/","url":"https:\/\/www.iloosi.fi\/en\/tuotteet\/gift-items\/mugs\/stone-bridge-and-cats-in-summer-mug\/","name":"Stone bridge and cats in summer -mug - Designed and printed in Finland","isPartOf":{"@id":"https:\/\/www.iloosi.fi\/en\/#website"},"primaryImageOfPage":{"@id":"https:\/\/www.iloosi.fi\/en\/tuotteet\/gift-items\/mugs\/stone-bridge-and-cats-in-summer-mug\/#primaryimage"},"image":{"@id":"https:\/\/www.iloosi.fi\/en\/tuotteet\/gift-items\/mugs\/stone-bridge-and-cats-in-summer-mug\/#primaryimage"},"thumbnailUrl":"https:\/\/www.iloosi.fi\/wp-content\/uploads\/2021\/10\/kesasilta_2.jpg","datePublished":"2021-09-21T09:43:28+00:00","dateModified":"2025-12-13T12:40:33+00:00","description":"Stone bridge and cats in summer - a ceramic mug of a fair size. Design and printing made in Finland. Several colour options. Design \u00a9iloosi","breadcrumb":{"@id":"https:\/\/www.iloosi.fi\/en\/tuotteet\/gift-items\/mugs\/stone-bridge-and-cats-in-summer-mug\/#breadcrumb"},"inLanguage":"en-US","potentialAction":[{"@type":"ReadAction","target":["https:\/\/www.iloosi.fi\/en\/tuotteet\/gift-items\/mugs\/stone-bridge-and-cats-in-summer-mug\/"]}]},{"@type":"ImageObject","inLanguage":"en-US","@id":"https:\/\/www.iloosi.fi\/en\/tuotteet\/gift-items\/mugs\/stone-bridge-and-cats-in-summer-mug\/#primaryimage","url":"https:\/\/www.iloosi.fi\/wp-content\/uploads\/2021\/10\/kesasilta_2.jpg","contentUrl":"https:\/\/www.iloosi.fi\/wp-content\/uploads\/2021\/10\/kesasilta_2.jpg","width":800,"height":800,"caption":"Keravan kivisilta ja kissat kes\u00e4ll\u00e4 -muki"},{"@type":"BreadcrumbList","@id":"https:\/\/www.iloosi.fi\/en\/tuotteet\/gift-items\/mugs\/stone-bridge-and-cats-in-summer-mug\/#breadcrumb","itemListElement":[{"@type":"ListItem","position":1,"name":"Home","item":"https:\/\/www.iloosi.fi\/en\/"},{"@type":"ListItem","position":2,"name":"Shop","item":"https:\/\/www.iloosi.fi\/en\/shop\/"},{"@type":"ListItem","position":3,"name":"Stone bridge and cats in summer -mug"}]},{"@type":"WebSite","@id":"https:\/\/www.iloosi.fi\/en\/#website","url":"https:\/\/www.iloosi.fi\/en\/","name":"iloosi","description":"","publisher":{"@id":"https:\/\/www.iloosi.fi\/en\/#organization"},"potentialAction":[{"@type":"SearchAction","target":{"@type":"EntryPoint","urlTemplate":"https:\/\/www.iloosi.fi\/en\/?s={search_term_string}"},"query-input":{"@type":"PropertyValueSpecification","valueRequired":true,"valueName":"search_term_string"}}],"inLanguage":"en-US"},{"@type":"Organization","@id":"https:\/\/www.iloosi.fi\/en\/#organization","name":"Duuilo Oy","url":"https:\/\/www.iloosi.fi\/en\/","logo":{"@type":"ImageObject","inLanguage":"en-US","@id":"https:\/\/www.iloosi.fi\/en\/#\/schema\/logo\/image\/","url":"https:\/\/www.iloosi.fi\/wp-content\/uploads\/2026\/04\/Screenshot-2026-04-29-214330.png","contentUrl":"https:\/\/www.iloosi.fi\/wp-content\/uploads\/2026\/04\/Screenshot-2026-04-29-214330.png","width":406,"height":365,"caption":"Duuilo Oy"},"image":{"@id":"https:\/\/www.iloosi.fi\/en\/#\/schema\/logo\/image\/"},"sameAs":["https:\/\/www.facebook.com\/iloosi.fi","https:\/\/www.instagram.com\/iloosi_shop\/?hl=fi"],"description":"iloosi on suomalainen verkkokauppa ja osa Memofotoa. Meille kuvat eiv\u00e4t ole vain tiedostoja tai printtej\u00e4 \u2013 ne ovat muistoja, tunteita ja ihmisille t\u00e4rkeit\u00e4 hetki\u00e4. Siksi halusimme luoda verkkokaupan, jossa omista kuvista, teksteist\u00e4 ja ideoista voi tehd\u00e4 helposti persoonallisia tuotteita arkeen, lahjaksi ja juhlaan.","email":"iloosi@iloosi.fi","telephone":"+358400896226","legalName":"Memofoto Oy","foundingDate":"1947-01-01","vatID":"FI35342246","numberOfEmployees":{"@type":"QuantitativeValue","minValue":"1","maxValue":"10"},"hasMerchantReturnPolicy":{"@type":"MerchantReturnPolicy","merchantReturnLink":"https:\/\/www.iloosi.fi\/toimitus-ja-maksuehdot\/"}}]},"og_availability":"instock","product_availability":"instock","product_condition":"new"},"_links":{"self":[{"href":"https:\/\/www.iloosi.fi\/en\/wp-json\/wp\/v2\/product\/9497","targetHints":{"allow":["GET"]}}],"collection":[{"href":"https:\/\/www.iloosi.fi\/en\/wp-json\/wp\/v2\/product"}],"about":[{"href":"https:\/\/www.iloosi.fi\/en\/wp-json\/wp\/v2\/types\/product"}],"replies":[{"embeddable":true,"href":"https:\/\/www.iloosi.fi\/en\/wp-json\/wp\/v2\/comments?post=9497"}],"wp:featuredmedia":[{"embeddable":true,"href":"https:\/\/www.iloosi.fi\/en\/wp-json\/wp\/v2\/media\/7584"}],"wp:attachment":[{"href":"https:\/\/www.iloosi.fi\/en\/wp-json\/wp\/v2\/media?parent=9497"}],"wp:term":[{"taxonomy":"product_brand","embeddable":true,"href":"https:\/\/www.iloosi.fi\/en\/wp-json\/wp\/v2\/product_brand?post=9497"},{"taxonomy":"product_cat","embeddable":true,"href":"https:\/\/www.iloosi.fi\/en\/wp-json\/wp\/v2\/product_cat?post=9497"},{"taxonomy":"product_tag","embeddable":true,"href":"https:\/\/www.iloosi.fi\/en\/wp-json\/wp\/v2\/product_tag?post=9497"}],"curies":[{"name":"wp","href":"https:\/\/api.w.org\/{rel}","templated":true}]}}