{"id":9564,"date":"2021-10-13T13:26:16","date_gmt":"2021-10-13T10:26:16","guid":{"rendered":"https:\/\/iloosi.fi\/product\/steel-red-enamel-mug\/"},"modified":"2026-01-25T21:28:08","modified_gmt":"2026-01-25T19:28:08","slug":"terasreunainen-emalimuki","status":"publish","type":"product","link":"https:\/\/www.iloosi.fi\/en\/tuotteet\/products-with-your-own-picture\/terasreunainen-emalimuki\/","title":{"rendered":"Steel red enamel mug"},"content":{"rendered":"<p>Steel red enamel mug. The photo prints are made in our own workshop. Printed in Finland.<br \/>\nA great unique and personal gift. Take a Steel Red Enamel Mug to work or make a personalised enamel mug with your own picture for every family member, friend, club member, outing group member etc.   <\/p>\n<p>You can choose where in the mug you want your picture to be, or whether you want a full-size picture. You can choose different images for different sides of the mug if you wish.<br \/>\nEnamelled mugs involve a lot of complex manual work, which can lead to irregularities in the production of enamelled mugs. <\/p>\n<p>Please read <a href=\"https:\/\/www.iloosi.fi\/en\/material-guidelines\/\">the instructions<\/a> before submitting your photo(s).<\/p>\n<p>We recommend hand washing<br \/>\n\u00d8 80 mm, height 80 mm<br \/>\nWeight 130 g<br \/>\nCapacity 300 ml<\/p>\n<p>Select delivery method or pick up. We will notify you when the product is ready.  Delivery time 2-3 working days.<\/p>\n<p>If you need more information about the product or would like a customization or design service for your own mug, please contact <a href=\"mailto:iloosi@iloosi.fi\">iloosi@iloosi.fi<\/a> or <a href=\"tel:0400896226\">0400 896226<\/a>. We are happy to help.<br \/>\nMaterial guidelines This page contains general guidelines for your own images.<\/p>\n<p>We also have a range of ready-made <a href=\"https:\/\/www.iloosi.fi\/tuotteet\/lahjatuotteet\/mukit\/\">mugs<\/a> designed by us!<\/p>\n<p><strong>All mugs are available at a special discount: order more, get less! The discount applies to all mugs, so you can order different mug products at the same discount. <\/strong><\/p>\n","protected":false},"excerpt":{"rendered":"<p>Personalised enamel mug with your own picture, steel rim, for a unique gift or even for the workplace.<\/p>\n","protected":false},"featured_media":8311,"comment_status":"open","ping_status":"closed","template":"","meta":[],"product_brand":[],"product_cat":[859,795],"product_tag":[814,863,862,792,812,803,860,864,800,802],"class_list":{"0":"post-9564","1":"product","2":"type-product","3":"status-publish","4":"has-post-thumbnail","6":"product_cat-mugs-en","7":"product_cat-products-with-your-own-picture","8":"product_tag-cup","9":"product_tag-emali-en","10":"product_tag-emalimuki-en","11":"product_tag-gift","12":"product_tag-mug","13":"product_tag-personalised","14":"product_tag-personalised-en","15":"product_tag-retkimuki-en","16":"product_tag-with-your-own-picture","17":"product_tag-your-own-photo","19":"first","20":"instock","21":"featured","22":"taxable","23":"shipping-taxable","24":"purchasable","25":"product-type-simple"},"bundled_by":[],"bundle_stock_status":"instock","bundle_stock_quantity":null,"bundle_virtual":false,"bundle_layout":"","bundle_add_to_cart_form_location":"","bundle_editable_in_cart":false,"bundle_sold_individually_context":"","bundle_item_grouping":"","bundle_min_size":"","bundle_max_size":"","bundled_items":[],"bundle_sell_ids":[],"yoast_head":"<!-- This site is optimized with the Yoast SEO Premium plugin v27.3 (Yoast SEO v27.3) - https:\/\/yoast.com\/product\/yoast-seo-premium-wordpress\/ -->\n<title>Steel red enamel mug - Unique mug for yourself or as a gift<\/title>\n<meta name=\"description\" content=\"Steel red enamel mug with your own picture and\/or text. Easily recognisable mug or personalised mug for each member of your family or group.\" \/>\n<meta name=\"robots\" content=\"index, follow, max-snippet:-1, max-image-preview:large, max-video-preview:-1\" \/>\n<link rel=\"canonical\" href=\"https:\/\/www.iloosi.fi\/en\/tuotteet\/products-with-your-own-picture\/terasreunainen-emalimuki\/\" \/>\n<meta property=\"og:locale\" content=\"en_US\" \/>\n<meta property=\"og:type\" content=\"article\" \/>\n<meta property=\"og:title\" content=\"Steel red enamel mug\" \/>\n<meta property=\"og:description\" content=\"Steel red enamel mug with your own picture and\/or text. Easily recognisable mug or personalised mug for each member of your family or group.\" \/>\n<meta property=\"og:url\" content=\"https:\/\/www.iloosi.fi\/en\/tuotteet\/products-with-your-own-picture\/terasreunainen-emalimuki\/\" \/>\n<meta property=\"og:site_name\" content=\"iloosi\" \/>\n<meta property=\"article:modified_time\" content=\"2026-01-25T19:28:08+00:00\" \/>\n<meta property=\"og:image\" content=\"https:\/\/www.iloosi.fi\/wp-content\/uploads\/2021\/10\/30819-emalimukimalli-e1692477558123-1024x1024.png\" \/>\n\t<meta property=\"og:image:width\" content=\"1024\" \/>\n\t<meta property=\"og:image:height\" content=\"1024\" \/>\n\t<meta property=\"og:image:type\" content=\"image\/png\" \/>\n<meta name=\"twitter:card\" content=\"summary_large_image\" \/>\n<meta name=\"twitter:label1\" content=\"Price\" \/>\n\t<meta name=\"twitter:data1\" content=\"22,90&nbsp;&euro;\" \/>\n\t<meta name=\"twitter:label2\" content=\"Availability\" \/>\n\t<meta name=\"twitter:data2\" content=\"In stock\" \/>\n<script type=\"application\/ld+json\" class=\"yoast-schema-graph\">{\"@context\":\"https:\\\/\\\/schema.org\",\"@graph\":[{\"@type\":\"WebPage\",\"@id\":\"https:\\\/\\\/www.iloosi.fi\\\/en\\\/tuotteet\\\/products-with-your-own-picture\\\/terasreunainen-emalimuki\\\/\",\"url\":\"https:\\\/\\\/www.iloosi.fi\\\/en\\\/tuotteet\\\/products-with-your-own-picture\\\/terasreunainen-emalimuki\\\/\",\"name\":\"Steel red enamel mug - Unique mug for yourself or as a gift\",\"isPartOf\":{\"@id\":\"https:\\\/\\\/www.iloosi.fi\\\/en\\\/#website\"},\"primaryImageOfPage\":{\"@id\":\"https:\\\/\\\/www.iloosi.fi\\\/en\\\/tuotteet\\\/products-with-your-own-picture\\\/terasreunainen-emalimuki\\\/#primaryimage\"},\"image\":{\"@id\":\"https:\\\/\\\/www.iloosi.fi\\\/en\\\/tuotteet\\\/products-with-your-own-picture\\\/terasreunainen-emalimuki\\\/#primaryimage\"},\"thumbnailUrl\":\"https:\\\/\\\/www.iloosi.fi\\\/wp-content\\\/uploads\\\/2021\\\/10\\\/30819-emalimukimalli-e1692477558123.png\",\"datePublished\":\"2021-10-13T10:26:16+00:00\",\"dateModified\":\"2026-01-25T19:28:08+00:00\",\"description\":\"Steel red enamel mug with your own picture and\\\/or text. Easily recognisable mug or personalised mug for each member of your family or group.\",\"breadcrumb\":{\"@id\":\"https:\\\/\\\/www.iloosi.fi\\\/en\\\/tuotteet\\\/products-with-your-own-picture\\\/terasreunainen-emalimuki\\\/#breadcrumb\"},\"inLanguage\":\"en-US\",\"potentialAction\":[{\"@type\":\"ReadAction\",\"target\":[\"https:\\\/\\\/www.iloosi.fi\\\/en\\\/tuotteet\\\/products-with-your-own-picture\\\/terasreunainen-emalimuki\\\/\"]}]},{\"@type\":\"ImageObject\",\"inLanguage\":\"en-US\",\"@id\":\"https:\\\/\\\/www.iloosi.fi\\\/en\\\/tuotteet\\\/products-with-your-own-picture\\\/terasreunainen-emalimuki\\\/#primaryimage\",\"url\":\"https:\\\/\\\/www.iloosi.fi\\\/wp-content\\\/uploads\\\/2021\\\/10\\\/30819-emalimukimalli-e1692477558123.png\",\"contentUrl\":\"https:\\\/\\\/www.iloosi.fi\\\/wp-content\\\/uploads\\\/2021\\\/10\\\/30819-emalimukimalli-e1692477558123.png\",\"width\":1440,\"height\":1440,\"caption\":\"Omallakuvalla painettu emalimuki puun p\u00e4\u00e4ll\u00e4 mets\u00e4ss\u00e4\"},{\"@type\":\"BreadcrumbList\",\"@id\":\"https:\\\/\\\/www.iloosi.fi\\\/en\\\/tuotteet\\\/products-with-your-own-picture\\\/terasreunainen-emalimuki\\\/#breadcrumb\",\"itemListElement\":[{\"@type\":\"ListItem\",\"position\":1,\"name\":\"Home\",\"item\":\"https:\\\/\\\/www.iloosi.fi\\\/en\\\/\"},{\"@type\":\"ListItem\",\"position\":2,\"name\":\"Shop\",\"item\":\"https:\\\/\\\/www.iloosi.fi\\\/en\\\/shop\\\/\"},{\"@type\":\"ListItem\",\"position\":3,\"name\":\"Steel red enamel mug\"}]},{\"@type\":\"WebSite\",\"@id\":\"https:\\\/\\\/www.iloosi.fi\\\/en\\\/#website\",\"url\":\"https:\\\/\\\/www.iloosi.fi\\\/en\\\/\",\"name\":\"iloosi\",\"description\":\"\",\"publisher\":{\"@id\":\"https:\\\/\\\/www.iloosi.fi\\\/en\\\/#organization\"},\"potentialAction\":[{\"@type\":\"SearchAction\",\"target\":{\"@type\":\"EntryPoint\",\"urlTemplate\":\"https:\\\/\\\/www.iloosi.fi\\\/en\\\/?s={search_term_string}\"},\"query-input\":{\"@type\":\"PropertyValueSpecification\",\"valueRequired\":true,\"valueName\":\"search_term_string\"}}],\"inLanguage\":\"en-US\"},{\"@type\":\"Organization\",\"@id\":\"https:\\\/\\\/www.iloosi.fi\\\/en\\\/#organization\",\"name\":\"Duuilo Oy\",\"url\":\"https:\\\/\\\/www.iloosi.fi\\\/en\\\/\",\"logo\":{\"@type\":\"ImageObject\",\"inLanguage\":\"en-US\",\"@id\":\"https:\\\/\\\/www.iloosi.fi\\\/en\\\/#\\\/schema\\\/logo\\\/image\\\/\",\"url\":\"https:\\\/\\\/www.iloosi.fi\\\/wp-content\\\/uploads\\\/2021\\\/10\\\/download.png\",\"contentUrl\":\"https:\\\/\\\/www.iloosi.fi\\\/wp-content\\\/uploads\\\/2021\\\/10\\\/download.png\",\"width\":225,\"height\":225,\"caption\":\"Duuilo Oy\"},\"image\":{\"@id\":\"https:\\\/\\\/www.iloosi.fi\\\/en\\\/#\\\/schema\\\/logo\\\/image\\\/\"},\"hasMerchantReturnPolicy\":{\"@type\":\"MerchantReturnPolicy\",\"merchantReturnLink\":\"https:\\\/\\\/www.iloosi.fi\\\/toimitus-ja-maksuehdot\\\/\"}}]}<\/script>\n<meta property=\"product:price:amount\" content=\"22.90\" \/>\n<meta property=\"product:price:currency\" content=\"EUR\" \/>\n<meta property=\"og:availability\" content=\"instock\" \/>\n<meta property=\"product:availability\" content=\"instock\" \/>\n<meta property=\"product:condition\" content=\"new\" \/>\n<!-- \/ Yoast SEO Premium plugin. -->","yoast_head_json":{"title":"Steel red enamel mug - Unique mug for yourself or as a gift","description":"Steel red enamel mug with your own picture and\/or text. Easily recognisable mug or personalised mug for each member of your family or group.","robots":{"index":"index","follow":"follow","max-snippet":"max-snippet:-1","max-image-preview":"max-image-preview:large","max-video-preview":"max-video-preview:-1"},"canonical":"https:\/\/www.iloosi.fi\/en\/tuotteet\/products-with-your-own-picture\/terasreunainen-emalimuki\/","og_locale":"en_US","og_type":"article","og_title":"Steel red enamel mug","og_description":"Steel red enamel mug with your own picture and\/or text. Easily recognisable mug or personalised mug for each member of your family or group.","og_url":"https:\/\/www.iloosi.fi\/en\/tuotteet\/products-with-your-own-picture\/terasreunainen-emalimuki\/","og_site_name":"iloosi","article_modified_time":"2026-01-25T19:28:08+00:00","og_image":[{"width":1024,"height":1024,"url":"https:\/\/www.iloosi.fi\/wp-content\/uploads\/2021\/10\/30819-emalimukimalli-e1692477558123-1024x1024.png","type":"image\/png"}],"twitter_card":"summary_large_image","twitter_misc":{"Price":"22,90&nbsp;&euro;","Availability":"In stock"},"schema":{"@context":"https:\/\/schema.org","@graph":[{"@type":"WebPage","@id":"https:\/\/www.iloosi.fi\/en\/tuotteet\/products-with-your-own-picture\/terasreunainen-emalimuki\/","url":"https:\/\/www.iloosi.fi\/en\/tuotteet\/products-with-your-own-picture\/terasreunainen-emalimuki\/","name":"Steel red enamel mug - Unique mug for yourself or as a gift","isPartOf":{"@id":"https:\/\/www.iloosi.fi\/en\/#website"},"primaryImageOfPage":{"@id":"https:\/\/www.iloosi.fi\/en\/tuotteet\/products-with-your-own-picture\/terasreunainen-emalimuki\/#primaryimage"},"image":{"@id":"https:\/\/www.iloosi.fi\/en\/tuotteet\/products-with-your-own-picture\/terasreunainen-emalimuki\/#primaryimage"},"thumbnailUrl":"https:\/\/www.iloosi.fi\/wp-content\/uploads\/2021\/10\/30819-emalimukimalli-e1692477558123.png","datePublished":"2021-10-13T10:26:16+00:00","dateModified":"2026-01-25T19:28:08+00:00","description":"Steel red enamel mug with your own picture and\/or text. Easily recognisable mug or personalised mug for each member of your family or group.","breadcrumb":{"@id":"https:\/\/www.iloosi.fi\/en\/tuotteet\/products-with-your-own-picture\/terasreunainen-emalimuki\/#breadcrumb"},"inLanguage":"en-US","potentialAction":[{"@type":"ReadAction","target":["https:\/\/www.iloosi.fi\/en\/tuotteet\/products-with-your-own-picture\/terasreunainen-emalimuki\/"]}]},{"@type":"ImageObject","inLanguage":"en-US","@id":"https:\/\/www.iloosi.fi\/en\/tuotteet\/products-with-your-own-picture\/terasreunainen-emalimuki\/#primaryimage","url":"https:\/\/www.iloosi.fi\/wp-content\/uploads\/2021\/10\/30819-emalimukimalli-e1692477558123.png","contentUrl":"https:\/\/www.iloosi.fi\/wp-content\/uploads\/2021\/10\/30819-emalimukimalli-e1692477558123.png","width":1440,"height":1440,"caption":"Omallakuvalla painettu emalimuki puun p\u00e4\u00e4ll\u00e4 mets\u00e4ss\u00e4"},{"@type":"BreadcrumbList","@id":"https:\/\/www.iloosi.fi\/en\/tuotteet\/products-with-your-own-picture\/terasreunainen-emalimuki\/#breadcrumb","itemListElement":[{"@type":"ListItem","position":1,"name":"Home","item":"https:\/\/www.iloosi.fi\/en\/"},{"@type":"ListItem","position":2,"name":"Shop","item":"https:\/\/www.iloosi.fi\/en\/shop\/"},{"@type":"ListItem","position":3,"name":"Steel red enamel mug"}]},{"@type":"WebSite","@id":"https:\/\/www.iloosi.fi\/en\/#website","url":"https:\/\/www.iloosi.fi\/en\/","name":"iloosi","description":"","publisher":{"@id":"https:\/\/www.iloosi.fi\/en\/#organization"},"potentialAction":[{"@type":"SearchAction","target":{"@type":"EntryPoint","urlTemplate":"https:\/\/www.iloosi.fi\/en\/?s={search_term_string}"},"query-input":{"@type":"PropertyValueSpecification","valueRequired":true,"valueName":"search_term_string"}}],"inLanguage":"en-US"},{"@type":"Organization","@id":"https:\/\/www.iloosi.fi\/en\/#organization","name":"Duuilo Oy","url":"https:\/\/www.iloosi.fi\/en\/","logo":{"@type":"ImageObject","inLanguage":"en-US","@id":"https:\/\/www.iloosi.fi\/en\/#\/schema\/logo\/image\/","url":"https:\/\/www.iloosi.fi\/wp-content\/uploads\/2021\/10\/download.png","contentUrl":"https:\/\/www.iloosi.fi\/wp-content\/uploads\/2021\/10\/download.png","width":225,"height":225,"caption":"Duuilo Oy"},"image":{"@id":"https:\/\/www.iloosi.fi\/en\/#\/schema\/logo\/image\/"},"hasMerchantReturnPolicy":{"@type":"MerchantReturnPolicy","merchantReturnLink":"https:\/\/www.iloosi.fi\/toimitus-ja-maksuehdot\/"}}]},"product_price_amount":"22.90","product_price_currency":"EUR","og_availability":"instock","product_availability":"instock","product_condition":"new"},"_links":{"self":[{"href":"https:\/\/www.iloosi.fi\/en\/wp-json\/wp\/v2\/product\/9564","targetHints":{"allow":["GET"]}}],"collection":[{"href":"https:\/\/www.iloosi.fi\/en\/wp-json\/wp\/v2\/product"}],"about":[{"href":"https:\/\/www.iloosi.fi\/en\/wp-json\/wp\/v2\/types\/product"}],"replies":[{"embeddable":true,"href":"https:\/\/www.iloosi.fi\/en\/wp-json\/wp\/v2\/comments?post=9564"}],"wp:featuredmedia":[{"embeddable":true,"href":"https:\/\/www.iloosi.fi\/en\/wp-json\/wp\/v2\/media\/8311"}],"wp:attachment":[{"href":"https:\/\/www.iloosi.fi\/en\/wp-json\/wp\/v2\/media?parent=9564"}],"wp:term":[{"taxonomy":"product_brand","embeddable":true,"href":"https:\/\/www.iloosi.fi\/en\/wp-json\/wp\/v2\/product_brand?post=9564"},{"taxonomy":"product_cat","embeddable":true,"href":"https:\/\/www.iloosi.fi\/en\/wp-json\/wp\/v2\/product_cat?post=9564"},{"taxonomy":"product_tag","embeddable":true,"href":"https:\/\/www.iloosi.fi\/en\/wp-json\/wp\/v2\/product_tag?post=9564"}],"curies":[{"name":"wp","href":"https:\/\/api.w.org\/{rel}","templated":true}]}}