{"id":9575,"date":"2021-10-13T13:19:23","date_gmt":"2021-10-13T10:19:23","guid":{"rendered":"https:\/\/iloosi.fi\/product\/plastic-mug-with-your-own-picture\/"},"modified":"2026-03-19T11:31:16","modified_gmt":"2026-03-19T09:31:16","slug":"muovimuki-omalla-kuvalla","status":"publish","type":"product","link":"https:\/\/www.iloosi.fi\/en\/tuotteet\/products-with-your-own-picture\/muovimuki-omalla-kuvalla\/","title":{"rendered":"Plastic mug with your own picture"},"content":{"rendered":"<p>Plastic mug with your own picture. Photo printing is done in Kerava.<br \/>\nA great unique and personal gift. Take it to work or make your own personalised mug for every member of your family!  <\/p>\n<p>You can choose where in the mug you want your picture to be, or whether you want a full-size picture. You can choose to have different images on different sides of the mug. <\/p>\n<p>Please read <a href=\"https:\/\/www.iloosi.fi\/en\/material-guidelines\/\">the instructions<\/a> before submitting your photo(s).<\/p>\n<p>Plastic cup is machine washable and micro-resistant<br \/>\n\u00d8 80 mm, height 92 mm<br \/>\nWeight 133 g<br \/>\nVolume 320 ml<\/p>\n<p>Select delivery method or pick up. We will notify you when the product is ready.  Delivery time 1-3 working days.<\/p>\n<p>If you need more information about the product or if you would like a customisation or design service for your own mug, please contact us. We&#8217;re happy to help.<br \/>\nMaterial guidelines This page contains general guidelines for your own images. <\/p>\n<p>You can also find ready-made <a href=\"https:\/\/www.iloosi.fi\/tuotteet\/lahjatuotteet\/mukit\/\">mugs<\/a> designed by us in Kerava!<\/p>\n<p><strong>All mugs are available at a special discount: order more, get less! The discount applies to all mugs, so you can order different mug products at the same discount. <\/strong><\/p>\n","protected":false},"excerpt":{"rendered":"<p>A personalised plastic mug with your own picture as a unique gift or even for the workplace. Machine washable and microwave safe. <\/p>\n","protected":false},"featured_media":7756,"comment_status":"open","ping_status":"closed","template":"","meta":[],"product_brand":[],"product_cat":[859,795],"product_tag":[814,792,812,803,860,865,800,802],"class_list":{"0":"post-9575","1":"product","2":"type-product","3":"status-publish","4":"has-post-thumbnail","6":"product_cat-mugs-en","7":"product_cat-products-with-your-own-picture","8":"product_tag-cup","9":"product_tag-gift","10":"product_tag-mug","11":"product_tag-personalised","12":"product_tag-personalised-en","13":"product_tag-plastic-cup","14":"product_tag-with-your-own-picture","15":"product_tag-your-own-photo","17":"first","18":"instock","19":"taxable","20":"shipping-taxable","21":"purchasable","22":"product-type-simple"},"bundled_by":[],"bundle_stock_status":"instock","bundle_stock_quantity":null,"bundle_virtual":false,"bundle_layout":"","bundle_add_to_cart_form_location":"","bundle_editable_in_cart":false,"bundle_sold_individually_context":"","bundle_item_grouping":"","bundle_min_size":"","bundle_max_size":"","bundled_items":[],"bundle_sell_ids":[],"yoast_head":"<!-- This site is optimized with the Yoast SEO Premium plugin v27.5 (Yoast SEO v27.5) - https:\/\/yoast.com\/product\/yoast-seo-premium-wordpress\/ -->\n<title>Plastic mug with your own picture - Unique mug for yourself or as a gift<\/title>\n<meta name=\"description\" content=\"Plastic mug with your own picture. Take an easily recognisable mug to work or make a personalised mug for each member of your family!\" \/>\n<meta name=\"robots\" content=\"index, follow, max-snippet:-1, max-image-preview:large, max-video-preview:-1\" \/>\n<link rel=\"canonical\" href=\"https:\/\/www.iloosi.fi\/en\/tuotteet\/products-with-your-own-picture\/muovimuki-omalla-kuvalla\/\" \/>\n<meta property=\"og:locale\" content=\"en_US\" \/>\n<meta property=\"og:type\" content=\"article\" \/>\n<meta property=\"og:title\" content=\"Plastic mug with your own picture\" \/>\n<meta property=\"og:description\" content=\"Plastic mug with your own picture\" \/>\n<meta property=\"og:url\" content=\"https:\/\/www.iloosi.fi\/en\/tuotteet\/products-with-your-own-picture\/muovimuki-omalla-kuvalla\/\" \/>\n<meta property=\"og:site_name\" content=\"iloosi\" \/>\n<meta property=\"article:publisher\" content=\"https:\/\/www.facebook.com\/iloosi.fi\" \/>\n<meta property=\"article:modified_time\" content=\"2026-03-19T09:31:16+00:00\" \/>\n<meta property=\"og:image\" content=\"https:\/\/www.iloosi.fi\/wp-content\/uploads\/2021\/10\/omalla-kuvalla-muovimuki.jpg\" \/>\n\t<meta property=\"og:image:width\" content=\"800\" \/>\n\t<meta property=\"og:image:height\" content=\"800\" \/>\n\t<meta property=\"og:image:type\" content=\"image\/jpeg\" \/>\n<meta name=\"twitter:card\" content=\"summary_large_image\" \/>\n<meta name=\"twitter:label1\" content=\"Price\" \/>\n\t<meta name=\"twitter:data1\" content=\"18,80&nbsp;&euro;\" \/>\n\t<meta name=\"twitter:label2\" content=\"Availability\" \/>\n\t<meta name=\"twitter:data2\" content=\"In stock\" \/>\n<script type=\"application\/ld+json\" class=\"yoast-schema-graph\">{\"@context\":\"https:\\\/\\\/schema.org\",\"@graph\":[{\"@type\":\"WebPage\",\"@id\":\"https:\\\/\\\/www.iloosi.fi\\\/en\\\/tuotteet\\\/products-with-your-own-picture\\\/muovimuki-omalla-kuvalla\\\/\",\"url\":\"https:\\\/\\\/www.iloosi.fi\\\/en\\\/tuotteet\\\/products-with-your-own-picture\\\/muovimuki-omalla-kuvalla\\\/\",\"name\":\"Plastic mug with your own picture - Unique mug for yourself or as a gift\",\"isPartOf\":{\"@id\":\"https:\\\/\\\/www.iloosi.fi\\\/en\\\/#website\"},\"primaryImageOfPage\":{\"@id\":\"https:\\\/\\\/www.iloosi.fi\\\/en\\\/tuotteet\\\/products-with-your-own-picture\\\/muovimuki-omalla-kuvalla\\\/#primaryimage\"},\"image\":{\"@id\":\"https:\\\/\\\/www.iloosi.fi\\\/en\\\/tuotteet\\\/products-with-your-own-picture\\\/muovimuki-omalla-kuvalla\\\/#primaryimage\"},\"thumbnailUrl\":\"https:\\\/\\\/www.iloosi.fi\\\/wp-content\\\/uploads\\\/2021\\\/10\\\/omalla-kuvalla-muovimuki.jpg\",\"datePublished\":\"2021-10-13T10:19:23+00:00\",\"dateModified\":\"2026-03-19T09:31:16+00:00\",\"description\":\"Plastic mug with your own picture. Take an easily recognisable mug to work or make a personalised mug for each member of your family!\",\"breadcrumb\":{\"@id\":\"https:\\\/\\\/www.iloosi.fi\\\/en\\\/tuotteet\\\/products-with-your-own-picture\\\/muovimuki-omalla-kuvalla\\\/#breadcrumb\"},\"inLanguage\":\"en-US\",\"potentialAction\":[{\"@type\":\"ReadAction\",\"target\":[\"https:\\\/\\\/www.iloosi.fi\\\/en\\\/tuotteet\\\/products-with-your-own-picture\\\/muovimuki-omalla-kuvalla\\\/\"]}]},{\"@type\":\"ImageObject\",\"inLanguage\":\"en-US\",\"@id\":\"https:\\\/\\\/www.iloosi.fi\\\/en\\\/tuotteet\\\/products-with-your-own-picture\\\/muovimuki-omalla-kuvalla\\\/#primaryimage\",\"url\":\"https:\\\/\\\/www.iloosi.fi\\\/wp-content\\\/uploads\\\/2021\\\/10\\\/omalla-kuvalla-muovimuki.jpg\",\"contentUrl\":\"https:\\\/\\\/www.iloosi.fi\\\/wp-content\\\/uploads\\\/2021\\\/10\\\/omalla-kuvalla-muovimuki.jpg\",\"width\":800,\"height\":800,\"caption\":\"plastic mug with your own picture\"},{\"@type\":\"BreadcrumbList\",\"@id\":\"https:\\\/\\\/www.iloosi.fi\\\/en\\\/tuotteet\\\/products-with-your-own-picture\\\/muovimuki-omalla-kuvalla\\\/#breadcrumb\",\"itemListElement\":[{\"@type\":\"ListItem\",\"position\":1,\"name\":\"Home\",\"item\":\"https:\\\/\\\/www.iloosi.fi\\\/en\\\/\"},{\"@type\":\"ListItem\",\"position\":2,\"name\":\"Shop\",\"item\":\"https:\\\/\\\/www.iloosi.fi\\\/en\\\/shop\\\/\"},{\"@type\":\"ListItem\",\"position\":3,\"name\":\"Plastic mug with your own picture\"}]},{\"@type\":\"WebSite\",\"@id\":\"https:\\\/\\\/www.iloosi.fi\\\/en\\\/#website\",\"url\":\"https:\\\/\\\/www.iloosi.fi\\\/en\\\/\",\"name\":\"iloosi\",\"description\":\"\",\"publisher\":{\"@id\":\"https:\\\/\\\/www.iloosi.fi\\\/en\\\/#organization\"},\"potentialAction\":[{\"@type\":\"SearchAction\",\"target\":{\"@type\":\"EntryPoint\",\"urlTemplate\":\"https:\\\/\\\/www.iloosi.fi\\\/en\\\/?s={search_term_string}\"},\"query-input\":{\"@type\":\"PropertyValueSpecification\",\"valueRequired\":true,\"valueName\":\"search_term_string\"}}],\"inLanguage\":\"en-US\"},{\"@type\":\"Organization\",\"@id\":\"https:\\\/\\\/www.iloosi.fi\\\/en\\\/#organization\",\"name\":\"Duuilo Oy\",\"url\":\"https:\\\/\\\/www.iloosi.fi\\\/en\\\/\",\"logo\":{\"@type\":\"ImageObject\",\"inLanguage\":\"en-US\",\"@id\":\"https:\\\/\\\/www.iloosi.fi\\\/en\\\/#\\\/schema\\\/logo\\\/image\\\/\",\"url\":\"https:\\\/\\\/www.iloosi.fi\\\/wp-content\\\/uploads\\\/2026\\\/04\\\/Screenshot-2026-04-29-214330.png\",\"contentUrl\":\"https:\\\/\\\/www.iloosi.fi\\\/wp-content\\\/uploads\\\/2026\\\/04\\\/Screenshot-2026-04-29-214330.png\",\"width\":406,\"height\":365,\"caption\":\"Duuilo Oy\"},\"image\":{\"@id\":\"https:\\\/\\\/www.iloosi.fi\\\/en\\\/#\\\/schema\\\/logo\\\/image\\\/\"},\"sameAs\":[\"https:\\\/\\\/www.facebook.com\\\/iloosi.fi\",\"https:\\\/\\\/www.instagram.com\\\/iloosi_shop\\\/?hl=fi\"],\"description\":\"iloosi on suomalainen verkkokauppa ja osa Memofotoa. Meille kuvat eiv\u00e4t ole vain tiedostoja tai printtej\u00e4 \u2013 ne ovat muistoja, tunteita ja ihmisille t\u00e4rkeit\u00e4 hetki\u00e4. Siksi halusimme luoda verkkokaupan, jossa omista kuvista, teksteist\u00e4 ja ideoista voi tehd\u00e4 helposti persoonallisia tuotteita arkeen, lahjaksi ja juhlaan.\",\"email\":\"iloosi@iloosi.fi\",\"telephone\":\"+358400896226\",\"legalName\":\"Memofoto Oy\",\"foundingDate\":\"1947-01-01\",\"vatID\":\"FI35342246\",\"numberOfEmployees\":{\"@type\":\"QuantitativeValue\",\"minValue\":\"1\",\"maxValue\":\"10\"},\"hasMerchantReturnPolicy\":{\"@type\":\"MerchantReturnPolicy\",\"merchantReturnLink\":\"https:\\\/\\\/www.iloosi.fi\\\/toimitus-ja-maksuehdot\\\/\"}}]}<\/script>\n<meta property=\"product:price:amount\" content=\"18.80\" \/>\n<meta property=\"product:price:currency\" content=\"EUR\" \/>\n<meta property=\"og:availability\" content=\"instock\" \/>\n<meta property=\"product:availability\" content=\"instock\" \/>\n<meta property=\"product:condition\" content=\"new\" \/>\n<!-- \/ Yoast SEO Premium plugin. -->","yoast_head_json":{"title":"Plastic mug with your own picture - Unique mug for yourself or as a gift","description":"Plastic mug with your own picture. Take an easily recognisable mug to work or make a personalised mug for each member of your family!","robots":{"index":"index","follow":"follow","max-snippet":"max-snippet:-1","max-image-preview":"max-image-preview:large","max-video-preview":"max-video-preview:-1"},"canonical":"https:\/\/www.iloosi.fi\/en\/tuotteet\/products-with-your-own-picture\/muovimuki-omalla-kuvalla\/","og_locale":"en_US","og_type":"article","og_title":"Plastic mug with your own picture","og_description":"Plastic mug with your own picture","og_url":"https:\/\/www.iloosi.fi\/en\/tuotteet\/products-with-your-own-picture\/muovimuki-omalla-kuvalla\/","og_site_name":"iloosi","article_publisher":"https:\/\/www.facebook.com\/iloosi.fi","article_modified_time":"2026-03-19T09:31:16+00:00","og_image":[{"width":800,"height":800,"url":"https:\/\/www.iloosi.fi\/wp-content\/uploads\/2021\/10\/omalla-kuvalla-muovimuki.jpg","type":"image\/jpeg"}],"twitter_card":"summary_large_image","twitter_misc":{"Price":"18,80&nbsp;&euro;","Availability":"In stock"},"schema":{"@context":"https:\/\/schema.org","@graph":[{"@type":"WebPage","@id":"https:\/\/www.iloosi.fi\/en\/tuotteet\/products-with-your-own-picture\/muovimuki-omalla-kuvalla\/","url":"https:\/\/www.iloosi.fi\/en\/tuotteet\/products-with-your-own-picture\/muovimuki-omalla-kuvalla\/","name":"Plastic mug with your own picture - Unique mug for yourself or as a gift","isPartOf":{"@id":"https:\/\/www.iloosi.fi\/en\/#website"},"primaryImageOfPage":{"@id":"https:\/\/www.iloosi.fi\/en\/tuotteet\/products-with-your-own-picture\/muovimuki-omalla-kuvalla\/#primaryimage"},"image":{"@id":"https:\/\/www.iloosi.fi\/en\/tuotteet\/products-with-your-own-picture\/muovimuki-omalla-kuvalla\/#primaryimage"},"thumbnailUrl":"https:\/\/www.iloosi.fi\/wp-content\/uploads\/2021\/10\/omalla-kuvalla-muovimuki.jpg","datePublished":"2021-10-13T10:19:23+00:00","dateModified":"2026-03-19T09:31:16+00:00","description":"Plastic mug with your own picture. Take an easily recognisable mug to work or make a personalised mug for each member of your family!","breadcrumb":{"@id":"https:\/\/www.iloosi.fi\/en\/tuotteet\/products-with-your-own-picture\/muovimuki-omalla-kuvalla\/#breadcrumb"},"inLanguage":"en-US","potentialAction":[{"@type":"ReadAction","target":["https:\/\/www.iloosi.fi\/en\/tuotteet\/products-with-your-own-picture\/muovimuki-omalla-kuvalla\/"]}]},{"@type":"ImageObject","inLanguage":"en-US","@id":"https:\/\/www.iloosi.fi\/en\/tuotteet\/products-with-your-own-picture\/muovimuki-omalla-kuvalla\/#primaryimage","url":"https:\/\/www.iloosi.fi\/wp-content\/uploads\/2021\/10\/omalla-kuvalla-muovimuki.jpg","contentUrl":"https:\/\/www.iloosi.fi\/wp-content\/uploads\/2021\/10\/omalla-kuvalla-muovimuki.jpg","width":800,"height":800,"caption":"plastic mug with your own picture"},{"@type":"BreadcrumbList","@id":"https:\/\/www.iloosi.fi\/en\/tuotteet\/products-with-your-own-picture\/muovimuki-omalla-kuvalla\/#breadcrumb","itemListElement":[{"@type":"ListItem","position":1,"name":"Home","item":"https:\/\/www.iloosi.fi\/en\/"},{"@type":"ListItem","position":2,"name":"Shop","item":"https:\/\/www.iloosi.fi\/en\/shop\/"},{"@type":"ListItem","position":3,"name":"Plastic mug with your own picture"}]},{"@type":"WebSite","@id":"https:\/\/www.iloosi.fi\/en\/#website","url":"https:\/\/www.iloosi.fi\/en\/","name":"iloosi","description":"","publisher":{"@id":"https:\/\/www.iloosi.fi\/en\/#organization"},"potentialAction":[{"@type":"SearchAction","target":{"@type":"EntryPoint","urlTemplate":"https:\/\/www.iloosi.fi\/en\/?s={search_term_string}"},"query-input":{"@type":"PropertyValueSpecification","valueRequired":true,"valueName":"search_term_string"}}],"inLanguage":"en-US"},{"@type":"Organization","@id":"https:\/\/www.iloosi.fi\/en\/#organization","name":"Duuilo Oy","url":"https:\/\/www.iloosi.fi\/en\/","logo":{"@type":"ImageObject","inLanguage":"en-US","@id":"https:\/\/www.iloosi.fi\/en\/#\/schema\/logo\/image\/","url":"https:\/\/www.iloosi.fi\/wp-content\/uploads\/2026\/04\/Screenshot-2026-04-29-214330.png","contentUrl":"https:\/\/www.iloosi.fi\/wp-content\/uploads\/2026\/04\/Screenshot-2026-04-29-214330.png","width":406,"height":365,"caption":"Duuilo Oy"},"image":{"@id":"https:\/\/www.iloosi.fi\/en\/#\/schema\/logo\/image\/"},"sameAs":["https:\/\/www.facebook.com\/iloosi.fi","https:\/\/www.instagram.com\/iloosi_shop\/?hl=fi"],"description":"iloosi on suomalainen verkkokauppa ja osa Memofotoa. Meille kuvat eiv\u00e4t ole vain tiedostoja tai printtej\u00e4 \u2013 ne ovat muistoja, tunteita ja ihmisille t\u00e4rkeit\u00e4 hetki\u00e4. Siksi halusimme luoda verkkokaupan, jossa omista kuvista, teksteist\u00e4 ja ideoista voi tehd\u00e4 helposti persoonallisia tuotteita arkeen, lahjaksi ja juhlaan.","email":"iloosi@iloosi.fi","telephone":"+358400896226","legalName":"Memofoto Oy","foundingDate":"1947-01-01","vatID":"FI35342246","numberOfEmployees":{"@type":"QuantitativeValue","minValue":"1","maxValue":"10"},"hasMerchantReturnPolicy":{"@type":"MerchantReturnPolicy","merchantReturnLink":"https:\/\/www.iloosi.fi\/toimitus-ja-maksuehdot\/"}}]},"product_price_amount":"18.80","product_price_currency":"EUR","og_availability":"instock","product_availability":"instock","product_condition":"new"},"_links":{"self":[{"href":"https:\/\/www.iloosi.fi\/en\/wp-json\/wp\/v2\/product\/9575","targetHints":{"allow":["GET"]}}],"collection":[{"href":"https:\/\/www.iloosi.fi\/en\/wp-json\/wp\/v2\/product"}],"about":[{"href":"https:\/\/www.iloosi.fi\/en\/wp-json\/wp\/v2\/types\/product"}],"replies":[{"embeddable":true,"href":"https:\/\/www.iloosi.fi\/en\/wp-json\/wp\/v2\/comments?post=9575"}],"wp:featuredmedia":[{"embeddable":true,"href":"https:\/\/www.iloosi.fi\/en\/wp-json\/wp\/v2\/media\/7756"}],"wp:attachment":[{"href":"https:\/\/www.iloosi.fi\/en\/wp-json\/wp\/v2\/media?parent=9575"}],"wp:term":[{"taxonomy":"product_brand","embeddable":true,"href":"https:\/\/www.iloosi.fi\/en\/wp-json\/wp\/v2\/product_brand?post=9575"},{"taxonomy":"product_cat","embeddable":true,"href":"https:\/\/www.iloosi.fi\/en\/wp-json\/wp\/v2\/product_cat?post=9575"},{"taxonomy":"product_tag","embeddable":true,"href":"https:\/\/www.iloosi.fi\/en\/wp-json\/wp\/v2\/product_tag?post=9575"}],"curies":[{"name":"wp","href":"https:\/\/api.w.org\/{rel}","templated":true}]}}