{"id":9627,"date":"2021-10-14T15:24:56","date_gmt":"2021-10-14T12:24:56","guid":{"rendered":"https:\/\/iloosi.fi\/product\/coffee-bean-birthstone-mug\/"},"modified":"2025-12-13T14:42:11","modified_gmt":"2025-12-13T12:42:11","slug":"coffee-bean-birthstone-mug","status":"publish","type":"product","link":"https:\/\/www.iloosi.fi\/en\/tuotteet\/gift-items\/mugs\/coffee-bean-birthstone-mug\/","title":{"rendered":"Coffee bean birthstone mug"},"content":{"rendered":"<p>The coffee bean as a birthstone &#8211; a ceramic mug for the morning coffee drinker. Several colour options. <\/p>\n<p>Volume n 375 ml<br \/>\nMachine washable and micro-resistant<br \/>\n\u00d8 83 mm, height 95 mm<br \/>\nWeight 375 g<\/p>\n<p>Product designed and printed in Kerava.<br \/>\nDesign \u00a9iloosi<\/p>\n<p>Select delivery method or pick up. We will let you know when the product is ready.<br \/>\nWe have designed the product and we also manufacture it ourselves.  Delivery time 1-3 working days.<\/p>\n<p>It comes with a DURAGLAZE coating that has passed the demanding European test BS EN 12875-4:2006.<\/p>\n<p>We also make custom mugs <a href=\"https:\/\/www.iloosi.fi\/product\/keraaminen-muki-omalla-kuvalla\/\">with your own design<\/a>!<\/p>\n<p>If you need more information about the product or if you would like a customisation or design service for your own mug, please contact us. We are happy to help. <\/p>\n<p><strong>All mugs are available at a special discount: order more, get less! The discount applies to all mugs, so you can order different mug products at the same discount. <\/strong><\/p>\n","protected":false},"excerpt":{"rendered":"<p>Coffee bean as a birthstone mug. A fair-sized mug for coffee and tea enjoyment. Machine washable and microwaveable.  <\/p>\n","protected":false},"featured_media":7770,"comment_status":"open","ping_status":"closed","template":"","meta":[],"product_brand":[],"product_cat":[811,787,810],"product_tag":[852,851,814,792,848,849,850,812],"class_list":{"0":"post-9627","1":"product","2":"type-product","3":"status-publish","4":"has-post-thumbnail","6":"product_cat-ceramic-mugs","7":"product_cat-gift-items","8":"product_cat-mugs","9":"product_tag-coffee","10":"product_tag-coffee-bean","11":"product_tag-cup","12":"product_tag-gift","13":"product_tag-morning","14":"product_tag-morning-coffee","15":"product_tag-morning-tea","16":"product_tag-mug","18":"first","19":"instock","20":"taxable","21":"shipping-taxable","22":"purchasable","23":"product-type-variable"},"bundled_by":[],"bundle_stock_status":"instock","bundle_stock_quantity":null,"bundle_virtual":false,"bundle_layout":"","bundle_add_to_cart_form_location":"","bundle_editable_in_cart":false,"bundle_sold_individually_context":"","bundle_item_grouping":"","bundle_min_size":"","bundle_max_size":"","bundled_items":[],"bundle_sell_ids":[],"yoast_head":"<!-- This site is optimized with the Yoast SEO Premium plugin v27.5 (Yoast SEO v27.5) - https:\/\/yoast.com\/product\/yoast-seo-premium-wordpress\/ -->\n<title>Coffee bean birthstone mug - Designed and made in Kerava<\/title>\n<meta name=\"description\" content=\"The birthstone of the coffee bean - a ceramic mug with a fair size for a wonderful morning brew. Product designed and printed in Kerava. Design \u00a9iloosi\" \/>\n<meta name=\"robots\" content=\"index, follow, max-snippet:-1, max-image-preview:large, max-video-preview:-1\" \/>\n<link rel=\"canonical\" href=\"https:\/\/www.iloosi.fi\/en\/tuotteet\/gift-items\/mugs\/coffee-bean-birthstone-mug\/\" \/>\n<meta property=\"og:locale\" content=\"en_US\" \/>\n<meta property=\"og:type\" content=\"article\" \/>\n<meta property=\"og:title\" content=\"Coffee bean birthstone mug\" \/>\n<meta property=\"og:description\" content=\"Coffee bean birthstone mug\" \/>\n<meta property=\"og:url\" content=\"https:\/\/www.iloosi.fi\/en\/tuotteet\/gift-items\/mugs\/coffee-bean-birthstone-mug\/\" \/>\n<meta property=\"og:site_name\" content=\"iloosi\" \/>\n<meta property=\"article:publisher\" content=\"https:\/\/www.facebook.com\/iloosi.fi\" \/>\n<meta property=\"article:modified_time\" content=\"2025-12-13T12:42:11+00:00\" \/>\n<meta property=\"og:image\" content=\"https:\/\/www.iloosi.fi\/wp-content\/uploads\/2021\/10\/birthstone_muki2-1024x1024.png\" \/>\n\t<meta property=\"og:image:width\" content=\"1024\" \/>\n\t<meta property=\"og:image:height\" content=\"1024\" \/>\n\t<meta property=\"og:image:type\" content=\"image\/png\" \/>\n<meta name=\"twitter:card\" content=\"summary_large_image\" \/>\n<meta name=\"twitter:label1\" content=\"Availability\" \/>\n\t<meta name=\"twitter:data1\" content=\"In stock\" \/>\n<script type=\"application\/ld+json\" class=\"yoast-schema-graph\">{\"@context\":\"https:\\\/\\\/schema.org\",\"@graph\":[{\"@type\":\"WebPage\",\"@id\":\"https:\\\/\\\/www.iloosi.fi\\\/en\\\/tuotteet\\\/gift-items\\\/mugs\\\/coffee-bean-birthstone-mug\\\/\",\"url\":\"https:\\\/\\\/www.iloosi.fi\\\/en\\\/tuotteet\\\/gift-items\\\/mugs\\\/coffee-bean-birthstone-mug\\\/\",\"name\":\"Coffee bean birthstone mug - Designed and made in Kerava\",\"isPartOf\":{\"@id\":\"https:\\\/\\\/www.iloosi.fi\\\/en\\\/#website\"},\"primaryImageOfPage\":{\"@id\":\"https:\\\/\\\/www.iloosi.fi\\\/en\\\/tuotteet\\\/gift-items\\\/mugs\\\/coffee-bean-birthstone-mug\\\/#primaryimage\"},\"image\":{\"@id\":\"https:\\\/\\\/www.iloosi.fi\\\/en\\\/tuotteet\\\/gift-items\\\/mugs\\\/coffee-bean-birthstone-mug\\\/#primaryimage\"},\"thumbnailUrl\":\"https:\\\/\\\/www.iloosi.fi\\\/wp-content\\\/uploads\\\/2021\\\/10\\\/birthstone_muki2.png\",\"datePublished\":\"2021-10-14T12:24:56+00:00\",\"dateModified\":\"2025-12-13T12:42:11+00:00\",\"description\":\"The birthstone of the coffee bean - a ceramic mug with a fair size for a wonderful morning brew. Product designed and printed in Kerava. Design \u00a9iloosi\",\"breadcrumb\":{\"@id\":\"https:\\\/\\\/www.iloosi.fi\\\/en\\\/tuotteet\\\/gift-items\\\/mugs\\\/coffee-bean-birthstone-mug\\\/#breadcrumb\"},\"inLanguage\":\"en-US\",\"potentialAction\":[{\"@type\":\"ReadAction\",\"target\":[\"https:\\\/\\\/www.iloosi.fi\\\/en\\\/tuotteet\\\/gift-items\\\/mugs\\\/coffee-bean-birthstone-mug\\\/\"]}]},{\"@type\":\"ImageObject\",\"inLanguage\":\"en-US\",\"@id\":\"https:\\\/\\\/www.iloosi.fi\\\/en\\\/tuotteet\\\/gift-items\\\/mugs\\\/coffee-bean-birthstone-mug\\\/#primaryimage\",\"url\":\"https:\\\/\\\/www.iloosi.fi\\\/wp-content\\\/uploads\\\/2021\\\/10\\\/birthstone_muki2.png\",\"contentUrl\":\"https:\\\/\\\/www.iloosi.fi\\\/wp-content\\\/uploads\\\/2021\\\/10\\\/birthstone_muki2.png\",\"width\":1440,\"height\":1440,\"caption\":\"Kahvipapu syntym\u00e4kiven\u00e4 -muki\"},{\"@type\":\"BreadcrumbList\",\"@id\":\"https:\\\/\\\/www.iloosi.fi\\\/en\\\/tuotteet\\\/gift-items\\\/mugs\\\/coffee-bean-birthstone-mug\\\/#breadcrumb\",\"itemListElement\":[{\"@type\":\"ListItem\",\"position\":1,\"name\":\"Home\",\"item\":\"https:\\\/\\\/www.iloosi.fi\\\/en\\\/\"},{\"@type\":\"ListItem\",\"position\":2,\"name\":\"Shop\",\"item\":\"https:\\\/\\\/www.iloosi.fi\\\/en\\\/shop\\\/\"},{\"@type\":\"ListItem\",\"position\":3,\"name\":\"Coffee bean birthstone mug\"}]},{\"@type\":\"WebSite\",\"@id\":\"https:\\\/\\\/www.iloosi.fi\\\/en\\\/#website\",\"url\":\"https:\\\/\\\/www.iloosi.fi\\\/en\\\/\",\"name\":\"iloosi\",\"description\":\"\",\"publisher\":{\"@id\":\"https:\\\/\\\/www.iloosi.fi\\\/en\\\/#organization\"},\"potentialAction\":[{\"@type\":\"SearchAction\",\"target\":{\"@type\":\"EntryPoint\",\"urlTemplate\":\"https:\\\/\\\/www.iloosi.fi\\\/en\\\/?s={search_term_string}\"},\"query-input\":{\"@type\":\"PropertyValueSpecification\",\"valueRequired\":true,\"valueName\":\"search_term_string\"}}],\"inLanguage\":\"en-US\"},{\"@type\":\"Organization\",\"@id\":\"https:\\\/\\\/www.iloosi.fi\\\/en\\\/#organization\",\"name\":\"Duuilo Oy\",\"url\":\"https:\\\/\\\/www.iloosi.fi\\\/en\\\/\",\"logo\":{\"@type\":\"ImageObject\",\"inLanguage\":\"en-US\",\"@id\":\"https:\\\/\\\/www.iloosi.fi\\\/en\\\/#\\\/schema\\\/logo\\\/image\\\/\",\"url\":\"https:\\\/\\\/www.iloosi.fi\\\/wp-content\\\/uploads\\\/2026\\\/04\\\/Screenshot-2026-04-29-214330.png\",\"contentUrl\":\"https:\\\/\\\/www.iloosi.fi\\\/wp-content\\\/uploads\\\/2026\\\/04\\\/Screenshot-2026-04-29-214330.png\",\"width\":406,\"height\":365,\"caption\":\"Duuilo Oy\"},\"image\":{\"@id\":\"https:\\\/\\\/www.iloosi.fi\\\/en\\\/#\\\/schema\\\/logo\\\/image\\\/\"},\"sameAs\":[\"https:\\\/\\\/www.facebook.com\\\/iloosi.fi\",\"https:\\\/\\\/www.instagram.com\\\/iloosi_shop\\\/?hl=fi\"],\"description\":\"iloosi on suomalainen verkkokauppa ja osa Memofotoa. Meille kuvat eiv\u00e4t ole vain tiedostoja tai printtej\u00e4 \u2013 ne ovat muistoja, tunteita ja ihmisille t\u00e4rkeit\u00e4 hetki\u00e4. Siksi halusimme luoda verkkokaupan, jossa omista kuvista, teksteist\u00e4 ja ideoista voi tehd\u00e4 helposti persoonallisia tuotteita arkeen, lahjaksi ja juhlaan.\",\"email\":\"iloosi@iloosi.fi\",\"telephone\":\"+358400896226\",\"legalName\":\"Memofoto Oy\",\"foundingDate\":\"1947-01-01\",\"vatID\":\"FI35342246\",\"numberOfEmployees\":{\"@type\":\"QuantitativeValue\",\"minValue\":\"1\",\"maxValue\":\"10\"},\"hasMerchantReturnPolicy\":{\"@type\":\"MerchantReturnPolicy\",\"merchantReturnLink\":\"https:\\\/\\\/www.iloosi.fi\\\/toimitus-ja-maksuehdot\\\/\"}}]}<\/script>\n<meta property=\"og:availability\" content=\"instock\" \/>\n<meta property=\"product:availability\" content=\"instock\" \/>\n<meta property=\"product:condition\" content=\"new\" \/>\n<!-- \/ Yoast SEO Premium plugin. -->","yoast_head_json":{"title":"Coffee bean birthstone mug - Designed and made in Kerava","description":"The birthstone of the coffee bean - a ceramic mug with a fair size for a wonderful morning brew. Product designed and printed in Kerava. Design \u00a9iloosi","robots":{"index":"index","follow":"follow","max-snippet":"max-snippet:-1","max-image-preview":"max-image-preview:large","max-video-preview":"max-video-preview:-1"},"canonical":"https:\/\/www.iloosi.fi\/en\/tuotteet\/gift-items\/mugs\/coffee-bean-birthstone-mug\/","og_locale":"en_US","og_type":"article","og_title":"Coffee bean birthstone mug","og_description":"Coffee bean birthstone mug","og_url":"https:\/\/www.iloosi.fi\/en\/tuotteet\/gift-items\/mugs\/coffee-bean-birthstone-mug\/","og_site_name":"iloosi","article_publisher":"https:\/\/www.facebook.com\/iloosi.fi","article_modified_time":"2025-12-13T12:42:11+00:00","og_image":[{"width":1024,"height":1024,"url":"https:\/\/www.iloosi.fi\/wp-content\/uploads\/2021\/10\/birthstone_muki2-1024x1024.png","type":"image\/png"}],"twitter_card":"summary_large_image","twitter_misc":{"Availability":"In stock"},"schema":{"@context":"https:\/\/schema.org","@graph":[{"@type":"WebPage","@id":"https:\/\/www.iloosi.fi\/en\/tuotteet\/gift-items\/mugs\/coffee-bean-birthstone-mug\/","url":"https:\/\/www.iloosi.fi\/en\/tuotteet\/gift-items\/mugs\/coffee-bean-birthstone-mug\/","name":"Coffee bean birthstone mug - Designed and made in Kerava","isPartOf":{"@id":"https:\/\/www.iloosi.fi\/en\/#website"},"primaryImageOfPage":{"@id":"https:\/\/www.iloosi.fi\/en\/tuotteet\/gift-items\/mugs\/coffee-bean-birthstone-mug\/#primaryimage"},"image":{"@id":"https:\/\/www.iloosi.fi\/en\/tuotteet\/gift-items\/mugs\/coffee-bean-birthstone-mug\/#primaryimage"},"thumbnailUrl":"https:\/\/www.iloosi.fi\/wp-content\/uploads\/2021\/10\/birthstone_muki2.png","datePublished":"2021-10-14T12:24:56+00:00","dateModified":"2025-12-13T12:42:11+00:00","description":"The birthstone of the coffee bean - a ceramic mug with a fair size for a wonderful morning brew. Product designed and printed in Kerava. Design \u00a9iloosi","breadcrumb":{"@id":"https:\/\/www.iloosi.fi\/en\/tuotteet\/gift-items\/mugs\/coffee-bean-birthstone-mug\/#breadcrumb"},"inLanguage":"en-US","potentialAction":[{"@type":"ReadAction","target":["https:\/\/www.iloosi.fi\/en\/tuotteet\/gift-items\/mugs\/coffee-bean-birthstone-mug\/"]}]},{"@type":"ImageObject","inLanguage":"en-US","@id":"https:\/\/www.iloosi.fi\/en\/tuotteet\/gift-items\/mugs\/coffee-bean-birthstone-mug\/#primaryimage","url":"https:\/\/www.iloosi.fi\/wp-content\/uploads\/2021\/10\/birthstone_muki2.png","contentUrl":"https:\/\/www.iloosi.fi\/wp-content\/uploads\/2021\/10\/birthstone_muki2.png","width":1440,"height":1440,"caption":"Kahvipapu syntym\u00e4kiven\u00e4 -muki"},{"@type":"BreadcrumbList","@id":"https:\/\/www.iloosi.fi\/en\/tuotteet\/gift-items\/mugs\/coffee-bean-birthstone-mug\/#breadcrumb","itemListElement":[{"@type":"ListItem","position":1,"name":"Home","item":"https:\/\/www.iloosi.fi\/en\/"},{"@type":"ListItem","position":2,"name":"Shop","item":"https:\/\/www.iloosi.fi\/en\/shop\/"},{"@type":"ListItem","position":3,"name":"Coffee bean birthstone mug"}]},{"@type":"WebSite","@id":"https:\/\/www.iloosi.fi\/en\/#website","url":"https:\/\/www.iloosi.fi\/en\/","name":"iloosi","description":"","publisher":{"@id":"https:\/\/www.iloosi.fi\/en\/#organization"},"potentialAction":[{"@type":"SearchAction","target":{"@type":"EntryPoint","urlTemplate":"https:\/\/www.iloosi.fi\/en\/?s={search_term_string}"},"query-input":{"@type":"PropertyValueSpecification","valueRequired":true,"valueName":"search_term_string"}}],"inLanguage":"en-US"},{"@type":"Organization","@id":"https:\/\/www.iloosi.fi\/en\/#organization","name":"Duuilo Oy","url":"https:\/\/www.iloosi.fi\/en\/","logo":{"@type":"ImageObject","inLanguage":"en-US","@id":"https:\/\/www.iloosi.fi\/en\/#\/schema\/logo\/image\/","url":"https:\/\/www.iloosi.fi\/wp-content\/uploads\/2026\/04\/Screenshot-2026-04-29-214330.png","contentUrl":"https:\/\/www.iloosi.fi\/wp-content\/uploads\/2026\/04\/Screenshot-2026-04-29-214330.png","width":406,"height":365,"caption":"Duuilo Oy"},"image":{"@id":"https:\/\/www.iloosi.fi\/en\/#\/schema\/logo\/image\/"},"sameAs":["https:\/\/www.facebook.com\/iloosi.fi","https:\/\/www.instagram.com\/iloosi_shop\/?hl=fi"],"description":"iloosi on suomalainen verkkokauppa ja osa Memofotoa. Meille kuvat eiv\u00e4t ole vain tiedostoja tai printtej\u00e4 \u2013 ne ovat muistoja, tunteita ja ihmisille t\u00e4rkeit\u00e4 hetki\u00e4. Siksi halusimme luoda verkkokaupan, jossa omista kuvista, teksteist\u00e4 ja ideoista voi tehd\u00e4 helposti persoonallisia tuotteita arkeen, lahjaksi ja juhlaan.","email":"iloosi@iloosi.fi","telephone":"+358400896226","legalName":"Memofoto Oy","foundingDate":"1947-01-01","vatID":"FI35342246","numberOfEmployees":{"@type":"QuantitativeValue","minValue":"1","maxValue":"10"},"hasMerchantReturnPolicy":{"@type":"MerchantReturnPolicy","merchantReturnLink":"https:\/\/www.iloosi.fi\/toimitus-ja-maksuehdot\/"}}]},"og_availability":"instock","product_availability":"instock","product_condition":"new"},"_links":{"self":[{"href":"https:\/\/www.iloosi.fi\/en\/wp-json\/wp\/v2\/product\/9627","targetHints":{"allow":["GET"]}}],"collection":[{"href":"https:\/\/www.iloosi.fi\/en\/wp-json\/wp\/v2\/product"}],"about":[{"href":"https:\/\/www.iloosi.fi\/en\/wp-json\/wp\/v2\/types\/product"}],"replies":[{"embeddable":true,"href":"https:\/\/www.iloosi.fi\/en\/wp-json\/wp\/v2\/comments?post=9627"}],"wp:featuredmedia":[{"embeddable":true,"href":"https:\/\/www.iloosi.fi\/en\/wp-json\/wp\/v2\/media\/7770"}],"wp:attachment":[{"href":"https:\/\/www.iloosi.fi\/en\/wp-json\/wp\/v2\/media?parent=9627"}],"wp:term":[{"taxonomy":"product_brand","embeddable":true,"href":"https:\/\/www.iloosi.fi\/en\/wp-json\/wp\/v2\/product_brand?post=9627"},{"taxonomy":"product_cat","embeddable":true,"href":"https:\/\/www.iloosi.fi\/en\/wp-json\/wp\/v2\/product_cat?post=9627"},{"taxonomy":"product_tag","embeddable":true,"href":"https:\/\/www.iloosi.fi\/en\/wp-json\/wp\/v2\/product_tag?post=9627"}],"curies":[{"name":"wp","href":"https:\/\/api.w.org\/{rel}","templated":true}]}}