{"id":9655,"date":"2024-06-11T18:10:29","date_gmt":"2024-06-11T15:10:29","guid":{"rendered":"https:\/\/iloosi.fi\/product\/gallery-frame-with-shelf-54x40cm-white-black\/"},"modified":"2025-12-13T14:46:07","modified_gmt":"2025-12-13T12:46:07","slug":"gallery-frame-with-shelf-54x40cm-white-black","status":"publish","type":"product","link":"https:\/\/www.iloosi.fi\/en\/tuotteet\/picture-frames\/gallery-frames\/gallery-frame-with-shelf-54x40cm-white-black\/","title":{"rendered":"Gallery frame with shelf, 54x40cm, white\/black"},"content":{"rendered":"<p>Elegant wide gallery frame for 5 photos with shelf \/ foot<\/p>\n<p>The frame can be hung, leaving approx. 54&#215;6,5cm shelf.<br \/>\nThe frame can also be used with the top shelf as a support leg.<\/p>\n<p>External dimensions of the frame approx. 39x47cm. With hat rack approx. 40x54cm.<\/p>\n<p>The frame has a diagonally cut paspartuuri.<br \/>\nMade of MDF (wood fibre).<\/p>\n","protected":false},"excerpt":{"rendered":"<p>Elegant wide gallery frame for 5 photos with shelf \/ foot The frame can be hung, leaving approx. 54&#215;6,5cm shelf. The frame can also be used with the top shelf as a support leg. External dimensions of the frame approx. 39x47cm. With hat rack approx. 40x54cm. The frame has a diagonally cut paspartuuri. Made of [&#8230;]\n","protected":false},"featured_media":4656,"comment_status":"open","ping_status":"closed","template":"","meta":[],"product_brand":[],"product_cat":[933,815],"product_tag":[936,938,941,940],"class_list":{"0":"post-9655","1":"product","2":"type-product","3":"status-publish","4":"has-post-thumbnail","6":"product_cat-gallery-frames","7":"product_cat-interior-design","8":"product_tag-frame","9":"product_tag-frames","10":"product_tag-gallery-frame","11":"product_tag-photo-frame","13":"first","14":"instock","15":"taxable","16":"shipping-taxable","17":"purchasable","18":"product-type-variable","19":"has-default-attributes"},"bundled_by":[],"bundle_stock_status":"instock","bundle_stock_quantity":null,"bundle_virtual":false,"bundle_layout":"","bundle_add_to_cart_form_location":"","bundle_editable_in_cart":false,"bundle_sold_individually_context":"","bundle_item_grouping":"","bundle_min_size":"","bundle_max_size":"","bundled_items":[],"bundle_sell_ids":[],"yoast_head":"<!-- This site is optimized with the Yoast SEO Premium plugin v27.5 (Yoast SEO v27.5) - https:\/\/yoast.com\/product\/yoast-seo-premium-wordpress\/ -->\n<title>Gallery frame with shelf, 54x40cm, white\/black - iloosi<\/title>\n<meta name=\"description\" content=\"Elegant wide gallery frame for 5 photos with shelf \/ foot. The frame can be hung, leaving a shelf of approx. 54x6,5cm above.\" \/>\n<meta name=\"robots\" content=\"index, follow, max-snippet:-1, max-image-preview:large, max-video-preview:-1\" \/>\n<link rel=\"canonical\" href=\"https:\/\/www.iloosi.fi\/en\/tuotteet\/picture-frames\/gallery-frames\/gallery-frame-with-shelf-54x40cm-white-black\/\" \/>\n<meta property=\"og:locale\" content=\"en_US\" \/>\n<meta property=\"og:type\" content=\"article\" \/>\n<meta property=\"og:title\" content=\"Gallery frame with shelf, 54x40cm, white\/black\" \/>\n<meta property=\"og:description\" content=\"Gallery frame with shelf, 54x40cm, white\/black\" \/>\n<meta property=\"og:url\" content=\"https:\/\/www.iloosi.fi\/en\/tuotteet\/picture-frames\/gallery-frames\/gallery-frame-with-shelf-54x40cm-white-black\/\" \/>\n<meta property=\"og:site_name\" content=\"iloosi\" \/>\n<meta property=\"article:publisher\" content=\"https:\/\/www.facebook.com\/iloosi.fi\" \/>\n<meta property=\"article:modified_time\" content=\"2025-12-13T12:46:07+00:00\" \/>\n<meta property=\"og:image\" content=\"https:\/\/www.iloosi.fi\/wp-content\/uploads\/2024\/04\/Galleriakehys-hyllytasolla-valkoinen.jpg\" \/>\n\t<meta property=\"og:image:width\" content=\"1013\" \/>\n\t<meta property=\"og:image:height\" content=\"1000\" \/>\n\t<meta property=\"og:image:type\" content=\"image\/jpeg\" \/>\n<meta name=\"twitter:card\" content=\"summary_large_image\" \/>\n<meta name=\"twitter:label1\" content=\"Availability\" \/>\n\t<meta name=\"twitter:data1\" content=\"In stock\" \/>\n<script type=\"application\/ld+json\" class=\"yoast-schema-graph\">{\"@context\":\"https:\\\/\\\/schema.org\",\"@graph\":[{\"@type\":\"WebPage\",\"@id\":\"https:\\\/\\\/www.iloosi.fi\\\/en\\\/tuotteet\\\/picture-frames\\\/gallery-frames\\\/gallery-frame-with-shelf-54x40cm-white-black\\\/\",\"url\":\"https:\\\/\\\/www.iloosi.fi\\\/en\\\/tuotteet\\\/picture-frames\\\/gallery-frames\\\/gallery-frame-with-shelf-54x40cm-white-black\\\/\",\"name\":\"Gallery frame with shelf, 54x40cm, white\\\/black - iloosi\",\"isPartOf\":{\"@id\":\"https:\\\/\\\/www.iloosi.fi\\\/en\\\/#website\"},\"primaryImageOfPage\":{\"@id\":\"https:\\\/\\\/www.iloosi.fi\\\/en\\\/tuotteet\\\/picture-frames\\\/gallery-frames\\\/gallery-frame-with-shelf-54x40cm-white-black\\\/#primaryimage\"},\"image\":{\"@id\":\"https:\\\/\\\/www.iloosi.fi\\\/en\\\/tuotteet\\\/picture-frames\\\/gallery-frames\\\/gallery-frame-with-shelf-54x40cm-white-black\\\/#primaryimage\"},\"thumbnailUrl\":\"https:\\\/\\\/www.iloosi.fi\\\/wp-content\\\/uploads\\\/2024\\\/04\\\/Galleriakehys-hyllytasolla-valkoinen.jpg\",\"datePublished\":\"2024-06-11T15:10:29+00:00\",\"dateModified\":\"2025-12-13T12:46:07+00:00\",\"description\":\"Elegant wide gallery frame for 5 photos with shelf \\\/ foot. The frame can be hung, leaving a shelf of approx. 54x6,5cm above.\",\"breadcrumb\":{\"@id\":\"https:\\\/\\\/www.iloosi.fi\\\/en\\\/tuotteet\\\/picture-frames\\\/gallery-frames\\\/gallery-frame-with-shelf-54x40cm-white-black\\\/#breadcrumb\"},\"inLanguage\":\"en-US\",\"potentialAction\":[{\"@type\":\"ReadAction\",\"target\":[\"https:\\\/\\\/www.iloosi.fi\\\/en\\\/tuotteet\\\/picture-frames\\\/gallery-frames\\\/gallery-frame-with-shelf-54x40cm-white-black\\\/\"]}]},{\"@type\":\"ImageObject\",\"inLanguage\":\"en-US\",\"@id\":\"https:\\\/\\\/www.iloosi.fi\\\/en\\\/tuotteet\\\/picture-frames\\\/gallery-frames\\\/gallery-frame-with-shelf-54x40cm-white-black\\\/#primaryimage\",\"url\":\"https:\\\/\\\/www.iloosi.fi\\\/wp-content\\\/uploads\\\/2024\\\/04\\\/Galleriakehys-hyllytasolla-valkoinen.jpg\",\"contentUrl\":\"https:\\\/\\\/www.iloosi.fi\\\/wp-content\\\/uploads\\\/2024\\\/04\\\/Galleriakehys-hyllytasolla-valkoinen.jpg\",\"width\":1013,\"height\":1000,\"caption\":\"Tyylik\u00e4s leve\u00e4listainen Galleriakehys 5:lle valokuvalle hyllytasolla \\\/ jalalla\"},{\"@type\":\"BreadcrumbList\",\"@id\":\"https:\\\/\\\/www.iloosi.fi\\\/en\\\/tuotteet\\\/picture-frames\\\/gallery-frames\\\/gallery-frame-with-shelf-54x40cm-white-black\\\/#breadcrumb\",\"itemListElement\":[{\"@type\":\"ListItem\",\"position\":1,\"name\":\"Home\",\"item\":\"https:\\\/\\\/www.iloosi.fi\\\/en\\\/\"},{\"@type\":\"ListItem\",\"position\":2,\"name\":\"Shop\",\"item\":\"https:\\\/\\\/www.iloosi.fi\\\/en\\\/shop\\\/\"},{\"@type\":\"ListItem\",\"position\":3,\"name\":\"Gallery frame with shelf, 54x40cm, white\\\/black\"}]},{\"@type\":\"WebSite\",\"@id\":\"https:\\\/\\\/www.iloosi.fi\\\/en\\\/#website\",\"url\":\"https:\\\/\\\/www.iloosi.fi\\\/en\\\/\",\"name\":\"iloosi\",\"description\":\"\",\"publisher\":{\"@id\":\"https:\\\/\\\/www.iloosi.fi\\\/en\\\/#organization\"},\"potentialAction\":[{\"@type\":\"SearchAction\",\"target\":{\"@type\":\"EntryPoint\",\"urlTemplate\":\"https:\\\/\\\/www.iloosi.fi\\\/en\\\/?s={search_term_string}\"},\"query-input\":{\"@type\":\"PropertyValueSpecification\",\"valueRequired\":true,\"valueName\":\"search_term_string\"}}],\"inLanguage\":\"en-US\"},{\"@type\":\"Organization\",\"@id\":\"https:\\\/\\\/www.iloosi.fi\\\/en\\\/#organization\",\"name\":\"Duuilo Oy\",\"url\":\"https:\\\/\\\/www.iloosi.fi\\\/en\\\/\",\"logo\":{\"@type\":\"ImageObject\",\"inLanguage\":\"en-US\",\"@id\":\"https:\\\/\\\/www.iloosi.fi\\\/en\\\/#\\\/schema\\\/logo\\\/image\\\/\",\"url\":\"https:\\\/\\\/www.iloosi.fi\\\/wp-content\\\/uploads\\\/2026\\\/04\\\/Screenshot-2026-04-29-214330.png\",\"contentUrl\":\"https:\\\/\\\/www.iloosi.fi\\\/wp-content\\\/uploads\\\/2026\\\/04\\\/Screenshot-2026-04-29-214330.png\",\"width\":406,\"height\":365,\"caption\":\"Duuilo Oy\"},\"image\":{\"@id\":\"https:\\\/\\\/www.iloosi.fi\\\/en\\\/#\\\/schema\\\/logo\\\/image\\\/\"},\"sameAs\":[\"https:\\\/\\\/www.facebook.com\\\/iloosi.fi\",\"https:\\\/\\\/www.instagram.com\\\/iloosi_shop\\\/?hl=fi\"],\"description\":\"iloosi on suomalainen verkkokauppa ja osa Memofotoa. Meille kuvat eiv\u00e4t ole vain tiedostoja tai printtej\u00e4 \u2013 ne ovat muistoja, tunteita ja ihmisille t\u00e4rkeit\u00e4 hetki\u00e4. Siksi halusimme luoda verkkokaupan, jossa omista kuvista, teksteist\u00e4 ja ideoista voi tehd\u00e4 helposti persoonallisia tuotteita arkeen, lahjaksi ja juhlaan.\",\"email\":\"iloosi@iloosi.fi\",\"telephone\":\"+358400896226\",\"legalName\":\"Memofoto Oy\",\"foundingDate\":\"1947-01-01\",\"vatID\":\"FI35342246\",\"numberOfEmployees\":{\"@type\":\"QuantitativeValue\",\"minValue\":\"1\",\"maxValue\":\"10\"},\"hasMerchantReturnPolicy\":{\"@type\":\"MerchantReturnPolicy\",\"merchantReturnLink\":\"https:\\\/\\\/www.iloosi.fi\\\/toimitus-ja-maksuehdot\\\/\"}}]}<\/script>\n<meta property=\"og:availability\" content=\"instock\" \/>\n<meta property=\"product:availability\" content=\"instock\" \/>\n<meta property=\"product:condition\" content=\"new\" \/>\n<!-- \/ Yoast SEO Premium plugin. -->","yoast_head_json":{"title":"Gallery frame with shelf, 54x40cm, white\/black - iloosi","description":"Elegant wide gallery frame for 5 photos with shelf \/ foot. The frame can be hung, leaving a shelf of approx. 54x6,5cm above.","robots":{"index":"index","follow":"follow","max-snippet":"max-snippet:-1","max-image-preview":"max-image-preview:large","max-video-preview":"max-video-preview:-1"},"canonical":"https:\/\/www.iloosi.fi\/en\/tuotteet\/picture-frames\/gallery-frames\/gallery-frame-with-shelf-54x40cm-white-black\/","og_locale":"en_US","og_type":"article","og_title":"Gallery frame with shelf, 54x40cm, white\/black","og_description":"Gallery frame with shelf, 54x40cm, white\/black","og_url":"https:\/\/www.iloosi.fi\/en\/tuotteet\/picture-frames\/gallery-frames\/gallery-frame-with-shelf-54x40cm-white-black\/","og_site_name":"iloosi","article_publisher":"https:\/\/www.facebook.com\/iloosi.fi","article_modified_time":"2025-12-13T12:46:07+00:00","og_image":[{"width":1013,"height":1000,"url":"https:\/\/www.iloosi.fi\/wp-content\/uploads\/2024\/04\/Galleriakehys-hyllytasolla-valkoinen.jpg","type":"image\/jpeg"}],"twitter_card":"summary_large_image","twitter_misc":{"Availability":"In stock"},"schema":{"@context":"https:\/\/schema.org","@graph":[{"@type":"WebPage","@id":"https:\/\/www.iloosi.fi\/en\/tuotteet\/picture-frames\/gallery-frames\/gallery-frame-with-shelf-54x40cm-white-black\/","url":"https:\/\/www.iloosi.fi\/en\/tuotteet\/picture-frames\/gallery-frames\/gallery-frame-with-shelf-54x40cm-white-black\/","name":"Gallery frame with shelf, 54x40cm, white\/black - iloosi","isPartOf":{"@id":"https:\/\/www.iloosi.fi\/en\/#website"},"primaryImageOfPage":{"@id":"https:\/\/www.iloosi.fi\/en\/tuotteet\/picture-frames\/gallery-frames\/gallery-frame-with-shelf-54x40cm-white-black\/#primaryimage"},"image":{"@id":"https:\/\/www.iloosi.fi\/en\/tuotteet\/picture-frames\/gallery-frames\/gallery-frame-with-shelf-54x40cm-white-black\/#primaryimage"},"thumbnailUrl":"https:\/\/www.iloosi.fi\/wp-content\/uploads\/2024\/04\/Galleriakehys-hyllytasolla-valkoinen.jpg","datePublished":"2024-06-11T15:10:29+00:00","dateModified":"2025-12-13T12:46:07+00:00","description":"Elegant wide gallery frame for 5 photos with shelf \/ foot. The frame can be hung, leaving a shelf of approx. 54x6,5cm above.","breadcrumb":{"@id":"https:\/\/www.iloosi.fi\/en\/tuotteet\/picture-frames\/gallery-frames\/gallery-frame-with-shelf-54x40cm-white-black\/#breadcrumb"},"inLanguage":"en-US","potentialAction":[{"@type":"ReadAction","target":["https:\/\/www.iloosi.fi\/en\/tuotteet\/picture-frames\/gallery-frames\/gallery-frame-with-shelf-54x40cm-white-black\/"]}]},{"@type":"ImageObject","inLanguage":"en-US","@id":"https:\/\/www.iloosi.fi\/en\/tuotteet\/picture-frames\/gallery-frames\/gallery-frame-with-shelf-54x40cm-white-black\/#primaryimage","url":"https:\/\/www.iloosi.fi\/wp-content\/uploads\/2024\/04\/Galleriakehys-hyllytasolla-valkoinen.jpg","contentUrl":"https:\/\/www.iloosi.fi\/wp-content\/uploads\/2024\/04\/Galleriakehys-hyllytasolla-valkoinen.jpg","width":1013,"height":1000,"caption":"Tyylik\u00e4s leve\u00e4listainen Galleriakehys 5:lle valokuvalle hyllytasolla \/ jalalla"},{"@type":"BreadcrumbList","@id":"https:\/\/www.iloosi.fi\/en\/tuotteet\/picture-frames\/gallery-frames\/gallery-frame-with-shelf-54x40cm-white-black\/#breadcrumb","itemListElement":[{"@type":"ListItem","position":1,"name":"Home","item":"https:\/\/www.iloosi.fi\/en\/"},{"@type":"ListItem","position":2,"name":"Shop","item":"https:\/\/www.iloosi.fi\/en\/shop\/"},{"@type":"ListItem","position":3,"name":"Gallery frame with shelf, 54x40cm, white\/black"}]},{"@type":"WebSite","@id":"https:\/\/www.iloosi.fi\/en\/#website","url":"https:\/\/www.iloosi.fi\/en\/","name":"iloosi","description":"","publisher":{"@id":"https:\/\/www.iloosi.fi\/en\/#organization"},"potentialAction":[{"@type":"SearchAction","target":{"@type":"EntryPoint","urlTemplate":"https:\/\/www.iloosi.fi\/en\/?s={search_term_string}"},"query-input":{"@type":"PropertyValueSpecification","valueRequired":true,"valueName":"search_term_string"}}],"inLanguage":"en-US"},{"@type":"Organization","@id":"https:\/\/www.iloosi.fi\/en\/#organization","name":"Duuilo Oy","url":"https:\/\/www.iloosi.fi\/en\/","logo":{"@type":"ImageObject","inLanguage":"en-US","@id":"https:\/\/www.iloosi.fi\/en\/#\/schema\/logo\/image\/","url":"https:\/\/www.iloosi.fi\/wp-content\/uploads\/2026\/04\/Screenshot-2026-04-29-214330.png","contentUrl":"https:\/\/www.iloosi.fi\/wp-content\/uploads\/2026\/04\/Screenshot-2026-04-29-214330.png","width":406,"height":365,"caption":"Duuilo Oy"},"image":{"@id":"https:\/\/www.iloosi.fi\/en\/#\/schema\/logo\/image\/"},"sameAs":["https:\/\/www.facebook.com\/iloosi.fi","https:\/\/www.instagram.com\/iloosi_shop\/?hl=fi"],"description":"iloosi on suomalainen verkkokauppa ja osa Memofotoa. Meille kuvat eiv\u00e4t ole vain tiedostoja tai printtej\u00e4 \u2013 ne ovat muistoja, tunteita ja ihmisille t\u00e4rkeit\u00e4 hetki\u00e4. Siksi halusimme luoda verkkokaupan, jossa omista kuvista, teksteist\u00e4 ja ideoista voi tehd\u00e4 helposti persoonallisia tuotteita arkeen, lahjaksi ja juhlaan.","email":"iloosi@iloosi.fi","telephone":"+358400896226","legalName":"Memofoto Oy","foundingDate":"1947-01-01","vatID":"FI35342246","numberOfEmployees":{"@type":"QuantitativeValue","minValue":"1","maxValue":"10"},"hasMerchantReturnPolicy":{"@type":"MerchantReturnPolicy","merchantReturnLink":"https:\/\/www.iloosi.fi\/toimitus-ja-maksuehdot\/"}}]},"og_availability":"instock","product_availability":"instock","product_condition":"new"},"_links":{"self":[{"href":"https:\/\/www.iloosi.fi\/en\/wp-json\/wp\/v2\/product\/9655","targetHints":{"allow":["GET"]}}],"collection":[{"href":"https:\/\/www.iloosi.fi\/en\/wp-json\/wp\/v2\/product"}],"about":[{"href":"https:\/\/www.iloosi.fi\/en\/wp-json\/wp\/v2\/types\/product"}],"replies":[{"embeddable":true,"href":"https:\/\/www.iloosi.fi\/en\/wp-json\/wp\/v2\/comments?post=9655"}],"wp:featuredmedia":[{"embeddable":true,"href":"https:\/\/www.iloosi.fi\/en\/wp-json\/wp\/v2\/media\/4656"}],"wp:attachment":[{"href":"https:\/\/www.iloosi.fi\/en\/wp-json\/wp\/v2\/media?parent=9655"}],"wp:term":[{"taxonomy":"product_brand","embeddable":true,"href":"https:\/\/www.iloosi.fi\/en\/wp-json\/wp\/v2\/product_brand?post=9655"},{"taxonomy":"product_cat","embeddable":true,"href":"https:\/\/www.iloosi.fi\/en\/wp-json\/wp\/v2\/product_cat?post=9655"},{"taxonomy":"product_tag","embeddable":true,"href":"https:\/\/www.iloosi.fi\/en\/wp-json\/wp\/v2\/product_tag?post=9655"}],"curies":[{"name":"wp","href":"https:\/\/api.w.org\/{rel}","templated":true}]}}