{"id":9676,"date":"2024-06-28T18:13:05","date_gmt":"2024-06-28T15:13:05","guid":{"rendered":"https:\/\/iloosi.fi\/product\/wooden-frame-with-2-hinges-or-1-leg-10x15-13x18-15x20\/"},"modified":"2026-02-03T14:03:47","modified_gmt":"2026-02-03T12:03:47","slug":"puukehys-2-kuvaa-saranalla-tai-1-jalalla-10x15-13x18-15x20","status":"publish","type":"product","link":"https:\/\/www.iloosi.fi\/en\/tuotteet\/picture-frames\/gallery-frames\/puukehys-2-kuvaa-saranalla-tai-1-jalalla-10x15-13x18-15x20\/","title":{"rendered":"Wooden frame with 2 hinges, or 1 leg, 10&#215;15\/13&#215;18\/15&#215;20"},"content":{"rendered":"<p>Beautiful understated white wooden frame with grey\/wood coloured inner rim.<\/p>\n<p>The shades of the frame make it easy to place the frame on a table, shelf or wall.<br \/>\nThe shades make the frame compatible with many images, both colour and black and white.<\/p>\n<p>Wood is an environmentally friendly material.<\/p>\n<p>The frame profile is approx. 2,5cm wide.<\/p>\n<p>The thickness of the frame is approx. 1,2cm<br \/>\nFor table or wall.<\/p>\n<p>Sturdy mdf backing.<\/p>\n<p>Available as a two-picture frame with hinge, or as a one-picture frame with base.<\/p>\n<p>Sizes: 10x15cm, 13x18cm, 15x20cm, 2x 10x15cm, 2x 13x18cm, 2x 15x20cm<\/p>\n<p>A simply elegant wooden frame with a classic profile.<\/p>\n","protected":false},"excerpt":{"rendered":"<p>Beautiful understated white wooden frame with grey\/wood coloured inner rim. The shades of the frame make it easy to place the frame on a table, shelf or wall. The shades make the frame compatible with many images, both colour and black and white. Wood is an environmentally friendly material. The frame profile is approx. 2,5cm [&#8230;]\n","protected":false},"featured_media":9167,"comment_status":"open","ping_status":"closed","template":"","meta":[],"product_brand":[],"product_cat":[933,815,937,935,952],"product_tag":[940,954],"class_list":{"0":"post-9676","1":"product","2":"type-product","3":"status-publish","4":"has-post-thumbnail","6":"product_cat-gallery-frames","7":"product_cat-interior-design","8":"product_cat-multi-image-frames","9":"product_cat-picture-frames","10":"product_cat-saran-wrap","11":"product_tag-photo-frame","12":"product_tag-saran-wrap","14":"first","15":"instock","16":"taxable","17":"shipping-taxable","18":"purchasable","19":"product-type-variable"},"bundled_by":[],"bundle_stock_status":"instock","bundle_stock_quantity":null,"bundle_virtual":false,"bundle_layout":"","bundle_add_to_cart_form_location":"","bundle_editable_in_cart":false,"bundle_sold_individually_context":"","bundle_item_grouping":"","bundle_min_size":"","bundle_max_size":"","bundled_items":[],"bundle_sell_ids":[],"yoast_head":"<!-- This site is optimized with the Yoast SEO Premium plugin v27.5 (Yoast SEO v27.5) - https:\/\/yoast.com\/product\/yoast-seo-premium-wordpress\/ -->\n<title>Wooden frame with 2 hinges, or 1 leg, 10x15\/13x18\/15x20 - iloosi<\/title>\n<meta name=\"description\" content=\"Beautiful understated white wooden frame with grey\/wood coloured inner edge. The frame profile is about 2,5cm wide. Thickness of the frame is approx. 1,2cm.\" \/>\n<meta name=\"robots\" content=\"index, follow, max-snippet:-1, max-image-preview:large, max-video-preview:-1\" \/>\n<link rel=\"canonical\" href=\"https:\/\/www.iloosi.fi\/en\/tuotteet\/picture-frames\/gallery-frames\/puukehys-2-kuvaa-saranalla-tai-1-jalalla-10x15-13x18-15x20\/\" \/>\n<meta property=\"og:locale\" content=\"en_US\" \/>\n<meta property=\"og:type\" content=\"article\" \/>\n<meta property=\"og:title\" content=\"Wooden frame with 2 hinges, or 1 leg, 10x15\/13x18\/15x20\" \/>\n<meta property=\"og:description\" content=\"Wooden frame with 2 hinges, or 1 leg, 10x15\/13x18\/15x20\" \/>\n<meta property=\"og:url\" content=\"https:\/\/www.iloosi.fi\/en\/tuotteet\/picture-frames\/gallery-frames\/puukehys-2-kuvaa-saranalla-tai-1-jalalla-10x15-13x18-15x20\/\" \/>\n<meta property=\"og:site_name\" content=\"iloosi\" \/>\n<meta property=\"article:publisher\" content=\"https:\/\/www.facebook.com\/iloosi.fi\" \/>\n<meta property=\"article:modified_time\" content=\"2026-02-03T12:03:47+00:00\" \/>\n<meta property=\"og:image\" content=\"https:\/\/www.iloosi.fi\/wp-content\/uploads\/2024\/06\/puukehys-2-kuvaa-saranalla-tai-1-jalalla-10x15-13x18-15x20-10.jpg\" \/>\n\t<meta property=\"og:image:width\" content=\"2000\" \/>\n\t<meta property=\"og:image:height\" content=\"2000\" \/>\n\t<meta property=\"og:image:type\" content=\"image\/jpeg\" \/>\n<meta name=\"twitter:card\" content=\"summary_large_image\" \/>\n<meta name=\"twitter:label1\" content=\"Availability\" \/>\n\t<meta name=\"twitter:data1\" content=\"In stock\" \/>\n<script type=\"application\/ld+json\" class=\"yoast-schema-graph\">{\"@context\":\"https:\\\/\\\/schema.org\",\"@graph\":[{\"@type\":\"WebPage\",\"@id\":\"https:\\\/\\\/www.iloosi.fi\\\/en\\\/tuotteet\\\/picture-frames\\\/gallery-frames\\\/puukehys-2-kuvaa-saranalla-tai-1-jalalla-10x15-13x18-15x20\\\/\",\"url\":\"https:\\\/\\\/www.iloosi.fi\\\/en\\\/tuotteet\\\/picture-frames\\\/gallery-frames\\\/puukehys-2-kuvaa-saranalla-tai-1-jalalla-10x15-13x18-15x20\\\/\",\"name\":\"Wooden frame with 2 hinges, or 1 leg, 10x15\\\/13x18\\\/15x20 - iloosi\",\"isPartOf\":{\"@id\":\"https:\\\/\\\/www.iloosi.fi\\\/en\\\/#website\"},\"primaryImageOfPage\":{\"@id\":\"https:\\\/\\\/www.iloosi.fi\\\/en\\\/tuotteet\\\/picture-frames\\\/gallery-frames\\\/puukehys-2-kuvaa-saranalla-tai-1-jalalla-10x15-13x18-15x20\\\/#primaryimage\"},\"image\":{\"@id\":\"https:\\\/\\\/www.iloosi.fi\\\/en\\\/tuotteet\\\/picture-frames\\\/gallery-frames\\\/puukehys-2-kuvaa-saranalla-tai-1-jalalla-10x15-13x18-15x20\\\/#primaryimage\"},\"thumbnailUrl\":\"https:\\\/\\\/www.iloosi.fi\\\/wp-content\\\/uploads\\\/2024\\\/06\\\/puukehys-2-kuvaa-saranalla-tai-1-jalalla-10x15-13x18-15x20-10.jpg\",\"datePublished\":\"2024-06-28T15:13:05+00:00\",\"dateModified\":\"2026-02-03T12:03:47+00:00\",\"description\":\"Beautiful understated white wooden frame with grey\\\/wood coloured inner edge. The frame profile is about 2,5cm wide. Thickness of the frame is approx. 1,2cm.\",\"breadcrumb\":{\"@id\":\"https:\\\/\\\/www.iloosi.fi\\\/en\\\/tuotteet\\\/picture-frames\\\/gallery-frames\\\/puukehys-2-kuvaa-saranalla-tai-1-jalalla-10x15-13x18-15x20\\\/#breadcrumb\"},\"inLanguage\":\"en-US\",\"potentialAction\":[{\"@type\":\"ReadAction\",\"target\":[\"https:\\\/\\\/www.iloosi.fi\\\/en\\\/tuotteet\\\/picture-frames\\\/gallery-frames\\\/puukehys-2-kuvaa-saranalla-tai-1-jalalla-10x15-13x18-15x20\\\/\"]}]},{\"@type\":\"ImageObject\",\"inLanguage\":\"en-US\",\"@id\":\"https:\\\/\\\/www.iloosi.fi\\\/en\\\/tuotteet\\\/picture-frames\\\/gallery-frames\\\/puukehys-2-kuvaa-saranalla-tai-1-jalalla-10x15-13x18-15x20\\\/#primaryimage\",\"url\":\"https:\\\/\\\/www.iloosi.fi\\\/wp-content\\\/uploads\\\/2024\\\/06\\\/puukehys-2-kuvaa-saranalla-tai-1-jalalla-10x15-13x18-15x20-10.jpg\",\"contentUrl\":\"https:\\\/\\\/www.iloosi.fi\\\/wp-content\\\/uploads\\\/2024\\\/06\\\/puukehys-2-kuvaa-saranalla-tai-1-jalalla-10x15-13x18-15x20-10.jpg\",\"width\":2000,\"height\":2000,\"caption\":\"puukehys-2-kuvaa-saranalla-tai-1-jalalla-10x15-13x18-15x20\"},{\"@type\":\"BreadcrumbList\",\"@id\":\"https:\\\/\\\/www.iloosi.fi\\\/en\\\/tuotteet\\\/picture-frames\\\/gallery-frames\\\/puukehys-2-kuvaa-saranalla-tai-1-jalalla-10x15-13x18-15x20\\\/#breadcrumb\",\"itemListElement\":[{\"@type\":\"ListItem\",\"position\":1,\"name\":\"Home\",\"item\":\"https:\\\/\\\/www.iloosi.fi\\\/en\\\/\"},{\"@type\":\"ListItem\",\"position\":2,\"name\":\"Shop\",\"item\":\"https:\\\/\\\/www.iloosi.fi\\\/en\\\/shop\\\/\"},{\"@type\":\"ListItem\",\"position\":3,\"name\":\"Wooden frame with 2 hinges, or 1 leg, 10&#215;15\\\/13&#215;18\\\/15&#215;20\"}]},{\"@type\":\"WebSite\",\"@id\":\"https:\\\/\\\/www.iloosi.fi\\\/en\\\/#website\",\"url\":\"https:\\\/\\\/www.iloosi.fi\\\/en\\\/\",\"name\":\"iloosi\",\"description\":\"\",\"publisher\":{\"@id\":\"https:\\\/\\\/www.iloosi.fi\\\/en\\\/#organization\"},\"potentialAction\":[{\"@type\":\"SearchAction\",\"target\":{\"@type\":\"EntryPoint\",\"urlTemplate\":\"https:\\\/\\\/www.iloosi.fi\\\/en\\\/?s={search_term_string}\"},\"query-input\":{\"@type\":\"PropertyValueSpecification\",\"valueRequired\":true,\"valueName\":\"search_term_string\"}}],\"inLanguage\":\"en-US\"},{\"@type\":\"Organization\",\"@id\":\"https:\\\/\\\/www.iloosi.fi\\\/en\\\/#organization\",\"name\":\"Duuilo Oy\",\"url\":\"https:\\\/\\\/www.iloosi.fi\\\/en\\\/\",\"logo\":{\"@type\":\"ImageObject\",\"inLanguage\":\"en-US\",\"@id\":\"https:\\\/\\\/www.iloosi.fi\\\/en\\\/#\\\/schema\\\/logo\\\/image\\\/\",\"url\":\"https:\\\/\\\/www.iloosi.fi\\\/wp-content\\\/uploads\\\/2026\\\/04\\\/Screenshot-2026-04-29-214330.png\",\"contentUrl\":\"https:\\\/\\\/www.iloosi.fi\\\/wp-content\\\/uploads\\\/2026\\\/04\\\/Screenshot-2026-04-29-214330.png\",\"width\":406,\"height\":365,\"caption\":\"Duuilo Oy\"},\"image\":{\"@id\":\"https:\\\/\\\/www.iloosi.fi\\\/en\\\/#\\\/schema\\\/logo\\\/image\\\/\"},\"sameAs\":[\"https:\\\/\\\/www.facebook.com\\\/iloosi.fi\",\"https:\\\/\\\/www.instagram.com\\\/iloosi_shop\\\/?hl=fi\"],\"description\":\"iloosi on suomalainen verkkokauppa ja osa Memofotoa. Meille kuvat eiv\u00e4t ole vain tiedostoja tai printtej\u00e4 \u2013 ne ovat muistoja, tunteita ja ihmisille t\u00e4rkeit\u00e4 hetki\u00e4. Siksi halusimme luoda verkkokaupan, jossa omista kuvista, teksteist\u00e4 ja ideoista voi tehd\u00e4 helposti persoonallisia tuotteita arkeen, lahjaksi ja juhlaan.\",\"email\":\"iloosi@iloosi.fi\",\"telephone\":\"+358400896226\",\"legalName\":\"Memofoto Oy\",\"foundingDate\":\"1947-01-01\",\"vatID\":\"FI35342246\",\"numberOfEmployees\":{\"@type\":\"QuantitativeValue\",\"minValue\":\"1\",\"maxValue\":\"10\"},\"hasMerchantReturnPolicy\":{\"@type\":\"MerchantReturnPolicy\",\"merchantReturnLink\":\"https:\\\/\\\/www.iloosi.fi\\\/toimitus-ja-maksuehdot\\\/\"}}]}<\/script>\n<meta property=\"og:availability\" content=\"instock\" \/>\n<meta property=\"product:availability\" content=\"instock\" \/>\n<meta property=\"product:condition\" content=\"new\" \/>\n<!-- \/ Yoast SEO Premium plugin. -->","yoast_head_json":{"title":"Wooden frame with 2 hinges, or 1 leg, 10x15\/13x18\/15x20 - iloosi","description":"Beautiful understated white wooden frame with grey\/wood coloured inner edge. The frame profile is about 2,5cm wide. Thickness of the frame is approx. 1,2cm.","robots":{"index":"index","follow":"follow","max-snippet":"max-snippet:-1","max-image-preview":"max-image-preview:large","max-video-preview":"max-video-preview:-1"},"canonical":"https:\/\/www.iloosi.fi\/en\/tuotteet\/picture-frames\/gallery-frames\/puukehys-2-kuvaa-saranalla-tai-1-jalalla-10x15-13x18-15x20\/","og_locale":"en_US","og_type":"article","og_title":"Wooden frame with 2 hinges, or 1 leg, 10x15\/13x18\/15x20","og_description":"Wooden frame with 2 hinges, or 1 leg, 10x15\/13x18\/15x20","og_url":"https:\/\/www.iloosi.fi\/en\/tuotteet\/picture-frames\/gallery-frames\/puukehys-2-kuvaa-saranalla-tai-1-jalalla-10x15-13x18-15x20\/","og_site_name":"iloosi","article_publisher":"https:\/\/www.facebook.com\/iloosi.fi","article_modified_time":"2026-02-03T12:03:47+00:00","og_image":[{"width":2000,"height":2000,"url":"https:\/\/www.iloosi.fi\/wp-content\/uploads\/2024\/06\/puukehys-2-kuvaa-saranalla-tai-1-jalalla-10x15-13x18-15x20-10.jpg","type":"image\/jpeg"}],"twitter_card":"summary_large_image","twitter_misc":{"Availability":"In stock"},"schema":{"@context":"https:\/\/schema.org","@graph":[{"@type":"WebPage","@id":"https:\/\/www.iloosi.fi\/en\/tuotteet\/picture-frames\/gallery-frames\/puukehys-2-kuvaa-saranalla-tai-1-jalalla-10x15-13x18-15x20\/","url":"https:\/\/www.iloosi.fi\/en\/tuotteet\/picture-frames\/gallery-frames\/puukehys-2-kuvaa-saranalla-tai-1-jalalla-10x15-13x18-15x20\/","name":"Wooden frame with 2 hinges, or 1 leg, 10x15\/13x18\/15x20 - iloosi","isPartOf":{"@id":"https:\/\/www.iloosi.fi\/en\/#website"},"primaryImageOfPage":{"@id":"https:\/\/www.iloosi.fi\/en\/tuotteet\/picture-frames\/gallery-frames\/puukehys-2-kuvaa-saranalla-tai-1-jalalla-10x15-13x18-15x20\/#primaryimage"},"image":{"@id":"https:\/\/www.iloosi.fi\/en\/tuotteet\/picture-frames\/gallery-frames\/puukehys-2-kuvaa-saranalla-tai-1-jalalla-10x15-13x18-15x20\/#primaryimage"},"thumbnailUrl":"https:\/\/www.iloosi.fi\/wp-content\/uploads\/2024\/06\/puukehys-2-kuvaa-saranalla-tai-1-jalalla-10x15-13x18-15x20-10.jpg","datePublished":"2024-06-28T15:13:05+00:00","dateModified":"2026-02-03T12:03:47+00:00","description":"Beautiful understated white wooden frame with grey\/wood coloured inner edge. The frame profile is about 2,5cm wide. Thickness of the frame is approx. 1,2cm.","breadcrumb":{"@id":"https:\/\/www.iloosi.fi\/en\/tuotteet\/picture-frames\/gallery-frames\/puukehys-2-kuvaa-saranalla-tai-1-jalalla-10x15-13x18-15x20\/#breadcrumb"},"inLanguage":"en-US","potentialAction":[{"@type":"ReadAction","target":["https:\/\/www.iloosi.fi\/en\/tuotteet\/picture-frames\/gallery-frames\/puukehys-2-kuvaa-saranalla-tai-1-jalalla-10x15-13x18-15x20\/"]}]},{"@type":"ImageObject","inLanguage":"en-US","@id":"https:\/\/www.iloosi.fi\/en\/tuotteet\/picture-frames\/gallery-frames\/puukehys-2-kuvaa-saranalla-tai-1-jalalla-10x15-13x18-15x20\/#primaryimage","url":"https:\/\/www.iloosi.fi\/wp-content\/uploads\/2024\/06\/puukehys-2-kuvaa-saranalla-tai-1-jalalla-10x15-13x18-15x20-10.jpg","contentUrl":"https:\/\/www.iloosi.fi\/wp-content\/uploads\/2024\/06\/puukehys-2-kuvaa-saranalla-tai-1-jalalla-10x15-13x18-15x20-10.jpg","width":2000,"height":2000,"caption":"puukehys-2-kuvaa-saranalla-tai-1-jalalla-10x15-13x18-15x20"},{"@type":"BreadcrumbList","@id":"https:\/\/www.iloosi.fi\/en\/tuotteet\/picture-frames\/gallery-frames\/puukehys-2-kuvaa-saranalla-tai-1-jalalla-10x15-13x18-15x20\/#breadcrumb","itemListElement":[{"@type":"ListItem","position":1,"name":"Home","item":"https:\/\/www.iloosi.fi\/en\/"},{"@type":"ListItem","position":2,"name":"Shop","item":"https:\/\/www.iloosi.fi\/en\/shop\/"},{"@type":"ListItem","position":3,"name":"Wooden frame with 2 hinges, or 1 leg, 10&#215;15\/13&#215;18\/15&#215;20"}]},{"@type":"WebSite","@id":"https:\/\/www.iloosi.fi\/en\/#website","url":"https:\/\/www.iloosi.fi\/en\/","name":"iloosi","description":"","publisher":{"@id":"https:\/\/www.iloosi.fi\/en\/#organization"},"potentialAction":[{"@type":"SearchAction","target":{"@type":"EntryPoint","urlTemplate":"https:\/\/www.iloosi.fi\/en\/?s={search_term_string}"},"query-input":{"@type":"PropertyValueSpecification","valueRequired":true,"valueName":"search_term_string"}}],"inLanguage":"en-US"},{"@type":"Organization","@id":"https:\/\/www.iloosi.fi\/en\/#organization","name":"Duuilo Oy","url":"https:\/\/www.iloosi.fi\/en\/","logo":{"@type":"ImageObject","inLanguage":"en-US","@id":"https:\/\/www.iloosi.fi\/en\/#\/schema\/logo\/image\/","url":"https:\/\/www.iloosi.fi\/wp-content\/uploads\/2026\/04\/Screenshot-2026-04-29-214330.png","contentUrl":"https:\/\/www.iloosi.fi\/wp-content\/uploads\/2026\/04\/Screenshot-2026-04-29-214330.png","width":406,"height":365,"caption":"Duuilo Oy"},"image":{"@id":"https:\/\/www.iloosi.fi\/en\/#\/schema\/logo\/image\/"},"sameAs":["https:\/\/www.facebook.com\/iloosi.fi","https:\/\/www.instagram.com\/iloosi_shop\/?hl=fi"],"description":"iloosi on suomalainen verkkokauppa ja osa Memofotoa. Meille kuvat eiv\u00e4t ole vain tiedostoja tai printtej\u00e4 \u2013 ne ovat muistoja, tunteita ja ihmisille t\u00e4rkeit\u00e4 hetki\u00e4. Siksi halusimme luoda verkkokaupan, jossa omista kuvista, teksteist\u00e4 ja ideoista voi tehd\u00e4 helposti persoonallisia tuotteita arkeen, lahjaksi ja juhlaan.","email":"iloosi@iloosi.fi","telephone":"+358400896226","legalName":"Memofoto Oy","foundingDate":"1947-01-01","vatID":"FI35342246","numberOfEmployees":{"@type":"QuantitativeValue","minValue":"1","maxValue":"10"},"hasMerchantReturnPolicy":{"@type":"MerchantReturnPolicy","merchantReturnLink":"https:\/\/www.iloosi.fi\/toimitus-ja-maksuehdot\/"}}]},"og_availability":"instock","product_availability":"instock","product_condition":"new"},"_links":{"self":[{"href":"https:\/\/www.iloosi.fi\/en\/wp-json\/wp\/v2\/product\/9676","targetHints":{"allow":["GET"]}}],"collection":[{"href":"https:\/\/www.iloosi.fi\/en\/wp-json\/wp\/v2\/product"}],"about":[{"href":"https:\/\/www.iloosi.fi\/en\/wp-json\/wp\/v2\/types\/product"}],"replies":[{"embeddable":true,"href":"https:\/\/www.iloosi.fi\/en\/wp-json\/wp\/v2\/comments?post=9676"}],"wp:featuredmedia":[{"embeddable":true,"href":"https:\/\/www.iloosi.fi\/en\/wp-json\/wp\/v2\/media\/9167"}],"wp:attachment":[{"href":"https:\/\/www.iloosi.fi\/en\/wp-json\/wp\/v2\/media?parent=9676"}],"wp:term":[{"taxonomy":"product_brand","embeddable":true,"href":"https:\/\/www.iloosi.fi\/en\/wp-json\/wp\/v2\/product_brand?post=9676"},{"taxonomy":"product_cat","embeddable":true,"href":"https:\/\/www.iloosi.fi\/en\/wp-json\/wp\/v2\/product_cat?post=9676"},{"taxonomy":"product_tag","embeddable":true,"href":"https:\/\/www.iloosi.fi\/en\/wp-json\/wp\/v2\/product_tag?post=9676"}],"curies":[{"name":"wp","href":"https:\/\/api.w.org\/{rel}","templated":true}]}}